{"id":6637,"date":"2022-02-15T08:56:22","date_gmt":"2022-02-15T04:56:22","guid":{"rendered":"http:\/\/lycee-avirons.ac-reunion.fr\/?page_id=6637"},"modified":"2022-02-15T09:44:43","modified_gmt":"2022-02-15T05:44:43","slug":"planning-certification-pix","status":"publish","type":"page","link":"https:\/\/etab.ac-reunion.fr\/lyc-antoine-de-saint-exupery\/planning-certification-pix\/","title":{"rendered":"PLANNING CERTIFICATION PIX"},"content":{"rendered":"\n<p>La certification PIX, pour les \u00e9l\u00e8ves du Lyc\u00e9e Antoine de Saint-Exup\u00e9ry, d\u00e9bute le lundi 24 f\u00e9vrier 2022. Veuillez trouver ci-dessous le planning.<br \/><br \/> Classes concern\u00e9es : TSTMG1, TSTMG2, TG1, TG2, TG3, TG4, TG5, TG6, TB MCV, TBP GA1, TBP GA2, CAP2 EPC, BTS NDRC2 et BTS IMMO2.  <br \/><br \/><\/p>\n\n\n\n<figure class=\"wp-block-image size-full\"><img loading=\"lazy\" decoding=\"async\" width=\"931\" height=\"805\" src=\"https:\/\/etab.ac-reunion.fr\/lyc-antoine-de-saint-exupery\/wp-content\/uploads\/sites\/59\/2022\/02\/image-3.png\" alt=\"\" class=\"wp-image-6638\" srcset=\"https:\/\/etab.ac-reunion.fr\/lyc-antoine-de-saint-exupery\/wp-content\/uploads\/sites\/59\/2022\/02\/image-3.png 931w, https:\/\/etab.ac-reunion.fr\/lyc-antoine-de-saint-exupery\/wp-content\/uploads\/sites\/59\/2022\/02\/image-3-300x259.png 300w, https:\/\/etab.ac-reunion.fr\/lyc-antoine-de-saint-exupery\/wp-content\/uploads\/sites\/59\/2022\/02\/image-3-768x664.png 768w\" sizes=\"auto, (max-width: 931px) 100vw, 931px\" \/><\/figure>\n\n\n\n<p><a href=\"https:\/\/etab.ac-reunion.fr\/lyc-antoine-de-saint-exupery\/wp-content\/uploads\/sites\/59\/2022\/02\/CERTIFICATION-PIX-SESSION-1-MAJ-LE-10-FEV-22.pdf\">-Planning certification PIX<\/a><\/p>\n","protected":false},"excerpt":{"rendered":"<p>La certification PIX, pour les \u00e9l\u00e8ves du Lyc\u00e9e Antoine de Saint-Exup\u00e9ry, d\u00e9bute le lundi 24 f\u00e9vrier 2022. Veuillez trouver ci-dessous le planning. Classes concern\u00e9es : TSTMG1, TSTMG2, TG1, TG2, TG3, TG4, TG5, TG6, TB MCV, TBP GA1, TBP GA2, CAP2 EPC, BTS NDRC2 et BTS IMMO2. -Planning certification PIX<\/p>\n","protected":false},"author":23092,"featured_media":0,"parent":0,"menu_order":0,"comment_status":"closed","ping_status":"closed","template":"","meta":{"footnotes":""},"class_list":["post-6637","page","type-page","status-publish","hentry"],"_links":{"self":[{"href":"https:\/\/etab.ac-reunion.fr\/lyc-antoine-de-saint-exupery\/wp-json\/wp\/v2\/pages\/6637","targetHints":{"allow":["GET"]}}],"collection":[{"href":"https:\/\/etab.ac-reunion.fr\/lyc-antoine-de-saint-exupery\/wp-json\/wp\/v2\/pages"}],"about":[{"href":"https:\/\/etab.ac-reunion.fr\/lyc-antoine-de-saint-exupery\/wp-json\/wp\/v2\/types\/page"}],"author":[{"embeddable":true,"href":"https:\/\/etab.ac-reunion.fr\/lyc-antoine-de-saint-exupery\/wp-json\/wp\/v2\/users\/23092"}],"replies":[{"embeddable":true,"href":"https:\/\/etab.ac-reunion.fr\/lyc-antoine-de-saint-exupery\/wp-json\/wp\/v2\/comments?post=6637"}],"version-history":[{"count":3,"href":"https:\/\/etab.ac-reunion.fr\/lyc-antoine-de-saint-exupery\/wp-json\/wp\/v2\/pages\/6637\/revisions"}],"predecessor-version":[{"id":6651,"href":"https:\/\/etab.ac-reunion.fr\/lyc-antoine-de-saint-exupery\/wp-json\/wp\/v2\/pages\/6637\/revisions\/6651"}],"wp:attachment":[{"href":"https:\/\/etab.ac-reunion.fr\/lyc-antoine-de-saint-exupery\/wp-json\/wp\/v2\/media?parent=6637"}],"curies":[{"name":"wp","href":"https:\/\/api.w.org\/{rel}","templated":true}]}}