{"id":6880,"date":"2022-03-30T11:32:41","date_gmt":"2022-03-30T07:32:41","guid":{"rendered":"http:\/\/lycee-avirons.ac-reunion.fr\/?page_id=6880"},"modified":"2022-03-30T11:32:41","modified_gmt":"2022-03-30T07:32:41","slug":"pisa-programme-international-pour-le-suivi-des-acquis","status":"publish","type":"page","link":"https:\/\/etab.ac-reunion.fr\/lyc-antoine-de-saint-exupery\/pisa-programme-international-pour-le-suivi-des-acquis\/","title":{"rendered":"PISA: Programme International pour le Suivi des Acquis"},"content":{"rendered":"\n<figure class=\"wp-block-image size-full\"><img loading=\"lazy\" decoding=\"async\" width=\"525\" height=\"295\" src=\"https:\/\/etab.ac-reunion.fr\/lyc-antoine-de-saint-exupery\/wp-content\/uploads\/sites\/59\/2022\/03\/image-10.png\" alt=\"\" class=\"wp-image-6882\" srcset=\"https:\/\/etab.ac-reunion.fr\/lyc-antoine-de-saint-exupery\/wp-content\/uploads\/sites\/59\/2022\/03\/image-10.png 525w, https:\/\/etab.ac-reunion.fr\/lyc-antoine-de-saint-exupery\/wp-content\/uploads\/sites\/59\/2022\/03\/image-10-300x169.png 300w, https:\/\/etab.ac-reunion.fr\/lyc-antoine-de-saint-exupery\/wp-content\/uploads\/sites\/59\/2022\/03\/image-10-95x54.png 95w\" sizes=\"auto, (max-width: 525px) 100vw, 525px\" \/><\/figure>\n\n\n\n<p><strong><em>C\u2019EST QUOI&nbsp;PISA ?<\/em><\/strong><\/p>\n\n\n\n<p>La France, en tant que pays membre de l\u2019Organisation de Coop\u00e9ration et de D\u00e9veloppement Economique (OCDE), participe \u00e0 l\u2019enqu\u00eate internationale <strong>PISA<\/strong> depuis sa cr\u00e9ation en 2000.<\/p>\n\n\n\n<p>Cette \u00e9valuation qui est organis\u00e9e tous les trois ou quatre ans a pour objectif d\u2019\u00e9valuer les comp\u00e9tences des \u00e9l\u00e8ves de 15 ans en lecture, sciences et math\u00e9matiques.<\/p>\n\n\n\n<p><strong><em>QUI&nbsp;EST CONCERNE ?<\/em><\/strong><\/p>\n\n\n\n<p>Le Lyc\u00e9e Antoine de Saint-Exup\u00e9ry sur commande du Minist\u00e8re fait partie de l\u2019\u00e9chantillon constitu\u00e9 par l\u2019OCDE parmi les 335 \u00e9tablissements pour la France.<\/p>\n\n\n\n<p><strong>32 \u00e9l\u00e8ves <em>n\u00e9s en 2006 ont \u00e9t\u00e9 s\u00e9lectionn\u00e9s dans notre \u00e9tablissement de mani\u00e8re al\u00e9atoire<\/em><\/strong><\/p>\n\n\n\n<p><strong><em>C\u2019EST QUAND<\/em><\/strong><strong>&nbsp;?<\/strong><\/p>\n\n\n\n<p>L\u2019enqu\u00eate PISA se d\u00e9roulera dans notre \u00e9tablissement <strong>le 21 avril 2022 de 8h \u00e0 11h30<\/strong> et est obligatoire.<\/p>\n\n\n\n<p><strong><em>COMMENT SE DEROULENT LES EPREUVES&nbsp;?<\/em><\/strong><\/p>\n\n\n\n<p>Chaque \u00e9l\u00e8ve concern\u00e9 composera uniquement sur poste informatique.<\/p>\n\n\n\n<p>L&rsquo;ensemble de l&rsquo;\u00e9valuation dure en tout 3h30 et est d\u00e9compos\u00e9e en quatre s\u00e9quences.<\/p>\n\n\n\n<p>Les \u00e9l\u00e8ves passent d&rsquo;abord des \u00e9preuves de compr\u00e9hension de l&rsquo;\u00e9crit, de culture math\u00e9matique, de culture scientifique et de pens\u00e9e cr\u00e9ative pendant deux heures.<\/p>\n\n\n\n<p>Puis, ils r\u00e9pondent \u00e0 un questionnaire de 50 minutes, ax\u00e9s sur leur milieu socio-culturel et sur le bien-\u00eatre au lyc\u00e9e.<\/p>\n\n\n\n<p><strong><em>C\u2019EST QUAND LES RESULTATS&nbsp;?<\/em><\/strong><\/p>\n\n\n\n<p>D\u00e9cembre 2023 : publication des r\u00e9sultats PISA 2022. Les r\u00e9sultats de PISA ne sont pas individuels et sont confidentiels. Les r\u00e9ponses des \u00e9l\u00e8ves sont r\u00e9unies et analys\u00e9es de mani\u00e8re \u00e0 avoir une photographie des diff\u00e9rents syst\u00e8mes \u00e9ducatifs des pays de l\u2019OCDE.<\/p>\n\n\n\n<p>Veuillez trouver ci-dessous le document destin\u00e9e aux repr\u00e9sentants l\u00e9gaux des \u00e9l\u00e8ves.<\/p>\n\n\n\n<p><br \/>&#8211;<a href=\"https:\/\/etab.ac-reunion.fr\/lyc-antoine-de-saint-exupery\/wp-content\/uploads\/sites\/59\/2022\/03\/PISA-2022-Mentions-informatives-a-destination-des-representants-legaux-des-eleves.pdf\">PISA 2022-Mentions informatives \u00e0 destination des repr\u00e9sentants l\u00e9gaux des \u00e9l\u00e8ves<\/a><\/p>\n","protected":false},"excerpt":{"rendered":"<p>C\u2019EST QUOI&nbsp;PISA ? La France, en tant que pays membre de l\u2019Organisation de Coop\u00e9ration et de D\u00e9veloppement Economique (OCDE), participe \u00e0 l\u2019enqu\u00eate internationale PISA depuis sa cr\u00e9ation en 2000. Cette \u00e9valuation qui est organis\u00e9e tous les trois ou quatre ans a pour objectif d\u2019\u00e9valuer les comp\u00e9tences des \u00e9l\u00e8ves de 15 ans en lecture, sciences et [&hellip;]<\/p>\n","protected":false},"author":23092,"featured_media":0,"parent":0,"menu_order":0,"comment_status":"closed","ping_status":"closed","template":"","meta":{"footnotes":""},"class_list":["post-6880","page","type-page","status-publish","hentry"],"_links":{"self":[{"href":"https:\/\/etab.ac-reunion.fr\/lyc-antoine-de-saint-exupery\/wp-json\/wp\/v2\/pages\/6880","targetHints":{"allow":["GET"]}}],"collection":[{"href":"https:\/\/etab.ac-reunion.fr\/lyc-antoine-de-saint-exupery\/wp-json\/wp\/v2\/pages"}],"about":[{"href":"https:\/\/etab.ac-reunion.fr\/lyc-antoine-de-saint-exupery\/wp-json\/wp\/v2\/types\/page"}],"author":[{"embeddable":true,"href":"https:\/\/etab.ac-reunion.fr\/lyc-antoine-de-saint-exupery\/wp-json\/wp\/v2\/users\/23092"}],"replies":[{"embeddable":true,"href":"https:\/\/etab.ac-reunion.fr\/lyc-antoine-de-saint-exupery\/wp-json\/wp\/v2\/comments?post=6880"}],"version-history":[{"count":1,"href":"https:\/\/etab.ac-reunion.fr\/lyc-antoine-de-saint-exupery\/wp-json\/wp\/v2\/pages\/6880\/revisions"}],"predecessor-version":[{"id":6883,"href":"https:\/\/etab.ac-reunion.fr\/lyc-antoine-de-saint-exupery\/wp-json\/wp\/v2\/pages\/6880\/revisions\/6883"}],"wp:attachment":[{"href":"https:\/\/etab.ac-reunion.fr\/lyc-antoine-de-saint-exupery\/wp-json\/wp\/v2\/media?parent=6880"}],"curies":[{"name":"wp","href":"https:\/\/api.w.org\/{rel}","templated":true}]}}