{"id":7350,"date":"2022-09-06T15:56:09","date_gmt":"2022-09-06T11:56:09","guid":{"rendered":"https:\/\/etab.ac-reunion.fr\/lyc-antoine-de-saint-exupery\/?page_id=7350"},"modified":"2024-07-01T15:53:32","modified_gmt":"2024-07-01T11:53:32","slug":"test-de-positionnement-2022-2023","status":"publish","type":"page","link":"https:\/\/etab.ac-reunion.fr\/lyc-antoine-de-saint-exupery\/test-de-positionnement-2022-2023\/","title":{"rendered":"Test de positionnement 2022-2023"},"content":{"rendered":"\n<p>Les tests de positionnement en fran\u00e7ais et math\u00e9matiques se d\u00e9rouleront du 12\/09\/2022 au 30\/09\/2022 pour tous les \u00e9l\u00e8ves de 2de GT, 2de professionnel ainsi que pour les \u00e9l\u00e8ves de premi\u00e8re ann\u00e9e de CAP.<\/p>\n\n\n\n<p><\/p>\n\n\n\n<p>Deux classes ont \u00e9t\u00e9 s\u00e9lectionn\u00e9es par la (DEPP) direction de l\u2019\u00e9valuation, de la prospective et de la performance pour mener une exp\u00e9rimentation num\u00e9rique d\u2019outils d\u2019\u00e9valuation des comp\u00e9tences du 21<sup>\u00e8me<\/sup> si\u00e8cle&nbsp;: <strong>la 2de GT5 et la 2de GT8.<\/strong><\/p>\n\n\n\n<p>Cette exp\u00e9rimentation permet d\u2019enrichir et de renouveler la banque d\u2019exercices pour les \u00e9valuations futures.<\/p>\n\n\n\n<p>Pour le bon d\u00e9roulement des activit\u00e9s, les \u00e9l\u00e8ves doivent respecter les dates, horaires indiqu\u00e9s par leurs enseignants, se pr\u00e9senter avec un stylo, du brouillon, un casque ou des \u00e9couteurs avec fil et non Bluetooth<strong>. Seule la classe de CAP doit pr\u00e9voir en plus une calculatrice<\/strong>.<\/p>\n\n\n\n<p>Planning des tests de positionnement :<\/p>\n\n\n\n<figure class=\"wp-block-image size-large\"><img loading=\"lazy\" decoding=\"async\" width=\"1024\" height=\"700\" src=\"https:\/\/etab.ac-reunion.fr\/lyc-antoine-de-saint-exupery\/wp-content\/uploads\/sites\/59\/2022\/09\/image-15-1024x700.png\" alt=\"\" class=\"wp-image-7360\" srcset=\"https:\/\/etab.ac-reunion.fr\/lyc-antoine-de-saint-exupery\/wp-content\/uploads\/sites\/59\/2022\/09\/image-15-1024x700.png 1024w, https:\/\/etab.ac-reunion.fr\/lyc-antoine-de-saint-exupery\/wp-content\/uploads\/sites\/59\/2022\/09\/image-15-300x205.png 300w, https:\/\/etab.ac-reunion.fr\/lyc-antoine-de-saint-exupery\/wp-content\/uploads\/sites\/59\/2022\/09\/image-15-768x525.png 768w, https:\/\/etab.ac-reunion.fr\/lyc-antoine-de-saint-exupery\/wp-content\/uploads\/sites\/59\/2022\/09\/image-15.png 1093w\" sizes=\"auto, (max-width: 1024px) 100vw, 1024px\" \/><\/figure>\n\n\n\n<p><\/p>\n\n\n\n<p>Infographie du test de positionnement :<\/p>\n\n\n\n<figure class=\"wp-block-image\"><img loading=\"lazy\" decoding=\"async\" width=\"501\" height=\"1024\" src=\"https:\/\/etab.ac-reunion.fr\/lyc-antoine-de-saint-exupery\/wp-content\/uploads\/sites\/59\/2021\/09\/infographie-test-de-positionnement-de-d-but-de-seconde-70577-501x1024.jpg\" alt=\"\" class=\"wp-image-6165\" srcset=\"https:\/\/etab.ac-reunion.fr\/lyc-antoine-de-saint-exupery\/wp-content\/uploads\/sites\/59\/2021\/09\/infographie-test-de-positionnement-de-d-but-de-seconde-70577-501x1024.jpg 501w, https:\/\/etab.ac-reunion.fr\/lyc-antoine-de-saint-exupery\/wp-content\/uploads\/sites\/59\/2021\/09\/infographie-test-de-positionnement-de-d-but-de-seconde-70577-147x300.jpg 147w, https:\/\/etab.ac-reunion.fr\/lyc-antoine-de-saint-exupery\/wp-content\/uploads\/sites\/59\/2021\/09\/infographie-test-de-positionnement-de-d-but-de-seconde-70577.jpg 740w\" sizes=\"auto, (max-width: 501px) 100vw, 501px\" \/><\/figure>\n\n\n\n<p><a rel=\"noreferrer noopener\" href=\"https:\/\/www.education.gouv.fr\/media\/17252\/download\" target=\"_blank\">T\u00e9l\u00e9charger l\u2019infographie \u00ab&nbsp;Le test de positionnement de d\u00e9but de seconde&nbsp;\u00bb<\/a><\/p>\n\n\n\n<p>Informations compl\u00e9mentaires disponibles sur le site du minist\u00e8re de l\u2019\u00c9ducation nationale, de la jeunesse et des sports : <a href=\"https:\/\/www.education.gouv.fr\/le-test-de-positionnement-en-debut-de-lycee-7454\">https:\/\/www.education.gouv.fr\/le-test-de-positionnement-en-debut-de-lycee-7454<\/a><\/p>\n\n\n\n<p><strong>La direction du lyc\u00e9e<\/strong><\/p>\n","protected":false},"excerpt":{"rendered":"<p>Les tests de positionnement en fran\u00e7ais et math\u00e9matiques se d\u00e9rouleront du 12\/09\/2022 au 30\/09\/2022 pour tous les \u00e9l\u00e8ves de 2de GT, 2de professionnel ainsi que pour les \u00e9l\u00e8ves de premi\u00e8re ann\u00e9e de CAP. Deux classes ont \u00e9t\u00e9 s\u00e9lectionn\u00e9es par la (DEPP) direction de l\u2019\u00e9valuation, de la prospective et de la performance pour mener une exp\u00e9rimentation [&hellip;]<\/p>\n","protected":false},"author":23092,"featured_media":0,"parent":0,"menu_order":0,"comment_status":"closed","ping_status":"closed","template":"page-full.php","meta":{"footnotes":""},"class_list":["post-7350","page","type-page","status-publish","hentry"],"_links":{"self":[{"href":"https:\/\/etab.ac-reunion.fr\/lyc-antoine-de-saint-exupery\/wp-json\/wp\/v2\/pages\/7350","targetHints":{"allow":["GET"]}}],"collection":[{"href":"https:\/\/etab.ac-reunion.fr\/lyc-antoine-de-saint-exupery\/wp-json\/wp\/v2\/pages"}],"about":[{"href":"https:\/\/etab.ac-reunion.fr\/lyc-antoine-de-saint-exupery\/wp-json\/wp\/v2\/types\/page"}],"author":[{"embeddable":true,"href":"https:\/\/etab.ac-reunion.fr\/lyc-antoine-de-saint-exupery\/wp-json\/wp\/v2\/users\/23092"}],"replies":[{"embeddable":true,"href":"https:\/\/etab.ac-reunion.fr\/lyc-antoine-de-saint-exupery\/wp-json\/wp\/v2\/comments?post=7350"}],"version-history":[{"count":4,"href":"https:\/\/etab.ac-reunion.fr\/lyc-antoine-de-saint-exupery\/wp-json\/wp\/v2\/pages\/7350\/revisions"}],"predecessor-version":[{"id":7362,"href":"https:\/\/etab.ac-reunion.fr\/lyc-antoine-de-saint-exupery\/wp-json\/wp\/v2\/pages\/7350\/revisions\/7362"}],"wp:attachment":[{"href":"https:\/\/etab.ac-reunion.fr\/lyc-antoine-de-saint-exupery\/wp-json\/wp\/v2\/media?parent=7350"}],"curies":[{"name":"wp","href":"https:\/\/api.w.org\/{rel}","templated":true}]}}