{"id":8710,"date":"2024-02-01T15:21:33","date_gmt":"2024-02-01T11:21:33","guid":{"rendered":"https:\/\/etab.ac-reunion.fr\/lyc-antoine-de-saint-exupery\/?page_id=8710"},"modified":"2026-02-05T08:51:59","modified_gmt":"2026-02-05T04:51:59","slug":"section-de-technicien-superieur-professions-immobilieres-bts-pim","status":"publish","type":"page","link":"https:\/\/etab.ac-reunion.fr\/lyc-antoine-de-saint-exupery\/section-de-technicien-superieur-professions-immobilieres-bts-pim\/","title":{"rendered":"Section de technicien sup\u00e9rieur Professions Immobili\u00e8res BTS PIM"},"content":{"rendered":"<div class=\"wp-block-image\">\n<figure class=\"aligncenter size-full is-resized\"><a href=\"https:\/\/etab.ac-reunion.fr\/lyc-antoine-de-saint-exupery\/wp-content\/uploads\/sites\/59\/2026\/02\/image.png\"><img loading=\"lazy\" decoding=\"async\" width=\"739\" height=\"642\" src=\"https:\/\/etab.ac-reunion.fr\/lyc-antoine-de-saint-exupery\/wp-content\/uploads\/sites\/59\/2026\/02\/image.png\" alt=\"\" class=\"wp-image-11524\" style=\"width:234px;height:auto\" srcset=\"https:\/\/etab.ac-reunion.fr\/lyc-antoine-de-saint-exupery\/wp-content\/uploads\/sites\/59\/2026\/02\/image.png 739w, https:\/\/etab.ac-reunion.fr\/lyc-antoine-de-saint-exupery\/wp-content\/uploads\/sites\/59\/2026\/02\/image-300x261.png 300w\" sizes=\"auto, (max-width: 739px) 100vw, 739px\" \/><\/a><\/figure>\n<\/div>\n\n\n<p>Ce BTS est disponible en <strong><u>Formation Initiale<\/u><\/strong><\/p>\n\n\n\n<p class=\"has-vivid-green-cyan-color has-text-color has-link-color wp-elements-7c4059e9453653098b34ae6709d7e5e2\"><strong>Le BTS Professions immobili\u00e8res<\/strong> <strong>forme des professionnels des services de l&rsquo;immobilier<\/strong> exer\u00e7ant leur activit\u00e9 au sein de cabinets d&rsquo;administration de biens, d&rsquo;agences immobili\u00e8res, de notaires, de bailleurs sociaux ou de soci\u00e9t\u00e9s de promotions-constructions.<\/p>\n\n\n\n<p class=\"has-vivid-green-cyan-color has-text-color has-link-color wp-elements-eaaff9f85a0f424df07410df7d3dcca4\"><strong>Le conseil et le service<\/strong> constituent le socle de leur activit\u00e9 et requi\u00e8rent la mobilisation de nombreuses comp\u00e9tences relationnelles, juridiques, organisationnelles, administratives, commerciales, financi\u00e8res, comptables, fiscales, etc.<\/p>\n\n\n\n<p class=\"has-vivid-green-cyan-color has-text-color has-link-color wp-elements-6b2613db1c6ba0c7d217894a6ebff81f\"><strong>La transaction immobili\u00e8re<\/strong> vise \u00e0 assurer le conseil et l&rsquo;interm\u00e9diation entre un offreur (vendeur ou bailleur) et un demandeur (acqu\u00e9reur ou locataire) d&rsquo;un bien immobilier.<\/p>\n\n\n\n<p class=\"has-vivid-green-cyan-color has-text-color has-link-color wp-elements-4e2f939609016decf72ba77882a90888\"><strong>La gestion immobili\u00e8re<\/strong> consiste \u00e0 assurer l&rsquo;administration de biens immobiliers collectifs (gestion de copropri\u00e9t\u00e9) ou priv\u00e9s et publics individuels (gestion locative).<\/p>\n\n\n\n<p><\/p>\n\n\n\n<p><\/p>\n\n\n\n<p class=\"has-text-align-center has-black-color has-text-color has-link-color has-medium-font-size wp-elements-7f74534dea4ed23bfe416db95ff25b9c\"><strong>Pr\u00e9sentation de la formation<\/strong>  <br \/><\/p>\n\n\n\n<ul class=\"wp-block-list\">\n<li><strong>Pr\u00e9sentation compl\u00e8te de la formation <\/strong><\/li>\n<\/ul>\n\n\n<div class=\"su-document su-u-responsive-media-yes\"><iframe loading=\"lazy\" src=\"\/\/docs.google.com\/viewer?embedded=true&url=https:\/\/etab.ac-reunion.fr\/lyc-antoine-de-saint-exupery\/wp-content\/uploads\/sites\/59\/2026\/02\/Presentation-BTS-PIM-FEVRIER-2026_compressed.pdf\" width=\"800\" height=\"1020\" class=\"su-document\" title=\"\"><\/iframe><\/div>\n\n\n\n<p><a href=\"https:\/\/etab.ac-reunion.fr\/lyc-antoine-de-saint-exupery\/wp-content\/uploads\/sites\/59\/2025\/12\/Nouveau-Presentation-BTS-PIM-Dec-2025.pdf\" target=\"_blank\" rel=\"noreferrer noopener\">-T\u00e9l\u00e9charger la pr\u00e9sentation de la formation du BTS PIM.pdf<\/a><\/p>\n\n\n\n<p class=\"has-vivid-green-cyan-color has-text-color has-link-color wp-elements-9dcc8058c6253aa6677d459f80b95929\">Nouveau r\u00e9f\u00e9rentiel du BTS PI paru le 16 juillet 2025 au JO :\u00a0<a href=\"https:\/\/www.legifrance.gouv.fr\/download\/pdf?id=TYau16CGr1vBDcVGEbDtoWorswIIl3bSm2y6Qp746Es=\">https:\/\/www.legifrance.gouv.fr\/download\/pdf?id=TYau16CGr1vBDcVGEbDtoWorswIIl3bSm2y6Qp746Es=<\/a><\/p>\n\n\n\n<p><\/p>\n\n\n\n<ul class=\"wp-block-list\">\n<li><strong>Brochure du BTS PIM<\/strong><\/li>\n<\/ul>\n\n\n<div class=\"su-document su-u-responsive-media-yes\"><iframe loading=\"lazy\" src=\"\/\/docs.google.com\/viewer?embedded=true&url=https:\/\/etab.ac-reunion.fr\/lyc-antoine-de-saint-exupery\/wp-content\/uploads\/sites\/59\/2026\/02\/Plaquette-11-2025_compressed.pdf\" width=\"800\" height=\"1020\" class=\"su-document\" title=\"\"><\/iframe><\/div>\n\n\n\n<p><a href=\"https:\/\/etab.ac-reunion.fr\/lyc-antoine-de-saint-exupery\/wp-content\/uploads\/sites\/59\/2024\/10\/plaquette-PIM-2024.pdf\" target=\"_blank\" rel=\"noreferrer noopener\">-T\u00e9l\u00e9charger le Flyer du BTS PIM.pdf<\/a><\/p>\n\n\n\n<p><\/p>\n\n\n\n<ul class=\"wp-block-list\">\n<li><strong>Vid\u00e9o : Qu&rsquo;est-ce que le BTS Professions Immobili\u00e8res ?&nbsp;<\/strong><\/li>\n<\/ul>\n\n\n\n<p><a href=\"https:\/\/tube-institutionnel.apps.education.fr\/w\/dqwLnNEuxXAWVtwm32aRd8\" target=\"_blank\" rel=\"noreferrer noopener\">Pour visionner la vid\u00e9o \u00ab\u00a0Qu&rsquo;est-ce que le BTS Professions Immobili\u00e8res\u00a0\u00bb cliquez ici<\/a><\/p>\n\n\n\n<p><a href=\"https:\/\/tube-institutionnel.apps.education.fr\/w\/gdXbRzsD4J5GvbEpetp8is\" target=\"_blank\" rel=\"noreferrer noopener\">Pr\u00e9sentation vid\u00e9o du BTS PIM r\u00e9alis\u00e9e par nos \u00e9tudiants<\/a><\/p>\n\n\n\n<p class=\"has-text-align-center has-medium-font-size\"><strong>Pourquoi nous choisir pour faire votre BTS PIM ?&nbsp;<\/strong><\/p>\n\n\n\n<ul class=\"wp-block-list\">\n<li>Un bon taux de r\u00e9ussite au BTS.<\/li>\n\n\n\n<li>Une \u00e9quipe p\u00e9dagogique \u00e0 l\u2019\u00e9coute et qui vous \u00e9paule tout au long de votre scolarit\u00e9.<\/li>\n\n\n\n<li>Des relations p\u00e9rennes avec des partenaires professionnels du tissu \u00e9conomique local.<\/li>\n\n\n\n<li>Des interventions et une mise en r\u00e9seau avec des professionnels.<\/li>\n\n\n\n<li>Des salles de cours sp\u00e9cifiques par BTS.<\/li>\n\n\n\n<li>Le lyc\u00e9e Antoine de Saint-Exup\u00e9ry offre \u00e0 ses \u00e9l\u00e8ves la possibilit\u00e9 de progresser en langue fran\u00e7aise via la plateforme Projet Voltaire.&nbsp; Cet outil propos\u00e9 depuis plusieurs ann\u00e9es par le lyc\u00e9e permet de progresser en orthographe, grammaire et vocabulaire tout au long de la scolarit\u00e9 des \u00e9l\u00e8ves et \u00e9tudiants volontaires, depuis un ordinateur, une tablette ou un t\u00e9l\u00e9phone portable.<\/li>\n<\/ul>\n\n\n\n<p><\/p>\n\n\n\n<p><\/p>\n\n\n\n<p><\/p>\n\n\n\n<p class=\"has-text-align-center has-medium-font-size\"><strong>Conditions d&rsquo;acc\u00e8s<\/strong><\/p>\n\n\n\n<p>Le <strong>BTS Professions immobili\u00e8res<\/strong>&nbsp;est accessible de pr\u00e9f\u00e9rence aux bacheliers de la fili\u00e8re g\u00e9n\u00e9rale ou aux titulaires d&rsquo;un bac STMG (sciences et techniques du management et de la gestion). Avec un tr\u00e8s bon dossier, les titulaires du bac pro administration-gestion ou du bac pro m\u00e9tiers du commerce et de la vente&nbsp;peuvent aussi d\u00e9poser un dossier.<\/p>\n\n\n\n<ul class=\"wp-block-list\">\n<li>Inscription en ligne sur Parcoursup.<\/li>\n<\/ul>\n\n\n\n<p><\/p>\n\n\n\n<p><\/p>\n\n\n\n<p><\/p>\n\n\n\n<p class=\"has-text-align-center has-medium-font-size\"><strong>T\u00e9moignages d\u2019anciens \u00e9tudiants du BTS PIM<\/strong><\/p>\n\n\n\n<p>&nbsp;&nbsp;&nbsp;&nbsp;&nbsp;&nbsp;&nbsp;&nbsp;&nbsp;&nbsp;&nbsp; Chez un bailleur social :<\/p>\n\n\n\n<p><a href=\"https:\/\/tube-institutionnel.apps.education.fr\/w\/gMZt7bMi1UaVSnv5YCmyne\" target=\"_blank\" rel=\"noreferrer noopener\">Pour visionner la vid\u00e9o \u00ab\u00a0Vid\u00e9o de pr\u00e9sentation du m\u00e9tier de bailleur social\u00a0\u00bb cliquez ici<\/a><\/p>\n\n\n\n<p>&nbsp;&nbsp;&nbsp;&nbsp;&nbsp;&nbsp;&nbsp;&nbsp;&nbsp;&nbsp;&nbsp; Agent immobilier :<\/p>\n\n\n\n<p><a href=\"https:\/\/tube-institutionnel.apps.education.fr\/w\/8tTcroYvhSidBwXnGM5QN2\" target=\"_blank\" rel=\"noreferrer noopener\">Pour visionner la vid\u00e9o \u00ab\u00a0Vid\u00e9o de pr\u00e9sentation du m\u00e9tier d&rsquo;agent immobilier\u00a0\u00bb cliquez ici<\/a><\/p>\n\n\n\n<p class=\"has-text-align-center has-medium-font-size\"><strong>Des m\u00e9tiers possibles<\/strong><\/p>\n\n\n\n<ul class=\"wp-block-list\">\n<li>Vid\u00e9o syndic de copropri\u00e9t\u00e9&nbsp;: <a href=\"https:\/\/oniseptv.onisep.fr\/video\/syndic-de-copropriete\" target=\"_blank\" rel=\"noreferrer noopener\">https:\/\/oniseptv.onisep.fr\/video\/syndic-de-copropriete<\/a><\/li>\n<\/ul>\n\n\n\n<figure class=\"wp-block-embed is-type-rich is-provider-prise-en-charge-des-contenus-embarqu-s wp-block-embed-prise-en-charge-des-contenus-embarqu-s\"><div class=\"wp-block-embed__wrapper\">\n<div style=\"width: 640px;\" class=\"wp-video\"><video class=\"wp-video-shortcode\" id=\"video-8710-1\" width=\"640\" height=\"360\" preload=\"metadata\" controls=\"controls\"><source type=\"video\/mp4\" src=\"https:\/\/cdn.videas.fr\/v-medias\/s4\/a\/4e\/2a\/4e2ad2075d7c4a19adef36fe3ad0aa2e\/151eed995926431b96bb0e3d6137b3a7\/66d522a7-693b-403c-ab52-d792da7bd54e.mp4?_=1\" \/><a href=\"https:\/\/cdn.videas.fr\/v-medias\/s4\/a\/4e\/2a\/4e2ad2075d7c4a19adef36fe3ad0aa2e\/151eed995926431b96bb0e3d6137b3a7\/66d522a7-693b-403c-ab52-d792da7bd54e.mp4\">https:\/\/cdn.videas.fr\/v-medias\/s4\/a\/4e\/2a\/4e2ad2075d7c4a19adef36fe3ad0aa2e\/151eed995926431b96bb0e3d6137b3a7\/66d522a7-693b-403c-ab52-d792da7bd54e.mp4<\/a><\/video><\/div>\n<\/div><\/figure>\n\n\n\n<ul class=\"wp-block-list\">\n<li>Vid\u00e9o administrateur de biens&nbsp;: <a href=\"https:\/\/www.fnaim.fr\/3722-administrateur-de-biens-pourquoi-lui-confier-votre-projet-.htm\" target=\"_blank\" rel=\"noreferrer noopener\">https:\/\/www.fnaim.fr\/3722-administrateur-de-biens-pourquoi-lui-confier-votre-projet-.html<\/a><\/li>\n<\/ul>\n\n\n\n<p><a href=\"https:\/\/tube-institutionnel.apps.education.fr\/w\/jTkcSWfrbtDNfmsUf1T8zN\">Pour visionner la vid\u00e9o \u00ab\u00a0LE R\u00d4LE DE L&rsquo; ADMINISTRATEUR DE BIENS\u00a0\u00bb cliquez ici<\/a><\/p>\n\n\n\n<ul class=\"wp-block-list\">\n<li>Vid\u00e9o charg\u00e9 de gestion locative chez un bailleur social&nbsp;: <a href=\"https:\/\/www.union-habitat.org\/travailler\/referentiel-metiers\/rechercher\/metiers\/charge-de-gestion-locative-chargee-de-gestion\" target=\"_blank\" rel=\"noreferrer noopener\">https:\/\/www.union-habitat.org\/travailler\/referentiel-metiers\/rechercher\/metiers\/charge-de-gestion-locative-chargee-de-gestion<\/a><\/li>\n<\/ul>\n\n\n\n<p><a href=\"https:\/\/tube-institutionnel.apps.education.fr\/w\/ueCLzycQjeuLtR2mHniU5d\" target=\"_blank\" rel=\"noreferrer noopener\">Pour visionner la vid\u00e9o \u00ab\u00a0Et si on travaillait ensemble D\u00e9couvrez le m\u00e9tier de charg\u00e9(e) de gestion locative\u00a0\u00bb cliquez ici<\/a><\/p>\n\n\n\n<p><\/p>\n\n\n\n<p><\/p>\n\n\n\n<p class=\"has-text-align-center has-vivid-green-cyan-color has-text-color has-link-color has-medium-font-size wp-elements-5d25a4ec4ad47be1305aba7f9e7216ee\">\u00ab&nbsp;Une histoire immobili\u00e8re \u00e0 \u00e9crire ensemble \u2026\u2026&nbsp;\u00bb<\/p>\n\n\n\n<p><\/p>\n\n\n\n<p><\/p>\n\n\n\n<p><\/p>\n\n\n\n<p><\/p>\n\n\n\n<p class=\"has-text-align-center has-medium-font-size\"><strong>Les derni\u00e8res actus du BTS PIM<\/strong><\/p>\n\n\n\n<p><\/p>\n","protected":false},"excerpt":{"rendered":"<p>Ce BTS est disponible en Formation Initiale Le BTS Professions immobili\u00e8res forme des professionnels des services de l&rsquo;immobilier exer\u00e7ant leur activit\u00e9 au sein de cabinets d&rsquo;administration de biens, d&rsquo;agences immobili\u00e8res, de notaires, de bailleurs sociaux ou de soci\u00e9t\u00e9s de promotions-constructions. Le conseil et le service constituent le socle de leur activit\u00e9 et requi\u00e8rent la mobilisation [&hellip;]<\/p>\n","protected":false},"author":23092,"featured_media":0,"parent":0,"menu_order":0,"comment_status":"closed","ping_status":"closed","template":"page-blog.php","meta":{"footnotes":""},"class_list":["post-8710","page","type-page","status-publish","hentry"],"_links":{"self":[{"href":"https:\/\/etab.ac-reunion.fr\/lyc-antoine-de-saint-exupery\/wp-json\/wp\/v2\/pages\/8710","targetHints":{"allow":["GET"]}}],"collection":[{"href":"https:\/\/etab.ac-reunion.fr\/lyc-antoine-de-saint-exupery\/wp-json\/wp\/v2\/pages"}],"about":[{"href":"https:\/\/etab.ac-reunion.fr\/lyc-antoine-de-saint-exupery\/wp-json\/wp\/v2\/types\/page"}],"author":[{"embeddable":true,"href":"https:\/\/etab.ac-reunion.fr\/lyc-antoine-de-saint-exupery\/wp-json\/wp\/v2\/users\/23092"}],"replies":[{"embeddable":true,"href":"https:\/\/etab.ac-reunion.fr\/lyc-antoine-de-saint-exupery\/wp-json\/wp\/v2\/comments?post=8710"}],"version-history":[{"count":157,"href":"https:\/\/etab.ac-reunion.fr\/lyc-antoine-de-saint-exupery\/wp-json\/wp\/v2\/pages\/8710\/revisions"}],"predecessor-version":[{"id":11536,"href":"https:\/\/etab.ac-reunion.fr\/lyc-antoine-de-saint-exupery\/wp-json\/wp\/v2\/pages\/8710\/revisions\/11536"}],"wp:attachment":[{"href":"https:\/\/etab.ac-reunion.fr\/lyc-antoine-de-saint-exupery\/wp-json\/wp\/v2\/media?parent=8710"}],"curies":[{"name":"wp","href":"https:\/\/api.w.org\/{rel}","templated":true}]}}