{"id":96,"date":"2014-03-24T15:16:36","date_gmt":"2014-03-24T11:16:36","guid":{"rendered":"http:\/\/lycee-avirons-tmp.ac-reunion.fr\/?page_id=96"},"modified":"2016-09-29T15:52:19","modified_gmt":"2016-09-29T11:52:19","slug":"les-resultats","status":"publish","type":"page","link":"https:\/\/etab.ac-reunion.fr\/lyc-antoine-de-saint-exupery\/letablissement\/les-resultats\/","title":{"rendered":"Les r\u00e9sultats"},"content":{"rendered":"<p><span style=\"font-size: 12pt\">Les r\u00e9sultats aux examens sont pr\u00e9sent\u00e9s ici par ordre chronologique.<\/span><\/p>\n<p><em><strong>Les r\u00e9sultats 2016<br \/>\n<\/strong><\/em><div class=\"su-document su-u-responsive-media-yes\"><iframe loading=\"lazy\" src=\"\/\/docs.google.com\/viewer?embedded=true&url=https:\/\/etab.ac-reunion.fr\/lyc-antoine-de-saint-exupery\/wp-content\/uploads\/sites\/59\/2014\/03\/R\u00e9sultats-BAC-2016.pdf\" width=\"800\" height=\"1020\" class=\"su-document\" title=\"\"><\/iframe><\/div>\n<p><em><strong>Les r\u00e9sultats 2015<br \/>\n<\/strong><\/em><div class=\"su-document su-u-responsive-media-yes\"><iframe loading=\"lazy\" src=\"\/\/docs.google.com\/viewer?embedded=true&url=https:\/\/etab.ac-reunion.fr\/lyc-antoine-de-saint-exupery\/wp-content\/uploads\/sites\/59\/2015\/08\/resultats-examens-20151.pdf\" width=\"800\" height=\"900\" class=\"su-document\" title=\"\"><\/iframe><\/div>\n<p><em><strong>Les r\u00e9sultats 2014<br \/>\n<\/strong><\/em><div class=\"su-document su-u-responsive-media-yes\"><iframe loading=\"lazy\" src=\"\/\/docs.google.com\/viewer?embedded=true&url=https:\/\/etab.ac-reunion.fr\/lyc-antoine-de-saint-exupery\/wp-content\/uploads\/sites\/59\/2014\/03\/resultats-examens-2014.pdf\" width=\"800\" height=\"1020\" class=\"su-document\" title=\"\"><\/iframe><\/div><em><strong><br \/>\n<\/strong><\/em><\/p>\n<p><em><strong>Les r\u00e9sultats 2013<br \/>\n<\/strong><\/em>\n<table id=\"tablepress-1\" class=\"tablepress tablepress-id-1 tbody-has-connected-cells\">\n<thead>\n<tr class=\"row-1\">\n\t<td class=\"column-1\"><\/td><td class=\"column-2\"><\/td><th class=\"column-3\"><DIV ALIGN=\"CENTER\">PR\u00c9SENTS<\/DIV><\/th><th colspan=\"2\" class=\"column-4\"><DIV ALIGN=\"CENTER\">ADMIS<\/DIV><\/th><th class=\"column-6\"><DIV ALIGN=\"CENTER\">ACAD\u00c9MIE<\/DIV><\/th><th colspan=\"3\" class=\"column-7\"><DIV ALIGN=\"CENTER\">MENTIONS<\/DIV><\/th>\n<\/tr>\n<\/thead>\n<tbody class=\"row-hover\">\n<tr class=\"row-2\">\n\t<td class=\"column-1\"><\/td><td class=\"column-2\"><\/td><td class=\"column-3\"><\/td><td class=\"column-4\"><DIV ALIGN=\"CENTER\">Nbre<\/DIV><\/td><td class=\"column-5\"><DIV ALIGN=\"CENTER\">%<\/DIV><\/td><td class=\"column-6\"><DIV ALIGN=\"CENTER\">%<\/DIV><\/td><td class=\"column-7\"><DIV ALIGN=\"CENTER\">TB<\/DIV><\/td><td class=\"column-8\"><DIV ALIGN=\"CENTER\">B<\/DIV><\/td><td class=\"column-9\"><DIV ALIGN=\"CENTER\">AB<\/DIV><\/td>\n<\/tr>\n<tr class=\"row-3\">\n\t<td rowspan=\"3\" class=\"column-1\"><br \/>\nS\u00c9RIES G\u00c9N\u00c9RALES<\/td><td class=\"column-2\"><DIV ALIGN=\"CENTER\">L<\/DIV><\/td><td class=\"column-3\"><DIV ALIGN=\"CENTER\">16<\/DIV><\/td><td class=\"column-4\"><DIV ALIGN=\"CENTER\">13<\/DIV><\/td><td class=\"column-5\"><DIV ALIGN=\"CENTER\">81,25<\/DIV><\/td><td class=\"column-6\"><DIV ALIGN=\"CENTER\">88,5<\/DIV><\/td><td class=\"column-7\"><\/td><td class=\"column-8\"><\/td><td class=\"column-9\"><\/td>\n<\/tr>\n<tr class=\"row-4\">\n\t<td class=\"column-2\"><DIV ALIGN=\"CENTER\">ES<\/td><td class=\"column-3\"><DIV ALIGN=\"CENTER\">50<\/DIV><\/td><td class=\"column-4\"><DIV ALIGN=\"CENTER\">44<\/DIV><\/td><td class=\"column-5\"><DIV ALIGN=\"CENTER\">88<\/DIV><\/td><td class=\"column-6\"><DIV ALIGN=\"CENTER\">90,3<\/DIV><\/td><td class=\"column-7\"><\/td><td class=\"column-8\"><\/td><td class=\"column-9\"><\/td>\n<\/tr>\n<tr class=\"row-5\">\n\t<td class=\"column-2\"><DIV ALIGN=\"CENTER\">S<\/td><td class=\"column-3\"><DIV ALIGN=\"CENTER\">71<\/DIV><\/td><td class=\"column-4\"><DIV ALIGN=\"CENTER\">63<\/DIV><\/td><td class=\"column-5\"><DIV ALIGN=\"CENTER\">88,73<\/DIV><\/td><td class=\"column-6\"><DIV ALIGN=\"CENTER\">92,2<\/DIV><\/td><td class=\"column-7\"><\/td><td class=\"column-8\"><\/td><td class=\"column-9\"><\/td>\n<\/tr>\n<tr class=\"row-6\">\n\t<td class=\"column-1\">TOTAL bac g\u00e9n\u00e9ral<\/td><td class=\"column-2\"><\/td><td class=\"column-3\"><DIV ALIGN=\"CENTER\">137<\/DIV><\/td><td class=\"column-4\"><DIV ALIGN=\"CENTER\">120<\/DIV><\/td><td class=\"column-5\"><DIV ALIGN=\"CENTER\">87,59<\/DIV><\/td><td class=\"column-6\"><DIV ALIGN=\"CENTER\">90,9<\/DIV><\/td><td class=\"column-7\"><\/td><td class=\"column-8\"><\/td><td class=\"column-9\"><\/td>\n<\/tr>\n<tr class=\"row-7\">\n\t<td rowspan=\"3\" class=\"column-1\"><br \/>\nS\u00c9RIES<br \/>\nTECHNOLOGIQUES<\/td><td class=\"column-2\">STMG MERCA<\/td><td class=\"column-3\"><DIV ALIGN=\"CENTER\">25<\/DIV><\/td><td class=\"column-4\"><DIV ALIGN=\"CENTER\">20<\/DIV><\/td><td class=\"column-5\"><DIV ALIGN=\"CENTER\">80<\/DIV><\/td><td class=\"column-6\"><\/td><td class=\"column-7\"><\/td><td class=\"column-8\"><\/td><td class=\"column-9\"><\/td>\n<\/tr>\n<tr class=\"row-8\">\n\t<td class=\"column-2\">STMG CFE<\/td><td class=\"column-3\"><DIV ALIGN=\"CENTER\">12<\/DIV><\/td><td class=\"column-4\"><DIV ALIGN=\"CENTER\">11<\/DIV><\/td><td class=\"column-5\"><DIV ALIGN=\"CENTER\">91,66<\/DIV><\/td><td class=\"column-6\"><\/td><td class=\"column-7\"><\/td><td class=\"column-8\"><\/td><td class=\"column-9\"><\/td>\n<\/tr>\n<tr class=\"row-9\">\n\t<td class=\"column-2\">STMG CGRH<\/td><td class=\"column-3\"><DIV ALIGN=\"CENTER\">17<\/DIV><\/td><td class=\"column-4\"><DIV ALIGN=\"CENTER\">15<\/DIV><\/td><td class=\"column-5\"><DIV ALIGN=\"CENTER\">88,23<\/DIV><\/td><td class=\"column-6\"><\/td><td class=\"column-7\"><\/td><td class=\"column-8\"><\/td><td class=\"column-9\"><\/td>\n<\/tr>\n<tr class=\"row-10\">\n\t<td class=\"column-1\">TOTAL bac techno<\/td><td class=\"column-2\"><\/td><td class=\"column-3\"><DIV ALIGN=\"CENTER\">54<\/DIV><\/td><td class=\"column-4\"><DIV ALIGN=\"CENTER\">46<\/DIV><\/td><td class=\"column-5\"><DIV ALIGN=\"CENTER\">85,18<\/DIV><\/td><td class=\"column-6\"><DIV ALIGN=\"CENTER\">85,5<\/DIV><\/td><td class=\"column-7\"><\/td><td class=\"column-8\"><\/td><td class=\"column-9\"><\/td>\n<\/tr>\n<tr class=\"row-11\">\n\t<td rowspan=\"3\" class=\"column-1\">S\u00c9RIES <br \/>\nPROFESSIONNELLES<\/td><td class=\"column-2\">COMMERCE<\/td><td class=\"column-3\"><DIV ALIGN=\"CENTER\">24<\/DIV><\/td><td class=\"column-4\"><DIV ALIGN=\"CENTER\">19<\/DIV><\/td><td class=\"column-5\"><DIV ALIGN=\"CENTER\">79,17<\/DIV><\/td><td class=\"column-6\"><\/td><td class=\"column-7\"><\/td><td class=\"column-8\"><\/td><td class=\"column-9\"><\/td>\n<\/tr>\n<tr class=\"row-12\">\n\t<td class=\"column-2\">COMPTABILITE<\/td><td class=\"column-3\"><DIV ALIGN=\"CENTER\">19<\/DIV><\/td><td class=\"column-4\"><DIV ALIGN=\"CENTER\">15<\/DIV><\/td><td class=\"column-5\"><DIV ALIGN=\"CENTER\">78,94<\/DIV><\/td><td class=\"column-6\"><\/td><td class=\"column-7\"><\/td><td class=\"column-8\"><\/td><td class=\"column-9\"><\/td>\n<\/tr>\n<tr class=\"row-13\">\n\t<td class=\"column-2\">SECRETARIAT<\/td><td class=\"column-3\"><DIV ALIGN=\"CENTER\">22<\/DIV><\/td><td class=\"column-4\"><DIV ALIGN=\"CENTER\">19<\/DIV><\/td><td class=\"column-5\"><DIV ALIGN=\"CENTER\">86,36<\/DIV><\/td><td class=\"column-6\"><\/td><td class=\"column-7\"><\/td><td class=\"column-8\"><\/td><td class=\"column-9\"><\/td>\n<\/tr>\n<tr class=\"row-14\">\n\t<td class=\"column-1\">TOTAL bac pro<\/td><td class=\"column-2\"><\/td><td class=\"column-3\"><DIV ALIGN=\"CENTER\">65<\/DIV><\/td><td class=\"column-4\"><DIV ALIGN=\"CENTER\">53<\/DIV><\/td><td class=\"column-5\"><DIV ALIGN=\"CENTER\">84<\/DIV><\/td><td class=\"column-6\"><DIV ALIGN=\"CENTER\">71,1<\/DIV><\/td><td class=\"column-7\"><\/td><td class=\"column-8\"><\/td><td class=\"column-9\"><\/td>\n<\/tr>\n<tr class=\"row-15\">\n\t<td colspan=\"2\" class=\"column-1\">TOTAL bac g\u00e9n\u00e9ral + techno +  pro<\/td><td class=\"column-3\"><DIV ALIGN=\"CENTER\">256<\/DIV><\/td><td class=\"column-4\"><DIV ALIGN=\"CENTER\">228<\/DIV><\/td><td class=\"column-5\"><DIV ALIGN=\"CENTER\">89<\/DIV><\/td><td class=\"column-6\"><DIV ALIGN=\"CENTER\">82,5<\/DIV><\/td><td class=\"column-7\"><\/td><td class=\"column-8\"><\/td><td class=\"column-9\"><\/td>\n<\/tr>\n<tr class=\"row-16\">\n\t<td class=\"column-1\">CAP<\/td><td class=\"column-2\">EVS<\/td><td class=\"column-3\"><DIV ALIGN=\"CENTER\">21<\/DIV><\/td><td class=\"column-4\"><DIV ALIGN=\"CENTER\">20<\/DIV><\/td><td class=\"column-5\"><DIV ALIGN=\"CENTER\">95,24<\/DIV><\/td><td class=\"column-6\"><DIV ALIGN=\"CENTER\">79,7<\/DIV><\/td><td class=\"column-7\"><\/td><td class=\"column-8\"><\/td><td class=\"column-9\"><\/td>\n<\/tr>\n<tr class=\"row-17\">\n\t<td rowspan=\"2\" class=\"column-1\">BEP<\/td><td class=\"column-2\">MSA<\/td><td class=\"column-3\"><DIV ALIGN=\"CENTER\">46<\/DIV><\/td><td class=\"column-4\"><DIV ALIGN=\"CENTER\">33<\/DIV><\/td><td class=\"column-5\"><DIV ALIGN=\"CENTER\">71,74<\/DIV><\/td><td rowspan=\"2\" class=\"column-6\"><DIV ALIGN=\"CENTER\">76,9<\/DIV><\/td><td class=\"column-7\"><\/td><td class=\"column-8\"><\/td><td class=\"column-9\"><\/td>\n<\/tr>\n<tr class=\"row-18\">\n\t<td class=\"column-2\">MRCU<\/td><td class=\"column-3\"><DIV ALIGN=\"CENTER\">24<\/DIV><\/td><td class=\"column-4\"><DIV ALIGN=\"CENTER\">23<\/DIV><\/td><td class=\"column-5\"><DIV ALIGN=\"CENTER\">95,83<\/DIV><\/td><td class=\"column-7\"><\/td><td class=\"column-8\"><\/td><td class=\"column-9\"><\/td>\n<\/tr>\n<tr class=\"row-19\">\n\t<td rowspan=\"2\" class=\"column-1\">BTS<\/td><td class=\"column-2\">IMMO<\/td><td class=\"column-3\"><DIV ALIGN=\"CENTER\">11<\/DIV><\/td><td class=\"column-4\"><DIV ALIGN=\"CENTER\">11<\/DIV><\/td><td class=\"column-5\"><\/td><td class=\"column-6\"><\/td><td class=\"column-7\"><\/td><td class=\"column-8\"><\/td><td class=\"column-9\"><\/td>\n<\/tr>\n<tr class=\"row-20\">\n\t<td class=\"column-2\">NRC<\/td><td class=\"column-3\"><DIV ALIGN=\"CENTER\">18<\/DIV><\/td><td class=\"column-4\"><DIV ALIGN=\"CENTER\">18<\/DIV><\/td><td class=\"column-5\"><\/td><td class=\"column-6\"><\/td><td class=\"column-7\"><\/td><td class=\"column-8\"><\/td><td class=\"column-9\"><\/td>\n<\/tr>\n<\/tbody>\n<\/table>\n<!-- #tablepress-1 from cache -->\n<p><em><strong>Les r\u00e9sultats 2012<br \/>\n<\/strong><\/em><div class=\"su-document su-u-responsive-media-yes\"><iframe loading=\"lazy\" src=\"\/\/docs.google.com\/viewer?embedded=true&url=https:\/\/etab.ac-reunion.fr\/lyc-antoine-de-saint-exupery\/wp-content\/uploads\/sites\/59\/2014\/06\/resultats_examens2012-2.pdf\" width=\"1200\" height=\"1440\" class=\"su-document\" title=\"\"><\/iframe><\/div>\n<p><strong><em>Les R\u00e9sultats 2010<a href=\"https:\/\/etab.ac-reunion.fr\/lyc-antoine-de-saint-exupery\/wp-content\/uploads\/sites\/59\/2014\/06\/resultats-examens2010.pdf\"><br \/>\n<\/a><\/em><\/strong><div class=\"su-document su-u-responsive-media-yes\"><iframe loading=\"lazy\" src=\"\/\/docs.google.com\/viewer?embedded=true&url=https:\/\/etab.ac-reunion.fr\/lyc-antoine-de-saint-exupery\/wp-content\/uploads\/sites\/59\/2014\/06\/resultats-examens2010.pdf\" width=\"800\" height=\"1020\" class=\"su-document\" title=\"\"><\/iframe><\/div>\n","protected":false},"excerpt":{"rendered":"<p>Les r\u00e9sultats aux examens sont pr\u00e9sent\u00e9s ici par ordre chronologique. Les r\u00e9sultats 2016 Les r\u00e9sultats 2015 Les r\u00e9sultats 2014 Les r\u00e9sultats 2013 Les r\u00e9sultats 2012 Les R\u00e9sultats 2010<\/p>\n","protected":false},"author":9590,"featured_media":0,"parent":24,"menu_order":0,"comment_status":"closed","ping_status":"closed","template":"","meta":{"footnotes":""},"class_list":["post-96","page","type-page","status-publish","hentry"],"_links":{"self":[{"href":"https:\/\/etab.ac-reunion.fr\/lyc-antoine-de-saint-exupery\/wp-json\/wp\/v2\/pages\/96","targetHints":{"allow":["GET"]}}],"collection":[{"href":"https:\/\/etab.ac-reunion.fr\/lyc-antoine-de-saint-exupery\/wp-json\/wp\/v2\/pages"}],"about":[{"href":"https:\/\/etab.ac-reunion.fr\/lyc-antoine-de-saint-exupery\/wp-json\/wp\/v2\/types\/page"}],"author":[{"embeddable":true,"href":"https:\/\/etab.ac-reunion.fr\/lyc-antoine-de-saint-exupery\/wp-json\/wp\/v2\/users\/9590"}],"replies":[{"embeddable":true,"href":"https:\/\/etab.ac-reunion.fr\/lyc-antoine-de-saint-exupery\/wp-json\/wp\/v2\/comments?post=96"}],"version-history":[{"count":17,"href":"https:\/\/etab.ac-reunion.fr\/lyc-antoine-de-saint-exupery\/wp-json\/wp\/v2\/pages\/96\/revisions"}],"predecessor-version":[{"id":2640,"href":"https:\/\/etab.ac-reunion.fr\/lyc-antoine-de-saint-exupery\/wp-json\/wp\/v2\/pages\/96\/revisions\/2640"}],"up":[{"embeddable":true,"href":"https:\/\/etab.ac-reunion.fr\/lyc-antoine-de-saint-exupery\/wp-json\/wp\/v2\/pages\/24"}],"wp:attachment":[{"href":"https:\/\/etab.ac-reunion.fr\/lyc-antoine-de-saint-exupery\/wp-json\/wp\/v2\/media?parent=96"}],"curies":[{"name":"wp","href":"https:\/\/api.w.org\/{rel}","templated":true}]}}