{"id":98,"date":"2014-03-24T15:20:09","date_gmt":"2014-03-24T11:20:09","guid":{"rendered":"http:\/\/lycee-avirons-tmp.ac-reunion.fr\/?page_id=98"},"modified":"2019-02-05T08:19:20","modified_gmt":"2019-02-05T04:19:20","slug":"documents-et-formulaires","status":"publish","type":"page","link":"https:\/\/etab.ac-reunion.fr\/lyc-antoine-de-saint-exupery\/letablissement\/documents-et-formulaires\/","title":{"rendered":"Documents et formulaires"},"content":{"rendered":"<p>Les documents sont \u00e0 t\u00e9l\u00e9charger et \u00e0 imprimer selon vos besoins.<\/p>\n<p>&nbsp;<\/p>\n<h2 id=\"tablepress-2-name\" class=\"tablepress-table-name tablepress-table-name-id-2\">Documents et formulaires<\/h2>\n\n<table id=\"tablepress-2\" class=\"tablepress tablepress-id-2\" aria-labelledby=\"tablepress-2-name\">\n<thead>\n<tr class=\"row-1\">\n\t<th class=\"column-1\">Pour les personnels <\/th><th class=\"column-2\">Pour les \u00e9l\u00e8ves et leurs parents<\/th>\n<\/tr>\n<\/thead>\n<tbody class=\"row-striping row-hover\">\n<tr class=\"row-2\">\n\t<td class=\"column-1\"><\/td><td class=\"column-2\"><\/td>\n<\/tr>\n<tr class=\"row-3\">\n\t<td class=\"column-1\"><a href=\"https:\/\/etab.ac-reunion.fr\/lyc-antoine-de-saint-exupery\/wp-content\/uploads\/sites\/59\/2025\/08\/lpo_avirons_Autorisation_absence.pdf\">Autorisation d'absence - Professeur<\/a><\/td><td class=\"column-2\"><a href=\"https:\/\/etab.ac-reunion.fr\/lyc-antoine-de-saint-exupery\/wp-content\/uploads\/sites\/59\/2023\/09\/RI_modifie-CA-03_07.pdf\">R\u00e8glement int\u00e9rieur du lyc\u00e9e<\/a><\/td>\n<\/tr>\n<tr class=\"row-4\">\n\t<td class=\"column-1\"><a href=\"https:\/\/etab.ac-reunion.fr\/lyc-antoine-de-saint-exupery\/wp-content\/uploads\/sites\/59\/2025\/08\/Autorisation_absence_IATOSS.pdf\">Autorisation d'absence - Autre personnel<\/a><\/td><td class=\"column-2\"><a href=\"https:\/\/etab.ac-reunion.fr\/lyc-antoine-de-saint-exupery\/wp-content\/uploads\/sites\/59\/2022\/08\/reglement-internat-2022-2023.pdf\">R\u00e8glement de l'internat<\/a><\/td>\n<\/tr>\n<tr class=\"row-5\">\n\t<td class=\"column-1\"><a href=\"https:\/\/etab.ac-reunion.fr\/lyc-antoine-de-saint-exupery\/wp-content\/uploads\/sites\/59\/2024\/09\/rapport-incident-20-20.pdf\">Rapport d'incident<\/a><\/td><td class=\"column-2\"><a href=\"https:\/\/etab.ac-reunion.fr\/lyc-antoine-de-saint-exupery\/wp-content\/uploads\/sites\/59\/2024\/09\/REGLEMENT-EPS.pdf\">R\u00e8glement EPS<\/a><\/td>\n<\/tr>\n<tr class=\"row-6\">\n\t<td class=\"column-1\"><a href=\"https:\/\/etab.ac-reunion.fr\/lyc-antoine-de-saint-exupery\/wp-content\/uploads\/sites\/59\/2014\/05\/charte-du-lyce\u0301e-des-avirons.pdf\" target=\"_blank\" rel=\"noopener noreferrer\">Charte informatique du lyc\u00e9e<\/a><\/td><td class=\"column-2\"><a href=\"https:\/\/etab.ac-reunion.fr\/lyc-antoine-de-saint-exupery\/wp-content\/uploads\/sites\/59\/2024\/09\/Projet-devaluation-maj-septembre-2024.pdf\" target=\"_blank\" rel=\"noopener noreferrer\">Projet d\u2019\u00e9valuation<\/a><\/td>\n<\/tr>\n<tr class=\"row-7\">\n\t<td class=\"column-1\"><a href=\"https:\/\/etab.ac-reunion.fr\/lyc-antoine-de-saint-exupery\/wp-content\/uploads\/sites\/59\/2014\/08\/fiche-de-maintenance-informatique1.pdf\" target=\"_blank\" rel=\"noopener noreferrer\">Fiche de maintenance informatique<\/a><\/td><td class=\"column-2\"><a href=\"https:\/\/etab.ac-reunion.fr\/lyc-antoine-de-saint-exupery\/wp-content\/uploads\/sites\/59\/2025\/09\/FLYER-LPO-ANTOINE-DE-SAINT-EXUPERY.pdf\" target=\"_blank\" rel=\"noopener noreferrer\">Flyer LPO 2025-2026<\/a><\/td>\n<\/tr>\n<tr class=\"row-8\">\n\t<td class=\"column-1\"><a href=\"https:\/\/etab.ac-reunion.fr\/lyc-antoine-de-saint-exupery\/wp-content\/uploads\/sites\/59\/2014\/06\/Demande-d\u00e9p-p\u00e9dagogiques.pdf\" target=\"_blank\" rel=\"noopener noreferrer\">Fiche engagement de d\u00e9penses pedagogiques<\/a><\/td><td class=\"column-2\"><a href=\"https:\/\/etab.ac-reunion.fr\/lyc-antoine-de-saint-exupery\/wp-content\/uploads\/sites\/59\/2025\/12\/Autorisation-eleves-Sortie-pedagogique.pdf\" target=\"_blank\" rel=\"noopener noreferrer\">Autorisation de sortie pe\u0301dagogique \u00e9l\u00e8ve<\/a><\/td>\n<\/tr>\n<tr class=\"row-9\">\n\t<td class=\"column-1\"><a href=\"https:\/\/etab.ac-reunion.fr\/lyc-antoine-de-saint-exupery\/wp-content\/uploads\/sites\/59\/2014\/06\/fiche-navette-dintervention.pdf\" target=\"_blank\" rel=\"noopener noreferrer\">Fiche d'intervention de travaux de maintenance technique<\/a><\/td><td class=\"column-2\"><a href=\"https:\/\/etab.ac-reunion.fr\/lyc-antoine-de-saint-exupery\/wp-content\/uploads\/sites\/59\/2014\/05\/charte-du-lyce\u0301e-des-avirons.pdf\" target=\"_blank\" rel=\"noopener noreferrer\">Charte informatique du lyc\u00e9e<\/a><br \/>\n<\/td>\n<\/tr>\n<tr class=\"row-10\">\n\t<td class=\"column-1\"><a href=\"https:\/\/etab.ac-reunion.fr\/lyc-antoine-de-saint-exupery\/wp-content\/uploads\/sites\/59\/2025\/12\/Formulaire-sortie-pedagogique-professeur.pdf\" target=\"_blank\" rel=\"noopener noreferrer\">Fiche de pr\u00e9paration de sortie p\u00e9dagogique<\/a><\/td><td class=\"column-2\"><a href=\"https:\/\/etab.ac-reunion.fr\/lyc-antoine-de-saint-exupery\/wp-content\/uploads\/sites\/59\/2025\/02\/CERTIFICAT-MEDICAL-DAPTITUDE-PARTIELLE.pdf\">Certificat m\u00e9dical d'aptitude partielle ou d'inaptitude totale a la pratique de l'EPS<\/a><\/td>\n<\/tr>\n<tr class=\"row-11\">\n\t<td class=\"column-1\"><a href=\"https:\/\/etab.ac-reunion.fr\/lyc-antoine-de-saint-exupery\/wp-content\/uploads\/sites\/59\/2022\/08\/eps_randonnee.pdf\" target=\"_blank\" rel=\"noopener noreferrer\">Sortie p\u00e9dagogique: Attestation de connaissance\/reconnaissance du parcours si randonn\u00e9e <\/a><\/td><td class=\"column-2\"><a href=\"https:\/\/etab.ac-reunion.fr\/lyc-antoine-de-saint-exupery\/wp-content\/uploads\/sites\/59\/2024\/09\/LISTE-DES-ATELIERS-ET-CLUBS-PROPOSES-AU-LYCEE-ANNEE-SCOLAIRE-2024-2025.pdf\">Liste des ateliers et club propos\u00e9s au lyc\u00e9e ann\u00e9e scolaire 2024-2025<\/a><\/td>\n<\/tr>\n<tr class=\"row-12\">\n\t<td class=\"column-1\"><a href=\"https:\/\/etab.ac-reunion.fr\/lyc-antoine-de-saint-exupery\/wp-content\/uploads\/sites\/59\/2019\/02\/Changement-exceptionnel-demploi-du-temps.pdf\">Changement exceptionnel d'emploi du temps<\/a><\/td><td class=\"column-2\"><a href=\"https:\/\/etab.ac-reunion.fr\/lyc-antoine-de-saint-exupery\/wp-content\/uploads\/sites\/59\/2025\/09\/ASSOCIATION-SPORTIVE-DU-LYCEE-ANTOINE-DE-ST-EXUPERY-2025-2026.pdf\">Planning de l'association sportive du lyc\u00e9e 2025\/2026<\/a><\/td>\n<\/tr>\n<tr class=\"row-13\">\n\t<td class=\"column-1\"><a href=\"https:\/\/etab.ac-reunion.fr\/lyc-antoine-de-saint-exupery\/wp-content\/uploads\/sites\/59\/2024\/09\/Rattrapage-de-devoir-surveille.pdf\">Rattrapage de devoir surveill\u00e9<\/a><\/td><td class=\"column-2\"><a href=\"https:\/\/etab.ac-reunion.fr\/lyc-antoine-de-saint-exupery\/wp-content\/uploads\/sites\/59\/2025\/09\/Autorisation-parentale-inscription-AS-Avirons.pdf\">Inscription \u00e0 l'association sportive du lyc\u00e9e 2025\/2026<\/a><\/td>\n<\/tr>\n<tr class=\"row-14\">\n\t<td class=\"column-1\"><a href=\"https:\/\/etab.ac-reunion.fr\/lyc-antoine-de-saint-exupery\/wp-content\/uploads\/sites\/59\/2023\/03\/Autorisation-captation-utilisation-image-voix-majeur.pdf\">Mod\u00e8les d'autorisation d'enregistrement image\/voix \u00e9l\u00e8ve majeur<\/a><\/td><td class=\"column-2\"><a href=\"https:\/\/etab.ac-reunion.fr\/lyc-antoine-de-saint-exupery\/wp-content\/uploads\/sites\/59\/2023\/09\/Fiche-de-restauration-2023-2024.pdf\">Fiche intendance<\/a><\/td>\n<\/tr>\n<tr class=\"row-15\">\n\t<td class=\"column-1\"><a href=\"https:\/\/etab.ac-reunion.fr\/lyc-antoine-de-saint-exupery\/wp-content\/uploads\/sites\/59\/2023\/03\/Autorisation-captation-utilisation-image-voix-mineur.pdf\">Mod\u00e8les d'autorisation d'enregistrement image\/voix \u00e9l\u00e8ve mineur<\/a><\/td><td class=\"column-2\"><a href=\"https:\/\/etab.ac-reunion.fr\/lyc-antoine-de-saint-exupery\/wp-content\/uploads\/sites\/59\/2023\/09\/chartelaicite_268251.pdf\">Charte de la\u00efcit\u00e9<\/a><\/td>\n<\/tr>\n<tr class=\"row-16\">\n\t<td class=\"column-1\"><a href=\"https:\/\/etab.ac-reunion.fr\/lyc-antoine-de-saint-exupery\/wp-content\/uploads\/sites\/59\/2025\/02\/Document-reperage-absenteisme-a-remettre-au-PP.pdf\">Document rep\u00e9rage absent\u00e9isme \u00e0 remettre au PP<\/a><\/td><td class=\"column-2\"><a href=\"https:\/\/etab.ac-reunion.fr\/lyc-antoine-de-saint-exupery\/wp-content\/uploads\/sites\/59\/2025\/08\/Calendrier-semaine-A-et-B-2025-2026.pdf\">Calendrier semaine A et B 2025-2026<\/a><\/td>\n<\/tr>\n<tr class=\"row-17\">\n\t<td class=\"column-1\">STAGES :<\/td><td class=\"column-2\"><\/td>\n<\/tr>\n<tr class=\"row-18\">\n\t<td class=\"column-1\"><a href=\"https:\/\/etab.ac-reunion.fr\/lyc-antoine-de-saint-exupery\/wp-content\/uploads\/sites\/59\/2025\/08\/planning-PFMP-Avec-contraintes-v3-RS-2025.pdf\">P\u00e9riode PFMP<\/a><\/td><td class=\"column-2\"><\/td>\n<\/tr>\n<tr class=\"row-19\">\n\t<td class=\"column-1\"><a href=\"https:\/\/etab.ac-reunion.fr\/lyc-antoine-de-saint-exupery\/wp-content\/uploads\/sites\/59\/2025\/08\/PROCEDURE-DE-GESTION-DES-PFMP-V2.pdf\">Protocole PFMP SEP <\/a><\/td><td class=\"column-2\"><\/td>\n<\/tr>\n<tr class=\"row-20\">\n\t<td class=\"column-1\"><a href=\"https:\/\/etab.ac-reunion.fr\/lyc-antoine-de-saint-exupery\/wp-content\/uploads\/sites\/59\/2023\/11\/BO-13-du-31-mars-2016-PFMP.pdf\">BO 13 du 31 mars 2016 PFMP <\/a><\/td><td class=\"column-2\"><\/td>\n<\/tr>\n<tr class=\"row-21\">\n\t<td class=\"column-1\"><\/td><td class=\"column-2\"><\/td>\n<\/tr>\n<tr class=\"row-22\">\n\t<td class=\"column-1\"><\/td><td class=\"column-2\"><\/td>\n<\/tr>\n<\/tbody>\n<\/table>\n<!-- #tablepress-2 from cache -->\n","protected":false},"excerpt":{"rendered":"<p>Les documents sont \u00e0 t\u00e9l\u00e9charger et \u00e0 imprimer selon vos besoins. &nbsp;<\/p>\n","protected":false},"author":944,"featured_media":0,"parent":24,"menu_order":0,"comment_status":"closed","ping_status":"closed","template":"","meta":{"footnotes":""},"class_list":["post-98","page","type-page","status-publish","hentry"],"_links":{"self":[{"href":"https:\/\/etab.ac-reunion.fr\/lyc-antoine-de-saint-exupery\/wp-json\/wp\/v2\/pages\/98","targetHints":{"allow":["GET"]}}],"collection":[{"href":"https:\/\/etab.ac-reunion.fr\/lyc-antoine-de-saint-exupery\/wp-json\/wp\/v2\/pages"}],"about":[{"href":"https:\/\/etab.ac-reunion.fr\/lyc-antoine-de-saint-exupery\/wp-json\/wp\/v2\/types\/page"}],"author":[{"embeddable":true,"href":"https:\/\/etab.ac-reunion.fr\/lyc-antoine-de-saint-exupery\/wp-json\/wp\/v2\/users\/944"}],"replies":[{"embeddable":true,"href":"https:\/\/etab.ac-reunion.fr\/lyc-antoine-de-saint-exupery\/wp-json\/wp\/v2\/comments?post=98"}],"version-history":[{"count":5,"href":"https:\/\/etab.ac-reunion.fr\/lyc-antoine-de-saint-exupery\/wp-json\/wp\/v2\/pages\/98\/revisions"}],"predecessor-version":[{"id":5384,"href":"https:\/\/etab.ac-reunion.fr\/lyc-antoine-de-saint-exupery\/wp-json\/wp\/v2\/pages\/98\/revisions\/5384"}],"up":[{"embeddable":true,"href":"https:\/\/etab.ac-reunion.fr\/lyc-antoine-de-saint-exupery\/wp-json\/wp\/v2\/pages\/24"}],"wp:attachment":[{"href":"https:\/\/etab.ac-reunion.fr\/lyc-antoine-de-saint-exupery\/wp-json\/wp\/v2\/media?parent=98"}],"curies":[{"name":"wp","href":"https:\/\/api.w.org\/{rel}","templated":true}]}}