{"id":10255,"date":"2023-11-25T21:19:28","date_gmt":"2023-11-25T17:19:28","guid":{"rendered":"https:\/\/etab.ac-reunion.fr\/lyc-antoine-roussin\/?page_id=10255"},"modified":"2024-12-11T23:03:17","modified_gmt":"2024-12-11T19:03:17","slug":"les-metiers-du-chiffre","status":"publish","type":"page","link":"https:\/\/etab.ac-reunion.fr\/lyc-antoine-roussin\/post-bac\/les-metiers-du-chiffre\/","title":{"rendered":"Les m\u00e9tiers du chiffre"},"content":{"rendered":"\n<div class=\"wp-block-buttons is-layout-flex wp-block-buttons-is-layout-flex\">\n<div class=\"wp-block-button\"><a class=\"wp-block-button__link wp-element-button\" href=\"https:\/\/www.apdcg.org\/metiers\/\">Cliquer pour des informations sur les m\u00e9tiers<\/a><\/div>\n<\/div>\n\n\n\n<p><\/p>\n\n\n\n<p><\/p>\n\n\n\n<p class=\"has-white-color has-luminous-vivid-amber-background-color has-text-color has-background has-link-color wp-elements-0dce66e8a2accc1c675184b694196976\"><strong><a href=\"https:\/\/oniseptv.onisep.fr\/video\/expert-comptable\">Expert-comptable<\/a><\/strong><\/p>\n\n\n\n<p class=\"has-white-color has-cyan-bluish-gray-background-color has-text-color has-background has-link-color wp-elements-e1f242c7b421d2dd0d86bd3101976f9a\"><strong><a href=\"https:\/\/www.youtube.com\/watch?v=9f-smKEzcss\">Commissaire aux comptes<\/a><\/strong><\/p>\n\n\n\n<p class=\"has-white-color has-luminous-vivid-amber-background-color has-text-color has-background has-link-color wp-elements-f5d38073d47872658abd59879af359d2\"><strong><a href=\"https:\/\/www.youtube.com\/watch?v=xxAGDtWd_fs\">Directeur administratif et financier<\/a><\/strong><\/p>\n\n\n\n<p class=\"has-white-color has-cyan-bluish-gray-background-color has-text-color has-background has-link-color wp-elements-610a1c2ada1aa268b04a1e36acd62b2b\"><strong><a href=\"https:\/\/www.youtube.com\/watch?v=WQ191EWw9lU\">Contr\u00f4leur de gestion<\/a><\/strong><\/p>\n\n\n\n<p class=\"has-white-color has-luminous-vivid-amber-background-color has-text-color has-background has-link-color wp-elements-528424132b9597f05cd77823aeca7441\"><strong><a href=\"https:\/\/www.youtube.com\/watch?v=qbS0auzjxMA\">Chef Comptable, Comptable<\/a><\/strong><\/p>\n\n\n\n<p class=\"has-white-color has-cyan-bluish-gray-background-color has-text-color has-background has-link-color wp-elements-a3df3656f2a03ab1dc0055e49fc9b76d\"><strong><a href=\"https:\/\/www.youtube.com\/watch?v=zv0S5y4dwJw\">Auditeur interne<\/a><\/strong><\/p>\n\n\n\n<p class=\"has-white-color has-luminous-vivid-amber-background-color has-text-color has-background has-link-color wp-elements-b31b063815b8bfab98213e3117daac08\"><strong><a href=\"https:\/\/www.youtube.com\/watch?v=1seVHPp7JUY\">Collaborateur comptable<\/a><\/strong><\/p>\n\n\n\n<p class=\"has-white-color has-cyan-bluish-gray-background-color has-text-color has-background has-link-color wp-elements-10d30141af123c66bab7054351466f69\"><a href=\"https:\/\/oniseptv.onisep.fr\/video\/inspecteur-des-impots\">I<strong>nspecteur des finances publiques <\/strong><\/a><\/p>\n\n\n\n<p class=\"has-white-color has-luminous-vivid-amber-background-color has-text-color has-background has-link-color wp-elements-821db3e2566fe2c71d05b89df7001ea3\">ETC.<\/p>\n\n\n\n<p><\/p>\n\n\n\n<div class=\"wp-block-buttons is-layout-flex wp-block-buttons-is-layout-flex\">\n<div class=\"wp-block-button\"><a class=\"wp-block-button__link wp-element-button\" href=\"https:\/\/www.youtube.com\/watch?v=9LSTWbFl9BA\">Vid\u00e9o montrant la diversit\u00e9 des m\u00e9tiers en cabinet d&rsquo;expertise-comptable (ordre des expert-comptable de Normandie<\/a><\/div>\n<\/div>\n\n\n\n<p><\/p>\n","protected":false},"excerpt":{"rendered":"<p>Expert-comptable Commissaire aux comptes Directeur administratif et financier Contr\u00f4leur de gestion Chef Comptable, Comptable Auditeur interne Collaborateur comptable Inspecteur des finances publiques ETC.<\/p>\n<p class=\"continue-reading-button\"> <a class=\"continue-reading-link\" href=\"https:\/\/etab.ac-reunion.fr\/lyc-antoine-roussin\/post-bac\/les-metiers-du-chiffre\/\">Lire la suite<i class=\"crycon-right-dir\"><\/i><\/a><\/p>\n","protected":false},"author":19389,"featured_media":0,"parent":333,"menu_order":1,"comment_status":"closed","ping_status":"closed","template":"","meta":{"footnotes":""},"class_list":["post-10255","page","type-page","status-publish","hentry"],"_links":{"self":[{"href":"https:\/\/etab.ac-reunion.fr\/lyc-antoine-roussin\/wp-json\/wp\/v2\/pages\/10255","targetHints":{"allow":["GET"]}}],"collection":[{"href":"https:\/\/etab.ac-reunion.fr\/lyc-antoine-roussin\/wp-json\/wp\/v2\/pages"}],"about":[{"href":"https:\/\/etab.ac-reunion.fr\/lyc-antoine-roussin\/wp-json\/wp\/v2\/types\/page"}],"author":[{"embeddable":true,"href":"https:\/\/etab.ac-reunion.fr\/lyc-antoine-roussin\/wp-json\/wp\/v2\/users\/19389"}],"replies":[{"embeddable":true,"href":"https:\/\/etab.ac-reunion.fr\/lyc-antoine-roussin\/wp-json\/wp\/v2\/comments?post=10255"}],"version-history":[{"count":21,"href":"https:\/\/etab.ac-reunion.fr\/lyc-antoine-roussin\/wp-json\/wp\/v2\/pages\/10255\/revisions"}],"predecessor-version":[{"id":12328,"href":"https:\/\/etab.ac-reunion.fr\/lyc-antoine-roussin\/wp-json\/wp\/v2\/pages\/10255\/revisions\/12328"}],"up":[{"embeddable":true,"href":"https:\/\/etab.ac-reunion.fr\/lyc-antoine-roussin\/wp-json\/wp\/v2\/pages\/333"}],"wp:attachment":[{"href":"https:\/\/etab.ac-reunion.fr\/lyc-antoine-roussin\/wp-json\/wp\/v2\/media?parent=10255"}],"curies":[{"name":"wp","href":"https:\/\/api.w.org\/{rel}","templated":true}]}}