{"id":10931,"date":"2024-08-15T23:11:25","date_gmt":"2024-08-15T19:11:25","guid":{"rendered":"https:\/\/etab.ac-reunion.fr\/lyc-antoine-roussin\/?page_id=10931"},"modified":"2025-01-15T08:56:34","modified_gmt":"2025-01-15T04:56:34","slug":"atelier-sciences-po","status":"publish","type":"page","link":"https:\/\/etab.ac-reunion.fr\/lyc-antoine-roussin\/le-lycee\/activites-periscolaires\/atelier-sciences-po\/","title":{"rendered":"Atelier Sciences Po"},"content":{"rendered":"<div class=\"wp-block-image\">\n<figure class=\"aligncenter size-full\"><img loading=\"lazy\" decoding=\"async\" width=\"390\" height=\"129\" src=\"https:\/\/etab.ac-reunion.fr\/lyc-antoine-roussin\/wp-content\/uploads\/sites\/92\/2024\/08\/images.png\" alt=\"\" class=\"wp-image-10934\" srcset=\"https:\/\/etab.ac-reunion.fr\/lyc-antoine-roussin\/wp-content\/uploads\/sites\/92\/2024\/08\/images.png 390w, https:\/\/etab.ac-reunion.fr\/lyc-antoine-roussin\/wp-content\/uploads\/sites\/92\/2024\/08\/images-300x99.png 300w, https:\/\/etab.ac-reunion.fr\/lyc-antoine-roussin\/wp-content\/uploads\/sites\/92\/2024\/08\/images-150x50.png 150w\" sizes=\"auto, (max-width: 390px) 100vw, 390px\" \/><\/figure>\n<\/div>\n\n\n<p>&lsquo;<\/p>\n\n\n\n<p><em><strong>Pour qui ?<\/strong><\/em><\/p>\n\n\n\n<p>L&rsquo;atelier s&rsquo;adresse aux <strong>\u00e9l\u00e8ves de premi\u00e8re et terminale<\/strong> qui souhaitent int\u00e9grer <strong>Sciences Po. Paris<\/strong> ou un autre <strong>Institut d&rsquo;Etude Politique (IEP)<\/strong>. Un <strong>engagement de deux ans<\/strong> est exig\u00e9 avec <strong>obligation de se pr\u00e9senter aux concours<\/strong>. Cette pr\u00e9paration est par ailleurs utile pour acc\u00e9der aux classes pr\u00e9pa et aux grandes \u00e9coles. <\/p>\n\n\n\n<p>Si vous avez un bon niveau en communication \u00e9crite, si vous avez une bonne ma\u00eetrise de la communication orale, en fran\u00e7ais, en anglais, en espagnol, vous avez une chance d&rsquo;int\u00e9grer un cursus grande \u00e9cole et notamment un Institut d&rsquo;Etudes Politiques. Sciences Po propose, comme beaucoup de grandes \u00e9coles des doubles dipl\u00f4mes (cursus anglo-am\u00e9ricain ou latino-am\u00e9ricain, franco-anglais&#8230;).<\/p>\n\n\n\n<p>Le lyc\u00e9e Antoine Roussin a sign\u00e9 un <strong>partenariat<\/strong> via la voie CEP (<strong>convention \u00e9ducation prioritaire<\/strong>) avec Sciences Po Paris permettant de <strong>favoriser un recrutement pour les \u00e9l\u00e8ves boursiers<\/strong>, la <strong>mixit\u00e9 sociale <\/strong>et un acc\u00e8s \u00e0 nos \u00e9l\u00e8ves aux grandes \u00e9coles du pays.<\/p>\n\n\n\n<p>Les conventions d&rsquo;\u00e9ducation prioritaire sont au c\u0153ur de la <strong>politique d&rsquo;\u00e9galit\u00e9 des chances<\/strong> de Sciences Po.<\/p>\n\n\n\n<div class=\"wp-block-buttons is-layout-flex wp-block-buttons-is-layout-flex\">\n<div class=\"wp-block-button\"><a class=\"wp-block-button__link has-cyan-bluish-gray-background-color has-background wp-element-button\" href=\"https:\/\/www.sciencespo.fr\/nous-soutenir\/fr\/nos-projets\/soutenir-les-etudiants\/convention-education-prioritaire\/\">Conventions &#8211; \u00e9duction prioritaire<\/a><\/div>\n<\/div>\n\n\n\n<p><\/p>\n\n\n\n<p><em><strong>C&rsquo;est quoi un IEP ? <\/strong><\/em><\/p>\n\n\n\n<p>Les IEP sont des grandes Ecoles o\u00f9 sont \u00e9tudi\u00e9es les sciences politiques et sociales<\/p>\n\n\n\n<p><em><strong>O\u00f9 sont les IEP ? <\/strong><\/em><\/p>\n\n\n\n<p>1. PARIS \/<strong> L&rsquo;IEP de Paris dit SCIENCES PO PARIS<\/strong>, 27 rue Saint-Guillaume<\/p>\n\n\n<div class=\"wp-block-image\">\n<figure class=\"aligncenter size-full is-resized\"><img loading=\"lazy\" decoding=\"async\" width=\"620\" height=\"374\" src=\"https:\/\/etab.ac-reunion.fr\/lyc-antoine-roussin\/wp-content\/uploads\/sites\/92\/2024\/08\/image-9.png\" alt=\"\" class=\"wp-image-10982\" style=\"width:414px;height:auto\" srcset=\"https:\/\/etab.ac-reunion.fr\/lyc-antoine-roussin\/wp-content\/uploads\/sites\/92\/2024\/08\/image-9.png 620w, https:\/\/etab.ac-reunion.fr\/lyc-antoine-roussin\/wp-content\/uploads\/sites\/92\/2024\/08\/image-9-300x181.png 300w, https:\/\/etab.ac-reunion.fr\/lyc-antoine-roussin\/wp-content\/uploads\/sites\/92\/2024\/08\/image-9-150x90.png 150w\" sizes=\"auto, (max-width: 620px) 100vw, 620px\" \/><\/figure>\n<\/div>\n\n\n<div class=\"wp-block-buttons is-layout-flex wp-block-buttons-is-layout-flex\">\n<div class=\"wp-block-button\"><a class=\"wp-block-button__link has-cyan-bluish-gray-background-color has-background has-text-align-center wp-element-button\" href=\"https:\/\/www.sciencespo.fr\/fr\/actualites\/sciences-po-a-paris-decouvrez-nos-sites-au-coeur-de-saint-germain-des-pres\">Science Po Paris<\/a><\/div>\n<\/div>\n\n\n\n<p class=\"has-text-align-center\"><\/p>\n\n\n<div class=\"wp-block-image\">\n<figure class=\"aligncenter size-full\"><img loading=\"lazy\" decoding=\"async\" width=\"320\" height=\"158\" src=\"https:\/\/etab.ac-reunion.fr\/lyc-antoine-roussin\/wp-content\/uploads\/sites\/92\/2024\/08\/image-10.png\" alt=\"\" class=\"wp-image-10983\" srcset=\"https:\/\/etab.ac-reunion.fr\/lyc-antoine-roussin\/wp-content\/uploads\/sites\/92\/2024\/08\/image-10.png 320w, https:\/\/etab.ac-reunion.fr\/lyc-antoine-roussin\/wp-content\/uploads\/sites\/92\/2024\/08\/image-10-300x148.png 300w, https:\/\/etab.ac-reunion.fr\/lyc-antoine-roussin\/wp-content\/uploads\/sites\/92\/2024\/08\/image-10-150x74.png 150w\" sizes=\"auto, (max-width: 320px) 100vw, 320px\" \/><\/figure>\n<\/div>\n\n\n<p>2. Les IEP de Province et Ile de France : <strong>Aix, Bordeaux, Grenoble, Lille, Lyon, Rennes, Strasbourg, Toulouse, Saint-Germain en Lay<\/strong><\/p>\n\n\n\n<p><em>Consulter les sites <\/em>internet des IEP : cliquer sur les logos<\/p>\n\n\n\n<p class=\"has-text-align-center\"><\/p>\n\n\n<div class=\"wp-block-image\">\n<figure class=\"aligncenter size-full is-resized\"><a href=\"https:\/\/www.sciencespo-lille.eu\"><img loading=\"lazy\" decoding=\"async\" width=\"225\" height=\"225\" src=\"https:\/\/etab.ac-reunion.fr\/lyc-antoine-roussin\/wp-content\/uploads\/sites\/92\/2024\/08\/image-4.png\" alt=\"\" class=\"wp-image-10977\" style=\"width:137px;height:auto\" srcset=\"https:\/\/etab.ac-reunion.fr\/lyc-antoine-roussin\/wp-content\/uploads\/sites\/92\/2024\/08\/image-4.png 225w, https:\/\/etab.ac-reunion.fr\/lyc-antoine-roussin\/wp-content\/uploads\/sites\/92\/2024\/08\/image-4-150x150.png 150w\" sizes=\"auto, (max-width: 225px) 100vw, 225px\" \/><\/a><\/figure>\n<\/div>\n\n<div class=\"wp-block-image\">\n<figure class=\"alignleft size-full\"><a href=\"https:\/\/www.sciencespo-lyon.fr\"><img loading=\"lazy\" decoding=\"async\" width=\"308\" height=\"164\" src=\"https:\/\/etab.ac-reunion.fr\/lyc-antoine-roussin\/wp-content\/uploads\/sites\/92\/2024\/08\/image-5.png\" alt=\"\" class=\"wp-image-10978\" srcset=\"https:\/\/etab.ac-reunion.fr\/lyc-antoine-roussin\/wp-content\/uploads\/sites\/92\/2024\/08\/image-5.png 308w, https:\/\/etab.ac-reunion.fr\/lyc-antoine-roussin\/wp-content\/uploads\/sites\/92\/2024\/08\/image-5-300x160.png 300w, https:\/\/etab.ac-reunion.fr\/lyc-antoine-roussin\/wp-content\/uploads\/sites\/92\/2024\/08\/image-5-150x80.png 150w\" sizes=\"auto, (max-width: 308px) 100vw, 308px\" \/><\/a><\/figure>\n<\/div>\n\n<div class=\"wp-block-image\">\n<figure class=\"alignleft size-full is-resized\"><a href=\"https:\/\/www.sciencespo-grenoble.fr\"><img loading=\"lazy\" decoding=\"async\" width=\"276\" height=\"183\" src=\"https:\/\/etab.ac-reunion.fr\/lyc-antoine-roussin\/wp-content\/uploads\/sites\/92\/2024\/08\/image-3.png\" alt=\"\" class=\"wp-image-10976\" style=\"width:249px;height:auto\" srcset=\"https:\/\/etab.ac-reunion.fr\/lyc-antoine-roussin\/wp-content\/uploads\/sites\/92\/2024\/08\/image-3.png 276w, https:\/\/etab.ac-reunion.fr\/lyc-antoine-roussin\/wp-content\/uploads\/sites\/92\/2024\/08\/image-3-150x99.png 150w\" sizes=\"auto, (max-width: 276px) 100vw, 276px\" \/><\/a><\/figure>\n<\/div>\n\n<div class=\"wp-block-image\">\n<figure class=\"alignleft size-full is-resized\"><a href=\"https:\/\/www.sciencespo-rennes.fr\"><img loading=\"lazy\" decoding=\"async\" width=\"160\" height=\"160\" src=\"https:\/\/etab.ac-reunion.fr\/lyc-antoine-roussin\/wp-content\/uploads\/sites\/92\/2024\/08\/image.png\" alt=\"\" class=\"wp-image-10973\" style=\"width:160px;height:auto\" srcset=\"https:\/\/etab.ac-reunion.fr\/lyc-antoine-roussin\/wp-content\/uploads\/sites\/92\/2024\/08\/image.png 160w, https:\/\/etab.ac-reunion.fr\/lyc-antoine-roussin\/wp-content\/uploads\/sites\/92\/2024\/08\/image-150x150.png 150w\" sizes=\"auto, (max-width: 160px) 100vw, 160px\" \/><\/a><\/figure>\n<\/div>\n\n<div class=\"wp-block-image\">\n<figure class=\"alignright size-full is-resized\"><a href=\"https:\/\/www.sciencespo-saintgermainenlaye.fr\/\"><img loading=\"lazy\" decoding=\"async\" width=\"355\" height=\"142\" src=\"https:\/\/etab.ac-reunion.fr\/lyc-antoine-roussin\/wp-content\/uploads\/sites\/92\/2024\/08\/image-8.png\" alt=\"\" class=\"wp-image-10981\" style=\"width:270px;height:auto\" srcset=\"https:\/\/etab.ac-reunion.fr\/lyc-antoine-roussin\/wp-content\/uploads\/sites\/92\/2024\/08\/image-8.png 355w, https:\/\/etab.ac-reunion.fr\/lyc-antoine-roussin\/wp-content\/uploads\/sites\/92\/2024\/08\/image-8-300x120.png 300w, https:\/\/etab.ac-reunion.fr\/lyc-antoine-roussin\/wp-content\/uploads\/sites\/92\/2024\/08\/image-8-150x60.png 150w\" sizes=\"auto, (max-width: 355px) 100vw, 355px\" \/><\/a><\/figure>\n<\/div>\n\n<div class=\"wp-block-image\">\n<figure class=\"alignright size-full is-resized\"><a href=\"https:\/\/www.sciencespo-strasbourg.fr\"><img loading=\"lazy\" decoding=\"async\" width=\"225\" height=\"225\" src=\"https:\/\/etab.ac-reunion.fr\/lyc-antoine-roussin\/wp-content\/uploads\/sites\/92\/2024\/08\/image-12.png\" alt=\"\" class=\"wp-image-10994\" style=\"width:146px;height:auto\" srcset=\"https:\/\/etab.ac-reunion.fr\/lyc-antoine-roussin\/wp-content\/uploads\/sites\/92\/2024\/08\/image-12.png 225w, https:\/\/etab.ac-reunion.fr\/lyc-antoine-roussin\/wp-content\/uploads\/sites\/92\/2024\/08\/image-12-150x150.png 150w\" sizes=\"auto, (max-width: 225px) 100vw, 225px\" \/><\/a><\/figure>\n<\/div>\n\n\n<figure class=\"wp-block-image size-full is-resized\"><a href=\"https:\/\/www.sciencespo-strasbourg.fr\"><img loading=\"lazy\" decoding=\"async\" width=\"276\" height=\"183\" src=\"https:\/\/etab.ac-reunion.fr\/lyc-antoine-roussin\/wp-content\/uploads\/sites\/92\/2024\/08\/image-13.png\" alt=\"\" class=\"wp-image-10995\" style=\"width:219px;height:auto\" srcset=\"https:\/\/etab.ac-reunion.fr\/lyc-antoine-roussin\/wp-content\/uploads\/sites\/92\/2024\/08\/image-13.png 276w, https:\/\/etab.ac-reunion.fr\/lyc-antoine-roussin\/wp-content\/uploads\/sites\/92\/2024\/08\/image-13-150x99.png 150w\" sizes=\"auto, (max-width: 276px) 100vw, 276px\" \/><\/a><\/figure>\n\n\n<div class=\"wp-block-image\">\n<figure class=\"aligncenter size-full\"><a href=\"https:\/\/www.sciencespobordeaux.fr\/fr\/index.html\"><img loading=\"lazy\" decoding=\"async\" width=\"198\" height=\"255\" src=\"https:\/\/etab.ac-reunion.fr\/lyc-antoine-roussin\/wp-content\/uploads\/sites\/92\/2024\/09\/image-2.png\" alt=\"\" class=\"wp-image-11249\" srcset=\"https:\/\/etab.ac-reunion.fr\/lyc-antoine-roussin\/wp-content\/uploads\/sites\/92\/2024\/09\/image-2.png 198w, https:\/\/etab.ac-reunion.fr\/lyc-antoine-roussin\/wp-content\/uploads\/sites\/92\/2024\/09\/image-2-116x150.png 116w\" sizes=\"auto, (max-width: 198px) 100vw, 198px\" \/><\/a><\/figure>\n<\/div>\n\n<div class=\"wp-block-image\">\n<figure class=\"aligncenter size-full\"><a href=\"https:\/\/www.sciencespo-aix.fr\/\"><img loading=\"lazy\" decoding=\"async\" width=\"312\" height=\"162\" src=\"https:\/\/etab.ac-reunion.fr\/lyc-antoine-roussin\/wp-content\/uploads\/sites\/92\/2024\/08\/image-2.png\" alt=\"\" class=\"wp-image-10975\" srcset=\"https:\/\/etab.ac-reunion.fr\/lyc-antoine-roussin\/wp-content\/uploads\/sites\/92\/2024\/08\/image-2.png 312w, https:\/\/etab.ac-reunion.fr\/lyc-antoine-roussin\/wp-content\/uploads\/sites\/92\/2024\/08\/image-2-300x156.png 300w, https:\/\/etab.ac-reunion.fr\/lyc-antoine-roussin\/wp-content\/uploads\/sites\/92\/2024\/08\/image-2-150x78.png 150w\" sizes=\"auto, (max-width: 312px) 100vw, 312px\" \/><\/a><\/figure>\n<\/div>\n\n\n<p><strong><em>Pourquoi s&rsquo;inscrire aux ateliers ? <\/em><\/strong><\/p>\n\n\n\n<p>Pour am\u00e9liorer sa culture g\u00e9n\u00e9rale et pour maximiser ses chances d&rsquo;int\u00e9grer une Grande Ecole<\/p>\n\n\n\n<p><\/p>\n\n\n\n<div class=\"wp-block-buttons is-layout-flex wp-block-buttons-is-layout-flex\">\n<div class=\"wp-block-button\"><a class=\"wp-block-button__link wp-element-button\" href=\"https:\/\/etab.ac-reunion.fr\/lyc-antoine-roussin\/les-ateliers-sciences-po-au-lycee\/\">Les ateliers Sciences Po au lyc\u00e9e<\/a><\/div>\n<\/div>\n","protected":false},"excerpt":{"rendered":"<p>&lsquo; Pour qui ? L&rsquo;atelier s&rsquo;adresse aux \u00e9l\u00e8ves de premi\u00e8re et terminale qui souhaitent int\u00e9grer Sciences Po. Paris ou un autre Institut d&rsquo;Etude Politique (IEP). Un engagement de deux ans est exig\u00e9 avec obligation de se pr\u00e9senter aux concours. Cette pr\u00e9paration est par ailleurs utile pour acc\u00e9der aux classes pr\u00e9pa&#8230;<\/p>\n<p class=\"continue-reading-button\"> <a class=\"continue-reading-link\" href=\"https:\/\/etab.ac-reunion.fr\/lyc-antoine-roussin\/le-lycee\/activites-periscolaires\/atelier-sciences-po\/\">Lire la suite<i class=\"crycon-right-dir\"><\/i><\/a><\/p>\n","protected":false},"author":19389,"featured_media":0,"parent":249,"menu_order":1,"comment_status":"closed","ping_status":"closed","template":"","meta":{"footnotes":""},"class_list":["post-10931","page","type-page","status-publish","hentry"],"_links":{"self":[{"href":"https:\/\/etab.ac-reunion.fr\/lyc-antoine-roussin\/wp-json\/wp\/v2\/pages\/10931","targetHints":{"allow":["GET"]}}],"collection":[{"href":"https:\/\/etab.ac-reunion.fr\/lyc-antoine-roussin\/wp-json\/wp\/v2\/pages"}],"about":[{"href":"https:\/\/etab.ac-reunion.fr\/lyc-antoine-roussin\/wp-json\/wp\/v2\/types\/page"}],"author":[{"embeddable":true,"href":"https:\/\/etab.ac-reunion.fr\/lyc-antoine-roussin\/wp-json\/wp\/v2\/users\/19389"}],"replies":[{"embeddable":true,"href":"https:\/\/etab.ac-reunion.fr\/lyc-antoine-roussin\/wp-json\/wp\/v2\/comments?post=10931"}],"version-history":[{"count":51,"href":"https:\/\/etab.ac-reunion.fr\/lyc-antoine-roussin\/wp-json\/wp\/v2\/pages\/10931\/revisions"}],"predecessor-version":[{"id":12631,"href":"https:\/\/etab.ac-reunion.fr\/lyc-antoine-roussin\/wp-json\/wp\/v2\/pages\/10931\/revisions\/12631"}],"up":[{"embeddable":true,"href":"https:\/\/etab.ac-reunion.fr\/lyc-antoine-roussin\/wp-json\/wp\/v2\/pages\/249"}],"wp:attachment":[{"href":"https:\/\/etab.ac-reunion.fr\/lyc-antoine-roussin\/wp-json\/wp\/v2\/media?parent=10931"}],"curies":[{"name":"wp","href":"https:\/\/api.w.org\/{rel}","templated":true}]}}