{"id":11142,"date":"2024-09-18T21:51:17","date_gmt":"2024-09-18T17:51:17","guid":{"rendered":"https:\/\/etab.ac-reunion.fr\/lyc-antoine-roussin\/?page_id=11142"},"modified":"2025-01-17T09:33:44","modified_gmt":"2025-01-17T05:33:44","slug":"specialites-bac-general","status":"publish","type":"page","link":"https:\/\/etab.ac-reunion.fr\/lyc-antoine-roussin\/specialites-bac-general\/","title":{"rendered":"Sp\u00e9cialit\u00e9s Bac G\u00e9n\u00e9ral"},"content":{"rendered":"\n<p class=\"has-medium-font-size\">Le lyc\u00e9e Antoine Roussin propose au \u00e9l\u00e8ves plusieurs sp\u00e9cialit\u00e9s<\/p>\n\n\n\n<p class=\"has-background has-medium-font-size\" style=\"background-color:#dfc0fd\"><a href=\"https:\/\/etab.ac-reunion.fr\/lyc-antoine-roussin\/la-specialite-amc-anglais-monde-contemporain\/\" data-type=\"page\" data-id=\"11312\"><strong>&#8211; LLCE \/AMC : Langues, Litt\u00e9ratures et Cultures Etrang\u00e8res \/\u00a0 Anglais Monde Contemporain<\/strong><\/a><\/p>\n\n\n\n<p class=\"has-background has-medium-font-size\" style=\"background-color:#bee4fb\"><a href=\"https:\/\/eduscol.education.fr\/1711\/programmes-et-ressources-en-humanites-litterature-et-philosophie-voie-g\"><strong>&#8211; HLP : Humanit\u00e9s, Litt\u00e9rature et Philosophie<\/strong><\/a><\/p>\n\n\n\n<p class=\"has-background has-medium-font-size\" style=\"background-color:#dfc0fd\"><a href=\"https:\/\/eduscol.education.fr\/1676\/programmes-et-ressources-en-histoire-geographie-geopolitique-et-sciences-politiques-voie-g\"><strong>&#8211; HGGSP : Histoire G\u00e9ographie G\u00e9opolitiques et Sciences Politiques<\/strong><\/a><\/p>\n\n\n\n<p class=\"has-background has-medium-font-size\" style=\"background-color:#c2e7fe\"><a href=\"https:\/\/eduscol.education.fr\/1710\/programmes-et-ressources-en-theatre-voie-gt\"><strong>&#8211; Th\u00e9\u00e2tre<\/strong><\/a><\/p>\n\n\n\n<p class=\"has-background has-medium-font-size\" style=\"background-color:#dfc0fd\"><strong>&#8211; <a href=\"https:\/\/eduscol.education.fr\/1723\/programmes-et-ressources-en-mathematiques-voie-gt\">Math\u00e9matiques<\/a><\/strong><\/p>\n\n\n\n<p class=\"has-background has-medium-font-size\" style=\"background-color:#c8e6f9\">&#8211;<strong> <a href=\"https:\/\/eduscol.education.fr\/1664\/programmes-et-ressources-en-sciences-de-la-vie-et-de-la-terre-voie-gt\">SVT : Sciences et Vie de la Terre<\/a><\/strong><\/p>\n\n\n\n<p class=\"has-background has-medium-font-size\" style=\"background-color:#dfc0fd\"><strong>&#8211; <a href=\"https:\/\/eduscol.education.fr\/1648\/programmes-et-ressources-en-physique-chimie-voie-gt\">Physique\/Chimie<\/a><\/strong><\/p>\n\n\n\n<p class=\"has-background has-medium-font-size\" style=\"background-color:#c5e7fb\">&#8211;<strong><a href=\"https:\/\/eduscol.education.fr\/1658\/programmes-et-ressources-en-sciences-economiques-et-sociales-voie-gt\"> SES : Sciences Economiques et Sociales<\/a><\/strong><\/p>\n\n\n\n<p><\/p>\n","protected":false},"excerpt":{"rendered":"<p>Le lyc\u00e9e Antoine Roussin propose au \u00e9l\u00e8ves plusieurs sp\u00e9cialit\u00e9s &#8211; LLCE \/AMC : Langues, Litt\u00e9ratures et Cultures Etrang\u00e8res \/\u00a0 Anglais Monde Contemporain &#8211; HLP : Humanit\u00e9s, Litt\u00e9rature et Philosophie &#8211; HGGSP : Histoire G\u00e9ographie G\u00e9opolitiques et Sciences Politiques &#8211; Th\u00e9\u00e2tre &#8211; Math\u00e9matiques &#8211; SVT : Sciences et Vie de la&#8230;<\/p>\n<p class=\"continue-reading-button\"> <a class=\"continue-reading-link\" href=\"https:\/\/etab.ac-reunion.fr\/lyc-antoine-roussin\/specialites-bac-general\/\">Lire la suite<i class=\"crycon-right-dir\"><\/i><\/a><\/p>\n","protected":false},"author":19389,"featured_media":0,"parent":0,"menu_order":0,"comment_status":"closed","ping_status":"closed","template":"","meta":{"footnotes":""},"class_list":["post-11142","page","type-page","status-publish","hentry"],"_links":{"self":[{"href":"https:\/\/etab.ac-reunion.fr\/lyc-antoine-roussin\/wp-json\/wp\/v2\/pages\/11142","targetHints":{"allow":["GET"]}}],"collection":[{"href":"https:\/\/etab.ac-reunion.fr\/lyc-antoine-roussin\/wp-json\/wp\/v2\/pages"}],"about":[{"href":"https:\/\/etab.ac-reunion.fr\/lyc-antoine-roussin\/wp-json\/wp\/v2\/types\/page"}],"author":[{"embeddable":true,"href":"https:\/\/etab.ac-reunion.fr\/lyc-antoine-roussin\/wp-json\/wp\/v2\/users\/19389"}],"replies":[{"embeddable":true,"href":"https:\/\/etab.ac-reunion.fr\/lyc-antoine-roussin\/wp-json\/wp\/v2\/comments?post=11142"}],"version-history":[{"count":20,"href":"https:\/\/etab.ac-reunion.fr\/lyc-antoine-roussin\/wp-json\/wp\/v2\/pages\/11142\/revisions"}],"predecessor-version":[{"id":12694,"href":"https:\/\/etab.ac-reunion.fr\/lyc-antoine-roussin\/wp-json\/wp\/v2\/pages\/11142\/revisions\/12694"}],"wp:attachment":[{"href":"https:\/\/etab.ac-reunion.fr\/lyc-antoine-roussin\/wp-json\/wp\/v2\/media?parent=11142"}],"curies":[{"name":"wp","href":"https:\/\/api.w.org\/{rel}","templated":true}]}}