{"id":11659,"date":"2024-10-01T10:45:49","date_gmt":"2024-10-01T06:45:49","guid":{"rendered":"https:\/\/etab.ac-reunion.fr\/lyc-antoine-roussin\/?page_id=11659"},"modified":"2024-10-01T10:45:49","modified_gmt":"2024-10-01T06:45:49","slug":"lexpertise-comptable-ne-connait-pas-la-crise","status":"publish","type":"page","link":"https:\/\/etab.ac-reunion.fr\/lyc-antoine-roussin\/lexpertise-comptable-ne-connait-pas-la-crise\/","title":{"rendered":"L&rsquo;expertise comptable ne connait pas la crise"},"content":{"rendered":"<div class=\"wp-block-image\">\n<figure class=\"aligncenter size-full\"><img loading=\"lazy\" decoding=\"async\" width=\"697\" height=\"412\" src=\"https:\/\/etab.ac-reunion.fr\/lyc-antoine-roussin\/wp-content\/uploads\/sites\/92\/2024\/10\/image-1.png\" alt=\"\" class=\"wp-image-11661\" srcset=\"https:\/\/etab.ac-reunion.fr\/lyc-antoine-roussin\/wp-content\/uploads\/sites\/92\/2024\/10\/image-1.png 697w, https:\/\/etab.ac-reunion.fr\/lyc-antoine-roussin\/wp-content\/uploads\/sites\/92\/2024\/10\/image-1-300x177.png 300w, https:\/\/etab.ac-reunion.fr\/lyc-antoine-roussin\/wp-content\/uploads\/sites\/92\/2024\/10\/image-1-150x89.png 150w\" sizes=\"auto, (max-width: 697px) 100vw, 697px\" \/><\/figure>\n<\/div>\n\n\n<ul class=\"wp-block-list\">\n<li><\/li>\n\n\n\n<li><em>In\u00e8s, Guillaume et Aurore, \u00e9tudiants en derni\u00e8re ann\u00e9e en classe pr\u00e9paratoire au DCG au lyc\u00e9e Antoine-Roussin de Saint-Louis.<\/em><\/li>\n<\/ul>\n\n\n<div class=\"wp-block-image\">\n<figure class=\"aligncenter size-full is-resized\"><img loading=\"lazy\" decoding=\"async\" width=\"716\" height=\"394\" src=\"https:\/\/etab.ac-reunion.fr\/lyc-antoine-roussin\/wp-content\/uploads\/sites\/92\/2024\/10\/image-2.png\" alt=\"\" class=\"wp-image-11662\" style=\"width:691px;height:auto\" srcset=\"https:\/\/etab.ac-reunion.fr\/lyc-antoine-roussin\/wp-content\/uploads\/sites\/92\/2024\/10\/image-2.png 716w, https:\/\/etab.ac-reunion.fr\/lyc-antoine-roussin\/wp-content\/uploads\/sites\/92\/2024\/10\/image-2-300x165.png 300w, https:\/\/etab.ac-reunion.fr\/lyc-antoine-roussin\/wp-content\/uploads\/sites\/92\/2024\/10\/image-2-150x83.png 150w\" sizes=\"auto, (max-width: 716px) 100vw, 716px\" \/><\/figure>\n<\/div>\n\n\n<ul class=\"wp-block-list\">\n<li><img loading=\"lazy\" decoding=\"async\" width=\"458\" height=\"252\" src=\"\" alt=\"R\u00e9my Amato, pr\u00e9sident de l'ordre des experts-comptables de La R\u00e9union (photo Ludovic La\u00ef-Yu).\"><\/li>\n<\/ul>\n\n\n\n<p><em>R\u00e9my Amato, pr\u00e9sident de l&rsquo;ordre des experts-comptables de La R\u00e9union (photo Ludovic La\u00ef-Yu).<\/em><\/p>\n\n\n\n<p><a href=\"https:\/\/www.clicanoo.re\/auteur\/259954\">Par Anaelle Grondin<\/a><\/p>\n\n\n\n<p>Saint-Louis&nbsp; 24 sep 2018<\/p>\n\n\n\n<p><strong>M\u00c9TIERS. Toutes les soci\u00e9t\u00e9s ont besoin d&rsquo;experts-comptables, m\u00eame \u00e0 l&rsquo;heure de la d\u00e9mat\u00e9rialisation, assure le pr\u00e9sident de l&rsquo;ordre des experts-comptables de La R\u00e9union, R\u00e9my Amato. Un constat qui pousse de nombreux jeunes \u00e0 s&rsquo;int\u00e9resser \u00e0 cette fili\u00e8re.<\/strong><\/p>\n\n\n\n<p>Balade en catamaran, pique-nique sur la plage et beach volley. Les jeunes arrivants en classe pr\u00e9paratoire au dipl\u00f4me de comptabilit\u00e9 et de gestion&nbsp;<em>(DCG)<\/em>&nbsp;du lyc\u00e9e Antoine-Roussin \u00e0 Saint-Louis ont eu droit \u00e0 une journ\u00e9e d&rsquo;int\u00e9gration plut\u00f4t d\u00e9contract\u00e9e vendredi dernier, en compagnie des deuxi\u00e8me et troisi\u00e8me ann\u00e9es ainsi que des enseignants. Sur place, tout le monde s&rsquo;est r\u00e9joui de cette riche id\u00e9e, qui a par ailleurs servi d&rsquo;exercice pratique aux plus anciens.<em>&nbsp;\u00ab\u00a0Nous avons eu trois semaines pour tout boucler : monter un budget, le pr\u00e9senter \u00e0 l&rsquo;administration, d\u00e9marcher les entreprises&#8230; C&rsquo;\u00e9tait tr\u00e8s formateur\u00a0\u00bb<\/em>, raconte In\u00e8s, en troisi\u00e8me et derni\u00e8re ann\u00e9e de pr\u00e9pa au DCG. Son camarade, Guillaume, acquiesce :<em>&nbsp;\u00ab\u00a0\u00c7a nous a permis de mettre en pratique les connaissances des deux premi\u00e8res ann\u00e9es.\u00a0\u00bb<\/em>&nbsp;La pr\u00e9pa saint-louisienne compte au total 80 \u00e9tudiants, r\u00e9partis en trois ann\u00e9es d&rsquo;\u00e9tudes.<\/p>\n\n\n\n<p><strong>De multiples possibilit\u00e9s apr\u00e8s le DCG<\/strong><\/p>\n\n\n\n<p>R\u00e9put\u00e9 prestigieux et difficile \u00e0 obtenir, le DCG permet d&rsquo;acc\u00e9der \u00e0 la pr\u00e9paration du dipl\u00f4me sup\u00e9rieur de comptabilit\u00e9 et gestion&nbsp;<em>(DSCG, bac +5)<\/em>, \u00e0 plusieurs masters&nbsp;<em>(gestion, comptabilit\u00e9-contr\u00f4le-audit)<\/em>&nbsp;ou encore aux \u00e9coles de commerce.&nbsp;<em>\u00ab\u00a0Il n&rsquo;y a pas qu&rsquo;expert-comptable [dont le cursus dure en tout 8 ans], les d\u00e9bouch\u00e9s sont nombreux : auditeur, directeur administratif et financier, gestionnaire, contr\u00f4leur de gestion\u00a0\u00bb<\/em>, fait savoir Elisabeth Bougnon, l&rsquo;un des professeurs qui forment et encadrent les \u00e9tudiants de la pr\u00e9pa du lyc\u00e9e Antoine-@Roussin. Au-del\u00e0 de la passion de certains pour les chiffres, c&rsquo;est surtout ce panel de possibilit\u00e9s et les besoins sur le march\u00e9 du travail qui poussent une majorit\u00e9 de ces jeunes \u00e0 poursuivre cette voie. Car&nbsp;<em>\u00ab\u00a0aucun jeune ne se r\u00e9veille un matin en disant qu&rsquo;il r\u00eave d&rsquo;\u00eatre expert-comptable, ce n&rsquo;est pas comme m\u00e9decin ou avocat\u00a0\u00bb<\/em>, reconna\u00eet en souriant R\u00e9my Amato, pr\u00e9sident de l&rsquo;ordre des experts-comptables de La R\u00e9union. Le parcours d&rsquo;In\u00e8s et de ses camarades de promo le confirme :&nbsp;<em>\u00ab\u00a0Apr\u00e8s le bac, on ne sait pas trop vers quoi s&rsquo;orienter. Cette formation est assez ouverte et permet de laisser du temps pour savoir ce que l&rsquo;on veut faire\u00a0\u00bb<\/em>, explique-t-elle.<\/p>\n\n\n\n<p><strong>Peu de ch\u00f4mage<\/strong><\/p>\n\n\n\n<p>Guillaume, en troisi\u00e8me ann\u00e9e \u00e9galement, confie :&nbsp;<em>\u00ab\u00a0J&rsquo;ai entendu parler de cette fili\u00e8re lors d&rsquo;une r\u00e9union d&rsquo;orientation. On m&rsquo;a dit qu&rsquo;il y avait tr\u00e8s peu de ch\u00f4mage dans ce secteur.\u00a0\u00bb<\/em>&nbsp;<em>&nbsp;\u00ab\u00a0\u00c0 leur remise de dipl\u00f4me, certains s&rsquo;\u00e9taient d\u00e9j\u00e0 vu proposer un emploi\u00a0\u00bb<\/em>, rench\u00e9rit Brandon, en deuxi\u00e8me ann\u00e9e. R\u00e9my Amato confirme que les m\u00e9tiers de l&rsquo;expertise comptable ont encore de beaux jours devant eux :&nbsp;<em>\u00ab\u00a0L&rsquo;ensemble des entit\u00e9s \u00e9conomiques ont besoin d&rsquo;experts-comptables, m\u00eame \u00e0 l&rsquo;heure de la d\u00e9mat\u00e9rialisation.\u00a0\u00bb<\/em>&nbsp;Il souligne que la fiscalit\u00e9 est de plus en plus compliqu\u00e9e et \u00e9voque la mise en place prochaine du pr\u00e9l\u00e8vement \u00e0 la source, ce qui va cr\u00e9er des besoins suppl\u00e9mentaires.<\/p>\n\n\n\n<p>En classe pr\u00e9pa au DCG \u00e0 Saint-Louis, Djoris fait partie de ceux qui visent le Graal, \u00e0 savoir le dipl\u00f4me d&rsquo;expert-comptable&nbsp;<em>(DEC, bac +8)<\/em>,&nbsp;<em>\u00ab\u00a0m\u00eame s&rsquo;il faudra beaucoup travailler.\u00a0\u00bb<\/em>&nbsp;Le salaire est une excellente source de motivation, dit-il. En fonction du portefeuille clients, les revenus annuels peuvent repr\u00e9senter 70 000 \u00e0 150 000 \u20ac, selon R\u00e9my Amato. Il fait remarquer que sa profession souffre toutefois d&rsquo;une&nbsp;<em>\u00ab\u00a0une image d\u00e9sastreuse\u00a0\u00bb<\/em>, celle d&rsquo;un<em>&nbsp;\u00ab\u00a0besogneux, hyper-technicien, chiant, coll\u00e9 \u00e0 son ordinateur toute la journ\u00e9e alors qu&rsquo;il y a des missions de rencontre et de compr\u00e9hension.\u00a0\u00bb<\/em>&nbsp;Les \u00e9tudiants du lyc\u00e9e Antoine-Roussin confirment qu&rsquo;il s&rsquo;agit d&rsquo;un clich\u00e9.<\/p>\n\n\n\n<p>Ana\u00eblle Grondin<\/p>\n\n\n\n<hr class=\"wp-block-separator has-alpha-channel-opacity\" \/>\n\n\n\n<p><strong>Paroles d&rsquo;anciens<\/strong><\/p>\n\n\n\n<p>Adnan, bachelier S et dipl\u00f4m\u00e9 du DCG cette ann\u00e9e apr\u00e8s \u00eatre pass\u00e9 par la classe pr\u00e9pa du lyc\u00e9e Antoine-Roussin \u00e0 Saint-Louis, poursuit le cursus de l&rsquo;expertise comptable \u00e0 Lyon, en DSCG.<em>&nbsp;\u00ab\u00a0De nombreux parcours sont possibles, mais la voie classique reste l&rsquo;obtention des dipl\u00f4mes nationaux que sont le DCG&nbsp;<\/em>(bac +3)<em>, le DSCG&nbsp;<\/em>(bac +5)<em>&nbsp;et le DEC&nbsp;<\/em>(bac +8)<em>\u00ab\u00a0<\/em>, explique-t-il. Pour pr\u00e9parer le premier,&nbsp;<em>\u00ab\u00a0le fait d&rsquo;\u00eatre dans un lyc\u00e9e est un atout car l&rsquo;encadrement scolaire facilite le suivi des cours et impose un rythme de travail r\u00e9gulier\u00a0\u00bb<\/em>, selon lui. Mauriciane, bacheli\u00e8re S et \u00e9galement dipl\u00f4m\u00e9e du DCG cette ann\u00e9e, continue, elle, en DSCG en alternance \u00e0 la CCI de Saint-Denis :&nbsp;<em>\u00ab\u00a0Ma promotion a b\u00e9n\u00e9fici\u00e9 de professeurs tr\u00e8s p\u00e9dagogues et surtout tr\u00e8s compr\u00e9hensifs par rapport \u00e0 nos difficult\u00e9s face au dipl\u00f4me et \u00e0 la charge de travail. Le soutien moral des professeurs est tr\u00e8s important durant les 3 ann\u00e9es.\u00a0\u00bb<\/em>&nbsp;Un avis partag\u00e9 par plusieurs autres anciens du lyc\u00e9e saint-louisien. Ceux qui ont choisi de travailler apr\u00e8s l&rsquo;obtention du DCG ont pu int\u00e9grer des entreprises. Wendy, dipl\u00f4m\u00e9e en 2016,<em>&nbsp;\u00ab\u00a0travaille aujourd&rsquo;hui dans un cabinet d&rsquo;expertise comptable \u00e0 Saint-Louis o\u00f9 elle est charg\u00e9e des questions sociales.\u00a0\u00bb<\/em>&nbsp;Alicia, qui \u00e9tait dans sa promo, a \u00e9t\u00e9 embauch\u00e9e apr\u00e8s la pr\u00e9pa en tant que contr\u00f4leur de gestion pour le groupe Legros \u00e0 La R\u00e9union. \u00c0 noter que la pr\u00e9pa du lyc\u00e9e Antoine-Roussin est unique dans le sud de l&rsquo;\u00eele. Dans le nord, le DCG peut \u00eatre pr\u00e9par\u00e9 au lyc\u00e9e de Bellepierre.<\/p>\n\n\n\n<p><strong>Plusieurs centaines d&rsquo;experts-comptables \u00e0 La R\u00e9union<\/strong><\/p>\n\n\n\n<p>Le pr\u00e9sident de l&rsquo;ordre des experts-comptables de l&rsquo;\u00eele indique que 245 professionnels sont inscrits en tant qu&rsquo;experts-comptables. L&rsquo;ordre en accueille 20 \u00e0 25 chaque ann\u00e9e. Un chiffre en&nbsp;<em>\u00ab\u00a0forte progression\u00a0\u00bb<\/em>, selon R\u00e9my Amato. Par ailleurs, il a recens\u00e9 1 300 collaborateurs en cabinet d&rsquo;expertise comptable \u00e0 La R\u00e9union.<\/p>\n","protected":false},"excerpt":{"rendered":"<p>R\u00e9my Amato, pr\u00e9sident de l&rsquo;ordre des experts-comptables de La R\u00e9union (photo Ludovic La\u00ef-Yu). Par Anaelle Grondin Saint-Louis&nbsp; 24 sep 2018 M\u00c9TIERS. Toutes les soci\u00e9t\u00e9s ont besoin d&rsquo;experts-comptables, m\u00eame \u00e0 l&rsquo;heure de la d\u00e9mat\u00e9rialisation, assure le pr\u00e9sident de l&rsquo;ordre des experts-comptables de La R\u00e9union, R\u00e9my Amato. Un constat qui pousse de&#8230;<\/p>\n<p class=\"continue-reading-button\"> <a class=\"continue-reading-link\" href=\"https:\/\/etab.ac-reunion.fr\/lyc-antoine-roussin\/lexpertise-comptable-ne-connait-pas-la-crise\/\">Lire la suite<i class=\"crycon-right-dir\"><\/i><\/a><\/p>\n","protected":false},"author":19389,"featured_media":0,"parent":0,"menu_order":0,"comment_status":"closed","ping_status":"closed","template":"","meta":{"footnotes":""},"class_list":["post-11659","page","type-page","status-publish","hentry"],"_links":{"self":[{"href":"https:\/\/etab.ac-reunion.fr\/lyc-antoine-roussin\/wp-json\/wp\/v2\/pages\/11659","targetHints":{"allow":["GET"]}}],"collection":[{"href":"https:\/\/etab.ac-reunion.fr\/lyc-antoine-roussin\/wp-json\/wp\/v2\/pages"}],"about":[{"href":"https:\/\/etab.ac-reunion.fr\/lyc-antoine-roussin\/wp-json\/wp\/v2\/types\/page"}],"author":[{"embeddable":true,"href":"https:\/\/etab.ac-reunion.fr\/lyc-antoine-roussin\/wp-json\/wp\/v2\/users\/19389"}],"replies":[{"embeddable":true,"href":"https:\/\/etab.ac-reunion.fr\/lyc-antoine-roussin\/wp-json\/wp\/v2\/comments?post=11659"}],"version-history":[{"count":1,"href":"https:\/\/etab.ac-reunion.fr\/lyc-antoine-roussin\/wp-json\/wp\/v2\/pages\/11659\/revisions"}],"predecessor-version":[{"id":11663,"href":"https:\/\/etab.ac-reunion.fr\/lyc-antoine-roussin\/wp-json\/wp\/v2\/pages\/11659\/revisions\/11663"}],"wp:attachment":[{"href":"https:\/\/etab.ac-reunion.fr\/lyc-antoine-roussin\/wp-json\/wp\/v2\/media?parent=11659"}],"curies":[{"name":"wp","href":"https:\/\/api.w.org\/{rel}","templated":true}]}}