{"id":11741,"date":"2024-10-05T07:21:12","date_gmt":"2024-10-05T03:21:12","guid":{"rendered":"https:\/\/etab.ac-reunion.fr\/lyc-antoine-roussin\/?page_id=11741"},"modified":"2025-01-15T08:49:23","modified_gmt":"2025-01-15T04:49:23","slug":"les-ateliers-sciences-po-au-lycee","status":"publish","type":"page","link":"https:\/\/etab.ac-reunion.fr\/lyc-antoine-roussin\/les-ateliers-sciences-po-au-lycee\/","title":{"rendered":"Les ateliers sciences Po au lyc\u00e9e"},"content":{"rendered":"\n<p><strong>OBJECTIF REUSSITE SCIENCES PO \/ ATELIERS 1<sup>\u00e8re<\/sup>&nbsp;et Terminale<\/strong><\/p>\n\n\n\n<figure class=\"wp-block-table\"><table class=\"has-white-color has-luminous-vivid-orange-background-color has-text-color has-background has-link-color has-fixed-layout\"><tbody><tr><td>S<strong>AVOIR-FAIRE METHODOLOGIQUES<\/strong><\/td><td>SAVOIR-FAIRE INDIVIDUELS ET CIVIQUES<\/td><\/tr><\/tbody><\/table><\/figure>\n\n\n\n<figure class=\"wp-block-table\"><table class=\"has-background has-fixed-layout\" style=\"background-color:#ff6a0059\"><tbody><tr><td>D\u00e9finir, mener une recherche documentaire, construire et organiser un corpus de source vari\u00e9<\/td><td>Savoir s\u2019organiser, planifier ses t\u00e2ches et dominer son stress<\/td><\/tr><tr><td>Approfondir sa qualit\u00e9 de lecture, d\u2019interpr\u00e9tation et d\u2019analyse d\u2019une information ou d\u2019une d\u00e9monstration<\/td><td>Aiguiser sa curiosit\u00e9 intellectuelle<\/td><\/tr><tr><td>Probl\u00e9matiser un sujet, une question et construire un point de vue personnel et critique<\/td><td>Faire preuve d\u2019honn\u00eatet\u00e9 et d\u2019audace intellectuelles<\/td><\/tr><tr><td>Affiner, diversifier ses pratiques d\u2019\u00e9criture<\/td><td>Prendre conscience de ses marges de progression et viser le d\u00e9passement de soi &nbsp;<\/td><\/tr><tr><td>Produire des documents int\u00e9grant la diversit\u00e9 des langages (texte, image, donn\u00e9e chiffr\u00e9e)<\/td><td>Oser affronter les difficult\u00e9s et prendre des risques<\/td><\/tr><tr><td>Ecouter et d\u00e9velopper sa prise de parole en public et s\u2019engager dans un d\u00e9bat<\/td><td>Exprimer son point de vue avec sinc\u00e9rit\u00e9 et pr\u00e9cision &nbsp;<\/td><\/tr><tr><td>Concevoir et mettre en \u0153uvre un projet autour d\u2019une \u00e9quipe<\/td><td>D\u00e9velopper sa capacit\u00e9 \u00e0 anticiper les enjeux et les difficult\u00e9s &nbsp;<\/td><\/tr><tr><td>&nbsp;<\/td><td>\u00catre tol\u00e9rant, bienveillant et solidaire envers un groupe ou une prise de position &nbsp;<\/td><\/tr><tr><td>&nbsp;<\/td><td>Assumer ses responsabilit\u00e9s &nbsp;<\/td><\/tr><tr><td>&nbsp;<\/td><td>Savoir observer, \u00e9couter et apprendre l\u2019humilit\u00e9 dans le partage des id\u00e9es &nbsp;<\/td><\/tr><tr><td>&nbsp;<\/td><td>Renforcer ses capacit\u00e9s d\u2019adaptation &nbsp;<\/td><\/tr><tr><td>&nbsp;<\/td><td>D\u00e9velopper son aisance relationnelle &nbsp;<\/td><\/tr><tr><td>&nbsp;<\/td><td>Prendre des initiatives, d\u00e9cisions et contribuer \u00e0 f\u00e9d\u00e9rer une \u00e9quipe &nbsp;<\/td><\/tr><\/tbody><\/table><\/figure>\n\n\n\n<p class=\"has-text-align-center has-background\" style=\"background-color:#f78da8a1\"><strong>LES THEMES ETUDIES EN 2024-2025<\/strong><\/p>\n\n\n\n<p><\/p>\n\n\n\n<p class=\"has-text-align-center has-white-color has-vivid-cyan-blue-background-color has-text-color has-background has-link-color wp-elements-4106119043d70ac824d7905f705bc9f5\"><strong>ATELIERS de PREMIERE<\/strong><\/p>\n\n\n\n<p>Equipe p\u00e9dagogique&nbsp;:<\/p>\n\n\n\n<ul class=\"wp-block-list\">\n<li>Mme MERARIN : SES<\/li>\n\n\n\n<li>Mme HOARAU : PHILOSOPHIE<\/li>\n\n\n\n<li>Mr BUGEON : HISTOIRE\/GEOGRAPHIE<\/li>\n\n\n\n<li>Mr JUNG : ANGLAIS<\/li>\n\n\n\n<li>Mme de BOISVILLIERS : HISTOIRE\/GEOGRAPHIE (uniquement \u00e0 la demande)<\/li>\n<\/ul>\n\n\n\n<p>OBJETS D\u2019ETUDE&nbsp;:<\/p>\n\n\n\n<ul class=\"wp-block-list\">\n<li>Art et propagande&nbsp;: les dictatures latino-am\u00e9ricaines (d\u00e9mocratie et dictature) \u00e0 travers le cin\u00e9ma ex&nbsp;: le Chili de Pinochet (lien avec HGGSP 1<sup>\u00e8re<\/sup>)<\/li>\n\n\n\n<li>L\u2019engagement politique, les \u00e9lections et les partis politiques (suivi des actualit\u00e9s nationales et internationales ex&nbsp;: les \u00e9lections aux EU en novembre 2024)<\/li>\n\n\n\n<li>De la d\u00e9mocratie en Am\u00e9rique de Tocqueville (lien avec HGGSP et SES) ex&nbsp;: aborder cette notion philosophique<\/li>\n\n\n\n<li>1984 de G Orwell (extraits vid\u00e9o et texte&nbsp;: lire \u00e9crire et s\u2019exprimer en anglais)<\/li>\n\n\n\n<li>ATELIER DE TERMINALE<\/li>\n<\/ul>\n\n\n\n<p class=\"has-text-align-center has-white-color has-vivid-cyan-blue-background-color has-text-color has-background has-link-color wp-elements-394b85e7a2dea187114ab75587e36c00\"><strong>ATELIERS de TERMINALE<\/strong><\/p>\n\n\n\n<p>Equipe p\u00e9dagogique&nbsp;:<\/p>\n\n\n\n<ul class=\"wp-block-list\">\n<li>Mme de BOISVILLIERS : HISTOIRE\/GEOGRAPHIE<\/li>\n\n\n\n<li>Mme HOARAU : professeure DOCUMENTALISTE<\/li>\n\n\n\n<li>Mme MERARIN SES<\/li>\n\n\n\n<li>Mme HOARAU : PHILOSOPHIE<\/li>\n\n\n\n<li>Mr JUNG : ANGLAIS<\/li>\n<\/ul>\n\n\n\n<p>OBJETS D\u2019ETUDE&nbsp;:<\/p>\n\n\n\n<ul class=\"wp-block-list\">\n<li>Le secret d\u2019Etat&nbsp;: dans les d\u00e9mocraties et en politique, la notion de secret dans l\u2019histoire ex&nbsp;: la naissance des services secrets depuis le Moyen Age ex&nbsp;: les services secrets en France depuis Charles de Gaulle<\/li>\n\n\n\n<li>Les droits de propri\u00e9t\u00e9 en \u00e9conomie et les crises bancaires contemporaines<\/li>\n\n\n\n<li>La technique notion philosophique et la cybers\u00e9curit\u00e9 (lien avec HGGSP pour un \u00e9crit d\u2019invention)<\/li>\n\n\n\n<li>L\u2019intelligence artificielle : ex&nbsp;: cartooning for peace et films en anglais<\/li>\n\n\n\n<li>Lire une \u0153uvre d\u2019art&nbsp;: d\u00e9crire analyser interpr\u00e9ter critiquer donner du sens (oralit\u00e9)<\/li>\n<\/ul>\n\n\n\n<p><\/p>\n\n\n\n<div class=\"wp-block-buttons is-layout-flex wp-block-buttons-is-layout-flex\">\n<div class=\"wp-block-button\"><a class=\"wp-block-button__link wp-element-button\" href=\"https:\/\/etab.ac-reunion.fr\/lyc-antoine-roussin\/category\/sciences-po-evenements\/\">Les \u00e9v\u00e9nements des ateliers sciences Po<\/a><\/div>\n<\/div>\n\n\n\n<p><\/p>\n","protected":false},"excerpt":{"rendered":"<p>OBJECTIF REUSSITE SCIENCES PO \/ ATELIERS 1\u00e8re&nbsp;et Terminale SAVOIR-FAIRE METHODOLOGIQUES SAVOIR-FAIRE INDIVIDUELS ET CIVIQUES D\u00e9finir, mener une recherche documentaire, construire et organiser un corpus de source vari\u00e9 Savoir s\u2019organiser, planifier ses t\u00e2ches et dominer son stress Approfondir sa qualit\u00e9 de lecture, d\u2019interpr\u00e9tation et d\u2019analyse d\u2019une information ou d\u2019une d\u00e9monstration Aiguiser&#8230;<\/p>\n<p class=\"continue-reading-button\"> <a class=\"continue-reading-link\" href=\"https:\/\/etab.ac-reunion.fr\/lyc-antoine-roussin\/les-ateliers-sciences-po-au-lycee\/\">Lire la suite<i class=\"crycon-right-dir\"><\/i><\/a><\/p>\n","protected":false},"author":19389,"featured_media":0,"parent":0,"menu_order":0,"comment_status":"closed","ping_status":"closed","template":"","meta":{"footnotes":""},"class_list":["post-11741","page","type-page","status-publish","hentry"],"_links":{"self":[{"href":"https:\/\/etab.ac-reunion.fr\/lyc-antoine-roussin\/wp-json\/wp\/v2\/pages\/11741","targetHints":{"allow":["GET"]}}],"collection":[{"href":"https:\/\/etab.ac-reunion.fr\/lyc-antoine-roussin\/wp-json\/wp\/v2\/pages"}],"about":[{"href":"https:\/\/etab.ac-reunion.fr\/lyc-antoine-roussin\/wp-json\/wp\/v2\/types\/page"}],"author":[{"embeddable":true,"href":"https:\/\/etab.ac-reunion.fr\/lyc-antoine-roussin\/wp-json\/wp\/v2\/users\/19389"}],"replies":[{"embeddable":true,"href":"https:\/\/etab.ac-reunion.fr\/lyc-antoine-roussin\/wp-json\/wp\/v2\/comments?post=11741"}],"version-history":[{"count":7,"href":"https:\/\/etab.ac-reunion.fr\/lyc-antoine-roussin\/wp-json\/wp\/v2\/pages\/11741\/revisions"}],"predecessor-version":[{"id":12627,"href":"https:\/\/etab.ac-reunion.fr\/lyc-antoine-roussin\/wp-json\/wp\/v2\/pages\/11741\/revisions\/12627"}],"wp:attachment":[{"href":"https:\/\/etab.ac-reunion.fr\/lyc-antoine-roussin\/wp-json\/wp\/v2\/media?parent=11741"}],"curies":[{"name":"wp","href":"https:\/\/api.w.org\/{rel}","templated":true}]}}