{"id":11746,"date":"2024-10-05T07:33:29","date_gmt":"2024-10-05T03:33:29","guid":{"rendered":"https:\/\/etab.ac-reunion.fr\/lyc-antoine-roussin\/?page_id=11746"},"modified":"2025-01-15T08:53:11","modified_gmt":"2025-01-15T04:53:11","slug":"sciences-po","status":"publish","type":"page","link":"https:\/\/etab.ac-reunion.fr\/lyc-antoine-roussin\/sciences-po\/","title":{"rendered":"Sciences Po"},"content":{"rendered":"\n<div class=\"wp-block-buttons is-layout-flex wp-block-buttons-is-layout-flex\">\n<div class=\"wp-block-button\"><a class=\"wp-block-button__link has-vivid-red-background-color has-background wp-element-button\" href=\"https:\/\/www.sciencespo.fr\/fr\/a-propos\/notre-histoire\/#:~:text=Sciences%20Po%20a%20vu%20le,modernes%20pour%20une%20France%20nouvelle.\">H<strong>istoire<\/strong><\/a><\/div>\n<\/div>\n\n\n\n<p><\/p>\n\n\n\n<p class=\"has-black-color has-text-color has-link-color wp-elements-17c6f586bdc6d4a0d9bea148defabfb2\">\u00ab\u00a0Sciences Po a vu le jour sous le nom de \u00ab\u00a0l&rsquo;\u00c9cole Libre des Sciences Politiques\u00a0\u00bb,&nbsp;cr\u00e9\u00e9e en 1872 par&nbsp;<a href=\"https:\/\/www.sciencespo.fr\/stories\/portrait\/emile-boutmy\" target=\"_blank\" rel=\"noreferrer noopener\">\u00c9mile Boutmy<\/a>&nbsp;pour r\u00e9pondre \u00e0 la crise politique et morale qui frappe la France&nbsp;<a href=\"https:\/\/www.sciencespo.fr\/stories\/frise\/fondation-de-l-ecole-libre-de-sciences-politiques-elsp-le-contexte\" target=\"_blank\" rel=\"noreferrer noopener\">au lendemain de la guerre de 1870<\/a>. Elle entend former de nouvelles \u00e9lites et produire des&nbsp;<strong>savoirs modernes<\/strong>&nbsp;pour une France nouvelle.<\/p>\n\n\n\n<h2 class=\"wp-block-heading\">Une exception fran\u00e7aise<\/h2>\n\n\n\n<p class=\"has-black-color has-text-color has-link-color wp-elements-dfacae35934b4de28620fb597291844a\">Sciences Po pr\u00e9sente une triple originalit\u00e9 dans l\u2019enseignement sup\u00e9rieur fran\u00e7ais. Par son&nbsp;<a rel=\"noreferrer noopener\" target=\"_blank\" href=\"https:\/\/www.sciencespo.fr\/stories\/frise\/le-directorat-d-emile-boutmy\"><strong>statut d\u2019\u00e9cole priv\u00e9e<\/strong><\/a>&nbsp;constitu\u00e9e en soci\u00e9t\u00e9 par actions, elle est libre de choisir ses \u00e9tudiants, ses&nbsp;<strong>enseignants<\/strong>&nbsp;et ses programmes.<\/p>\n\n\n\n<p class=\"has-black-color has-text-color has-link-color wp-elements-1fca569899808556f5db0effcd8a2756\">Par son&nbsp;<a rel=\"noreferrer noopener\" target=\"_blank\" href=\"https:\/\/www.sciencespo.fr\/stories\/frise\/fondation-de-l-elsp-les-caracteres-essentiels\"><strong>projet \u00e9ducatif novateur<\/strong><\/a>, elle initie une p\u00e9dagogie interactive sous la forme des conf\u00e9rences de m\u00e9thode qui r\u00e9unissent des petits groupes d\u2019\u00e9tudiants et des enseignants issus de la haute fonction publique, du monde des affaires et de l\u2019universit\u00e9.<\/p>\n\n\n\n<p class=\"has-black-color has-text-color has-link-color wp-elements-91fe3555e319f48fa9b1b100efb82a47\">Par son&nbsp;<strong>ambition scientifique<\/strong>, elle privil\u00e9gie une approche plurielle des \u201csciences politiques\u201d (droit, histoire, sociologie, g\u00e9ographie, \u00e9conomie) et l\u2019\u00e9tude in\u00e9dite des mondes contemporains et \u00e9trangers, afin de faire dialoguer la recherche et l\u2019enseignement pratique.<\/p>\n\n\n\n<p class=\"has-black-color has-text-color has-link-color wp-elements-8408797fbd325b6b297b4a6063c4ecef\">Apr\u00e8s la p\u00e9riode de fondation, l\u2019\u00c9cole libre se recentre sur la pr\u00e9paration aux concours des grands corps de l\u2019\u00c9tat tout en formant aux carri\u00e8res des affaires.<\/p>\n\n\n\n<h2 class=\"wp-block-heading\">Une tradition : innover<\/h2>\n\n\n\n<p class=\"has-black-color has-text-color has-link-color wp-elements-5f61427af25ba352ee0a4e907158d339\">En 1945, Sciences Po est partiellement&nbsp;<a rel=\"noreferrer noopener\" target=\"_blank\" href=\"https:\/\/www.sciencespo.fr\/stories\/frise\/de-l-ecole-libre-a-sciences-po\">nationalis\u00e9e<\/a>&nbsp;et d\u00e9doubl\u00e9e en une&nbsp;<a rel=\"noreferrer noopener\" target=\"_blank\" href=\"https:\/\/www.sciencespo.fr\/stories\/frise\/la-fondation-nationale-des-sciences-politiques\">Fondation nationale des sciences politiques (FNSP) et un Institut d\u2019\u00e9tudes politiques (IEP)<\/a>. L\u2019<a rel=\"noreferrer noopener\" target=\"_blank\" href=\"https:\/\/www.sciencespo.fr\/stories\/frise\/le-statut-de-grand-etablissement\">autonomie<\/a>&nbsp;de Sciences Po est n\u00e9anmoins pr\u00e9serv\u00e9e. Cette autonomie, sans cesse confirm\u00e9e par les pouvoirs publics, a fait de Sciences Po un laboratoire de projets institutionnels, p\u00e9dagogiques et scientifiques innovants. Ce mod\u00e8le a \u00e9t\u00e9 confort\u00e9 et clarifi\u00e9 par la r\u00e9forme des statuts de janvier 2016.&nbsp;<\/p>\n\n\n\n<p class=\"has-black-color has-text-color has-link-color wp-elements-ca4fa88439eb3cfe3d2da7131c9b1ef5\">D\u00e9j\u00e0 fr\u00e9quent\u00e9e d\u00e8s les ann\u00e9es 1920-1930 par des \u00e9tudiants \u00e9trangers, Sciences Po devient pionni\u00e8re en mati\u00e8re d\u2019<a rel=\"noreferrer noopener\" target=\"_blank\" href=\"https:\/\/www.sciencespo.fr\/stories\/frise\/le-defi-de-l-internationalisation-de-paris-a-shanghai\">ouverture internationale<\/a>&nbsp;lorsqu\u2019elle instaure en 1999 une scolarit\u00e9 en cinq ans, sur le mod\u00e8le du Bachelor-Master-Doctorat. Inscrivant dans son programme une ann\u00e9e obligatoire \u00e0 l\u2019\u00e9tranger pour tous ses \u00e9tudiants, elle noue des partenariats avec de prestigieuses universit\u00e9s du monde entier.<\/p>\n\n\n\n<p class=\"has-black-color has-text-color has-link-color wp-elements-4ee856af05a495f2e7d71a6586d35997\">Pionni\u00e8re \u00e9galement en mati\u00e8re d\u2019<a rel=\"noreferrer noopener\" target=\"_blank\" href=\"https:\/\/www.sciencespo.fr\/stories\/frise\/le-defi-de-la-diversite-sociale-les-conventions-education-prioritaire\">\u00e9galit\u00e9 des chances<\/a>, Sciences Po instaure en 2001 des proc\u00e9dures sp\u00e9ciales d\u2019examen d\u2019entr\u00e9e, les Conventions \u00e9ducation prioritaire (CEP), qui ont contribu\u00e9 \u00e0 accro\u00eetre la diversit\u00e9 sociale des \u00e9tudiants.<\/p>\n\n\n\n<p class=\"has-black-color has-text-color has-link-color wp-elements-7597ed5f4190a10d0349ea55e3066804\">Sciences Po a enfin su&nbsp;<a rel=\"noreferrer noopener\" target=\"_blank\" href=\"https:\/\/www.sciencespo.fr\/stories\/frise\/le-defi-de-l-excellence-universite-de-recherche-de-rang-mondial\">renouveler ses enseignements et ses recherches<\/a>, en investissant les champs pionniers de la science politique, des relations internationales, de la sociologie des organisations et de l\u2019histoire du temps pr\u00e9sent apr\u00e8s 1945, des arts politiques, des humanit\u00e9s scientifiques et des \u00e9tudes num\u00e9riques \u00e0 la fin des ann\u00e9es 2000.<\/p>\n\n\n\n<p>Toujours fid\u00e8le \u00e0 sa mission originelle de dialogue entre savoirs scientifiques et savoirs appliqu\u00e9s, Sciences Po a conserv\u00e9 son&nbsp;<strong>identit\u00e9 unique<\/strong>&nbsp;d\u2019\u00e9cole prestigieuse de formation des \u00e9lites et d\u2019universit\u00e9 de recherche en sciences sociales de rang international.\u00a0\u00bb<\/p>\n\n\n\n<p><em>Source : site internet de Science Po<\/em><\/p>\n\n\n\n<p><\/p>\n\n\n\n<div class=\"wp-block-buttons is-layout-flex wp-block-buttons-is-layout-flex\">\n<div class=\"wp-block-button\"><a class=\"wp-block-button__link wp-element-button\" href=\"https:\/\/etab.ac-reunion.fr\/lyc-antoine-roussin\/le-lycee\/activites-periscolaires\/atelier-sciences-po\/\">Les ateliers Sciences Po : Pour qui, pourquoi ? <\/a><\/div>\n<\/div>\n","protected":false},"excerpt":{"rendered":"<p>\u00ab\u00a0Sciences Po a vu le jour sous le nom de \u00ab\u00a0l&rsquo;\u00c9cole Libre des Sciences Politiques\u00a0\u00bb,&nbsp;cr\u00e9\u00e9e en 1872 par&nbsp;\u00c9mile Boutmy&nbsp;pour r\u00e9pondre \u00e0 la crise politique et morale qui frappe la France&nbsp;au lendemain de la guerre de 1870. Elle entend former de nouvelles \u00e9lites et produire des&nbsp;savoirs modernes&nbsp;pour une France nouvelle. Une&#8230;<\/p>\n<p class=\"continue-reading-button\"> <a class=\"continue-reading-link\" href=\"https:\/\/etab.ac-reunion.fr\/lyc-antoine-roussin\/sciences-po\/\">Lire la suite<i class=\"crycon-right-dir\"><\/i><\/a><\/p>\n","protected":false},"author":19389,"featured_media":0,"parent":0,"menu_order":0,"comment_status":"closed","ping_status":"closed","template":"","meta":{"footnotes":""},"class_list":["post-11746","page","type-page","status-publish","hentry"],"_links":{"self":[{"href":"https:\/\/etab.ac-reunion.fr\/lyc-antoine-roussin\/wp-json\/wp\/v2\/pages\/11746","targetHints":{"allow":["GET"]}}],"collection":[{"href":"https:\/\/etab.ac-reunion.fr\/lyc-antoine-roussin\/wp-json\/wp\/v2\/pages"}],"about":[{"href":"https:\/\/etab.ac-reunion.fr\/lyc-antoine-roussin\/wp-json\/wp\/v2\/types\/page"}],"author":[{"embeddable":true,"href":"https:\/\/etab.ac-reunion.fr\/lyc-antoine-roussin\/wp-json\/wp\/v2\/users\/19389"}],"replies":[{"embeddable":true,"href":"https:\/\/etab.ac-reunion.fr\/lyc-antoine-roussin\/wp-json\/wp\/v2\/comments?post=11746"}],"version-history":[{"count":4,"href":"https:\/\/etab.ac-reunion.fr\/lyc-antoine-roussin\/wp-json\/wp\/v2\/pages\/11746\/revisions"}],"predecessor-version":[{"id":12630,"href":"https:\/\/etab.ac-reunion.fr\/lyc-antoine-roussin\/wp-json\/wp\/v2\/pages\/11746\/revisions\/12630"}],"wp:attachment":[{"href":"https:\/\/etab.ac-reunion.fr\/lyc-antoine-roussin\/wp-json\/wp\/v2\/media?parent=11746"}],"curies":[{"name":"wp","href":"https:\/\/api.w.org\/{rel}","templated":true}]}}