{"id":11767,"date":"2024-10-06T21:10:21","date_gmt":"2024-10-06T17:10:21","guid":{"rendered":"https:\/\/etab.ac-reunion.fr\/lyc-antoine-roussin\/?page_id=11767"},"modified":"2024-10-06T21:13:23","modified_gmt":"2024-10-06T17:13:23","slug":"certification-pix","status":"publish","type":"page","link":"https:\/\/etab.ac-reunion.fr\/lyc-antoine-roussin\/certification-pix\/","title":{"rendered":"Certification PIX"},"content":{"rendered":"\n<figure class=\"wp-block-image size-full\"><img loading=\"lazy\" decoding=\"async\" width=\"299\" height=\"168\" src=\"https:\/\/etab.ac-reunion.fr\/lyc-antoine-roussin\/wp-content\/uploads\/sites\/92\/2024\/10\/image-14.png\" alt=\"\" class=\"wp-image-11770\" srcset=\"https:\/\/etab.ac-reunion.fr\/lyc-antoine-roussin\/wp-content\/uploads\/sites\/92\/2024\/10\/image-14.png 299w, https:\/\/etab.ac-reunion.fr\/lyc-antoine-roussin\/wp-content\/uploads\/sites\/92\/2024\/10\/image-14-150x84.png 150w\" sizes=\"auto, (max-width: 299px) 100vw, 299px\" \/><\/figure>\n\n\n\n<p>\u00ab\u00a0<strong>La certification Pix&nbsp;est obligatoire&nbsp;<\/strong>pour les \u00e9l\u00e8ves des classes de 3<sup>e<\/sup>, de fin de cycle terminal des lyc\u00e9es g\u00e9n\u00e9raux, technologiques ou professionnels et dans l\u2019ann\u00e9e d\u2019obtention de leur&nbsp;&nbsp;CAP&nbsp;, ainsi que pour les \u00e9tudiants en derni\u00e8re ann\u00e9e des formations de&nbsp;STS et&nbsp;CPGE dispens\u00e9es en lyc\u00e9e public et priv\u00e9 sous contrat.\u00a0\u00bb<\/p>\n\n\n\n<div class=\"wp-block-buttons is-layout-flex wp-block-buttons-is-layout-flex\">\n<div class=\"wp-block-button\"><a class=\"wp-block-button__link has-vivid-cyan-blue-background-color has-background wp-element-button\" href=\"https:\/\/www.education.gouv.fr\/l-evaluation-des-competences-numeriques-6989\"><strong>Evaluation des comp\u00e9tences num\u00e9riques<\/strong><\/a><\/div>\n<\/div>\n\n\n\n<p><\/p>\n\n\n\n<div class=\"wp-block-buttons is-layout-flex wp-block-buttons-is-layout-flex\">\n<div class=\"wp-block-button\"><a class=\"wp-block-button__link has-vivid-green-cyan-background-color has-background wp-element-button\" href=\"https:\/\/pix.fr\/se-certifier\"><strong>Se certifier PIX<\/strong><\/a><\/div>\n<\/div>\n","protected":false},"excerpt":{"rendered":"<p>\u00ab\u00a0La certification Pix&nbsp;est obligatoire&nbsp;pour les \u00e9l\u00e8ves des classes de 3e, de fin de cycle terminal des lyc\u00e9es g\u00e9n\u00e9raux, technologiques ou professionnels et dans l\u2019ann\u00e9e d\u2019obtention de leur&nbsp;&nbsp;CAP&nbsp;, ainsi que pour les \u00e9tudiants en derni\u00e8re ann\u00e9e des formations de&nbsp;STS et&nbsp;CPGE dispens\u00e9es en lyc\u00e9e public et priv\u00e9 sous contrat.\u00a0\u00bb<\/p>\n<p class=\"continue-reading-button\"> <a class=\"continue-reading-link\" href=\"https:\/\/etab.ac-reunion.fr\/lyc-antoine-roussin\/certification-pix\/\">Lire la suite<i class=\"crycon-right-dir\"><\/i><\/a><\/p>\n","protected":false},"author":19389,"featured_media":0,"parent":0,"menu_order":0,"comment_status":"closed","ping_status":"closed","template":"","meta":{"footnotes":""},"class_list":["post-11767","page","type-page","status-publish","hentry"],"_links":{"self":[{"href":"https:\/\/etab.ac-reunion.fr\/lyc-antoine-roussin\/wp-json\/wp\/v2\/pages\/11767","targetHints":{"allow":["GET"]}}],"collection":[{"href":"https:\/\/etab.ac-reunion.fr\/lyc-antoine-roussin\/wp-json\/wp\/v2\/pages"}],"about":[{"href":"https:\/\/etab.ac-reunion.fr\/lyc-antoine-roussin\/wp-json\/wp\/v2\/types\/page"}],"author":[{"embeddable":true,"href":"https:\/\/etab.ac-reunion.fr\/lyc-antoine-roussin\/wp-json\/wp\/v2\/users\/19389"}],"replies":[{"embeddable":true,"href":"https:\/\/etab.ac-reunion.fr\/lyc-antoine-roussin\/wp-json\/wp\/v2\/comments?post=11767"}],"version-history":[{"count":3,"href":"https:\/\/etab.ac-reunion.fr\/lyc-antoine-roussin\/wp-json\/wp\/v2\/pages\/11767\/revisions"}],"predecessor-version":[{"id":11771,"href":"https:\/\/etab.ac-reunion.fr\/lyc-antoine-roussin\/wp-json\/wp\/v2\/pages\/11767\/revisions\/11771"}],"wp:attachment":[{"href":"https:\/\/etab.ac-reunion.fr\/lyc-antoine-roussin\/wp-json\/wp\/v2\/media?parent=11767"}],"curies":[{"name":"wp","href":"https:\/\/api.w.org\/{rel}","templated":true}]}}