{"id":11772,"date":"2024-10-06T21:20:37","date_gmt":"2024-10-06T17:20:37","guid":{"rendered":"https:\/\/etab.ac-reunion.fr\/lyc-antoine-roussin\/?page_id=11772"},"modified":"2024-10-06T21:46:13","modified_gmt":"2024-10-06T17:46:13","slug":"certification-voltaire","status":"publish","type":"page","link":"https:\/\/etab.ac-reunion.fr\/lyc-antoine-roussin\/certification-voltaire\/","title":{"rendered":"Certification Voltaire"},"content":{"rendered":"<div class=\"wp-block-image\">\n<figure class=\"aligncenter size-full\"><img loading=\"lazy\" decoding=\"async\" width=\"329\" height=\"153\" src=\"https:\/\/etab.ac-reunion.fr\/lyc-antoine-roussin\/wp-content\/uploads\/sites\/92\/2024\/10\/image-15.png\" alt=\"\" class=\"wp-image-11773\" srcset=\"https:\/\/etab.ac-reunion.fr\/lyc-antoine-roussin\/wp-content\/uploads\/sites\/92\/2024\/10\/image-15.png 329w, https:\/\/etab.ac-reunion.fr\/lyc-antoine-roussin\/wp-content\/uploads\/sites\/92\/2024\/10\/image-15-300x140.png 300w, https:\/\/etab.ac-reunion.fr\/lyc-antoine-roussin\/wp-content\/uploads\/sites\/92\/2024\/10\/image-15-150x70.png 150w\" sizes=\"auto, (max-width: 329px) 100vw, 329px\" \/><\/figure>\n<\/div>\n\n\n<p><\/p>\n\n\n\n<div class=\"wp-block-buttons is-layout-flex wp-block-buttons-is-layout-flex\">\n<div class=\"wp-block-button\"><a class=\"wp-block-button__link has-background wp-element-button\" href=\"https:\/\/www.projet-voltaire.fr\/\" style=\"background-color:#9ad100\"><strong>Le projet voltaire<\/strong><\/a><\/div>\n<\/div>\n\n\n\n<p><\/p>\n\n\n<div class=\"wp-block-image\">\n<figure class=\"aligncenter size-full\"><img loading=\"lazy\" decoding=\"async\" width=\"431\" height=\"117\" src=\"https:\/\/etab.ac-reunion.fr\/lyc-antoine-roussin\/wp-content\/uploads\/sites\/92\/2024\/10\/image-16.png\" alt=\"\" class=\"wp-image-11774\" srcset=\"https:\/\/etab.ac-reunion.fr\/lyc-antoine-roussin\/wp-content\/uploads\/sites\/92\/2024\/10\/image-16.png 431w, https:\/\/etab.ac-reunion.fr\/lyc-antoine-roussin\/wp-content\/uploads\/sites\/92\/2024\/10\/image-16-300x81.png 300w, https:\/\/etab.ac-reunion.fr\/lyc-antoine-roussin\/wp-content\/uploads\/sites\/92\/2024\/10\/image-16-150x41.png 150w\" sizes=\"auto, (max-width: 431px) 100vw, 431px\" \/><\/figure>\n<\/div>\n\n\n<p><\/p>\n\n\n\n<div class=\"wp-block-buttons is-layout-flex wp-block-buttons-is-layout-flex\">\n<div class=\"wp-block-button\"><a class=\"wp-block-button__link has-vivid-red-background-color has-background has-text-align-center wp-element-button\"><strong>Le certificat Voltaire<\/strong><\/a><\/div>\n<\/div>\n\n\n\n<p><\/p>\n\n\n\n<p class=\"has-background\" style=\"background-color:#99d10085\">Ma\u00eetriser l\u2019expression \u00e9crite est le but du projet Voltaire. Avec les nouvelles technologies, la communication \u00e9crite a aujourd\u2019hui dans certains cas supplant\u00e9 la communication orale. &nbsp;On ne t\u00e9l\u00e9phone plus, on envoie des courriers par messagerie \u00e9lectronique. Sur les r\u00e9seaux sociaux, les \u00e9changes \u00e9crits se multiplient. On n\u2019envisage plus de conf\u00e9rences sans support de communication visuelle permettant une meilleure attention et une meilleure m\u00e9morisation.<\/p>\n\n\n\n<p class=\"has-white-background-color has-background\">La crise sanitaire r\u00e9cente a par ailleurs \u00e9t\u00e9 \u00e0 l\u2019origine de changements organisationnels&nbsp;avec notamment l\u2019essor du t\u00e9l\u00e9travail.&nbsp;L\u2019utilisation d\u2019outils de communication collaborative pour conduire des projets ou pour la gestion des connaissances s\u2019est intensifi\u00e9e&nbsp;: \u00e9change de fichiers sur des plateformes de travail en \u00e9quipe, messageries instantan\u00e9es, visioconf\u00e9rences avec partage de contenu (diaporamas, documents de traitement de texte, \u2026).<\/p>\n\n\n\n<p class=\"has-white-background-color has-background\">L\u2019\u00e9criture est partout\u2026<\/p>\n\n\n\n<p class=\"has-white-background-color has-background\">On \u00e9crit plus qu\u2019il y a trente ans et l\u2019instantan\u00e9it\u00e9 est souvent attendue. La qualit\u00e9 de l\u2019expression \u00e9crite est de ce fait une comp\u00e9tence de plus en plus recherch\u00e9e dans les organisations. Il s\u2019agit non seulement de bien ma\u00eetriser l\u2019orthographe mais aussi les r\u00e8gles de grammaire, la conjugaison, la syntaxe, la ponctuation. Certaines entreprises n\u2019h\u00e9sitent pas \u00e0 proposer \u00e0 leurs employ\u00e9s de se former pour surmonter des lacunes.<\/p>\n\n\n\n<p class=\"has-white-background-color has-background\">Savoir construire une phrase, savoir conjuguer, enrichir son vocabulaire sont aussi des comp\u00e9tences fondamentales pour une bonne communication orale&nbsp;; la qualit\u00e9 d\u2019une prestation orale d\u00e9pend en effet en partie de la ma\u00eetrise du \u00ab&nbsp;verbal&nbsp;\u00bb, le \u00ab&nbsp;paraverbal&nbsp;\u00bb et le \u00ab&nbsp;non verbal&nbsp;\u00bb jouant toutefois un r\u00f4le fondamental.<\/p>\n\n\n\n<p class=\"has-white-background-color has-background\">Exiger des salari\u00e9s d\u2019une entreprise une bonne ma\u00eetrise de la communication tant \u00e9crite qu\u2019orale a pour objectif d\u2019\u00e9viter les pertes de profits&nbsp;; les entreprises ne peuvent se permettre d\u2019avoir une mauvaise image.<\/p>\n\n\n\n<p class=\"has-white-background-color has-background\">Le projet Voltaire est un entra\u00eenement en ligne qui d\u00e9bouche sur une certification permettant d\u2019attester de comp\u00e9tences sur un CV. &nbsp;&nbsp;<\/p>\n\n\n\n<p class=\"has-text-align-center\"><strong>Trois modules diff\u00e9rents sont propos\u00e9s<\/strong><\/p>\n\n\n\n<p><strong><u>\u00ab&nbsp;Parcours auto-adaptatif lyc\u00e9e<\/u><\/strong><strong> <\/strong>: pour consolider les bases de l\u2019orthographe et se perfectionner pour r\u00e9diger des \u00e9crits professionnels sans fautes. Ma\u00eetriser les principales r\u00e8gles pour structurer son propos et \u00eatre concis dans ses \u00e9changes. Enrichir son vocabulaire pour produire un discours plus nuanc\u00e9 et plus pr\u00e9cis.<\/p>\n\n\n\n<p><strong><u>Parcours expression<\/u><\/strong><strong> <\/strong>: pour \u00e9largir son vocabulaire, progresser en r\u00e9daction, ajuster sa syntaxe et l\u2019usage de la ponctuation.<\/p>\n\n\n\n<p><strong><u>i-bellule<\/u> <\/strong>: pour apprendre \u00e0 ma\u00eetriser les bonnes pratiques des e-mails&nbsp;\u00bb<\/p>\n\n\n\n<h2 class=\"wp-block-heading has-text-align-center has-pale-cyan-blue-background-color has-background\">Les enjeux du projet sont multiples<\/h2>\n\n\n\n<h2 class=\"wp-block-heading\">A long-terme<\/h2>\n\n\n\n<p><strong>Afficher des comp\u00e9tences linguistiques aupr\u00e8s des employeurs et avoir des perspectives d\u2019\u00e9volution de carri\u00e8re.<\/strong><\/p>\n\n\n\n<p>De nombreux \u00e9crits professionnels devront \u00eatre r\u00e9dig\u00e9s au cours d\u2019une carri\u00e8re&nbsp;: emails, rapports, lettres, notes de synth\u00e8se, notes de service, proc\u00e8s-verbaux, dossiers de presse, \u2026<\/p>\n\n\n\n<h2 class=\"wp-block-heading\">A moyen-terme<\/h2>\n\n\n\n<p><strong>Mettre toutes les chances de son c\u00f4t\u00e9 pour une poursuite d\u2019\u00e9tude (V\u0153ux sur \u00ab&nbsp;Parcoursup&nbsp;\u00bb, demandes d\u2019entr\u00e9e en Master\u2026) ou pour un premier recrutement.<\/strong><\/p>\n\n\n\n<p>CV et\/ou lettre de candidature mal r\u00e9dig\u00e9s termineront probablement dans la corbeille \u00e0 papier\u2026<\/p>\n\n\n\n<h2 class=\"wp-block-heading\">A court-terme<\/h2>\n\n\n\n<p><strong>Am\u00e9liorer la r\u00e9daction pour les \u00e9preuves d\u2019examens, pour la r\u00e9daction d\u2019un rapport de stage, pour une recherche de stage\u2026<\/strong><\/p>\n\n\n\n<p>Bien r\u00e9pondre \u00e0 une question d\u2019examen suppose de comprendre la consigne et de se faire comprendre.<\/p>\n\n\n\n<p>Les non r\u00e9ponses \u00e0 des lettres de motivation pour un stage seront syst\u00e9matiques si les lettres sont mal r\u00e9dig\u00e9es et\/ou si les fautes d\u2019orthographe sont nombreuses.<\/p>\n\n\n\n<p>L\u2019aptitude \u00e0 communiquer par \u00e9crit et l\u2019aptitude \u00e0 communiquer oralement feront l\u2019objet d\u2019une \u00e9valuation lors d\u2019une soutenance de rapport de stage. &nbsp;<\/p>\n\n\n\n<p class=\"has-text-align-center\"><strong>Les enjeux sont donc de taille et s&rsquo;entra\u00eener r\u00e9guli\u00e8rement aux tests du projet, c&rsquo;est adopter une strat\u00e9gie gagnante.<\/strong><\/p>\n\n\n\n<p class=\"has-text-align-center\"><strong>\u00ab&nbsp;Une immense<\/strong> <strong>majorit\u00e9 des recruteurs interrog\u00e9s estime  que la qualit\u00e9 de l&rsquo;expression \u00e9crite est encore plus importante dans l&rsquo;\u00e8re post-<a href=\"https:\/\/business.lesechos.fr\/entrepreneurs\/ressources-humaines\/0604003209080-covid-19-le-cas-contact-d-un-cas-contact-est-il-un-cas-contact-340122.php\">Covid<\/a>&nbsp;\u00bb<\/strong> (Anna Lipert, les \u00e9chos, 25 octobre 2021)<\/p>\n\n\n\n<p><\/p>\n\n\n\n<p>&#8212;&#8212;&#8212;&#8212;&#8212;&#8212;&#8212;&#8212;&#8212;&#8212;&#8212;&#8212;&#8212;&#8212;&#8212;&#8212;&#8212;&#8212;&#8212;&#8212;&#8212;&#8212;&#8212;&#8212;&#8212;&#8212;&#8212;&#8212;&#8212;&#8212;&#8212;&#8212;&#8212;&#8212;&#8212;&#8212;&#8212;&#8212;&#8211;<\/p>\n\n\n\n<h2 class=\"wp-block-heading has-text-align-center has-pale-cyan-blue-background-color has-background\">Revue de presse<\/h2>\n\n\n\n<h2 class=\"wp-block-heading\">Vid\u00e9os<\/h2>\n\n\n\n<p><strong>\u00ab&nbsp;La chasse aux fautes d\u2019orthographes&nbsp;\u00bb<\/strong>, France info, juin 2019<\/p>\n\n\n\n<div class=\"wp-block-buttons is-layout-flex wp-block-buttons-is-layout-flex\">\n<div class=\"wp-block-button\"><a class=\"wp-block-button__link wp-element-button\" href=\"https:\/\/www.francetvinfo.fr\/economie\/entreprises\/entreprises-la-chasse-aux-fautes-d-orthographe_3486831.html\">France Info : la chasse aux fautes d&rsquo;orthographe<\/a><\/div>\n<\/div>\n\n\n\n<p><\/p>\n\n\n\n<h2 class=\"wp-block-heading\">Articles de presse<\/h2>\n\n\n\n<p><strong>\u00ab&nbsp;On ne fait pas confiance \u00e0 un employ\u00e9 qui fait des fautes d\u2019orthographe&nbsp;\u00bb<\/strong>, Le figaro, d\u00e9cembre 2018<\/p>\n\n\n\n<div class=\"wp-block-buttons is-layout-flex wp-block-buttons-is-layout-flex\">\n<div class=\"wp-block-button\"><a class=\"wp-block-button__link wp-element-button\" href=\"https:\/\/www.lefigaro.fr\/langue-francaise\/expressions-francaises\/2018\/12\/10\/37003-20181210ARTFIG00016-aurore-ponsonnet-on-ne-fait-pas-confiance-a-un-employe-qui-fait-des-fautes-d-orthographe.php\">Article du Figaro<\/a><\/div>\n<\/div>\n\n\n\n<p><\/p>\n\n\n\n<p><strong>\u00ab&nbsp;L\u2019orthographe des salari\u00e9s, un enjeu majeur des DRH&nbsp;\u00bb<\/strong>, Challenge, f\u00e9vrier 2019<\/p>\n\n\n\n<div class=\"wp-block-buttons is-layout-flex wp-block-buttons-is-layout-flex\">\n<div class=\"wp-block-button\"><a class=\"wp-block-button__link wp-element-button\" href=\"https:\/\/www.challenges.fr\/entreprise\/vie-de-bureau\/l-orthographe-des-salaries-un-enjeu-majeur-des-drh_643283\">Article de Challenge<\/a><\/div>\n<\/div>\n\n\n\n<p><\/p>\n\n\n\n<p><strong>\u00ab&nbsp;T\u00e9l\u00e9travail :&nbsp;les recruteurs, plus attentifs \u00e0 la maitrise du fran\u00e7ais&nbsp;\u00bb<\/strong>, les Echos, octobre 2021<\/p>\n\n\n\n<div class=\"wp-block-buttons is-layout-flex wp-block-buttons-is-layout-flex\">\n<div class=\"wp-block-button\"><a class=\"wp-block-button__link wp-element-button\" href=\"https:\/\/www.lesechos.fr\/politique-societe\/societe\/orthographe-expression-orale-les-recruteurs-de-plus-en-plus-attentifs-a-la-maitrise-de-la-langue-francaise-1358133\">Article des \u00e9chos<\/a><\/div>\n<\/div>\n\n\n\n<p><\/p>\n","protected":false},"excerpt":{"rendered":"<p>Ma\u00eetriser l\u2019expression \u00e9crite est le but du projet Voltaire. Avec les nouvelles technologies, la communication \u00e9crite a aujourd\u2019hui dans certains cas supplant\u00e9 la communication orale. &nbsp;On ne t\u00e9l\u00e9phone plus, on envoie des courriers par messagerie \u00e9lectronique. Sur les r\u00e9seaux sociaux, les \u00e9changes \u00e9crits se multiplient. On n\u2019envisage plus de conf\u00e9rences&#8230;<\/p>\n<p class=\"continue-reading-button\"> <a class=\"continue-reading-link\" href=\"https:\/\/etab.ac-reunion.fr\/lyc-antoine-roussin\/certification-voltaire\/\">Lire la suite<i class=\"crycon-right-dir\"><\/i><\/a><\/p>\n","protected":false},"author":19389,"featured_media":0,"parent":0,"menu_order":0,"comment_status":"closed","ping_status":"closed","template":"","meta":{"footnotes":""},"class_list":["post-11772","page","type-page","status-publish","hentry"],"_links":{"self":[{"href":"https:\/\/etab.ac-reunion.fr\/lyc-antoine-roussin\/wp-json\/wp\/v2\/pages\/11772","targetHints":{"allow":["GET"]}}],"collection":[{"href":"https:\/\/etab.ac-reunion.fr\/lyc-antoine-roussin\/wp-json\/wp\/v2\/pages"}],"about":[{"href":"https:\/\/etab.ac-reunion.fr\/lyc-antoine-roussin\/wp-json\/wp\/v2\/types\/page"}],"author":[{"embeddable":true,"href":"https:\/\/etab.ac-reunion.fr\/lyc-antoine-roussin\/wp-json\/wp\/v2\/users\/19389"}],"replies":[{"embeddable":true,"href":"https:\/\/etab.ac-reunion.fr\/lyc-antoine-roussin\/wp-json\/wp\/v2\/comments?post=11772"}],"version-history":[{"count":9,"href":"https:\/\/etab.ac-reunion.fr\/lyc-antoine-roussin\/wp-json\/wp\/v2\/pages\/11772\/revisions"}],"predecessor-version":[{"id":11797,"href":"https:\/\/etab.ac-reunion.fr\/lyc-antoine-roussin\/wp-json\/wp\/v2\/pages\/11772\/revisions\/11797"}],"wp:attachment":[{"href":"https:\/\/etab.ac-reunion.fr\/lyc-antoine-roussin\/wp-json\/wp\/v2\/media?parent=11772"}],"curies":[{"name":"wp","href":"https:\/\/api.w.org\/{rel}","templated":true}]}}