{"id":12189,"date":"2024-12-08T17:01:29","date_gmt":"2024-12-08T13:01:29","guid":{"rendered":"https:\/\/etab.ac-reunion.fr\/lyc-antoine-roussin\/?page_id=12189"},"modified":"2024-12-08T19:35:40","modified_gmt":"2024-12-08T15:35:40","slug":"theatre-option-facultative","status":"publish","type":"page","link":"https:\/\/etab.ac-reunion.fr\/lyc-antoine-roussin\/theatre-option-facultative\/","title":{"rendered":"Th\u00e9\u00e2tre : option facultative"},"content":{"rendered":"\n<figure class=\"wp-block-image\"><a href=\"https:\/\/etab.ac-reunion.fr\/lyc-antoine-roussin\/wp-content\/uploads\/sites\/92\/2020\/06\/1-JZW5ctd0sTbic7qUHboo0A-1024x682.jpeg\"><img loading=\"lazy\" decoding=\"async\" width=\"1024\" height=\"682\" src=\"https:\/\/etab.ac-reunion.fr\/lyc-antoine-roussin\/wp-content\/uploads\/sites\/92\/2020\/06\/1-JZW5ctd0sTbic7qUHboo0A-1024x682.jpeg\" alt=\"\" class=\"wp-image-6871\" srcset=\"https:\/\/etab.ac-reunion.fr\/lyc-antoine-roussin\/wp-content\/uploads\/sites\/92\/2020\/06\/1-JZW5ctd0sTbic7qUHboo0A-1024x682.jpeg 1024w, https:\/\/etab.ac-reunion.fr\/lyc-antoine-roussin\/wp-content\/uploads\/sites\/92\/2020\/06\/1-JZW5ctd0sTbic7qUHboo0A-300x200.jpeg 300w, https:\/\/etab.ac-reunion.fr\/lyc-antoine-roussin\/wp-content\/uploads\/sites\/92\/2020\/06\/1-JZW5ctd0sTbic7qUHboo0A-768x512.jpeg 768w, https:\/\/etab.ac-reunion.fr\/lyc-antoine-roussin\/wp-content\/uploads\/sites\/92\/2020\/06\/1-JZW5ctd0sTbic7qUHboo0A-150x100.jpeg 150w, https:\/\/etab.ac-reunion.fr\/lyc-antoine-roussin\/wp-content\/uploads\/sites\/92\/2020\/06\/1-JZW5ctd0sTbic7qUHboo0A.jpeg 1400w\" sizes=\"auto, (max-width: 1024px) 100vw, 1024px\" \/><\/a><\/figure>\n\n\n\n<p class=\"has-white-background-color has-background\">Elle s\u2019adresse \u00e0 tous les \u00e9l\u00e8ves qui le souhaitent (qu\u2019ils se sentent litt\u00e9raires ou non) sur chaque niveau : seconde, premi\u00e8re et terminale, dans la limite de 20 \u00e9l\u00e8ves pour chaque groupe. Elle vous permettra de prendre confiance en vous et en l\u2019autre, de canaliser votre \u00e9nergie, de travailler efficacement la concentration et la prise de parole en pratiquant 3 heures par semaines avec un professeur de th\u00e9\u00e2tre et un ou plusieurs com\u00e9diens au cours de l\u2019ann\u00e9e, tout en allant voir des spectacles en soir\u00e9e. C\u2019est un atout \u00e9vident pour votre culture, vos oraux \u00e0 venir (bac de fran\u00e7ais, grand oral au bac\u2026) et votre dossier scolaire, pour lequel votre exp\u00e9rience th\u00e9\u00e2trale sera un plus tr\u00e8s appr\u00e9ci\u00e9, y compris pour les profils scientifiques ou technologiques.<\/p>\n\n\n\n<p class=\"has-white-background-color has-background\"><strong>L\u2019option facultative th\u00e9\u00e2tre en Seconde, Premi\u00e8re ou Terminale,&nbsp;<\/strong>ce sont donc &nbsp;:<\/p>\n\n\n\n<p class=\"has-white-color has-text-color has-background has-link-color has-medium-font-size wp-elements-38ffc0960b41488f9aea09f6e88f2c33\" style=\"background-color:#ff6a00b5\"><strong>3 heures chaque semaine, int\u00e9gr\u00e9es dans l\u2019emploi du temps<\/strong><\/p>\n\n\n\n<p class=\"has-white-color has-text-color has-background has-link-color has-medium-font-size wp-elements-fe919aef87d17fb8f1a2cad48b4ac853\" style=\"background-color:#ff6a00b5\"><strong>un amphi agr\u00e9able, avec une jauge de 180 places<\/strong><\/p>\n\n\n\n<p class=\"has-white-color has-text-color has-background has-link-color has-medium-font-size wp-elements-828612d816f6e37de151b47a832a142e\" style=\"background-color:#ff6a00b5\"><strong>la chance de travailler comme une petite troupe<\/strong><\/p>\n\n\n\n<p class=\"has-white-color has-text-color has-background has-link-color has-medium-font-size wp-elements-57f57504fbdd04f285349a4194978d2f\" style=\"background-color:#ff6a00b5\"><strong>des projets vari\u00e9s avec des intervenants artistiques<\/strong><\/p>\n\n\n\n<p class=\"has-white-color has-text-color has-background has-link-color has-medium-font-size wp-elements-cbf21e5c578bd069ffde960d308fb5f9\" style=\"background-color:#ff6a00b5\"><strong>des rencontres avec des professionnels du spectacle<\/strong><\/p>\n\n\n\n<p class=\"has-white-color has-text-color has-background has-link-color has-medium-font-size wp-elements-a985abad38fb4ee8e6d30321f71ec5df\" style=\"background-color:#ff6a00b5\"><strong>des moments de restitution en public<\/strong><\/p>\n\n\n\n<p class=\"has-white-color has-text-color has-background has-link-color has-medium-font-size wp-elements-1dc30fb521271afdaca8be62c7fb3e00\" style=\"background-color:#ff6a00b5\"><strong>des spectacles \u00e0 l\u2019amphi ou dans les salles de th\u00e9\u00e2tre de l\u2019\u00eele<\/strong><\/p>\n\n\n\n<p class=\"has-white-color has-text-color has-background has-link-color has-medium-font-size wp-elements-2f8cc2fad6abf9f9239dee4b1d99fbf7\" style=\"background-color:#ff6a00b5\"><strong>l\u2019occasion de prendre confiance en soi<\/strong><\/p>\n\n\n\n<p class=\"has-white-color has-text-color has-background has-link-color has-medium-font-size wp-elements-0a093310c835403eed77b45b8e5fdbc3\" style=\"background-color:#ff6a00b5\"><strong>un plus dans le livret scolaire et des points d\u2019avance pour le bac<\/strong><\/p>\n\n\n\n<p><em>Sylvie Mallet-Pouteau<\/em><\/p>\n\n\n\n<p><\/p>\n\n\n\n<figure class=\"wp-block-gallery has-nested-images columns-default is-cropped wp-block-gallery-1 is-layout-flex wp-block-gallery-is-layout-flex\">\n<figure class=\"wp-block-image size-large\"><img loading=\"lazy\" decoding=\"async\" width=\"1024\" height=\"715\" data-id=\"12211\" src=\"https:\/\/etab.ac-reunion.fr\/lyc-antoine-roussin\/wp-content\/uploads\/sites\/92\/2024\/12\/thumbnail-1-2-1024x715.jpg\" alt=\"\" class=\"wp-image-12211\" srcset=\"https:\/\/etab.ac-reunion.fr\/lyc-antoine-roussin\/wp-content\/uploads\/sites\/92\/2024\/12\/thumbnail-1-2-1024x715.jpg 1024w, https:\/\/etab.ac-reunion.fr\/lyc-antoine-roussin\/wp-content\/uploads\/sites\/92\/2024\/12\/thumbnail-1-2-300x210.jpg 300w, https:\/\/etab.ac-reunion.fr\/lyc-antoine-roussin\/wp-content\/uploads\/sites\/92\/2024\/12\/thumbnail-1-2-768x536.jpg 768w, https:\/\/etab.ac-reunion.fr\/lyc-antoine-roussin\/wp-content\/uploads\/sites\/92\/2024\/12\/thumbnail-1-2-150x105.jpg 150w, https:\/\/etab.ac-reunion.fr\/lyc-antoine-roussin\/wp-content\/uploads\/sites\/92\/2024\/12\/thumbnail-1-2-288x201.jpg 288w, https:\/\/etab.ac-reunion.fr\/lyc-antoine-roussin\/wp-content\/uploads\/sites\/92\/2024\/12\/thumbnail-1-2.jpg 1280w\" sizes=\"auto, (max-width: 1024px) 100vw, 1024px\" \/><\/figure>\n\n\n\n<figure class=\"wp-block-image size-large\"><img loading=\"lazy\" decoding=\"async\" width=\"890\" height=\"1024\" data-id=\"12212\" src=\"https:\/\/etab.ac-reunion.fr\/lyc-antoine-roussin\/wp-content\/uploads\/sites\/92\/2024\/12\/thumbnail-7-890x1024.jpg\" alt=\"\" class=\"wp-image-12212\" srcset=\"https:\/\/etab.ac-reunion.fr\/lyc-antoine-roussin\/wp-content\/uploads\/sites\/92\/2024\/12\/thumbnail-7-890x1024.jpg 890w, https:\/\/etab.ac-reunion.fr\/lyc-antoine-roussin\/wp-content\/uploads\/sites\/92\/2024\/12\/thumbnail-7-261x300.jpg 261w, https:\/\/etab.ac-reunion.fr\/lyc-antoine-roussin\/wp-content\/uploads\/sites\/92\/2024\/12\/thumbnail-7-768x883.jpg 768w, https:\/\/etab.ac-reunion.fr\/lyc-antoine-roussin\/wp-content\/uploads\/sites\/92\/2024\/12\/thumbnail-7-130x150.jpg 130w, https:\/\/etab.ac-reunion.fr\/lyc-antoine-roussin\/wp-content\/uploads\/sites\/92\/2024\/12\/thumbnail-7.jpg 1080w\" sizes=\"auto, (max-width: 890px) 100vw, 890px\" \/><\/figure>\n<\/figure>\n\n\n\n<p><em>Echauffements<\/em><\/p>\n\n\n\n<figure class=\"wp-block-gallery has-nested-images columns-default is-cropped wp-block-gallery-2 is-layout-flex wp-block-gallery-is-layout-flex\">\n<figure class=\"wp-block-image size-large\"><img loading=\"lazy\" decoding=\"async\" width=\"1024\" height=\"768\" data-id=\"12213\" src=\"https:\/\/etab.ac-reunion.fr\/lyc-antoine-roussin\/wp-content\/uploads\/sites\/92\/2024\/12\/thumbnail-1-3-1024x768.jpg\" alt=\"\" class=\"wp-image-12213\" srcset=\"https:\/\/etab.ac-reunion.fr\/lyc-antoine-roussin\/wp-content\/uploads\/sites\/92\/2024\/12\/thumbnail-1-3-1024x768.jpg 1024w, https:\/\/etab.ac-reunion.fr\/lyc-antoine-roussin\/wp-content\/uploads\/sites\/92\/2024\/12\/thumbnail-1-3-300x225.jpg 300w, https:\/\/etab.ac-reunion.fr\/lyc-antoine-roussin\/wp-content\/uploads\/sites\/92\/2024\/12\/thumbnail-1-3-768x576.jpg 768w, https:\/\/etab.ac-reunion.fr\/lyc-antoine-roussin\/wp-content\/uploads\/sites\/92\/2024\/12\/thumbnail-1-3-150x113.jpg 150w, https:\/\/etab.ac-reunion.fr\/lyc-antoine-roussin\/wp-content\/uploads\/sites\/92\/2024\/12\/thumbnail-1-3.jpg 1280w\" sizes=\"auto, (max-width: 1024px) 100vw, 1024px\" \/><\/figure>\n\n\n\n<figure class=\"wp-block-image size-large\"><img loading=\"lazy\" decoding=\"async\" width=\"1024\" height=\"768\" data-id=\"12214\" src=\"https:\/\/etab.ac-reunion.fr\/lyc-antoine-roussin\/wp-content\/uploads\/sites\/92\/2024\/12\/thumbnail-2-1-1024x768.jpg\" alt=\"\" class=\"wp-image-12214\" srcset=\"https:\/\/etab.ac-reunion.fr\/lyc-antoine-roussin\/wp-content\/uploads\/sites\/92\/2024\/12\/thumbnail-2-1-1024x768.jpg 1024w, https:\/\/etab.ac-reunion.fr\/lyc-antoine-roussin\/wp-content\/uploads\/sites\/92\/2024\/12\/thumbnail-2-1-300x225.jpg 300w, https:\/\/etab.ac-reunion.fr\/lyc-antoine-roussin\/wp-content\/uploads\/sites\/92\/2024\/12\/thumbnail-2-1-768x576.jpg 768w, https:\/\/etab.ac-reunion.fr\/lyc-antoine-roussin\/wp-content\/uploads\/sites\/92\/2024\/12\/thumbnail-2-1-150x113.jpg 150w, https:\/\/etab.ac-reunion.fr\/lyc-antoine-roussin\/wp-content\/uploads\/sites\/92\/2024\/12\/thumbnail-2-1.jpg 1280w\" sizes=\"auto, (max-width: 1024px) 100vw, 1024px\" \/><\/figure>\n<\/figure>\n\n\n\n<p><\/p>\n\n\n\n<figure class=\"wp-block-image size-large\"><img loading=\"lazy\" decoding=\"async\" width=\"1024\" height=\"473\" src=\"https:\/\/etab.ac-reunion.fr\/lyc-antoine-roussin\/wp-content\/uploads\/sites\/92\/2024\/12\/thumbnail-8-1024x473.jpg\" alt=\"\" class=\"wp-image-12215\" srcset=\"https:\/\/etab.ac-reunion.fr\/lyc-antoine-roussin\/wp-content\/uploads\/sites\/92\/2024\/12\/thumbnail-8-1024x473.jpg 1024w, https:\/\/etab.ac-reunion.fr\/lyc-antoine-roussin\/wp-content\/uploads\/sites\/92\/2024\/12\/thumbnail-8-300x139.jpg 300w, https:\/\/etab.ac-reunion.fr\/lyc-antoine-roussin\/wp-content\/uploads\/sites\/92\/2024\/12\/thumbnail-8-768x355.jpg 768w, https:\/\/etab.ac-reunion.fr\/lyc-antoine-roussin\/wp-content\/uploads\/sites\/92\/2024\/12\/thumbnail-8-150x69.jpg 150w, https:\/\/etab.ac-reunion.fr\/lyc-antoine-roussin\/wp-content\/uploads\/sites\/92\/2024\/12\/thumbnail-8.jpg 1182w\" sizes=\"auto, (max-width: 1024px) 100vw, 1024px\" \/><\/figure>\n\n\n\n<p><em>R\u00e9p\u00e9tition \u00ab\u00a0Ecrire pour gu\u00e9rir\u00a0\u00bb<\/em><\/p>\n\n\n\n<p>Pour ceux qui souhaiteraient prendre l\u2019option th\u00e9\u00e2tre de sp\u00e9cialit\u00e9, cliquer ci-dessous :<\/p>\n\n\n\n<div class=\"wp-block-buttons is-layout-flex wp-block-buttons-is-layout-flex\">\n<div class=\"wp-block-button\"><a class=\"wp-block-button__link wp-element-button\">Option th\u00e9\u00e2tre de sp\u00e9cialit\u00e9<\/a><\/div>\n<\/div>\n\n\n\n<p><\/p>\n","protected":false},"excerpt":{"rendered":"<p>Elle s\u2019adresse \u00e0 tous les \u00e9l\u00e8ves qui le souhaitent (qu\u2019ils se sentent litt\u00e9raires ou non) sur chaque niveau : seconde, premi\u00e8re et terminale, dans la limite de 20 \u00e9l\u00e8ves pour chaque groupe. Elle vous permettra de prendre confiance en vous et en l\u2019autre, de canaliser votre \u00e9nergie, de travailler efficacement&#8230;<\/p>\n<p class=\"continue-reading-button\"> <a class=\"continue-reading-link\" href=\"https:\/\/etab.ac-reunion.fr\/lyc-antoine-roussin\/theatre-option-facultative\/\">Lire la suite<i class=\"crycon-right-dir\"><\/i><\/a><\/p>\n","protected":false},"author":19389,"featured_media":0,"parent":0,"menu_order":0,"comment_status":"closed","ping_status":"closed","template":"","meta":{"footnotes":""},"class_list":["post-12189","page","type-page","status-publish","hentry"],"_links":{"self":[{"href":"https:\/\/etab.ac-reunion.fr\/lyc-antoine-roussin\/wp-json\/wp\/v2\/pages\/12189","targetHints":{"allow":["GET"]}}],"collection":[{"href":"https:\/\/etab.ac-reunion.fr\/lyc-antoine-roussin\/wp-json\/wp\/v2\/pages"}],"about":[{"href":"https:\/\/etab.ac-reunion.fr\/lyc-antoine-roussin\/wp-json\/wp\/v2\/types\/page"}],"author":[{"embeddable":true,"href":"https:\/\/etab.ac-reunion.fr\/lyc-antoine-roussin\/wp-json\/wp\/v2\/users\/19389"}],"replies":[{"embeddable":true,"href":"https:\/\/etab.ac-reunion.fr\/lyc-antoine-roussin\/wp-json\/wp\/v2\/comments?post=12189"}],"version-history":[{"count":10,"href":"https:\/\/etab.ac-reunion.fr\/lyc-antoine-roussin\/wp-json\/wp\/v2\/pages\/12189\/revisions"}],"predecessor-version":[{"id":12228,"href":"https:\/\/etab.ac-reunion.fr\/lyc-antoine-roussin\/wp-json\/wp\/v2\/pages\/12189\/revisions\/12228"}],"wp:attachment":[{"href":"https:\/\/etab.ac-reunion.fr\/lyc-antoine-roussin\/wp-json\/wp\/v2\/media?parent=12189"}],"curies":[{"name":"wp","href":"https:\/\/api.w.org\/{rel}","templated":true}]}}