{"id":12719,"date":"2025-01-23T23:04:22","date_gmt":"2025-01-23T19:04:22","guid":{"rendered":"https:\/\/etab.ac-reunion.fr\/lyc-antoine-roussin\/?page_id=12719"},"modified":"2025-01-24T12:37:11","modified_gmt":"2025-01-24T08:37:11","slug":"hggsp-histoire-geographie-geopolitique-sciences-politiques","status":"publish","type":"page","link":"https:\/\/etab.ac-reunion.fr\/lyc-antoine-roussin\/hggsp-histoire-geographie-geopolitique-sciences-politiques\/","title":{"rendered":"Histoire, G\u00e9ographie, G\u00e9opolitique et Sciences Politiques"},"content":{"rendered":"\n<figure class=\"wp-block-image size-full\"><img loading=\"lazy\" decoding=\"async\" width=\"945\" height=\"945\" src=\"https:\/\/etab.ac-reunion.fr\/lyc-antoine-roussin\/wp-content\/uploads\/sites\/92\/2025\/01\/image-3.png\" alt=\"\" class=\"wp-image-12721\" srcset=\"https:\/\/etab.ac-reunion.fr\/lyc-antoine-roussin\/wp-content\/uploads\/sites\/92\/2025\/01\/image-3.png 945w, https:\/\/etab.ac-reunion.fr\/lyc-antoine-roussin\/wp-content\/uploads\/sites\/92\/2025\/01\/image-3-300x300.png 300w, https:\/\/etab.ac-reunion.fr\/lyc-antoine-roussin\/wp-content\/uploads\/sites\/92\/2025\/01\/image-3-150x150.png 150w, https:\/\/etab.ac-reunion.fr\/lyc-antoine-roussin\/wp-content\/uploads\/sites\/92\/2025\/01\/image-3-768x768.png 768w\" sizes=\"auto, (max-width: 945px) 100vw, 945px\" \/><\/figure>\n\n\n\n<p><\/p>\n\n\n\n<figure class=\"wp-block-image size-full\"><img loading=\"lazy\" decoding=\"async\" width=\"1020\" height=\"668\" src=\"https:\/\/etab.ac-reunion.fr\/lyc-antoine-roussin\/wp-content\/uploads\/sites\/92\/2025\/01\/image-2.png\" alt=\"\" class=\"wp-image-12720\" srcset=\"https:\/\/etab.ac-reunion.fr\/lyc-antoine-roussin\/wp-content\/uploads\/sites\/92\/2025\/01\/image-2.png 1020w, https:\/\/etab.ac-reunion.fr\/lyc-antoine-roussin\/wp-content\/uploads\/sites\/92\/2025\/01\/image-2-300x196.png 300w, https:\/\/etab.ac-reunion.fr\/lyc-antoine-roussin\/wp-content\/uploads\/sites\/92\/2025\/01\/image-2-768x503.png 768w, https:\/\/etab.ac-reunion.fr\/lyc-antoine-roussin\/wp-content\/uploads\/sites\/92\/2025\/01\/image-2-150x98.png 150w\" sizes=\"auto, (max-width: 1020px) 100vw, 1020px\" \/><\/figure>\n\n\n\n<p class=\"has-background\" style=\"background-color:#7bdbd1\"><\/p>\n\n\n\n<p class=\"has-background\" style=\"background-color:#7bdbd1\"><strong>La g\u00e9opolitique est l\u2019\u00e9tude des relations entre la g\u00e9ographie et la politique&nbsp;: comprendre comment les caract\u00e9ristiques g\u00e9ographiques d\u2019un pays influencent sa politique \u00e9trang\u00e8re, ses strat\u00e9gies militaires et ses relations internationales.<\/strong><\/p>\n\n\n\n<p class=\"has-background\" style=\"background-color:#7bdbd1\">Les <strong>concepts cl\u00e9s<\/strong> sont la <strong>g\u00e9opolitique<\/strong>, l&rsquo;<strong>Etat<\/strong> et la <strong>souverainet\u00e9<\/strong>, les<strong> ressources<\/strong>.<\/p>\n\n\n\n<p class=\"has-background\" style=\"background-color:#7bdbd1\">Les<strong> enjeux g\u00e9opolitique<\/strong>s actuels sont : les <strong>conflits territoriaux<\/strong>, les <strong>changements climatiques<\/strong>, la <strong>technologie<\/strong> et la<strong> cybers\u00e9curit\u00e9<\/strong>.<\/p>\n\n\n\n<p class=\"has-background\" style=\"background-color:#7bdbd1\">Conclusion&nbsp;: <strong>la g\u00e9opolitique est essentielle pour comprendre les tensions mondiales actuelles et les d\u00e9cisions politiques. Elle nous aide \u00e0 analyser l\u2019interaction des pays entre eux dans un monde interconnect\u00e9 o\u00f9 les enjeux sont souvent complexes et multidimensionnels.<\/strong><\/p>\n\n\n\n<p><em>Nadine de Boisvilliers<\/em><\/p>\n","protected":false},"excerpt":{"rendered":"<p>La g\u00e9opolitique est l\u2019\u00e9tude des relations entre la g\u00e9ographie et la politique&nbsp;: comprendre comment les caract\u00e9ristiques g\u00e9ographiques d\u2019un pays influencent sa politique \u00e9trang\u00e8re, ses strat\u00e9gies militaires et ses relations internationales. Les concepts cl\u00e9s sont la g\u00e9opolitique, l&rsquo;Etat et la souverainet\u00e9, les ressources. Les enjeux g\u00e9opolitiques actuels sont : les conflits&#8230;<\/p>\n<p class=\"continue-reading-button\"> <a class=\"continue-reading-link\" href=\"https:\/\/etab.ac-reunion.fr\/lyc-antoine-roussin\/hggsp-histoire-geographie-geopolitique-sciences-politiques\/\">Lire la suite<i class=\"crycon-right-dir\"><\/i><\/a><\/p>\n","protected":false},"author":19389,"featured_media":0,"parent":0,"menu_order":0,"comment_status":"closed","ping_status":"closed","template":"","meta":{"footnotes":""},"class_list":["post-12719","page","type-page","status-publish","hentry"],"_links":{"self":[{"href":"https:\/\/etab.ac-reunion.fr\/lyc-antoine-roussin\/wp-json\/wp\/v2\/pages\/12719","targetHints":{"allow":["GET"]}}],"collection":[{"href":"https:\/\/etab.ac-reunion.fr\/lyc-antoine-roussin\/wp-json\/wp\/v2\/pages"}],"about":[{"href":"https:\/\/etab.ac-reunion.fr\/lyc-antoine-roussin\/wp-json\/wp\/v2\/types\/page"}],"author":[{"embeddable":true,"href":"https:\/\/etab.ac-reunion.fr\/lyc-antoine-roussin\/wp-json\/wp\/v2\/users\/19389"}],"replies":[{"embeddable":true,"href":"https:\/\/etab.ac-reunion.fr\/lyc-antoine-roussin\/wp-json\/wp\/v2\/comments?post=12719"}],"version-history":[{"count":10,"href":"https:\/\/etab.ac-reunion.fr\/lyc-antoine-roussin\/wp-json\/wp\/v2\/pages\/12719\/revisions"}],"predecessor-version":[{"id":12734,"href":"https:\/\/etab.ac-reunion.fr\/lyc-antoine-roussin\/wp-json\/wp\/v2\/pages\/12719\/revisions\/12734"}],"wp:attachment":[{"href":"https:\/\/etab.ac-reunion.fr\/lyc-antoine-roussin\/wp-json\/wp\/v2\/media?parent=12719"}],"curies":[{"name":"wp","href":"https:\/\/api.w.org\/{rel}","templated":true}]}}