{"id":12813,"date":"2025-02-04T00:09:03","date_gmt":"2025-02-03T20:09:03","guid":{"rendered":"https:\/\/etab.ac-reunion.fr\/lyc-antoine-roussin\/?page_id=12813"},"modified":"2025-02-06T08:16:38","modified_gmt":"2025-02-06T04:16:38","slug":"specialite-physique-chimie","status":"publish","type":"page","link":"https:\/\/etab.ac-reunion.fr\/lyc-antoine-roussin\/specialite-physique-chimie\/","title":{"rendered":"La Sp\u00e9cialit\u00e9 Physique-Chimie"},"content":{"rendered":"\n<figure class=\"wp-block-gallery has-nested-images columns-default is-cropped wp-block-gallery-1 is-layout-flex wp-block-gallery-is-layout-flex\">\n<figure class=\"wp-block-image size-large\"><img loading=\"lazy\" decoding=\"async\" width=\"1024\" height=\"576\" data-id=\"12815\" src=\"https:\/\/etab.ac-reunion.fr\/lyc-antoine-roussin\/wp-content\/uploads\/sites\/92\/2025\/02\/periodic-system-3962844_1280-1024x576.jpeg\" alt=\"\" class=\"wp-image-12815\" srcset=\"https:\/\/etab.ac-reunion.fr\/lyc-antoine-roussin\/wp-content\/uploads\/sites\/92\/2025\/02\/periodic-system-3962844_1280-1024x576.jpeg 1024w, https:\/\/etab.ac-reunion.fr\/lyc-antoine-roussin\/wp-content\/uploads\/sites\/92\/2025\/02\/periodic-system-3962844_1280-300x169.jpeg 300w, https:\/\/etab.ac-reunion.fr\/lyc-antoine-roussin\/wp-content\/uploads\/sites\/92\/2025\/02\/periodic-system-3962844_1280-768x432.jpeg 768w, https:\/\/etab.ac-reunion.fr\/lyc-antoine-roussin\/wp-content\/uploads\/sites\/92\/2025\/02\/periodic-system-3962844_1280-150x84.jpeg 150w, https:\/\/etab.ac-reunion.fr\/lyc-antoine-roussin\/wp-content\/uploads\/sites\/92\/2025\/02\/periodic-system-3962844_1280.jpeg 1280w\" sizes=\"auto, (max-width: 1024px) 100vw, 1024px\" \/><\/figure>\n\n\n\n<figure class=\"wp-block-image size-large\"><img loading=\"lazy\" decoding=\"async\" width=\"960\" height=\"640\" data-id=\"12816\" src=\"https:\/\/etab.ac-reunion.fr\/lyc-antoine-roussin\/wp-content\/uploads\/sites\/92\/2025\/02\/physics-3871216_960_720.jpeg\" alt=\"\" class=\"wp-image-12816\" srcset=\"https:\/\/etab.ac-reunion.fr\/lyc-antoine-roussin\/wp-content\/uploads\/sites\/92\/2025\/02\/physics-3871216_960_720.jpeg 960w, https:\/\/etab.ac-reunion.fr\/lyc-antoine-roussin\/wp-content\/uploads\/sites\/92\/2025\/02\/physics-3871216_960_720-300x200.jpeg 300w, https:\/\/etab.ac-reunion.fr\/lyc-antoine-roussin\/wp-content\/uploads\/sites\/92\/2025\/02\/physics-3871216_960_720-768x512.jpeg 768w, https:\/\/etab.ac-reunion.fr\/lyc-antoine-roussin\/wp-content\/uploads\/sites\/92\/2025\/02\/physics-3871216_960_720-150x100.jpeg 150w\" sizes=\"auto, (max-width: 960px) 100vw, 960px\" \/><\/figure>\n<\/figure>\n\n\n\n<p class=\"has-white-color has-luminous-vivid-orange-background-color has-text-color has-background has-link-color has-medium-font-size wp-elements-040b2f330fa6002379114a96c8fb98be\"><strong>Bienvenue dans le monde fascinant de la Physique-Chimie ! Cette sp\u00e9cialit\u00e9, propos\u00e9e \u00e0 partir de la classe de premi\u00e8re, est id\u00e9ale pour ceux qui sont curieux de comprendre les ph\u00e9nom\u00e8nes naturels et les principes scientifiques qui r\u00e9gissent notre univers<\/strong>.<\/p>\n\n\n\n<p class=\"has-text-align-center has-white-color has-vivid-cyan-blue-background-color has-text-color has-background has-link-color has-large-font-size wp-elements-715ff32f1f19330864c2b36caec656bb\"><strong>Objectifs de la Sp\u00e9cialit\u00e9<\/strong><\/p>\n\n\n\n<ul class=\"wp-block-list\">\n<li class=\"has-medium-font-size\"><strong>Comprendre les concepts fondamentaux<\/strong> : Vous apprendrez les bases de la physique et de la chimie, telles que les lois de Newton, les r\u00e9actions chimiques, l&rsquo;\u00e9lectromagn\u00e9tisme, et bien plus.<\/li>\n\n\n\n<li class=\"has-medium-font-size\"><strong>D\u00e9velopper des comp\u00e9tences exp\u00e9rimentales<\/strong> : Vous passerez du temps en laboratoire, 2h par semaine, o\u00f9 vous r\u00e9aliserez des exp\u00e9riences pour observer et comprendre les principes th\u00e9oriques \u00e9tudi\u00e9s en classe.<\/li>\n\n\n\n<li class=\"has-medium-font-size\"><strong>Stimuler la pens\u00e9e critique<\/strong> : La sp\u00e9cialit\u00e9 vous encouragera \u00e0 poser des questions, \u00e0 formuler des hypoth\u00e8ses et \u00e0 trouver des solutions par vous-m\u00eame.<\/li>\n<\/ul>\n\n\n<div class=\"wp-block-image\">\n<figure class=\"aligncenter size-full is-resized\"><img loading=\"lazy\" decoding=\"async\" width=\"708\" height=\"573\" src=\"https:\/\/etab.ac-reunion.fr\/lyc-antoine-roussin\/wp-content\/uploads\/sites\/92\/2025\/02\/Les-objectifs-visual-selection.png\" alt=\"\" class=\"wp-image-12849\" style=\"width:587px;height:auto\" srcset=\"https:\/\/etab.ac-reunion.fr\/lyc-antoine-roussin\/wp-content\/uploads\/sites\/92\/2025\/02\/Les-objectifs-visual-selection.png 708w, https:\/\/etab.ac-reunion.fr\/lyc-antoine-roussin\/wp-content\/uploads\/sites\/92\/2025\/02\/Les-objectifs-visual-selection-300x243.png 300w, https:\/\/etab.ac-reunion.fr\/lyc-antoine-roussin\/wp-content\/uploads\/sites\/92\/2025\/02\/Les-objectifs-visual-selection-150x121.png 150w\" sizes=\"auto, (max-width: 708px) 100vw, 708px\" \/><\/figure>\n<\/div>\n\n\n<h3 class=\"wp-block-heading has-text-align-center has-white-color has-vivid-cyan-blue-background-color has-text-color has-background has-link-color has-large-font-size wp-elements-ad06f12e2644132b95c2217989b7797b\">Comp\u00e9tences N\u00e9cessaires<\/h3>\n\n\n\n<p><\/p>\n\n\n\n<figure class=\"wp-block-image size-large\"><img loading=\"lazy\" decoding=\"async\" width=\"1024\" height=\"795\" src=\"https:\/\/etab.ac-reunion.fr\/lyc-antoine-roussin\/wp-content\/uploads\/sites\/92\/2025\/02\/Competences-necessaires-visual-selection-1024x795.png\" alt=\"\" class=\"wp-image-12820\" srcset=\"https:\/\/etab.ac-reunion.fr\/lyc-antoine-roussin\/wp-content\/uploads\/sites\/92\/2025\/02\/Competences-necessaires-visual-selection-1024x795.png 1024w, https:\/\/etab.ac-reunion.fr\/lyc-antoine-roussin\/wp-content\/uploads\/sites\/92\/2025\/02\/Competences-necessaires-visual-selection-300x233.png 300w, https:\/\/etab.ac-reunion.fr\/lyc-antoine-roussin\/wp-content\/uploads\/sites\/92\/2025\/02\/Competences-necessaires-visual-selection-768x596.png 768w, https:\/\/etab.ac-reunion.fr\/lyc-antoine-roussin\/wp-content\/uploads\/sites\/92\/2025\/02\/Competences-necessaires-visual-selection-150x116.png 150w, https:\/\/etab.ac-reunion.fr\/lyc-antoine-roussin\/wp-content\/uploads\/sites\/92\/2025\/02\/Competences-necessaires-visual-selection.png 1140w\" sizes=\"auto, (max-width: 1024px) 100vw, 1024px\" \/><\/figure>\n\n\n\n<h3 class=\"wp-block-heading has-text-align-center has-white-color has-vivid-cyan-blue-background-color has-text-color has-background has-link-color has-large-font-size wp-elements-84c66dba507744d61582911c9e643bb0\">Contenu du Programme<\/h3>\n\n\n\n<p><\/p>\n\n\n\n<p id=\"block-687a8aec-150d-4cfb-aa1e-f8884d02e0c3\"><\/p>\n\n\n\n<div class=\"wp-block-media-text is-stacked-on-mobile\"><figure class=\"wp-block-media-text__media\"><img loading=\"lazy\" decoding=\"async\" width=\"1024\" height=\"682\" src=\"https:\/\/etab.ac-reunion.fr\/lyc-antoine-roussin\/wp-content\/uploads\/sites\/92\/2025\/02\/foucault-pendulum-7653703_1280-1024x682.jpg\" alt=\"\" class=\"wp-image-12835 size-full\" srcset=\"https:\/\/etab.ac-reunion.fr\/lyc-antoine-roussin\/wp-content\/uploads\/sites\/92\/2025\/02\/foucault-pendulum-7653703_1280-1024x682.jpg 1024w, https:\/\/etab.ac-reunion.fr\/lyc-antoine-roussin\/wp-content\/uploads\/sites\/92\/2025\/02\/foucault-pendulum-7653703_1280-300x200.jpg 300w, https:\/\/etab.ac-reunion.fr\/lyc-antoine-roussin\/wp-content\/uploads\/sites\/92\/2025\/02\/foucault-pendulum-7653703_1280-768x512.jpg 768w, https:\/\/etab.ac-reunion.fr\/lyc-antoine-roussin\/wp-content\/uploads\/sites\/92\/2025\/02\/foucault-pendulum-7653703_1280-150x100.jpg 150w, https:\/\/etab.ac-reunion.fr\/lyc-antoine-roussin\/wp-content\/uploads\/sites\/92\/2025\/02\/foucault-pendulum-7653703_1280.jpg 1280w\" sizes=\"auto, (max-width: 1024px) 100vw, 1024px\" \/><\/figure><div class=\"wp-block-media-text__content\">\n<p><\/p>\n\n\n\n<p class=\"has-text-align-center has-medium-font-size\"><strong><u>M\u00e9canique et \u00c9nergie<\/u><\/strong> <\/p>\n\n\n\n<p class=\"has-text-align-center has-medium-font-size\">Lois du mouvement \u00c9nergie cin\u00e9tique et potentielle Travail et puissance &nbsp;<\/p>\n<\/div><\/div>\n\n\n\n<div class=\"wp-block-media-text is-stacked-on-mobile\"><figure class=\"wp-block-media-text__media\"><img loading=\"lazy\" decoding=\"async\" width=\"1024\" height=\"680\" src=\"https:\/\/etab.ac-reunion.fr\/lyc-antoine-roussin\/wp-content\/uploads\/sites\/92\/2025\/02\/electricity-705670_1280-1024x680.jpg\" alt=\"\" class=\"wp-image-12836 size-full\" srcset=\"https:\/\/etab.ac-reunion.fr\/lyc-antoine-roussin\/wp-content\/uploads\/sites\/92\/2025\/02\/electricity-705670_1280-1024x680.jpg 1024w, https:\/\/etab.ac-reunion.fr\/lyc-antoine-roussin\/wp-content\/uploads\/sites\/92\/2025\/02\/electricity-705670_1280-300x199.jpg 300w, https:\/\/etab.ac-reunion.fr\/lyc-antoine-roussin\/wp-content\/uploads\/sites\/92\/2025\/02\/electricity-705670_1280-768x510.jpg 768w, https:\/\/etab.ac-reunion.fr\/lyc-antoine-roussin\/wp-content\/uploads\/sites\/92\/2025\/02\/electricity-705670_1280-150x100.jpg 150w, https:\/\/etab.ac-reunion.fr\/lyc-antoine-roussin\/wp-content\/uploads\/sites\/92\/2025\/02\/electricity-705670_1280.jpg 1280w\" sizes=\"auto, (max-width: 1024px) 100vw, 1024px\" \/><\/figure><div class=\"wp-block-media-text__content\">\n<p><\/p>\n\n\n\n<p class=\"has-text-align-center has-medium-font-size\"><strong><u>\u00c9lectricit\u00e9 et Magn\u00e9tisme<\/u><\/strong> <\/p>\n\n\n\n<p class=\"has-text-align-center has-medium-font-size\">Circuits \u00e9lectriques Champ magn\u00e9tique et induction \u00c9lectrostatique &nbsp;<\/p>\n<\/div><\/div>\n\n\n\n<div class=\"wp-block-media-text is-stacked-on-mobile\"><figure class=\"wp-block-media-text__media\"><img loading=\"lazy\" decoding=\"async\" width=\"284\" height=\"177\" src=\"https:\/\/etab.ac-reunion.fr\/lyc-antoine-roussin\/wp-content\/uploads\/sites\/92\/2025\/02\/1565421960.jpg\" alt=\"\" class=\"wp-image-12838 size-full\" srcset=\"https:\/\/etab.ac-reunion.fr\/lyc-antoine-roussin\/wp-content\/uploads\/sites\/92\/2025\/02\/1565421960.jpg 284w, https:\/\/etab.ac-reunion.fr\/lyc-antoine-roussin\/wp-content\/uploads\/sites\/92\/2025\/02\/1565421960-150x93.jpg 150w\" sizes=\"auto, (max-width: 284px) 100vw, 284px\" \/><\/figure><div class=\"wp-block-media-text__content\">\n<p><\/p>\n\n\n\n<p class=\"has-text-align-center has-medium-font-size\"><strong><u>Ondes et Signaux<\/u><\/strong><\/p>\n\n\n\n<p class=\"has-text-align-center has-medium-font-size\">Propri\u00e9t\u00e9s des ondes Lumi\u00e8re et spectres Ondes sonores &nbsp; &nbsp;<\/p>\n<\/div><\/div>\n\n\n\n<div class=\"wp-block-media-text is-stacked-on-mobile\"><figure class=\"wp-block-media-text__media\"><img loading=\"lazy\" decoding=\"async\" width=\"1024\" height=\"682\" src=\"https:\/\/etab.ac-reunion.fr\/lyc-antoine-roussin\/wp-content\/uploads\/sites\/92\/2025\/02\/chemistry-3533039_1280-1-1024x682.jpg\" alt=\"\" class=\"wp-image-12832 size-full\" srcset=\"https:\/\/etab.ac-reunion.fr\/lyc-antoine-roussin\/wp-content\/uploads\/sites\/92\/2025\/02\/chemistry-3533039_1280-1-1024x682.jpg 1024w, https:\/\/etab.ac-reunion.fr\/lyc-antoine-roussin\/wp-content\/uploads\/sites\/92\/2025\/02\/chemistry-3533039_1280-1-300x200.jpg 300w, https:\/\/etab.ac-reunion.fr\/lyc-antoine-roussin\/wp-content\/uploads\/sites\/92\/2025\/02\/chemistry-3533039_1280-1-768x512.jpg 768w, https:\/\/etab.ac-reunion.fr\/lyc-antoine-roussin\/wp-content\/uploads\/sites\/92\/2025\/02\/chemistry-3533039_1280-1-150x100.jpg 150w, https:\/\/etab.ac-reunion.fr\/lyc-antoine-roussin\/wp-content\/uploads\/sites\/92\/2025\/02\/chemistry-3533039_1280-1.jpg 1280w\" sizes=\"auto, (max-width: 1024px) 100vw, 1024px\" \/><\/figure><div class=\"wp-block-media-text__content\">\n<p class=\"has-text-align-center has-medium-font-size\"><\/p>\n\n\n\n<p class=\"has-text-align-center has-medium-font-size\"><strong><u>Chimie des Solutions<\/u><\/strong> &nbsp;<\/p>\n\n\n\n<p class=\"has-text-align-center has-medium-font-size\">R\u00e9actions acide-base Oxydor\u00e9duction Concentration et solubilit\u00e9<\/p>\n<\/div><\/div>\n\n\n\n<p><\/p>\n\n\n\n<h3 class=\"wp-block-heading has-text-align-center has-white-color has-vivid-cyan-blue-background-color has-text-color has-background has-link-color has-large-font-size wp-elements-b6afe0b007b482d0744bb8a491cc4754\">D\u00e9roulement de l&rsquo;\u00c9preuve de Terminale<\/h3>\n\n\n\n<p class=\"has-medium-font-size\">L&rsquo;\u00e9preuve de terminale en Physique-Chimie se compose g\u00e9n\u00e9ralement de deux parties :<\/p>\n\n\n\n<ul class=\"wp-block-list\">\n<li class=\"has-medium-font-size\"><strong>\u00c9preuve \u00c9crite<\/strong><\/li>\n<\/ul>\n\n\n\n<figure class=\"wp-block-table has-medium-font-size\"><table class=\"has-background has-fixed-layout\" style=\"background-color:#fcb9004d\"><tbody><tr><td><strong style=\"color: initial\">Dur\u00e9e<\/strong><\/td><td><span style=\"color: initial\">3,5 heures<\/span><\/td><\/tr><tr><td><strong style=\"color: initial\">Contenu<\/strong><\/td><td><span style=\"color: initial\">Questions th\u00e9oriques et probl\u00e8mes \u00e0 r\u00e9soudre couvrant l&rsquo;ensemble du programme de terminale. Les trois exercices peuvent inclure des calculs, des analyses de graphiques, des interpr\u00e9tations de r\u00e9sultats exp\u00e9rimentaux, et des r\u00e9dactions de r\u00e9ponses argument\u00e9es.<\/span><\/td><\/tr><tr><td><strong>R\u00e9partition des points<\/strong><\/td><td>L&rsquo;\u00e9preuve \u00e9crite compte pour 4 points sur les 20 points de la note finale.<\/td><\/tr><\/tbody><\/table><\/figure>\n\n\n\n<ul class=\"wp-block-list\">\n<li class=\"has-medium-font-size\"><strong>\u00c9preuve Pratique<\/strong><\/li>\n<\/ul>\n\n\n\n<figure class=\"wp-block-table has-medium-font-size\"><table class=\"has-background has-fixed-layout\" style=\"background-color:#8dd2fc70\"><tbody><tr><td><strong style=\"color: initial\">Dur\u00e9e<\/strong><\/td><td>1 heure<\/td><\/tr><tr><td><strong style=\"color: initial\">Contenu<\/strong><\/td><td>R\u00e9alisation et analyse d&rsquo;une ou plusieurs exp\u00e9riences en laboratoire. Les \u00e9l\u00e8ves doivent d\u00e9montrer leur capacit\u00e9 \u00e0 manipuler les instruments, \u00e0 suivre des protocoles exp\u00e9rimentaux, \u00e0 recueillir des donn\u00e9es pr\u00e9cises et \u00e0 interpr\u00e9ter les r\u00e9sultats<\/td><\/tr><\/tbody><\/table><\/figure>\n\n\n\n<p class=\"has-text-align-center has-white-color has-vivid-cyan-blue-background-color has-text-color has-background has-link-color has-large-font-size wp-elements-24baabd20f5642e240c935e0f86eb4ff\"><strong>D\u00e9bouch\u00e9s en \u00c9tudes et M\u00e9tiers<\/strong><\/p>\n\n\n\n<p class=\"has-text-align-center has-background has-medium-font-size\" style=\"background-color:#7bdbb573\"><strong>\u00c9tudes Sup\u00e9rieures <\/strong><\/p>\n\n\n\n<ul class=\"wp-block-list\">\n<li class=\"has-medium-font-size\"><strong>Licences et Masters en Sciences<\/strong> : Physique, Chimie, Sciences des Mat\u00e9riaux, Sciences de l&rsquo;Ing\u00e9nieur, etc.<\/li>\n\n\n\n<li class=\"has-medium-font-size\"><strong>\u00c9coles d&rsquo;Ing\u00e9nieurs<\/strong> : Sp\u00e9cialisations en g\u00e9nie physique, g\u00e9nie chimique, g\u00e9nie \u00e9nerg\u00e9tique, etc.<\/li>\n\n\n\n<li class=\"has-medium-font-size\"><strong>\u00c9tudes de Sant\u00e9<\/strong> : M\u00e9decine, pharmacie, odontologie, kin\u00e9sith\u00e9rapie, etc.<\/li>\n\n\n\n<li class=\"has-medium-font-size\"><strong>Recherche Scientifique<\/strong> : Masters et doctorats dans des domaines sp\u00e9cifiques de la physique et de la chimie.<\/li>\n\n\n\n<li class=\"has-medium-font-size\"><strong>IUT et BTS<\/strong> : Mesures Physiques, Chimie, G\u00e9nie Chimique, etc.<\/li>\n\n\n\n<li class=\"has-medium-font-size\"><strong>IFSI<\/strong> : Instituts de Formation en Soins Infirmiers pour devenir infirmier(\u00e8re).<\/li>\n\n\n\n<li class=\"has-medium-font-size\"><strong>Classes Pr\u00e9paratoires aux Grandes \u00c9coles (CPGE)<\/strong> : Pr\u00e9pa scientifique (MPSI, PCSI, PTSI, etc.) pour int\u00e9grer des \u00e9coles prestigieuses.<\/li>\n\n\n\n<li class=\"has-medium-font-size\"><strong>Autres Fili\u00e8res<\/strong> : Certaines formations non scientifiques comme le droit, la gestion, ou les \u00e9coles de commerce peuvent \u00e9galement \u00eatre accessibles.<\/li>\n<\/ul>\n\n\n\n<p class=\"has-text-align-center has-background has-medium-font-size\" style=\"background-color:#7bdbb55c\"><strong>M\u00e9tiers <\/strong><\/p>\n\n\n\n<figure class=\"wp-block-gallery has-nested-images columns-default is-cropped wp-block-gallery-2 is-layout-flex wp-block-gallery-is-layout-flex\"><div class=\"wp-block-image\">\n<figure class=\"aligncenter size-large\"><img loading=\"lazy\" decoding=\"async\" width=\"1024\" height=\"867\" data-id=\"12823\" src=\"https:\/\/etab.ac-reunion.fr\/lyc-antoine-roussin\/wp-content\/uploads\/sites\/92\/2025\/02\/Metiers-_-visual-selection-1-1024x867.png\" alt=\"\" class=\"wp-image-12823\" srcset=\"https:\/\/etab.ac-reunion.fr\/lyc-antoine-roussin\/wp-content\/uploads\/sites\/92\/2025\/02\/Metiers-_-visual-selection-1-1024x867.png 1024w, https:\/\/etab.ac-reunion.fr\/lyc-antoine-roussin\/wp-content\/uploads\/sites\/92\/2025\/02\/Metiers-_-visual-selection-1-300x254.png 300w, https:\/\/etab.ac-reunion.fr\/lyc-antoine-roussin\/wp-content\/uploads\/sites\/92\/2025\/02\/Metiers-_-visual-selection-1-768x650.png 768w, https:\/\/etab.ac-reunion.fr\/lyc-antoine-roussin\/wp-content\/uploads\/sites\/92\/2025\/02\/Metiers-_-visual-selection-1-150x127.png 150w, https:\/\/etab.ac-reunion.fr\/lyc-antoine-roussin\/wp-content\/uploads\/sites\/92\/2025\/02\/Metiers-_-visual-selection-1.png 1173w\" sizes=\"auto, (max-width: 1024px) 100vw, 1024px\" \/><\/figure>\n<\/div><\/figure>\n\n\n\n<h3 class=\"wp-block-heading has-text-align-center has-white-color has-vivid-cyan-blue-background-color has-text-color has-background has-link-color has-large-font-size wp-elements-245a5699ce9a47d53c1ac1fd3adb8c31\">Avantages de la sp\u00e9cialit\u00e9<\/h3>\n\n\n\n<ul class=\"wp-block-list\">\n<li class=\"has-medium-font-size\"><strong>Pr\u00e9paration aux \u00e9tudes sup\u00e9rieures<\/strong> : Cette sp\u00e9cialit\u00e9 est essentielle pour ceux qui souhaitent poursuivre des \u00e9tudes scientifiques, m\u00e9dicales ou d&rsquo;ing\u00e9nierie.<\/li>\n<\/ul>\n\n\n\n<p><\/p>\n\n\n\n<ul class=\"wp-block-list\">\n<li class=\"has-medium-font-size\"><strong>D\u00e9veloppement de comp\u00e9tences transf\u00e9rables<\/strong> : La rigueur scientifique, la m\u00e9thode exp\u00e9rimentale et la capacit\u00e9 \u00e0 analyser des donn\u00e9es sont des comp\u00e9tences pr\u00e9cieuses dans de nombreux domaines professionnels.<\/li>\n<\/ul>\n\n\n\n<h3 class=\"wp-block-heading has-text-align-center\">Conclusion<\/h3>\n\n\n\n<p class=\"has-white-color has-luminous-vivid-orange-background-color has-text-color has-background has-link-color has-medium-font-size wp-elements-46c5df0444d8e531fa7f4a315e043310\"><strong>Choisir la sp\u00e9cialit\u00e9 Physique-Chimie, c&rsquo;est s&rsquo;engager dans un parcours d&rsquo;apprentissage passionnant et enrichissant. Vous d\u00e9velopperez une compr\u00e9hension profonde des ph\u00e9nom\u00e8nes qui vous entourent et acquerrez des comp\u00e9tences pr\u00e9cieuses pour votre avenir acad\u00e9mique et professionnel.<\/strong><\/p>\n\n\n\n<p class=\"has-text-align-center has-white-color has-luminous-vivid-orange-background-color has-text-color has-background has-link-color has-medium-font-size wp-elements-4947652f3a575a6c4ae6720749a8acf6\"><strong>N&rsquo;h\u00e9sitez pas \u00e0 poser des questions et \u00e0 explorer les merveilles de la science !<\/strong><\/p>\n\n\n\n<p class=\"has-medium-font-size\"><em>Isabelle Nazroo<\/em><\/p>\n\n\n\n<p><\/p>\n","protected":false},"excerpt":{"rendered":"<p>Bienvenue dans le monde fascinant de la Physique-Chimie ! Cette sp\u00e9cialit\u00e9, propos\u00e9e \u00e0 partir de la classe de premi\u00e8re, est id\u00e9ale pour ceux qui sont curieux de comprendre les ph\u00e9nom\u00e8nes naturels et les principes scientifiques qui r\u00e9gissent notre univers. Objectifs de la Sp\u00e9cialit\u00e9 Comp\u00e9tences N\u00e9cessaires Contenu du Programme M\u00e9canique et&#8230;<\/p>\n<p class=\"continue-reading-button\"> <a class=\"continue-reading-link\" href=\"https:\/\/etab.ac-reunion.fr\/lyc-antoine-roussin\/specialite-physique-chimie\/\">Lire la suite<i class=\"crycon-right-dir\"><\/i><\/a><\/p>\n","protected":false},"author":19389,"featured_media":0,"parent":0,"menu_order":0,"comment_status":"closed","ping_status":"closed","template":"","meta":{"footnotes":""},"class_list":["post-12813","page","type-page","status-publish","hentry"],"_links":{"self":[{"href":"https:\/\/etab.ac-reunion.fr\/lyc-antoine-roussin\/wp-json\/wp\/v2\/pages\/12813","targetHints":{"allow":["GET"]}}],"collection":[{"href":"https:\/\/etab.ac-reunion.fr\/lyc-antoine-roussin\/wp-json\/wp\/v2\/pages"}],"about":[{"href":"https:\/\/etab.ac-reunion.fr\/lyc-antoine-roussin\/wp-json\/wp\/v2\/types\/page"}],"author":[{"embeddable":true,"href":"https:\/\/etab.ac-reunion.fr\/lyc-antoine-roussin\/wp-json\/wp\/v2\/users\/19389"}],"replies":[{"embeddable":true,"href":"https:\/\/etab.ac-reunion.fr\/lyc-antoine-roussin\/wp-json\/wp\/v2\/comments?post=12813"}],"version-history":[{"count":26,"href":"https:\/\/etab.ac-reunion.fr\/lyc-antoine-roussin\/wp-json\/wp\/v2\/pages\/12813\/revisions"}],"predecessor-version":[{"id":12864,"href":"https:\/\/etab.ac-reunion.fr\/lyc-antoine-roussin\/wp-json\/wp\/v2\/pages\/12813\/revisions\/12864"}],"wp:attachment":[{"href":"https:\/\/etab.ac-reunion.fr\/lyc-antoine-roussin\/wp-json\/wp\/v2\/media?parent=12813"}],"curies":[{"name":"wp","href":"https:\/\/api.w.org\/{rel}","templated":true}]}}