{"id":13115,"date":"2025-04-06T20:12:28","date_gmt":"2025-04-06T16:12:28","guid":{"rendered":"https:\/\/etab.ac-reunion.fr\/lyc-antoine-roussin\/?page_id=13115"},"modified":"2025-04-08T21:53:03","modified_gmt":"2025-04-08T17:53:03","slug":"droit-et-grands-enjeux-du-monde-contemporain","status":"publish","type":"page","link":"https:\/\/etab.ac-reunion.fr\/lyc-antoine-roussin\/droit-et-grands-enjeux-du-monde-contemporain\/","title":{"rendered":"Droit et Grands Enjeux du Monde Contemporain"},"content":{"rendered":"<div class=\"wp-block-image\">\n<figure class=\"aligncenter size-full\"><img loading=\"lazy\" decoding=\"async\" width=\"837\" height=\"529\" src=\"https:\/\/etab.ac-reunion.fr\/lyc-antoine-roussin\/wp-content\/uploads\/sites\/92\/2025\/04\/image-1.png\" alt=\"\" class=\"wp-image-13117\" srcset=\"https:\/\/etab.ac-reunion.fr\/lyc-antoine-roussin\/wp-content\/uploads\/sites\/92\/2025\/04\/image-1.png 837w, https:\/\/etab.ac-reunion.fr\/lyc-antoine-roussin\/wp-content\/uploads\/sites\/92\/2025\/04\/image-1-300x190.png 300w, https:\/\/etab.ac-reunion.fr\/lyc-antoine-roussin\/wp-content\/uploads\/sites\/92\/2025\/04\/image-1-768x485.png 768w, https:\/\/etab.ac-reunion.fr\/lyc-antoine-roussin\/wp-content\/uploads\/sites\/92\/2025\/04\/image-1-150x95.png 150w\" sizes=\"auto, (max-width: 837px) 100vw, 837px\" \/><\/figure>\n<\/div>\n\n\n<p><\/p>\n\n\n\n<p class=\"has-text-align-center has-white-color has-luminous-vivid-amber-background-color has-text-color has-background has-link-color wp-elements-5e55f668b74c7b7901b40067973bef34\"><strong>DROIT ET GRANDS ENJEUX DU MONDE CONTEMPORAIN&nbsp;: option facultative<\/strong><\/p>\n\n\n\n<p><strong>&nbsp;<\/strong><strong>L\u2019option Droit et grands enjeux du monde contemporain <\/strong>s\u2019adresse aux \u00e9l\u00e8ves de terminale G\u00e9n\u00e9rale et aux \u00e9l\u00e8ves de terminale STMG (depuis la rentr\u00e9e 2024).<\/p>\n\n\n\n<p class=\"has-text-align-center has-pale-cyan-blue-background-color has-background\"><strong>Pourquoi choisir DGEMC&nbsp;?<\/strong><\/p>\n\n\n\n<p>Avec 3 heures de cours par semaine int\u00e9gr\u00e9es dans l\u2019emploi du temps, l\u2019option DGEMC permet de se familiariser avec le raisonnement juridique et de r\u00e9flechir aux probl\u00e8mes de notre soci\u00e9t\u00e9 et aux r\u00e9ponses que le droit y apporte.<\/p>\n\n\n\n<p><strong>&nbsp;Cette option&nbsp;:<\/strong><\/p>\n\n\n\n<p>&#8211; am\u00e9liore la culture g\u00e9n\u00e9rale.<\/p>\n\n\n\n<p>&#8211; d\u00e9veloppe l\u2019esprit critique<\/p>\n\n\n\n<p>&#8211; permet de gagner en expression \u00e9crite et orale<\/p>\n\n\n\n<p>&#8211; permet d\u2019acqu\u00e9rir une certaine rigueur<\/p>\n\n\n\n<p>C\u2019est une initiation aux \u00e9tudes de droit. Mais des bases de droit peuvent \u00eatre utiles dans de multiples fili\u00e8res comme les sciences politiques, l\u2019\u00e9conomie, les sciences humaines\u2026. Des \u00e9preuves de droit figurent \u00e9galement au programme de la tr\u00e8s grande majorit\u00e9 des concours de la fonction publique.<\/p>\n\n\n\n<p>Pour le Bac elle permet comme toute option d\u2019avoir des points suppl\u00e9mentaires gr\u00e2ce \u00e0 une note de contr\u00f4le continu et de valoriser son dossier pour PARCOURSUP. Cette option sera particuli\u00e8rement appr\u00e9ci\u00e9e si vous souhaitez int\u00e9grer des classes pr\u00e9paratoires \u00e9conomiques et commerciales, la classe pr\u00e9paratoire \u00e0 l&rsquo;ENS (option D1 ou D2) et d&rsquo;autres parcours.<\/p>\n\n\n\n<p>Elle permet de s\u2019entra\u00eener aux \u00e9preuves orales avec la r\u00e9alisation d\u2019expos\u00e9s.<\/p>\n\n\n\n<p class=\"has-text-align-center has-pale-cyan-blue-background-color has-background\"><strong>Le concours r\u00e9gional de plaidoirie<\/strong><\/p>\n\n\n\n<p>Depuis trois ans, un concours r\u00e9gional de plaidoirie est organis\u00e9. Il offre l\u2019opportunit\u00e9 aux \u00e9l\u00e8ves de DGEMC de d\u00e9fendre devant un jury et leurs camarades, une cause qui leur tient \u00e0 c\u0153ur en s\u2019appuyant sur les connaissances juridiques qu\u2019ils ont acquises pendant l\u2019ann\u00e9e.<\/p>\n\n\n\n<p>Cette ann\u00e9e, No\u00e9mie Payet sur l\u2019excision et Messie Gonthier sur la d\u00e9fense des droits des enfants en Afghanistan ont repr\u00e9sent\u00e9 le lyc\u00e9e Antoine Roussin.<\/p>\n\n\n\n<p><\/p>\n\n\n<div class=\"wp-block-image\">\n<figure class=\"aligncenter size-full is-resized\"><img loading=\"lazy\" decoding=\"async\" width=\"569\" height=\"649\" src=\"https:\/\/etab.ac-reunion.fr\/lyc-antoine-roussin\/wp-content\/uploads\/sites\/92\/2025\/04\/image.png\" alt=\"\" class=\"wp-image-13116\" style=\"width:499px;height:auto\" srcset=\"https:\/\/etab.ac-reunion.fr\/lyc-antoine-roussin\/wp-content\/uploads\/sites\/92\/2025\/04\/image.png 569w, https:\/\/etab.ac-reunion.fr\/lyc-antoine-roussin\/wp-content\/uploads\/sites\/92\/2025\/04\/image-263x300.png 263w, https:\/\/etab.ac-reunion.fr\/lyc-antoine-roussin\/wp-content\/uploads\/sites\/92\/2025\/04\/image-132x150.png 132w\" sizes=\"auto, (max-width: 569px) 100vw, 569px\" \/><\/figure>\n<\/div>\n\n\n<p><em>Sophie Legave<\/em><\/p>\n","protected":false},"excerpt":{"rendered":"<p>DROIT ET GRANDS ENJEUX DU MONDE CONTEMPORAIN&nbsp;: option facultative &nbsp;L\u2019option Droit et grands enjeux du monde contemporain s\u2019adresse aux \u00e9l\u00e8ves de terminale G\u00e9n\u00e9rale et aux \u00e9l\u00e8ves de terminale STMG (depuis la rentr\u00e9e 2024). Pourquoi choisir DGEMC&nbsp;? Avec 3 heures de cours par semaine int\u00e9gr\u00e9es dans l\u2019emploi du temps, l\u2019option DGEMC&#8230;<\/p>\n<p class=\"continue-reading-button\"> <a class=\"continue-reading-link\" href=\"https:\/\/etab.ac-reunion.fr\/lyc-antoine-roussin\/droit-et-grands-enjeux-du-monde-contemporain\/\">Lire la suite<i class=\"crycon-right-dir\"><\/i><\/a><\/p>\n","protected":false},"author":19389,"featured_media":0,"parent":0,"menu_order":0,"comment_status":"closed","ping_status":"closed","template":"","meta":{"footnotes":""},"class_list":["post-13115","page","type-page","status-publish","hentry"],"_links":{"self":[{"href":"https:\/\/etab.ac-reunion.fr\/lyc-antoine-roussin\/wp-json\/wp\/v2\/pages\/13115","targetHints":{"allow":["GET"]}}],"collection":[{"href":"https:\/\/etab.ac-reunion.fr\/lyc-antoine-roussin\/wp-json\/wp\/v2\/pages"}],"about":[{"href":"https:\/\/etab.ac-reunion.fr\/lyc-antoine-roussin\/wp-json\/wp\/v2\/types\/page"}],"author":[{"embeddable":true,"href":"https:\/\/etab.ac-reunion.fr\/lyc-antoine-roussin\/wp-json\/wp\/v2\/users\/19389"}],"replies":[{"embeddable":true,"href":"https:\/\/etab.ac-reunion.fr\/lyc-antoine-roussin\/wp-json\/wp\/v2\/comments?post=13115"}],"version-history":[{"count":5,"href":"https:\/\/etab.ac-reunion.fr\/lyc-antoine-roussin\/wp-json\/wp\/v2\/pages\/13115\/revisions"}],"predecessor-version":[{"id":13174,"href":"https:\/\/etab.ac-reunion.fr\/lyc-antoine-roussin\/wp-json\/wp\/v2\/pages\/13115\/revisions\/13174"}],"wp:attachment":[{"href":"https:\/\/etab.ac-reunion.fr\/lyc-antoine-roussin\/wp-json\/wp\/v2\/media?parent=13115"}],"curies":[{"name":"wp","href":"https:\/\/api.w.org\/{rel}","templated":true}]}}