{"id":13992,"date":"2025-12-22T15:53:19","date_gmt":"2025-12-22T11:53:19","guid":{"rendered":"https:\/\/etab.ac-reunion.fr\/lyc-antoine-roussin\/?page_id=13992"},"modified":"2026-01-24T15:59:06","modified_gmt":"2026-01-24T11:59:06","slug":"cambridge-english-certificate","status":"publish","type":"page","link":"https:\/\/etab.ac-reunion.fr\/lyc-antoine-roussin\/certifications\/cambridge-english-certificate\/","title":{"rendered":"Cambridge English Certificate"},"content":{"rendered":"\n<p>Une certification pour les \u00e9l\u00e8ves de Terminale AMC et Terminale Europ\u00e9enne<\/p>\n\n\n\n<p><\/p>\n\n\n\n<p>Le dipl\u00f4me Cambridge English Certificate, \u00e9galement appel\u00e9 CEC, est n\u00e9 du partenariat entre Cambridge English et le Minist\u00e8re de l&rsquo;Education nationale.<\/p>\n\n\n\n<p>Le CEC est destin\u00e9 aux \u00e9l\u00e8ves de classe de&nbsp;<strong>Terminale<\/strong>&nbsp;des \u00e9tablissements publics (ou priv\u00e9s sous contrat) en&nbsp;<strong>section europ\u00e9ennes<\/strong>&nbsp;anglais, en&nbsp;<strong>sections internationales anglophones<\/strong>, et en sp\u00e9cialit\u00e9&nbsp;<strong>LLCER anglais ou LLCER anglais monde contemporain<\/strong>.&nbsp;<\/p>\n\n\n\n<p><strong>Cet examen permet aux \u00e9l\u00e8ves de valider gratuitement l&rsquo;atteinte du niveau d&rsquo;anglais B2 (ou B1 et C1 selon r\u00e9sultats) par une certification.<\/strong><\/p>\n\n\n\n<p>J<em>ulien-Philippe Jung<\/em><\/p>\n\n\n\n<p><\/p>\n\n\n<div class=\"wp-block-image\">\n<figure class=\"aligncenter size-full\"><img loading=\"lazy\" decoding=\"async\" width=\"615\" height=\"880\" src=\"https:\/\/etab.ac-reunion.fr\/lyc-antoine-roussin\/wp-content\/uploads\/sites\/92\/2026\/01\/image-6.png\" alt=\"\" class=\"wp-image-14086\" srcset=\"https:\/\/etab.ac-reunion.fr\/lyc-antoine-roussin\/wp-content\/uploads\/sites\/92\/2026\/01\/image-6.png 615w, https:\/\/etab.ac-reunion.fr\/lyc-antoine-roussin\/wp-content\/uploads\/sites\/92\/2026\/01\/image-6-210x300.png 210w, https:\/\/etab.ac-reunion.fr\/lyc-antoine-roussin\/wp-content\/uploads\/sites\/92\/2026\/01\/image-6-105x150.png 105w\" sizes=\"auto, (max-width: 615px) 100vw, 615px\" \/><\/figure>\n<\/div>\n\n\n<p><\/p>\n\n\n\n<div class=\"wp-block-buttons is-layout-flex wp-block-buttons-is-layout-flex\">\n<div class=\"wp-block-button\"><a class=\"wp-block-button__link wp-element-button\" href=\"https:\/\/www.cambridgeenglish.org\/fr\/exams-and-tests\/cambridge-english-certificate-cec\/\">Informations sur la certification<\/a><\/div>\n<\/div>\n\n\n\n<p><\/p>\n\n\n\n<p><\/p>\n\n\n\n<p><\/p>\n\n\n\n<p><\/p>\n\n\n\n<p><\/p>\n","protected":false},"excerpt":{"rendered":"<p>Une certification pour les \u00e9l\u00e8ves de Terminale AMC et Terminale Europ\u00e9enne Le dipl\u00f4me Cambridge English Certificate, \u00e9galement appel\u00e9 CEC, est n\u00e9 du partenariat entre Cambridge English et le Minist\u00e8re de l&rsquo;Education nationale. Le CEC est destin\u00e9 aux \u00e9l\u00e8ves de classe de&nbsp;Terminale&nbsp;des \u00e9tablissements publics (ou priv\u00e9s sous contrat) en&nbsp;section europ\u00e9ennes&nbsp;anglais, en&nbsp;sections&#8230;<\/p>\n<p class=\"continue-reading-button\"> <a class=\"continue-reading-link\" href=\"https:\/\/etab.ac-reunion.fr\/lyc-antoine-roussin\/certifications\/cambridge-english-certificate\/\">Lire la suite<i class=\"crycon-right-dir\"><\/i><\/a><\/p>\n","protected":false},"author":19389,"featured_media":0,"parent":11782,"menu_order":0,"comment_status":"closed","ping_status":"closed","template":"","meta":{"footnotes":""},"class_list":["post-13992","page","type-page","status-publish","hentry"],"_links":{"self":[{"href":"https:\/\/etab.ac-reunion.fr\/lyc-antoine-roussin\/wp-json\/wp\/v2\/pages\/13992","targetHints":{"allow":["GET"]}}],"collection":[{"href":"https:\/\/etab.ac-reunion.fr\/lyc-antoine-roussin\/wp-json\/wp\/v2\/pages"}],"about":[{"href":"https:\/\/etab.ac-reunion.fr\/lyc-antoine-roussin\/wp-json\/wp\/v2\/types\/page"}],"author":[{"embeddable":true,"href":"https:\/\/etab.ac-reunion.fr\/lyc-antoine-roussin\/wp-json\/wp\/v2\/users\/19389"}],"replies":[{"embeddable":true,"href":"https:\/\/etab.ac-reunion.fr\/lyc-antoine-roussin\/wp-json\/wp\/v2\/comments?post=13992"}],"version-history":[{"count":4,"href":"https:\/\/etab.ac-reunion.fr\/lyc-antoine-roussin\/wp-json\/wp\/v2\/pages\/13992\/revisions"}],"predecessor-version":[{"id":14088,"href":"https:\/\/etab.ac-reunion.fr\/lyc-antoine-roussin\/wp-json\/wp\/v2\/pages\/13992\/revisions\/14088"}],"up":[{"embeddable":true,"href":"https:\/\/etab.ac-reunion.fr\/lyc-antoine-roussin\/wp-json\/wp\/v2\/pages\/11782"}],"wp:attachment":[{"href":"https:\/\/etab.ac-reunion.fr\/lyc-antoine-roussin\/wp-json\/wp\/v2\/media?parent=13992"}],"curies":[{"name":"wp","href":"https:\/\/api.w.org\/{rel}","templated":true}]}}