{"id":13997,"date":"2025-12-22T18:01:22","date_gmt":"2025-12-22T14:01:22","guid":{"rendered":"https:\/\/etab.ac-reunion.fr\/lyc-antoine-roussin\/?page_id=13997"},"modified":"2025-12-22T18:48:41","modified_gmt":"2025-12-22T14:48:41","slug":"dscg-cfa-academique","status":"publish","type":"page","link":"https:\/\/etab.ac-reunion.fr\/lyc-antoine-roussin\/dscg-cfa-academique\/","title":{"rendered":"DSCG &#8211; Master (BAC +5) &#8211; CFA acad\u00e9mique"},"content":{"rendered":"\n<figure class=\"wp-block-image size-full is-resized\"><img loading=\"lazy\" decoding=\"async\" width=\"302\" height=\"124\" src=\"https:\/\/etab.ac-reunion.fr\/lyc-antoine-roussin\/wp-content\/uploads\/sites\/92\/2025\/12\/image-2.png\" alt=\"\" class=\"wp-image-13941\" style=\"width:297px;height:auto\" srcset=\"https:\/\/etab.ac-reunion.fr\/lyc-antoine-roussin\/wp-content\/uploads\/sites\/92\/2025\/12\/image-2.png 302w, https:\/\/etab.ac-reunion.fr\/lyc-antoine-roussin\/wp-content\/uploads\/sites\/92\/2025\/12\/image-2-300x123.png 300w, https:\/\/etab.ac-reunion.fr\/lyc-antoine-roussin\/wp-content\/uploads\/sites\/92\/2025\/12\/image-2-150x62.png 150w\" sizes=\"auto, (max-width: 302px) 100vw, 302px\" \/><\/figure>\n\n\n\n<figure class=\"wp-block-image size-full\"><img loading=\"lazy\" decoding=\"async\" width=\"253\" height=\"103\" src=\"https:\/\/etab.ac-reunion.fr\/lyc-antoine-roussin\/wp-content\/uploads\/sites\/92\/2025\/12\/image-3.png\" alt=\"\" class=\"wp-image-13942\" srcset=\"https:\/\/etab.ac-reunion.fr\/lyc-antoine-roussin\/wp-content\/uploads\/sites\/92\/2025\/12\/image-3.png 253w, https:\/\/etab.ac-reunion.fr\/lyc-antoine-roussin\/wp-content\/uploads\/sites\/92\/2025\/12\/image-3-150x61.png 150w\" sizes=\"auto, (max-width: 253px) 100vw, 253px\" \/><\/figure>\n\n\n<div class=\"wp-block-image\">\n<figure class=\"aligncenter size-full is-resized\"><img loading=\"lazy\" decoding=\"async\" width=\"955\" height=\"633\" src=\"https:\/\/etab.ac-reunion.fr\/lyc-antoine-roussin\/wp-content\/uploads\/sites\/92\/2025\/12\/image-14.png\" alt=\"\" class=\"wp-image-13998\" style=\"width:478px;height:auto\" srcset=\"https:\/\/etab.ac-reunion.fr\/lyc-antoine-roussin\/wp-content\/uploads\/sites\/92\/2025\/12\/image-14.png 955w, https:\/\/etab.ac-reunion.fr\/lyc-antoine-roussin\/wp-content\/uploads\/sites\/92\/2025\/12\/image-14-300x199.png 300w, https:\/\/etab.ac-reunion.fr\/lyc-antoine-roussin\/wp-content\/uploads\/sites\/92\/2025\/12\/image-14-768x509.png 768w, https:\/\/etab.ac-reunion.fr\/lyc-antoine-roussin\/wp-content\/uploads\/sites\/92\/2025\/12\/image-14-150x99.png 150w\" sizes=\"auto, (max-width: 955px) 100vw, 955px\" \/><\/figure>\n<\/div>\n\n\n<p><br>Depuis ao\u00fbt 2025, le lyc\u00e9e Antoine Roussin accueille le <strong>Dipl\u00f4me Sup\u00e9rieur de Comptabilit\u00e9 et de Gestion<\/strong> (DSCG) au sein de son Unit\u00e9 de Formation du <a href=\"https:\/\/www.linkedin.com\/feed\/update\/urn:li:activity:7406936209291395072\/\">CFA Acad\u00e9mique<\/a>. Il s\u2019agit d\u2019une formation en alternance de grade master, qui a vu le jour en novembre 2023 parrain\u00e9e par <a href=\"https:\/\/www.linkedin.com\/in\/katy-hoarau-030a7a9\/\">Katie Hoarau<\/a> de le l\u2019Ordre des Experts-Comptables et <a href=\"https:\/\/www.linkedin.com\/in\/didier-de-launay-b6038955\/\">Didier de Launay<\/a> de la Compagnie R\u00e9gionale des Commissaires aux Comptes.<\/p>\n\n\n\n<p><\/p>\n\n\n\n<div class=\"wp-block-buttons is-layout-flex wp-block-buttons-is-layout-flex\">\n<div class=\"wp-block-button\"><a class=\"wp-block-button__link wp-element-button\" href=\"https:\/\/ftlvreunion.fr\/nos-formations\/rechercher-une-formation\/details-formation\/332-diplome-superieur-de-comptabilite-et-de-gestion.html\">Consultez le site du CFA acad\u00e9mique <\/a><\/div>\n<\/div>\n","protected":false},"excerpt":{"rendered":"<p>Depuis ao\u00fbt 2025, le lyc\u00e9e Antoine Roussin accueille le Dipl\u00f4me Sup\u00e9rieur de Comptabilit\u00e9 et de Gestion (DSCG) au sein de son Unit\u00e9 de Formation du CFA Acad\u00e9mique. Il s\u2019agit d\u2019une formation en alternance de grade master, qui a vu le jour en novembre 2023 parrain\u00e9e par Katie Hoarau de le&#8230;<\/p>\n<p class=\"continue-reading-button\"> <a class=\"continue-reading-link\" href=\"https:\/\/etab.ac-reunion.fr\/lyc-antoine-roussin\/dscg-cfa-academique\/\">Lire la suite<i class=\"crycon-right-dir\"><\/i><\/a><\/p>\n","protected":false},"author":19389,"featured_media":0,"parent":0,"menu_order":0,"comment_status":"closed","ping_status":"closed","template":"","meta":{"footnotes":""},"class_list":["post-13997","page","type-page","status-publish","hentry"],"_links":{"self":[{"href":"https:\/\/etab.ac-reunion.fr\/lyc-antoine-roussin\/wp-json\/wp\/v2\/pages\/13997","targetHints":{"allow":["GET"]}}],"collection":[{"href":"https:\/\/etab.ac-reunion.fr\/lyc-antoine-roussin\/wp-json\/wp\/v2\/pages"}],"about":[{"href":"https:\/\/etab.ac-reunion.fr\/lyc-antoine-roussin\/wp-json\/wp\/v2\/types\/page"}],"author":[{"embeddable":true,"href":"https:\/\/etab.ac-reunion.fr\/lyc-antoine-roussin\/wp-json\/wp\/v2\/users\/19389"}],"replies":[{"embeddable":true,"href":"https:\/\/etab.ac-reunion.fr\/lyc-antoine-roussin\/wp-json\/wp\/v2\/comments?post=13997"}],"version-history":[{"count":3,"href":"https:\/\/etab.ac-reunion.fr\/lyc-antoine-roussin\/wp-json\/wp\/v2\/pages\/13997\/revisions"}],"predecessor-version":[{"id":14003,"href":"https:\/\/etab.ac-reunion.fr\/lyc-antoine-roussin\/wp-json\/wp\/v2\/pages\/13997\/revisions\/14003"}],"wp:attachment":[{"href":"https:\/\/etab.ac-reunion.fr\/lyc-antoine-roussin\/wp-json\/wp\/v2\/media?parent=13997"}],"curies":[{"name":"wp","href":"https:\/\/api.w.org\/{rel}","templated":true}]}}