{"id":14089,"date":"2026-01-24T16:22:17","date_gmt":"2026-01-24T12:22:17","guid":{"rendered":"https:\/\/etab.ac-reunion.fr\/lyc-antoine-roussin\/?page_id=14089"},"modified":"2026-01-26T16:05:47","modified_gmt":"2026-01-26T12:05:47","slug":"parcours-dexcellence-stmg","status":"publish","type":"page","link":"https:\/\/etab.ac-reunion.fr\/lyc-antoine-roussin\/parcours-dexcellence-stmg\/","title":{"rendered":"Parcours d&rsquo;excellence STMG"},"content":{"rendered":"\n<p class=\"has-white-color has-luminous-vivid-orange-background-color has-text-color has-background has-link-color has-large-font-size wp-elements-aabbb035b21590766308f1be045b3391\"><strong>Hisser haut, mieux former pour mieux r\u00e9ussir !<\/strong><\/p>\n\n\n\n<p><\/p>\n\n\n\n<figure class=\"wp-block-image size-large\"><img loading=\"lazy\" decoding=\"async\" width=\"1024\" height=\"768\" src=\"https:\/\/etab.ac-reunion.fr\/lyc-antoine-roussin\/wp-content\/uploads\/sites\/92\/2026\/01\/photo-classe-2025-2026-1024x768.jpg\" alt=\"\" class=\"wp-image-14090\" srcset=\"https:\/\/etab.ac-reunion.fr\/lyc-antoine-roussin\/wp-content\/uploads\/sites\/92\/2026\/01\/photo-classe-2025-2026-1024x768.jpg 1024w, https:\/\/etab.ac-reunion.fr\/lyc-antoine-roussin\/wp-content\/uploads\/sites\/92\/2026\/01\/photo-classe-2025-2026-300x225.jpg 300w, https:\/\/etab.ac-reunion.fr\/lyc-antoine-roussin\/wp-content\/uploads\/sites\/92\/2026\/01\/photo-classe-2025-2026-768x576.jpg 768w, https:\/\/etab.ac-reunion.fr\/lyc-antoine-roussin\/wp-content\/uploads\/sites\/92\/2026\/01\/photo-classe-2025-2026-150x113.jpg 150w, https:\/\/etab.ac-reunion.fr\/lyc-antoine-roussin\/wp-content\/uploads\/sites\/92\/2026\/01\/photo-classe-2025-2026.jpg 1280w\" sizes=\"auto, (max-width: 1024px) 100vw, 1024px\" \/><\/figure>\n\n\n\n<p><\/p>\n\n\n\n<p><strong>Intitul\u00e9 du dispositif :<\/strong>&nbsp;\u00ab\u00a0Sur la voix de l&rsquo;excellence\u00a0\u00bb<\/p>\n\n\n\n<p><strong>Public concern\u00e9 :<\/strong>&nbsp;effectif de 10 \u00e9l\u00e8ves de terminales STMG s\u00e9lectionn\u00e9s \u00e0 la fin de l&rsquo;ann\u00e9e pr\u00e9c\u00e9dente dans les classes 1\u00e8re STMG sur leurs bulletins.&nbsp;<\/p>\n\n\n\n<p><strong>Objectifs :\u00a0<\/strong>satisfaire un\u00a0besoin d\u2019ouverture culturelle du fait de l\u2019insularit\u00e9 et des conditions socio-\u00e9conomiques. <\/p>\n\n\n\n<p>Le projet concerne des \u00e9l\u00e8ves \u00e9voluant dans une fili\u00e8re n\u00e9cessitant plus d\u2019ouverture dans le monde des affaires, de l\u2019entreprise. La question soulev\u00e9e par ce projet est la suivante\u00a0: Comment favoriser l\u2019ouverture culturelle pour ces \u00e9l\u00e8ves et par cons\u00e9quent leur donner des outils de r\u00e9ussites dans leurs projets de poursuite d\u2019\u00e9tudes post-bac et, au del\u00e0, dans leur projet professionnel\u00a0?<\/p>\n\n\n\n<p>Pour atteindre ces objectifs, nous avons mis en place :<\/p>\n\n\n\n<ul class=\"wp-block-list\">\n<li> un <strong>atelier sur des th\u00e9matiques diverses<\/strong> (IA, l\u2019\u00e9cologie, g\u00e9opolitique, la culture, l\u2019\u00e9conomie\u2026) anim\u00e9s par une \u00e9quipe d\u2019enseignants et d\u2019intervenants externes ;<\/li>\n\n\n\n<li>la possibilit\u00e9 d&rsquo;assister \u00e0 des s\u00e9minaires ;<\/li>\n\n\n\n<li>de l&rsquo;aide \u00e0 l&rsquo;orientation dans des fili\u00e8res d&rsquo;excellence post-bac&#8230; ;<\/li>\n<\/ul>\n\n\n\n<p>Ces actions seront ponctu\u00e9es par un projet de voyage p\u00e9dagogique destin\u00e9 \u00e0 d\u00e9couvrir des institutions culturelles et politiques, mais aussi \u00e0 effectuer des \u00e9changes dans le cadre de partenariat \u00e0 l&rsquo;\u00e9chelle europ\u00e9enne.<\/p>\n\n\n\n<p><em>Mor Diome<\/em><\/p>\n\n\n\n<figure class=\"wp-block-gallery has-nested-images columns-default is-cropped wp-block-gallery-1 is-layout-flex wp-block-gallery-is-layout-flex\">\n<figure class=\"wp-block-image size-large\"><img loading=\"lazy\" decoding=\"async\" width=\"1024\" height=\"768\" data-id=\"14091\" src=\"https:\/\/etab.ac-reunion.fr\/lyc-antoine-roussin\/wp-content\/uploads\/sites\/92\/2026\/01\/photo-2-classe-2025-2026-1024x768.jpg\" alt=\"\" class=\"wp-image-14091\" srcset=\"https:\/\/etab.ac-reunion.fr\/lyc-antoine-roussin\/wp-content\/uploads\/sites\/92\/2026\/01\/photo-2-classe-2025-2026-1024x768.jpg 1024w, https:\/\/etab.ac-reunion.fr\/lyc-antoine-roussin\/wp-content\/uploads\/sites\/92\/2026\/01\/photo-2-classe-2025-2026-300x225.jpg 300w, https:\/\/etab.ac-reunion.fr\/lyc-antoine-roussin\/wp-content\/uploads\/sites\/92\/2026\/01\/photo-2-classe-2025-2026-768x576.jpg 768w, https:\/\/etab.ac-reunion.fr\/lyc-antoine-roussin\/wp-content\/uploads\/sites\/92\/2026\/01\/photo-2-classe-2025-2026-150x113.jpg 150w, https:\/\/etab.ac-reunion.fr\/lyc-antoine-roussin\/wp-content\/uploads\/sites\/92\/2026\/01\/photo-2-classe-2025-2026.jpg 1280w\" sizes=\"auto, (max-width: 1024px) 100vw, 1024px\" \/><\/figure>\n\n\n\n<figure class=\"wp-block-image size-large\"><img loading=\"lazy\" decoding=\"async\" width=\"1024\" height=\"768\" data-id=\"14093\" src=\"https:\/\/etab.ac-reunion.fr\/lyc-antoine-roussin\/wp-content\/uploads\/sites\/92\/2026\/01\/photo-3-classe-2025-2026-1024x768.jpg\" alt=\"\" class=\"wp-image-14093\" srcset=\"https:\/\/etab.ac-reunion.fr\/lyc-antoine-roussin\/wp-content\/uploads\/sites\/92\/2026\/01\/photo-3-classe-2025-2026-1024x768.jpg 1024w, https:\/\/etab.ac-reunion.fr\/lyc-antoine-roussin\/wp-content\/uploads\/sites\/92\/2026\/01\/photo-3-classe-2025-2026-300x225.jpg 300w, https:\/\/etab.ac-reunion.fr\/lyc-antoine-roussin\/wp-content\/uploads\/sites\/92\/2026\/01\/photo-3-classe-2025-2026-768x576.jpg 768w, https:\/\/etab.ac-reunion.fr\/lyc-antoine-roussin\/wp-content\/uploads\/sites\/92\/2026\/01\/photo-3-classe-2025-2026-150x113.jpg 150w, https:\/\/etab.ac-reunion.fr\/lyc-antoine-roussin\/wp-content\/uploads\/sites\/92\/2026\/01\/photo-3-classe-2025-2026.jpg 1280w\" sizes=\"auto, (max-width: 1024px) 100vw, 1024px\" \/><\/figure>\n\n\n\n<figure class=\"wp-block-image size-large\"><img loading=\"lazy\" decoding=\"async\" width=\"1024\" height=\"768\" data-id=\"14092\" src=\"https:\/\/etab.ac-reunion.fr\/lyc-antoine-roussin\/wp-content\/uploads\/sites\/92\/2026\/01\/photo-classe-4-2025-2026-1024x768.jpg\" alt=\"\" class=\"wp-image-14092\" srcset=\"https:\/\/etab.ac-reunion.fr\/lyc-antoine-roussin\/wp-content\/uploads\/sites\/92\/2026\/01\/photo-classe-4-2025-2026-1024x768.jpg 1024w, https:\/\/etab.ac-reunion.fr\/lyc-antoine-roussin\/wp-content\/uploads\/sites\/92\/2026\/01\/photo-classe-4-2025-2026-300x225.jpg 300w, https:\/\/etab.ac-reunion.fr\/lyc-antoine-roussin\/wp-content\/uploads\/sites\/92\/2026\/01\/photo-classe-4-2025-2026-768x576.jpg 768w, https:\/\/etab.ac-reunion.fr\/lyc-antoine-roussin\/wp-content\/uploads\/sites\/92\/2026\/01\/photo-classe-4-2025-2026-150x113.jpg 150w, https:\/\/etab.ac-reunion.fr\/lyc-antoine-roussin\/wp-content\/uploads\/sites\/92\/2026\/01\/photo-classe-4-2025-2026.jpg 1280w\" sizes=\"auto, (max-width: 1024px) 100vw, 1024px\" \/><\/figure>\n<\/figure>\n","protected":false},"excerpt":{"rendered":"<p>Hisser haut, mieux former pour mieux r\u00e9ussir ! Intitul\u00e9 du dispositif :&nbsp;\u00ab\u00a0Sur la voix de l&rsquo;excellence\u00a0\u00bb Public concern\u00e9 :&nbsp;effectif de 10 \u00e9l\u00e8ves de terminales STMG s\u00e9lectionn\u00e9s \u00e0 la fin de l&rsquo;ann\u00e9e pr\u00e9c\u00e9dente dans les classes 1\u00e8re STMG sur leurs bulletins.&nbsp; Objectifs :\u00a0satisfaire un\u00a0besoin d\u2019ouverture culturelle du fait de l\u2019insularit\u00e9 et&#8230;<\/p>\n<p class=\"continue-reading-button\"> <a class=\"continue-reading-link\" href=\"https:\/\/etab.ac-reunion.fr\/lyc-antoine-roussin\/parcours-dexcellence-stmg\/\">Lire la suite<i class=\"crycon-right-dir\"><\/i><\/a><\/p>\n","protected":false},"author":19389,"featured_media":0,"parent":0,"menu_order":0,"comment_status":"closed","ping_status":"closed","template":"","meta":{"footnotes":""},"class_list":["post-14089","page","type-page","status-publish","hentry"],"_links":{"self":[{"href":"https:\/\/etab.ac-reunion.fr\/lyc-antoine-roussin\/wp-json\/wp\/v2\/pages\/14089","targetHints":{"allow":["GET"]}}],"collection":[{"href":"https:\/\/etab.ac-reunion.fr\/lyc-antoine-roussin\/wp-json\/wp\/v2\/pages"}],"about":[{"href":"https:\/\/etab.ac-reunion.fr\/lyc-antoine-roussin\/wp-json\/wp\/v2\/types\/page"}],"author":[{"embeddable":true,"href":"https:\/\/etab.ac-reunion.fr\/lyc-antoine-roussin\/wp-json\/wp\/v2\/users\/19389"}],"replies":[{"embeddable":true,"href":"https:\/\/etab.ac-reunion.fr\/lyc-antoine-roussin\/wp-json\/wp\/v2\/comments?post=14089"}],"version-history":[{"count":4,"href":"https:\/\/etab.ac-reunion.fr\/lyc-antoine-roussin\/wp-json\/wp\/v2\/pages\/14089\/revisions"}],"predecessor-version":[{"id":14104,"href":"https:\/\/etab.ac-reunion.fr\/lyc-antoine-roussin\/wp-json\/wp\/v2\/pages\/14089\/revisions\/14104"}],"wp:attachment":[{"href":"https:\/\/etab.ac-reunion.fr\/lyc-antoine-roussin\/wp-json\/wp\/v2\/media?parent=14089"}],"curies":[{"name":"wp","href":"https:\/\/api.w.org\/{rel}","templated":true}]}}