{"id":145,"date":"2014-06-27T16:05:11","date_gmt":"2014-06-27T12:05:11","guid":{"rendered":"http:\/\/lycee-antoine-roussin-tmp.ac-reunion.fr\/?page_id=145"},"modified":"2024-10-09T21:07:55","modified_gmt":"2024-10-09T17:07:55","slug":"le-dcg-diplome-de-comptabilite-et-de-gestion","status":"publish","type":"page","link":"https:\/\/etab.ac-reunion.fr\/lyc-antoine-roussin\/le-dcg-diplome-de-comptabilite-et-de-gestion\/","title":{"rendered":"Licence DCG"},"content":{"rendered":"\n<p><\/p>\n\n\n\n<div class=\"wp-block-buttons is-layout-flex wp-block-buttons-is-layout-flex\">\n<div class=\"wp-block-button\"><a class=\"wp-block-button__link wp-element-button\" href=\"https:\/\/padlet.com\/profdcgroussinbrlt\/dcg-lyc-e-a-roussin-la-r-union-wrv2pkmr8lbzww8x\">Flasher le QRcode ou cliquer sur ce bouton <\/a><\/div>\n<\/div>\n\n\n\n<figure class=\"wp-block-image size-large\"><img loading=\"lazy\" decoding=\"async\" width=\"1024\" height=\"576\" src=\"https:\/\/etab.ac-reunion.fr\/lyc-antoine-roussin\/wp-content\/uploads\/sites\/92\/2023\/11\/Lycee-ANTOINE-ROUSSIN_page-0001-1024x576.jpg\" alt=\"\" class=\"wp-image-10225\" srcset=\"https:\/\/etab.ac-reunion.fr\/lyc-antoine-roussin\/wp-content\/uploads\/sites\/92\/2023\/11\/Lycee-ANTOINE-ROUSSIN_page-0001-1024x576.jpg 1024w, https:\/\/etab.ac-reunion.fr\/lyc-antoine-roussin\/wp-content\/uploads\/sites\/92\/2023\/11\/Lycee-ANTOINE-ROUSSIN_page-0001-300x169.jpg 300w, https:\/\/etab.ac-reunion.fr\/lyc-antoine-roussin\/wp-content\/uploads\/sites\/92\/2023\/11\/Lycee-ANTOINE-ROUSSIN_page-0001-768x432.jpg 768w, https:\/\/etab.ac-reunion.fr\/lyc-antoine-roussin\/wp-content\/uploads\/sites\/92\/2023\/11\/Lycee-ANTOINE-ROUSSIN_page-0001-1536x864.jpg 1536w, https:\/\/etab.ac-reunion.fr\/lyc-antoine-roussin\/wp-content\/uploads\/sites\/92\/2023\/11\/Lycee-ANTOINE-ROUSSIN_page-0001-2048x1152.jpg 2048w, https:\/\/etab.ac-reunion.fr\/lyc-antoine-roussin\/wp-content\/uploads\/sites\/92\/2023\/11\/Lycee-ANTOINE-ROUSSIN_page-0001-150x84.jpg 150w\" sizes=\"auto, (max-width: 1024px) 100vw, 1024px\" \/><\/figure>\n\n\n<\/p>\n<p>Le <strong>Dipl\u00f4me de Comptabilit\u00e9 et de Gestion<\/strong> (Licence DCG) est un dipl\u00f4me qui conf\u00e8re une <strong>Licence en 3 ans<\/strong>, il est compos\u00e9 de 13 \u00e9preuves (+ 1 \u00e9preuve facultative : LV2).<\/p>\n<p>Le dipl\u00f4me, s\u2019appuyant sur un <strong>programme national<\/strong>, correspond \u00e0 un <strong>niveau de qualification appr\u00e9ci\u00e9 des employeurs <\/strong>et offre des d\u00e9bouch\u00e9s professionnels clairement identifi\u00e9s dans <strong>les m\u00e9tiers de la comptabilit\u00e9<\/strong> et de <strong>la gestion des organisations.<\/strong><\/p>\n<p><strong>Trois ann\u00e9es de formation<\/strong>, en classe post-bac au lyc\u00e9e vous permettront :<\/p>\n<ul>\n<li><strong>D\u2019acqu\u00e9rir les comp\u00e9tences et connaissances<\/strong> n\u00e9cessaires pour exercer les m\u00e9tiers de collaborateur, d\u2019assistant qualifi\u00e9 et vous serez en mesure d\u2019effectuer toutes les t\u00e2ches inh\u00e9rentes \u00e0 un contr\u00f4leur de gestion ou un comptable, (de la mise en \u0153uvre de documents comptables, en passant par le management, la finance d\u2019entreprise, l\u2019utilisation de l\u2019Anglais des Affaires et les relations professionnelles, \u2026)<\/li>\n<\/ul>\n<ul>\n<li>De <strong>conna\u00eetre les lois en vigueur pour son activit\u00e9<\/strong> comptable et de gestionnaire : vous serez capable d\u2019appliquer le droit relatif aux soci\u00e9t\u00e9s, au social et au fiscal pour vos missions comptables et de gestion.<\/li>\n<\/ul>\n<ul>\n<li>D\u2019appr\u00e9hender les diff\u00e9rents syst\u00e8mes d\u2019informations de gestion : vous serez amen\u00e9 \u00e0 <strong>utiliser divers logiciels, outils et syst\u00e8mes d\u2019informations de gestion<\/strong> pour les utiliser correctement et \u00e0 bon escient.<\/li>\n<\/ul>\n<ul>\n<li>De r\u00e9aliser une <strong>exp\u00e9rience professionnelle<\/strong> dans le domaine de la comptabilit\u00e9 et de la gestion de l\u2019entreprise : <strong>votre insertion professionnelle sera facilit\u00e9e<\/strong> par votre qualification et votre exp\u00e9rience (<strong>stage en entreprise de 8 semaines<\/strong>).<\/li>\n<\/ul>\n<p><strong>Le DCG, un dipl\u00f4me Sup\u00e9rieur (Licence BAC+3) pour poursuivre ses \u00c9tudes<\/strong><\/p>\n<ul>\n<li>Le DCG (Licence) : <strong>1er niveau de la fili\u00e8re comptable sup\u00e9rieure<\/strong> vous permettant d\u2019acc\u00e9der ensuite :<\/li>\n<\/ul>\n<p>&#8211;\u00a0 Au <strong>Dipl\u00f4me Sup\u00e9rieur de Comptabilit\u00e9 et de Gestion<\/strong> (DSCG) &#8211; Master &#8211; BAC+5,<\/p>\n<p>&#8211;\u00a0 puis au <strong>Dipl\u00f4me d\u2019Expertise Comptable<\/strong> (DEC) &#8211; niveau Doctorat &#8211; BAC+8.<\/p>\n<ul>\n<li>Le DCG permet \u00e9galement de <strong>pr\u00e9parer d\u2019autres Masters<\/strong> dans les domaines de la gestion et de la finance.<\/li>\n<li>Un grand nombre <strong>d\u2019Ecoles Sup\u00e9rieures de Commerce<\/strong> recrutent des titulaires de dipl\u00f4me du second cycle tels que le DCG dans le cadre de concours d\u2019admission parall\u00e8le directement en 2\u00e8me ann\u00e9e d\u2019ESC.<\/li>\n<\/ul>\n<p>Le <strong>double dipl\u00f4me ESC + DCG est tr\u00e8s appr\u00e9ci\u00e9 des Professionnels<\/strong>.<\/p>\n<dl class=\"spip_document_976 spip_documents spip_documents_center\">\n<dt><\/dt>\n<dt class=\"crayon document-titre-976 spip_doc_titre\" style=\"width: 242px\"><\/dt>\n<\/dl>\n<p><a href=\"https:\/\/etab.ac-reunion.fr\/lyc-antoine-roussin\/wp-content\/uploads\/sites\/92\/2014\/06\/expertsup.com_.jpg\"><img loading=\"lazy\" decoding=\"async\" class=\" wp-image-147 aligncenter\" src=\"https:\/\/etab.ac-reunion.fr\/lyc-antoine-roussin\/wp-content\/uploads\/sites\/92\/2014\/06\/expertsup.com_.jpg\" alt=\"expertsup.com\" width=\"830\" height=\"1168\" srcset=\"https:\/\/etab.ac-reunion.fr\/lyc-antoine-roussin\/wp-content\/uploads\/sites\/92\/2014\/06\/expertsup.com_.jpg 590w, https:\/\/etab.ac-reunion.fr\/lyc-antoine-roussin\/wp-content\/uploads\/sites\/92\/2014\/06\/expertsup.com_-213x300.jpg 213w\" sizes=\"auto, (max-width: 830px) 100vw, 830px\" \/><\/a><\/p>\n<p><strong>Le DCG, un dipl\u00f4me reconnu par les Professionnels pour entrer dans la vie active<\/strong><\/p>\n<ul>\n<li>Le DCG permet <strong>d\u2019acc\u00e9der aux carri\u00e8res de la comptabilit\u00e9, de la finance, du contr\u00f4le de gestion, de l\u2019audit <\/strong>dans les secteurs suivants : expertise comptable, entreprise, banques, soci\u00e9t\u00e9s d\u2019assurance\u2026<\/li>\n<\/ul>\n<ul>\n<li>Les <strong>diff\u00e9rents emplois accessibles par le d\u00e9tenteur du dipl\u00f4me <\/strong>sont : collaborateur de cabinet d\u2019expertise comptable, collaborateur de cabinet de commissaire aux comptes, responsable comptable ou financier dans une PME, assistant dans un service administratif et financier d\u2019une grande structure.<\/li>\n<li>Enfin, il ne faut pas n\u00e9gliger les <strong>concours Niveau A (Cadres) de la fonction publique<\/strong> qui offrent une ou deux ann\u00e9es de formation pointue apr\u00e8s la r\u00e9ussite au concours (Tr\u00e9sor, Imp\u00f4ts, Banque de France, \u2026)<\/li>\n<\/ul>\n<p style=\"text-align: center\"><strong>Pour aller plus loin <\/strong><\/p>\n<p><em><strong>Le diaporama de la formation\u00a0 :\u00a0<\/strong><\/em><\/p>\n<p><a href=\"https:\/\/etab.ac-reunion.fr\/lyc-antoine-roussin\/wp-content\/uploads\/sites\/92\/2023\/11\/Presentation_DCG_2023-2024.pdf\">https:\/\/etab.ac-reunion.fr\/lyc-antoine-roussin\/wp-content\/uploads\/sites\/92\/2023\/11\/Presentation_DCG_2023-2024.pdf<\/a><\/p>\n<p><em><strong>T\u00e9moignages 2023<\/strong> :\u00a0<\/em><\/p>\n<p><strong><em>Mathilde<\/em><\/strong><\/p>\n<p><a href=\"https:\/\/podeduc.apps.education.fr\/video\/26238-le-diplome-comptabilite-gestion-au-lycee-antoine-roussin-de-saint-louis\/\">https:\/\/podeduc.apps.education.fr\/video\/26238-le-diplome-comptabilite-gestion-au-lycee-antoine-roussin-de-saint-louis\/<\/a><\/p>\n\n\n<p><em><strong>Brayan<\/strong><\/em><\/p>\n\n\n\n<p><a href=\"https:\/\/podeduc.apps.education.fr\/video\/26237-le-diplome-comptabilite-gestion-au-lycee-antoine-roussin-de-saint-louis\/\">https:\/\/podeduc.apps.education.fr\/video\/26237-le-diplome-comptabilite-gestion-au-lycee-antoine-roussin-de-saint-louis\/<\/a><\/p>\n\n\n\n<p><em><strong>Site du DCG R\u00e9union 974 <\/strong>: <\/em><\/p>\n\n\n\n<p><a href=\"https:\/\/sites.google.com\/view\/dcgreunion974\/\">https:\/\/sites.google.com\/view\/dcgreunion974\/<\/a><\/p>\n","protected":false},"excerpt":{"rendered":"<p>Le Dipl\u00f4me de Comptabilit\u00e9 et de Gestion (Licence DCG) est un dipl\u00f4me qui conf\u00e8re une Licence en 3 ans, il est compos\u00e9 de 13 \u00e9preuves (+ 1 \u00e9preuve facultative : LV2). Le dipl\u00f4me, s\u2019appuyant sur un programme national, correspond \u00e0 un niveau de qualification appr\u00e9ci\u00e9 des employeurs et offre des&#8230;<\/p>\n<p class=\"continue-reading-button\"> <a class=\"continue-reading-link\" href=\"https:\/\/etab.ac-reunion.fr\/lyc-antoine-roussin\/le-dcg-diplome-de-comptabilite-et-de-gestion\/\">Lire la suite<i class=\"crycon-right-dir\"><\/i><\/a><\/p>\n","protected":false},"author":19389,"featured_media":10141,"parent":0,"menu_order":0,"comment_status":"open","ping_status":"open","template":"","meta":{"footnotes":""},"class_list":["post-145","page","type-page","status-publish","has-post-thumbnail","hentry"],"_links":{"self":[{"href":"https:\/\/etab.ac-reunion.fr\/lyc-antoine-roussin\/wp-json\/wp\/v2\/pages\/145","targetHints":{"allow":["GET"]}}],"collection":[{"href":"https:\/\/etab.ac-reunion.fr\/lyc-antoine-roussin\/wp-json\/wp\/v2\/pages"}],"about":[{"href":"https:\/\/etab.ac-reunion.fr\/lyc-antoine-roussin\/wp-json\/wp\/v2\/types\/page"}],"author":[{"embeddable":true,"href":"https:\/\/etab.ac-reunion.fr\/lyc-antoine-roussin\/wp-json\/wp\/v2\/users\/19389"}],"replies":[{"embeddable":true,"href":"https:\/\/etab.ac-reunion.fr\/lyc-antoine-roussin\/wp-json\/wp\/v2\/comments?post=145"}],"version-history":[{"count":38,"href":"https:\/\/etab.ac-reunion.fr\/lyc-antoine-roussin\/wp-json\/wp\/v2\/pages\/145\/revisions"}],"predecessor-version":[{"id":12484,"href":"https:\/\/etab.ac-reunion.fr\/lyc-antoine-roussin\/wp-json\/wp\/v2\/pages\/145\/revisions\/12484"}],"wp:featuredmedia":[{"embeddable":true,"href":"https:\/\/etab.ac-reunion.fr\/lyc-antoine-roussin\/wp-json\/wp\/v2\/media\/10141"}],"wp:attachment":[{"href":"https:\/\/etab.ac-reunion.fr\/lyc-antoine-roussin\/wp-json\/wp\/v2\/media?parent=145"}],"curies":[{"name":"wp","href":"https:\/\/api.w.org\/{rel}","templated":true}]}}