{"id":173,"date":"2014-06-27T16:58:06","date_gmt":"2014-06-27T12:58:06","guid":{"rendered":"http:\/\/lycee-antoine-roussin-tmp.ac-reunion.fr\/?page_id=173"},"modified":"2024-09-19T23:30:53","modified_gmt":"2024-09-19T19:30:53","slug":"la-serie-stmg","status":"publish","type":"page","link":"https:\/\/etab.ac-reunion.fr\/lyc-antoine-roussin\/la-serie-stmg\/","title":{"rendered":"La s\u00e9rie STMG"},"content":{"rendered":"\n<p><strong><u>Sciences et Technologies du Management et de la Gestion<\/u><\/strong><\/p>\n\n\n<div class=\"wp-block-image\">\n<figure class=\"aligncenter size-full\"><img loading=\"lazy\" decoding=\"async\" width=\"253\" height=\"199\" src=\"https:\/\/etab.ac-reunion.fr\/lyc-antoine-roussin\/wp-content\/uploads\/sites\/92\/2024\/09\/economie-et-gestion.png\" alt=\"\" class=\"wp-image-11055\" srcset=\"https:\/\/etab.ac-reunion.fr\/lyc-antoine-roussin\/wp-content\/uploads\/sites\/92\/2024\/09\/economie-et-gestion.png 253w, https:\/\/etab.ac-reunion.fr\/lyc-antoine-roussin\/wp-content\/uploads\/sites\/92\/2024\/09\/economie-et-gestion-150x118.png 150w\" sizes=\"auto, (max-width: 253px) 100vw, 253px\" \/><\/figure>\n<\/div>\n\n\n<p><\/p>\n\n\n\n<figure class=\"wp-block-image size-large\"><img loading=\"lazy\" decoding=\"async\" width=\"1024\" height=\"219\" src=\"https:\/\/etab.ac-reunion.fr\/lyc-antoine-roussin\/wp-content\/uploads\/sites\/92\/2024\/09\/image-6-1024x219.png\" alt=\"\" class=\"wp-image-11328\" srcset=\"https:\/\/etab.ac-reunion.fr\/lyc-antoine-roussin\/wp-content\/uploads\/sites\/92\/2024\/09\/image-6-1024x219.png 1024w, https:\/\/etab.ac-reunion.fr\/lyc-antoine-roussin\/wp-content\/uploads\/sites\/92\/2024\/09\/image-6-300x64.png 300w, https:\/\/etab.ac-reunion.fr\/lyc-antoine-roussin\/wp-content\/uploads\/sites\/92\/2024\/09\/image-6-768x165.png 768w, https:\/\/etab.ac-reunion.fr\/lyc-antoine-roussin\/wp-content\/uploads\/sites\/92\/2024\/09\/image-6-1536x329.png 1536w, https:\/\/etab.ac-reunion.fr\/lyc-antoine-roussin\/wp-content\/uploads\/sites\/92\/2024\/09\/image-6-150x32.png 150w, https:\/\/etab.ac-reunion.fr\/lyc-antoine-roussin\/wp-content\/uploads\/sites\/92\/2024\/09\/image-6.png 1680w\" sizes=\"auto, (max-width: 1024px) 100vw, 1024px\" \/><\/figure>\n\n\n\n<p><\/p>\n\n\n\n<p class=\"has-vivid-cyan-blue-color has-text-color has-link-color wp-elements-4b83df3d2ae3b2fccd9b1157162a0af3\"><strong>S\u2019orienter en STMG \u2013 choisir cette voie technologique en premi\u00e8re et terminale &#8211; Pourquoi&nbsp;?<\/strong><\/p>\n\n\n\n<ul class=\"wp-block-list\">\n<li>Pour acqu\u00e9rir des connaissances en management, sciences de gestion, \u00e9conomie et droit<\/li>\n\n\n\n<li>Pour acqu\u00e9rir des comp\u00e9tences valoris\u00e9es sur le march\u00e9 du travail<\/li>\n\n\n\n<li>Pour poursuivre des \u00e9tudes sup\u00e9rieures diversifi\u00e9es, notamment dans le domaine des sciences de gestion<\/li>\n<\/ul>\n\n\n\n<p class=\"has-vivid-cyan-blue-color has-text-color has-link-color wp-elements-c823a5182ae5de84f217538ba94e2987\"><strong>Pour qui&nbsp;?<\/strong><\/p>\n\n\n\n<p class=\"has-light-green-cyan-background-color has-background\">Cette formation s\u2019adresse \u00e0 tous les \u00e9l\u00e8ves int\u00e9ress\u00e9s par le fonctionnement et la gestion d\u2019une organisation, par les m\u00e9canismes \u00e9conomiques, par les principes juridiques. Elle permet de cerner l\u2019environnement \u00e9conomique, juridique dans lequel nous \u00e9voluons.&nbsp;<\/p>\n\n\n\n<p class=\"has-vivid-cyan-blue-color has-text-color has-link-color wp-elements-668b4df1a9027fb5130114ce9866b348\"><strong>Contenu de la formation&nbsp;<\/strong><\/p>\n\n\n\n<p class=\"has-vivid-green-cyan-color has-text-color has-link-color wp-elements-9556a25d16efb9683a4f3967cedd47ec\"><strong>Classes de Premi\u00e8re \/ Enseignements obligatoires<\/strong><\/p>\n\n\n\n<figure class=\"wp-block-table\"><table class=\"has-background has-fixed-layout\" style=\"background-color:#abb7c21f\"><tbody><tr><td><strong>Disciplines<\/strong><\/td><td><strong>Horaires<\/strong><\/td><\/tr><tr><td><br><br>Sciences de gestion<br>Langues vivantes 1 et 2&nbsp;<br>+ ETLV (Enseignement technologique en LV)<br>\u00c9conomie-droit<br><br>Fran\u00e7ais<br>Math\u00e9matiques<br>Management des organisations<br>\u00c9ducation physique et sportive&nbsp;<br>Histoire-g\u00e9ographie<br>Accompagnement personnalis\u00e9<br><br><\/td><td><br><br>7 h<br>4 h (2H+2H)<br>1H<br>4 h<br><br>3 h<br>2 h<br>4 h 00<br>2 h<br>2 h<br>1.5 h<br><br><br><\/td><\/tr><\/tbody><\/table><\/figure>\n\n\n\n<p class=\"has-vivid-green-cyan-color has-text-color has-link-color wp-elements-e4b3e4d6119d9a48db997244d8c98ffe\"><strong>Classes de Premi\u00e8re \/ Enseignements facultatifs<\/strong><\/p>\n\n\n\n<figure class=\"wp-block-table\"><table class=\"has-background has-fixed-layout\" style=\"background-color:#e1edf71f\"><tbody><tr><td><strong>Disciplines<\/strong><\/td><td><strong>Horaires<\/strong><\/td><\/tr><tr><td><strong>Deux enseignements au plus parmi les suivants<\/strong>&nbsp;:<br>&#8211; \u00c9ducation physique et sportive (UNSS)<br>&#8211; Arts ( th\u00e9\u00e2tre)<br><\/td><td>&nbsp;<br>3 h (mercredi apr\u00e8s midi)<br>3 h<br><br><\/td><\/tr><\/tbody><\/table><\/figure>\n\n\n\n<p class=\"has-luminous-vivid-amber-color has-text-color has-link-color wp-elements-5226aeb5f71f1a481c6d4128e89a284e\"><strong>Classe Terminale : enseignements obligatoires communs<\/strong><\/p>\n\n\n\n<figure class=\"wp-block-table\"><table class=\"has-background has-fixed-layout\" style=\"background-color:#abb7c224\"><tbody><tr><td>D<strong>isciplines<\/strong><\/td><td><strong>Horaires<\/strong><\/td><\/tr><tr><td>Langues vivantes 1 et 2&nbsp;<br>ETLV<br>\u00c9conomie-droit<br>Management, Sciences de gestion et num\u00e9rique<br>\u00c9ducation physique et sportive&nbsp;<br>Histoire-g\u00e9ographie<br>Math\u00e9matiques<br>Philosophie<br>Accompagnement personnalis\u00e9<br><\/td><td>5 h<br>1 h<br>6 h<br>6 h<br>2 h<br>2 h<br>3 h<br>2 h<br>1.5 h<br><\/td><\/tr><\/tbody><\/table><\/figure>\n\n\n\n<p class=\"has-luminous-vivid-amber-color has-text-color has-link-color wp-elements-4fc56f251b433b0c1db85f346e6a7310\"><strong>Classe Terminale : enseignements obligatoires sp\u00e9cifiques<\/strong><\/p>\n\n\n\n<figure class=\"wp-block-table\"><table class=\"has-background has-fixed-layout\" style=\"background-color:#abb7c21f\"><tbody><tr><td><strong>Disciplines<\/strong><\/td><td><strong>Horaires<\/strong><\/td><\/tr><tr><td><strong>Un enseignement sp\u00e9cifique selon la sp\u00e9cialit\u00e9 retenue parmi les enseignements suivants&nbsp;:<br><\/strong>&#8211; Gestion et finance<br>&#8211; Mercatique (marketing)<br>&#8211; Ressources humaines et communication<\/td><td>4 h<br><\/td><\/tr><\/tbody><\/table><\/figure>\n\n\n\n<p class=\"has-luminous-vivid-amber-color has-text-color has-link-color wp-elements-61e3da00c9add45d0aca9b0baba58fb9\"><strong>Classe Terminale : enseignements facultatifs<\/strong><\/p>\n\n\n\n<figure class=\"wp-block-table\"><table class=\"has-background has-fixed-layout\" style=\"background-color:#abb7c224\"><tbody><tr><td><strong>Disciplines<\/strong><\/td><td><strong>Horaires<\/strong><\/td><\/tr><tr><td><strong>Deux enseignements au plus parmi les suivants :<br><\/strong>&#8211; \u00c9ducation physique et sportive (UNSS)<br>&#8211; Arts ( th\u00e9\u00e2tre)<br><\/td><td><br>3 h (mercredi apr\u00e8s midi)<br>3 h<br><br><\/td><\/tr><\/tbody><\/table><\/figure>\n\n\n\n<p><em>Pour en savoir plus sur le&nbsp;programme et les ressources en STMG :<\/em><\/p>\n\n\n\n<div class=\"wp-block-buttons is-layout-flex wp-block-buttons-is-layout-flex\">\n<div class=\"wp-block-button\"><a class=\"wp-block-button__link wp-element-button\">Eduscol<\/a><\/div>\n<\/div>\n\n\n\n<p><\/p>\n\n\n\n<p class=\"has-white-background-color has-background\"><strong>\u00ab&nbsp;Les diff\u00e9rents enseignements relevant du champ de l\u2019\u00e9conomie et gestion contribuent \u00e0 la formation des \u00e9l\u00e8ves et \u00e0 leur compr\u00e9hension du fonctionnement des organisations.<\/strong><\/p>\n\n\n\n<p class=\"has-luminous-vivid-amber-background-color has-background\">\u2022 <strong>Droit et \u00e9conomie<\/strong> <\/p>\n\n\n\n<p class=\"has-white-background-color has-background\">L&rsquo;objectif de cet enseignement est de former des \u00e9l\u00e8ves conscients des r\u00e8gles et des m\u00e9canismes \u00e9conomiques et juridiques qui r\u00e9gissent le fonctionnement des organisations et de la soci\u00e9t\u00e9. Cet enseignement, qui prend en compte les \u00e9volutions juridiques et \u00e9conomiques les plus significatives (transition \u00e9nerg\u00e9tique, nouvelles formes de monnaie, \u00e9conomie sociale et solidaire, etc.), a une forte dimension citoyenne.<\/p>\n\n\n\n<p class=\"has-luminous-vivid-amber-background-color has-background\">\u2022 <strong>Management<\/strong> : <\/p>\n\n\n\n<p class=\"has-white-background-color has-background\">Les \u00e9l\u00e8ves sont initi\u00e9s au fonctionnement des entreprises, des organisations publiques et des associations. L\u2019ancrage scientifique de cet enseignement est renforc\u00e9 en faisant davantage de place aux dimensions strat\u00e9giques et op\u00e9rationnelles du management et en abordant le management sous l\u2019angle d\u2019une \u00ab science de l\u2019action collective \u00bb.<\/p>\n\n\n\n<p class=\"has-luminous-vivid-amber-background-color has-background\">&nbsp;\u2022 <strong>Sciences de gestion et num\u00e9rique<\/strong> : <\/p>\n\n\n\n<p class=\"has-white-background-color has-background\">Les sciences de gestion \u00e9tudient le fonctionnement des organisations. Cet enseignement est fond\u00e9 sur l\u2019observation, l\u2019analyse, la conceptualisation et l\u2019interpr\u00e9tation de cas d\u2019entreprises. Il s\u2019appuie sur des situations r\u00e9elles et mobilise les outils et ressources num\u00e9riques adapt\u00e9s. L\u00e0 encore, l\u2019ancrage scientifique et analytique est renforc\u00e9 notamment en montrant l\u2019\u00e9volution des pratiques de gestion en fonction des \u00e9volutions techniques et soci\u00e9tales.<\/p>\n\n\n\n<p class=\"has-background\" style=\"background-color:#f9e6b2\">&nbsp;En classe de terminale, les enseignements de sp\u00e9cialit\u00e9 management, et sciences de gestion et num\u00e9rique sont fusionn\u00e9s pour donner un enseignement de sp\u00e9cialit\u00e9 management, sciences de gestion et num\u00e9rique. Cet enseignement de sp\u00e9cialit\u00e9 est compos\u00e9 d\u2019une partie commune pour tous les \u00e9l\u00e8ves et de quatre enseignements sp\u00e9cifiques. L\u2019\u00e9l\u00e8ve en choisit un parmi : ressources humaines et communication, gestion et finance, mercatique (marketing), syst\u00e8mes d\u2019information de gestion.&nbsp;\u00bb<\/p>\n\n\n\n<p class=\"has-white-background-color has-background\"><em>Source&nbsp;: IGESR<\/em><\/p>\n\n\n\n<p class=\"has-vivid-cyan-blue-color has-text-color has-link-color wp-elements-55b3cdfc95cc38f4475381de59d13dbb\"><strong>Poursuite d\u2019\u00e9tudes&nbsp;:<\/strong><\/p>\n\n\n\n<ul class=\"wp-block-list has-pale-cyan-blue-background-color has-background\">\n<li><strong>BTS (Bac +2)<\/strong> <\/li>\n<\/ul>\n\n\n\n<ul class=\"wp-block-list has-pale-cyan-blue-background-color has-background\">\n<li><strong>BUT&nbsp;: Bac + 3<\/strong><\/li>\n<\/ul>\n\n\n\n<p><\/p>\n\n\n\n<div class=\"wp-block-buttons is-layout-flex wp-block-buttons-is-layout-flex\">\n<div class=\"wp-block-button\"><a class=\"wp-block-button__link wp-element-button\" href=\"https:\/\/www.onisep.fr\/formation\/apres-le-bac-les-etudes-superieures\/apres-un-bac-techno\/que-faire-apres-le-bac-stmg\/les-bts-et-but-apres-le-bac-stmg\">Cliquer pour consulter le site de l&rsquo;Onisep sur BTS et BUT apr\u00e8s le Bac STMG<\/a><\/div>\n<\/div>\n\n\n\n<p><\/p>\n\n\n\n<ul class=\"wp-block-list has-pale-cyan-blue-background-color has-background\">\n<li><strong>DCG<\/strong>&nbsp;<strong>(Bac +3)<\/strong> : le DCG accueille des \u00e9l\u00e8ves de fili\u00e8re g\u00e9n\u00e9rale et de fili\u00e8re STMG <\/li>\n<\/ul>\n\n\n\n<p>Poursuite d\u2019\u00e9tude possible en DSCG (Bac+5) puis DEC (Bac + 8) pour devenir Expert-comptable<\/p>\n\n\n\n<div class=\"wp-block-buttons is-layout-flex wp-block-buttons-is-layout-flex\">\n<div class=\"wp-block-button\"><a class=\"wp-block-button__link wp-element-button\" href=\"https:\/\/www.onisep.fr\/ressources\/univers-formation\/formations\/post-bac\/diplome-de-comptabilite-et-de-gestion\">Cliquez pour consulter le site de l&rsquo;Onisep sur le DCG<\/a><\/div>\n<\/div>\n\n\n\n<p><\/p>\n\n\n\n<ul class=\"wp-block-list has-pale-cyan-blue-background-color has-background\">\n<li><strong>CPGE ECT<\/strong>&nbsp;: classe pr\u00e9paratoire \u00e9conomique et commerciale \u2013 voie technologique \u2013 pour int\u00e9grer des grandes \u00e9coles de management<\/li>\n<\/ul>\n\n\n\n<p>Remarque&nbsp;: Possibilit\u00e9 \u00e9galement d\u2019int\u00e9grer ces \u00e9coles par admission parall\u00e8le \u00e0 niveau Bac + 2 ou niveau Bac + 3<\/p>\n\n\n\n<p><\/p>\n\n\n\n<div class=\"wp-block-buttons is-layout-flex wp-block-buttons-is-layout-flex\">\n<div class=\"wp-block-button\"><a class=\"wp-block-button__link wp-element-button\" href=\"https:\/\/www.onisep.fr\/formation\/apres-le-bac-les-etudes-superieures\/les-principales-filieres-d-etudes-superieures\/les-cpge-classes-preparatoires-aux-grandes-ecoles\/les-prepas-economiques-et-commerciales\/la-prepa-ect-economique-et-commerciale-technologique\">Cliquez pour consulter le site de l&rsquo;Onisep sur la CPGE ECT<\/a><\/div>\n<\/div>\n\n\n\n<p><\/p>\n\n\n\n<ul class=\"wp-block-list has-pale-cyan-blue-background-color has-background\">\n<li><strong>Licence universitaire (Bac+3) puis master (Bac+5)<\/strong> : licence AES, licence \u00e9conomie et gestion etc. <\/li>\n<\/ul>\n\n\n\n<p><strong>Perspectives professionnelles<\/strong><\/p>\n\n\n\n<p><\/p>\n\n\n\n<p>La voie technologique pr\u00e9pare \u00e0 de nombreux m\u00e9tiers \u00e0 niveau Bac, Bac + 2, Bac +3 ou Bac +5<\/p>\n\n\n\n<p><em>Pour en savoir plus : <\/em><\/p>\n\n\n\n<div class=\"wp-block-buttons is-layout-flex wp-block-buttons-is-layout-flex\">\n<div class=\"wp-block-button\"><a class=\"wp-block-button__link wp-element-button\">Cliquez pour consulter le site de l&rsquo;Onisep sur la s\u00e9rie STMG<\/a><\/div>\n<\/div>\n\n\n\n<p><\/p>\n\n\n\n<p><\/p>\n","protected":false},"excerpt":{"rendered":"<p>Sciences et Technologies du Management et de la Gestion S\u2019orienter en STMG \u2013 choisir cette voie technologique en premi\u00e8re et terminale &#8211; Pourquoi&nbsp;? Pour qui&nbsp;? Cette formation s\u2019adresse \u00e0 tous les \u00e9l\u00e8ves int\u00e9ress\u00e9s par le fonctionnement et la gestion d\u2019une organisation, par les m\u00e9canismes \u00e9conomiques, par les principes juridiques. Elle&#8230;<\/p>\n<p class=\"continue-reading-button\"> <a class=\"continue-reading-link\" href=\"https:\/\/etab.ac-reunion.fr\/lyc-antoine-roussin\/la-serie-stmg\/\">Lire la suite<i class=\"crycon-right-dir\"><\/i><\/a><\/p>\n","protected":false},"author":19389,"featured_media":11062,"parent":0,"menu_order":0,"comment_status":"open","ping_status":"open","template":"","meta":{"footnotes":""},"class_list":["post-173","page","type-page","status-publish","has-post-thumbnail","hentry"],"_links":{"self":[{"href":"https:\/\/etab.ac-reunion.fr\/lyc-antoine-roussin\/wp-json\/wp\/v2\/pages\/173","targetHints":{"allow":["GET"]}}],"collection":[{"href":"https:\/\/etab.ac-reunion.fr\/lyc-antoine-roussin\/wp-json\/wp\/v2\/pages"}],"about":[{"href":"https:\/\/etab.ac-reunion.fr\/lyc-antoine-roussin\/wp-json\/wp\/v2\/types\/page"}],"author":[{"embeddable":true,"href":"https:\/\/etab.ac-reunion.fr\/lyc-antoine-roussin\/wp-json\/wp\/v2\/users\/19389"}],"replies":[{"embeddable":true,"href":"https:\/\/etab.ac-reunion.fr\/lyc-antoine-roussin\/wp-json\/wp\/v2\/comments?post=173"}],"version-history":[{"count":40,"href":"https:\/\/etab.ac-reunion.fr\/lyc-antoine-roussin\/wp-json\/wp\/v2\/pages\/173\/revisions"}],"predecessor-version":[{"id":11450,"href":"https:\/\/etab.ac-reunion.fr\/lyc-antoine-roussin\/wp-json\/wp\/v2\/pages\/173\/revisions\/11450"}],"wp:featuredmedia":[{"embeddable":true,"href":"https:\/\/etab.ac-reunion.fr\/lyc-antoine-roussin\/wp-json\/wp\/v2\/media\/11062"}],"wp:attachment":[{"href":"https:\/\/etab.ac-reunion.fr\/lyc-antoine-roussin\/wp-json\/wp\/v2\/media?parent=173"}],"curies":[{"name":"wp","href":"https:\/\/api.w.org\/{rel}","templated":true}]}}