{"id":179,"date":"2024-09-27T17:08:00","date_gmt":"2024-09-27T13:08:00","guid":{"rendered":"http:\/\/lycee-antoine-roussin-tmp.ac-reunion.fr\/?page_id=179"},"modified":"2024-09-27T17:07:28","modified_gmt":"2024-09-27T13:07:28","slug":"presentation","status":"publish","type":"page","link":"https:\/\/etab.ac-reunion.fr\/lyc-antoine-roussin\/le-lycee\/presentation\/","title":{"rendered":"Pr\u00e9sentation"},"content":{"rendered":"\n<div class=\"wp-block-media-text is-stacked-on-mobile\"><figure class=\"wp-block-media-text__media\"><img loading=\"lazy\" decoding=\"async\" width=\"1024\" height=\"768\" src=\"https:\/\/etab.ac-reunion.fr\/lyc-antoine-roussin\/wp-content\/uploads\/sites\/92\/2024\/09\/IMG_3482-1024x768.jpg\" alt=\"\" class=\"wp-image-11481 size-full\" srcset=\"https:\/\/etab.ac-reunion.fr\/lyc-antoine-roussin\/wp-content\/uploads\/sites\/92\/2024\/09\/IMG_3482-1024x768.jpg 1024w, https:\/\/etab.ac-reunion.fr\/lyc-antoine-roussin\/wp-content\/uploads\/sites\/92\/2024\/09\/IMG_3482-300x225.jpg 300w, https:\/\/etab.ac-reunion.fr\/lyc-antoine-roussin\/wp-content\/uploads\/sites\/92\/2024\/09\/IMG_3482-768x576.jpg 768w, https:\/\/etab.ac-reunion.fr\/lyc-antoine-roussin\/wp-content\/uploads\/sites\/92\/2024\/09\/IMG_3482-1536x1152.jpg 1536w, https:\/\/etab.ac-reunion.fr\/lyc-antoine-roussin\/wp-content\/uploads\/sites\/92\/2024\/09\/IMG_3482-2048x1536.jpg 2048w, https:\/\/etab.ac-reunion.fr\/lyc-antoine-roussin\/wp-content\/uploads\/sites\/92\/2024\/09\/IMG_3482-150x113.jpg 150w\" sizes=\"auto, (max-width: 1024px) 100vw, 1024px\" \/><\/figure><div class=\"wp-block-media-text__content\">\n<p class=\"has-text-align-center has-large-font-size\">Le lyc\u00e9e Antoine Roussin<\/p>\n<\/div><\/div>\n\n\n\n<p><\/p>\n\n\n\n<p><\/p>\n\n\n\n<p>Lyc\u00e9e g\u00e9n\u00e9ral et technologique, le lyc\u00e9e Antoine Roussin accueille des \u00e9l\u00e8ves de Saint Louis et des environs. A travers la mise en \u0153uvre de son projet d\u2019\u00e9tablissement, le lyc\u00e9e Antoine Roussin veut aller vers plus d\u2019\u00e9galit\u00e9 et plus de solidarit\u00e9 pour et entre les \u00e9l\u00e8ves, pour et entre les personnels. La mise en \u0153uvre du projet doit permettre \u00e0 chaque \u00e9l\u00e8ve de r\u00e9ussir son projet personnel et d\u2019acqu\u00e9rir autonomie et sens des responsabilit\u00e9s, en d\u00e9veloppant des attitudes citoyennes et en s\u2019appuyant sur un important volet culturel.<\/p>\n\n\n\n<p>Le lyc\u00e9e Antoine Roussin est situ\u00e9 \u00e0 2 km du centre ville de Saint Louis, \u00e0 10 km de Saint Pierre, sur la Route des Makes (rue Leconte de Lisle). Il est ouvert de 7 h 30 \u00e0 17 h. Les \u00e9l\u00e8ves et \u00e9tudiants sont accueillis&nbsp;:<\/p>\n\n\n\n<ul class=\"wp-block-list\">\n<li>Soit en qualit\u00e9 d\u2019externes ou de demi-pensionnaires<\/li>\n\n\n\n<li>Soit \u00e0 l\u2019<strong>internat<\/strong>.<\/li>\n<\/ul>\n\n\n\n<h3 class=\"wp-block-heading\"><\/h3>\n\n\n<div class=\"titre\">\n<h2 class=\"crayon article-titre-1  crayon-init crayon-autorise\"><a href=\"https:\/\/etab.ac-reunion.fr\/lyc-antoine-roussin\/wp-content\/uploads\/sites\/92\/2019\/08\/5P1A3418.jpg\"><img loading=\"lazy\" decoding=\"async\" class=\"alignright  wp-image-6048\" src=\"https:\/\/etab.ac-reunion.fr\/lyc-antoine-roussin\/wp-content\/uploads\/sites\/92\/2019\/08\/5P1A3418-1024x417.jpg\" alt=\"\" width=\"862\" height=\"351\" srcset=\"https:\/\/etab.ac-reunion.fr\/lyc-antoine-roussin\/wp-content\/uploads\/sites\/92\/2019\/08\/5P1A3418-1024x417.jpg 1024w, https:\/\/etab.ac-reunion.fr\/lyc-antoine-roussin\/wp-content\/uploads\/sites\/92\/2019\/08\/5P1A3418-300x122.jpg 300w, https:\/\/etab.ac-reunion.fr\/lyc-antoine-roussin\/wp-content\/uploads\/sites\/92\/2019\/08\/5P1A3418-150x61.jpg 150w\" sizes=\"auto, (max-width: 862px) 100vw, 862px\" \/><\/a><\/h2>\n<h2 class=\"crayon article-titre-1  crayon-init crayon-autorise\">\u00a0<\/h2>\n<h2>\u00a0<\/h2>\n<h2>\u00a0<\/h2>\n<h2>\u00a0<\/h2>\n<h2>\u00a0<\/h2>\n<h2>\u00a0<\/h2>\n<\/div>\n\n\n<\/p>\n<h3 class=\"wp-block-heading\">Historique<\/h3>\n<p>\n\n\n\n<\/p>\n<p>Les premiers lyc\u00e9ens de Saint-Louis s\u2019installent, en 1960, dans un b\u00e2timent neuf de six \u00e9tages construit dans le quartier de <em>Roches Maigres<\/em>. A cette \u00e9poque, coll\u00e9giens et lyc\u00e9ens appartiennent \u00e0 la m\u00eame structure\u00a0; cette derni\u00e8re accueille des \u00e9l\u00e8ves d\u2019un secteur s\u2019\u00e9tendant de Saint-Leu aux abords du Tampon, les lyc\u00e9es les plus proches \u00e9tant \u00e0 Saint-Paul, \u00e0 Saint-Pierre et au Tampon.<\/p>\n<p>\n\n\n\n<\/p>\n<p>En 1990, le lyc\u00e9e actuel ouvre ses portes, sur le m\u00eame site de <em>Roches Maigres<\/em>, l\u2019ancien b\u00e2timent \u00e9tant transform\u00e9 en internat. Tandis que la cit\u00e9 scolaire prend sa configuration actuelle, le lyc\u00e9e d\u2019enseignement g\u00e9n\u00e9ral et technologique s\u2019enrichit d\u2019un <strong>amphith\u00e9\u00e2tre<\/strong>, puis d\u2019un <strong>r\u00e9fectoire tr\u00e8s moderne et fonctionnel<\/strong>.<\/p>\n<p>\n\n\n<\/p>\n\n\n<p><\/p>\n\n\n<div class=\"crayon article-texte-1 texte crayon-init crayon-autorise crayon-hover\">\u00a0<\/div>","protected":false},"excerpt":{"rendered":"<p>Le lyc\u00e9e Antoine Roussin Lyc\u00e9e g\u00e9n\u00e9ral et technologique, le lyc\u00e9e Antoine Roussin accueille des \u00e9l\u00e8ves de Saint Louis et des environs. A travers la mise en \u0153uvre de son projet d\u2019\u00e9tablissement, le lyc\u00e9e Antoine Roussin veut aller vers plus d\u2019\u00e9galit\u00e9 et plus de solidarit\u00e9 pour et entre les \u00e9l\u00e8ves, pour&#8230;<\/p>\n<p class=\"continue-reading-button\"> <a class=\"continue-reading-link\" href=\"https:\/\/etab.ac-reunion.fr\/lyc-antoine-roussin\/le-lycee\/presentation\/\">Lire la suite<i class=\"crycon-right-dir\"><\/i><\/a><\/p>\n","protected":false},"author":19389,"featured_media":6066,"parent":20,"menu_order":0,"comment_status":"closed","ping_status":"open","template":"","meta":{"footnotes":""},"class_list":["post-179","page","type-page","status-publish","has-post-thumbnail","hentry"],"_links":{"self":[{"href":"https:\/\/etab.ac-reunion.fr\/lyc-antoine-roussin\/wp-json\/wp\/v2\/pages\/179","targetHints":{"allow":["GET"]}}],"collection":[{"href":"https:\/\/etab.ac-reunion.fr\/lyc-antoine-roussin\/wp-json\/wp\/v2\/pages"}],"about":[{"href":"https:\/\/etab.ac-reunion.fr\/lyc-antoine-roussin\/wp-json\/wp\/v2\/types\/page"}],"author":[{"embeddable":true,"href":"https:\/\/etab.ac-reunion.fr\/lyc-antoine-roussin\/wp-json\/wp\/v2\/users\/19389"}],"replies":[{"embeddable":true,"href":"https:\/\/etab.ac-reunion.fr\/lyc-antoine-roussin\/wp-json\/wp\/v2\/comments?post=179"}],"version-history":[{"count":12,"href":"https:\/\/etab.ac-reunion.fr\/lyc-antoine-roussin\/wp-json\/wp\/v2\/pages\/179\/revisions"}],"predecessor-version":[{"id":11525,"href":"https:\/\/etab.ac-reunion.fr\/lyc-antoine-roussin\/wp-json\/wp\/v2\/pages\/179\/revisions\/11525"}],"up":[{"embeddable":true,"href":"https:\/\/etab.ac-reunion.fr\/lyc-antoine-roussin\/wp-json\/wp\/v2\/pages\/20"}],"wp:featuredmedia":[{"embeddable":true,"href":"https:\/\/etab.ac-reunion.fr\/lyc-antoine-roussin\/wp-json\/wp\/v2\/media\/6066"}],"wp:attachment":[{"href":"https:\/\/etab.ac-reunion.fr\/lyc-antoine-roussin\/wp-json\/wp\/v2\/media?parent=179"}],"curies":[{"name":"wp","href":"https:\/\/api.w.org\/{rel}","templated":true}]}}