{"id":2,"date":"2014-06-25T10:51:01","date_gmt":"2014-06-25T06:51:01","guid":{"rendered":"http:\/\/wpetab.ac-reunion.fr\/antoine-roussin\/?page_id=2"},"modified":"2019-08-14T22:32:09","modified_gmt":"2019-08-14T19:32:09","slug":"contacts","status":"publish","type":"page","link":"https:\/\/etab.ac-reunion.fr\/lyc-antoine-roussin\/contacts\/","title":{"rendered":"Contacts"},"content":{"rendered":"<h5><span style=\"color: #800000\">Adresse postale\u00a0: <\/span><\/h5>\n<h5><strong><span style=\"color: #800000\">LYC\u00c9E G\u00c9N\u00c9RAL ET TECHNOLOGIQUE ANTOINE ROUSSIN<\/span><\/strong><br \/>\n<strong><span style=\"color: #800000\"> 25 RUE LECONTE DE LISLE<\/span><\/strong><br \/>\n<strong><span style=\"color: #800000\"> CS 21013<\/span><\/strong><br \/>\n<strong><span style=\"color: #800000\"> 97872 SAINT-LOUIS CEDEX<\/span><\/strong><\/h5>\n<hr \/>\n<h5><span style=\"color: #800000\">Code \u00e9tablissement :\u00a0 <\/span><strong><span style=\"color: #800000\">9740787M<\/span><\/strong><\/h5>\n<hr \/>\n<h5><span style=\"color: #800000\">T\u00e9l :\u00a0 <\/span><strong><span style=\"color: #800000\">0262 91 93 33<\/span><\/strong><\/h5>\n<hr \/>\n<h5><span style=\"color: #800000\">Fax\u00a0:\u00a0 <\/span><strong><span style=\"color: #800000\">0262 26 19 14<\/span><\/strong><\/h5>\n<hr \/>\n<h5><span style=\"color: #800000\">Directeur D\u00e9l\u00e9gu\u00e9 aux Formations Professionnelles et Technologiques (DDFPT) :\u00a0 <strong>T\u00e9l : 02 62 91 94 28\u00a0<\/strong><\/span><\/h5>\n<hr \/>\n<p><strong><span style=\"color: #800000\">Plan :<br \/>\n<\/span><\/strong><\/p>\n<p><a href=\"https:\/\/www.openstreetmap.org\/search?query=lyc%C3%A9e%20%20antoine%20roussin#map=16\/-21.2735\/55.4136&amp;layers=T\" target=\"_blank\" rel=\"noopener noreferrer\"><img loading=\"lazy\" decoding=\"async\" class=\"aligncenter wp-image-5900 size-large\" src=\"https:\/\/etab.ac-reunion.fr\/lyc-antoine-roussin\/wp-content\/uploads\/sites\/92\/2019\/07\/PLAN-LYCEE-1024x767.png\" alt=\"\" width=\"830\" height=\"622\" srcset=\"https:\/\/etab.ac-reunion.fr\/lyc-antoine-roussin\/wp-content\/uploads\/sites\/92\/2019\/07\/PLAN-LYCEE-1024x767.png 1024w, https:\/\/etab.ac-reunion.fr\/lyc-antoine-roussin\/wp-content\/uploads\/sites\/92\/2019\/07\/PLAN-LYCEE-300x225.png 300w, https:\/\/etab.ac-reunion.fr\/lyc-antoine-roussin\/wp-content\/uploads\/sites\/92\/2019\/07\/PLAN-LYCEE-150x112.png 150w, https:\/\/etab.ac-reunion.fr\/lyc-antoine-roussin\/wp-content\/uploads\/sites\/92\/2019\/07\/PLAN-LYCEE.png 1516w\" sizes=\"auto, (max-width: 830px) 100vw, 830px\" \/><\/a><\/p>\n","protected":false},"excerpt":{"rendered":"<p>Adresse postale\u00a0: LYC\u00c9E G\u00c9N\u00c9RAL ET TECHNOLOGIQUE ANTOINE ROUSSIN 25 RUE LECONTE DE LISLE CS 21013 97872 SAINT-LOUIS CEDEX Code \u00e9tablissement :\u00a0 9740787M T\u00e9l :\u00a0 0262 91 93 33 Fax\u00a0:\u00a0 0262 26 19 14 Directeur D\u00e9l\u00e9gu\u00e9 aux Formations Professionnelles et Technologiques (DDFPT) :\u00a0 T\u00e9l : 02 62 91 94 28\u00a0 Plan&#8230;<\/p>\n<p class=\"continue-reading-button\"> <a class=\"continue-reading-link\" href=\"https:\/\/etab.ac-reunion.fr\/lyc-antoine-roussin\/contacts\/\">Lire la suite<i class=\"crycon-right-dir\"><\/i><\/a><\/p>\n","protected":false},"author":2239,"featured_media":0,"parent":0,"menu_order":0,"comment_status":"open","ping_status":"open","template":"","meta":{"footnotes":""},"class_list":["post-2","page","type-page","status-publish","hentry"],"_links":{"self":[{"href":"https:\/\/etab.ac-reunion.fr\/lyc-antoine-roussin\/wp-json\/wp\/v2\/pages\/2","targetHints":{"allow":["GET"]}}],"collection":[{"href":"https:\/\/etab.ac-reunion.fr\/lyc-antoine-roussin\/wp-json\/wp\/v2\/pages"}],"about":[{"href":"https:\/\/etab.ac-reunion.fr\/lyc-antoine-roussin\/wp-json\/wp\/v2\/types\/page"}],"author":[{"embeddable":true,"href":"https:\/\/etab.ac-reunion.fr\/lyc-antoine-roussin\/wp-json\/wp\/v2\/users\/2239"}],"replies":[{"embeddable":true,"href":"https:\/\/etab.ac-reunion.fr\/lyc-antoine-roussin\/wp-json\/wp\/v2\/comments?post=2"}],"version-history":[{"count":47,"href":"https:\/\/etab.ac-reunion.fr\/lyc-antoine-roussin\/wp-json\/wp\/v2\/pages\/2\/revisions"}],"predecessor-version":[{"id":6186,"href":"https:\/\/etab.ac-reunion.fr\/lyc-antoine-roussin\/wp-json\/wp\/v2\/pages\/2\/revisions\/6186"}],"wp:attachment":[{"href":"https:\/\/etab.ac-reunion.fr\/lyc-antoine-roussin\/wp-json\/wp\/v2\/media?parent=2"}],"curies":[{"name":"wp","href":"https:\/\/api.w.org\/{rel}","templated":true}]}}