{"id":20,"date":"2014-06-27T08:47:31","date_gmt":"2014-06-27T04:47:31","guid":{"rendered":"http:\/\/lycee-antoine-roussin-tmp.ac-reunion.fr\/?page_id=20"},"modified":"2019-08-13T09:45:29","modified_gmt":"2019-08-13T06:45:29","slug":"le-lycee","status":"publish","type":"page","link":"https:\/\/etab.ac-reunion.fr\/lyc-antoine-roussin\/le-lycee\/","title":{"rendered":"Le lyc\u00e9e"},"content":{"rendered":"<p><strong>\u00a0<\/strong><\/p>\n<div class=\"titre\">\n<h2 class=\"crayon article-titre-1  crayon-init crayon-autorise\">Pr\u00e9sentation<\/h2>\n<\/div>\n<div class=\"crayon article-texte-1 texte crayon-init crayon-autorise crayon-hover\">\n<dl class=\"spip_document_925 spip_documents spip_documents_center\">\n<dt><a href=\"https:\/\/etab.ac-reunion.fr\/lyc-antoine-roussin\/wp-content\/uploads\/sites\/92\/2019\/08\/5P1A3418.jpg\"><img loading=\"lazy\" decoding=\"async\" class=\"alignright size-large wp-image-6048\" src=\"https:\/\/etab.ac-reunion.fr\/lyc-antoine-roussin\/wp-content\/uploads\/sites\/92\/2019\/08\/5P1A3418-1024x417.jpg\" alt=\"\" width=\"830\" height=\"338\" srcset=\"https:\/\/etab.ac-reunion.fr\/lyc-antoine-roussin\/wp-content\/uploads\/sites\/92\/2019\/08\/5P1A3418-1024x417.jpg 1024w, https:\/\/etab.ac-reunion.fr\/lyc-antoine-roussin\/wp-content\/uploads\/sites\/92\/2019\/08\/5P1A3418-300x122.jpg 300w, https:\/\/etab.ac-reunion.fr\/lyc-antoine-roussin\/wp-content\/uploads\/sites\/92\/2019\/08\/5P1A3418-150x61.jpg 150w\" sizes=\"auto, (max-width: 830px) 100vw, 830px\" \/><\/a><\/dt>\n<\/dl>\n<p>Lyc\u00e9e g\u00e9n\u00e9ral et technologique, le lyc\u00e9e Antoine Roussin accueille des \u00e9l\u00e8ves de Saint Louis et des environs. A travers la mise en \u0153uvre de son projet d\u2019\u00e9tablissement, le lyc\u00e9e Antoine Roussin veut aller vers plus d\u2019\u00e9galit\u00e9 et plus de solidarit\u00e9 pour et entre les \u00e9l\u00e8ves, pour et entre les personnels. La mise en \u0153uvre du projet doit permettre \u00e0 chaque \u00e9l\u00e8ve de r\u00e9ussir son projet personnel et d\u2019acqu\u00e9rir autonomie et sens des responsabilit\u00e9s, en d\u00e9veloppant des attitudes citoyennes et en s\u2019appuyant sur un important volet culturel.<\/p>\n<p>Le lyc\u00e9e Antoine Roussin est situ\u00e9 \u00e0 2 km du centre ville de Saint Louis, \u00e0 10 km de Saint Pierre, sur la Route des Makes (rue Leconte de Lisle). Il est ouvert de 7 h 30 \u00e0 17 h. Les \u00e9l\u00e8ves et \u00e9tudiants sont accueillis\u00a0:<\/p>\n<ul class=\"spip\">\n<li>Soit en qualit\u00e9 d\u2019externes ou de demi-pensionnaires<\/li>\n<li>Soit \u00e0 l\u2019<strong>internat<\/strong>.<\/li>\n<\/ul>\n<h3 class=\"spip\">Historique<\/h3>\n<p>Les premiers lyc\u00e9ens de Saint-Louis s\u2019installent, en 1960, dans un b\u00e2timent neuf de six \u00e9tages construit dans le quartier de <i>Roches Maigres<\/i>. A cette \u00e9poque, coll\u00e9giens et lyc\u00e9ens appartiennent \u00e0 la m\u00eame structure\u00a0; cette derni\u00e8re accueille des \u00e9l\u00e8ves d\u2019un secteur s\u2019\u00e9tendant de Saint-Leu aux abords du Tampon, les lyc\u00e9es les plus proches \u00e9tant \u00e0 Saint-Paul, \u00e0 Saint-Pierre et au Tampon.<\/p>\n<dl class=\"spip_document_927 spip_documents spip_documents_center\">\n<dt><\/dt>\n<\/dl>\n<p>En 1990, le lyc\u00e9e actuel ouvre ses portes, sur le m\u00eame site de <i>Roches Maigres<\/i>, l\u2019ancien b\u00e2timent \u00e9tant transform\u00e9 en internat. Tandis que la cit\u00e9 scolaire prend sa configuration actuelle, le lyc\u00e9e d\u2019enseignement g\u00e9n\u00e9ral et technologique s\u2019enrichit d\u2019un <strong>amphith\u00e9\u00e2tre<\/strong>, puis d\u2019un <strong>r\u00e9fectoire tr\u00e8s moderne et fonctionnel<\/strong>.<\/p>\n<\/div>\n","protected":false},"excerpt":{"rendered":"<p>\u00a0 Pr\u00e9sentation Lyc\u00e9e g\u00e9n\u00e9ral et technologique, le lyc\u00e9e Antoine Roussin accueille des \u00e9l\u00e8ves de Saint Louis et des environs. A travers la mise en \u0153uvre de son projet d\u2019\u00e9tablissement, le lyc\u00e9e Antoine Roussin veut aller vers plus d\u2019\u00e9galit\u00e9 et plus de solidarit\u00e9 pour et entre les \u00e9l\u00e8ves, pour et entre&#8230;<\/p>\n<p class=\"continue-reading-button\"> <a class=\"continue-reading-link\" href=\"https:\/\/etab.ac-reunion.fr\/lyc-antoine-roussin\/le-lycee\/\">Lire la suite<i class=\"crycon-right-dir\"><\/i><\/a><\/p>\n","protected":false},"author":2239,"featured_media":6049,"parent":0,"menu_order":0,"comment_status":"open","ping_status":"open","template":"","meta":{"footnotes":""},"class_list":["post-20","page","type-page","status-publish","has-post-thumbnail","hentry"],"_links":{"self":[{"href":"https:\/\/etab.ac-reunion.fr\/lyc-antoine-roussin\/wp-json\/wp\/v2\/pages\/20","targetHints":{"allow":["GET"]}}],"collection":[{"href":"https:\/\/etab.ac-reunion.fr\/lyc-antoine-roussin\/wp-json\/wp\/v2\/pages"}],"about":[{"href":"https:\/\/etab.ac-reunion.fr\/lyc-antoine-roussin\/wp-json\/wp\/v2\/types\/page"}],"author":[{"embeddable":true,"href":"https:\/\/etab.ac-reunion.fr\/lyc-antoine-roussin\/wp-json\/wp\/v2\/users\/2239"}],"replies":[{"embeddable":true,"href":"https:\/\/etab.ac-reunion.fr\/lyc-antoine-roussin\/wp-json\/wp\/v2\/comments?post=20"}],"version-history":[{"count":7,"href":"https:\/\/etab.ac-reunion.fr\/lyc-antoine-roussin\/wp-json\/wp\/v2\/pages\/20\/revisions"}],"predecessor-version":[{"id":6097,"href":"https:\/\/etab.ac-reunion.fr\/lyc-antoine-roussin\/wp-json\/wp\/v2\/pages\/20\/revisions\/6097"}],"wp:featuredmedia":[{"embeddable":true,"href":"https:\/\/etab.ac-reunion.fr\/lyc-antoine-roussin\/wp-json\/wp\/v2\/media\/6049"}],"wp:attachment":[{"href":"https:\/\/etab.ac-reunion.fr\/lyc-antoine-roussin\/wp-json\/wp\/v2\/media?parent=20"}],"curies":[{"name":"wp","href":"https:\/\/api.w.org\/{rel}","templated":true}]}}