{"id":52,"date":"2014-08-19T11:00:00","date_gmt":"2014-08-19T07:00:00","guid":{"rendered":"http:\/\/lycee-antoine-roussin-tmp.ac-reunion.fr\/?page_id=52"},"modified":"2025-12-22T15:05:24","modified_gmt":"2025-12-22T11:05:24","slug":"personnel-enseignant","status":"publish","type":"page","link":"https:\/\/etab.ac-reunion.fr\/lyc-antoine-roussin\/le-lycee\/personnels\/personnel-enseignant\/","title":{"rendered":"Personnel enseignant"},"content":{"rendered":"<h6><span style=\"text-decoration: underline\"><span style=\"color: #993366\"><em>ALLEMAND<\/em><\/span><\/span><\/h6>\n<h6><strong>Mme SUZANNE Isabelle<\/strong><\/h6>\n<h6><strong>Mme SCHNELL Tanja<br \/>\n<\/strong><\/h6>\n<h6><span style=\"text-decoration: underline\"><span style=\"color: #993366\"><em>ANGLAIS<\/em><\/span><\/span><\/h6>\n<h6><strong>Mme ANDRZEJCZAK Sylvie<\/strong><\/h6>\n<h6><strong>M. BIJOUX S\u00e9bastien<\/strong><\/h6>\n<h6><strong>Mme FAIVRE Dominique<\/strong><\/h6>\n<h6><strong>Mme GRONDIN MANGATA Audrey<\/strong><\/h6>\n<h6><strong>M. JUNG Julien<\/strong><\/h6>\n<h6><strong>M. PENEAU C\u00e9dric<\/strong><\/h6>\n<h6><strong>Mme RUABERCHERA Monique<\/strong><\/h6>\n<h6><strong>Mme SARTORE Florine<\/strong><\/h6>\n<h6><strong>Mme VICTORINE Gladys<\/strong><\/h6>\n<h6><span style=\"text-decoration: underline\"><span style=\"color: #993366\"><em>DOCUMENTALISTE<\/em><\/span><\/span><\/h6>\n<h6><strong>Mme HOARAU Olivia<\/strong><\/h6>\n<h6><span style=\"text-decoration: underline\"><span style=\"color: #993366\"><em>\u00c9CO-GESTION A<\/em><\/span><\/span><\/h6>\n<h6><strong>Mme DARID Fabienne<\/strong><\/h6>\n<h6><strong>M. DIOME Mor<\/strong><\/h6>\n<h6><strong>Mme HOARAU Marie Christine<\/strong><\/h6>\n<h6><strong>Mme LEGAVE Sophie<\/strong><\/h6>\n<h6><strong>Mme MAILLOT Juliane<\/strong><\/h6>\n<h6><strong>Mme ROCA Laeticia<\/strong><\/h6>\n<h6><span style=\"text-decoration: underline;color: #993366\"><em>\u00c9CO-GESTION B<\/em><\/span><\/h6>\n<h6><strong>M. AMAHAL Omar<\/strong><\/h6>\n<h6><strong>Mme BOUGNON \u00c9lisabeth<\/strong><\/h6>\n<h6><strong>Mme BRAULT Patricia<\/strong><\/h6>\n<h6><strong>M. COURTOIS Jean-Marie<\/strong><\/h6>\n<h6><strong>M. HUET Henri<\/strong><\/h6>\n<h6><strong>M. PAUSE Nicolas<\/strong><\/h6>\n<h6><strong>M. PHALIP Etienne<\/strong><\/h6>\n<h6><strong>M. RIFFIOD Fr\u00e9d\u00e9ric<\/strong><\/h6>\n<h6><span style=\"text-decoration: underline;color: #993366\"><em>\u00c9CO-GESTION C<\/em><\/span><\/h6>\n<h6><strong>M. ARMOUGOM Jean Eddy<\/strong><\/h6>\n<h6><strong>M. BENCHORA Mohamed<\/strong><\/h6>\n<h6><strong>Mme GRONDIN Gabrielle<\/strong><\/h6>\n<h6><strong>M. JOUVE Alexandre<\/strong><\/h6>\n<h6><strong>Mme PAYET MARELLO Sonia<\/strong><\/h6>\n<h6><strong>Mme SIMON Guilaine<\/strong><\/h6>\n<h6><span style=\"text-decoration: underline;color: #993366\"><em>\u00c9CO-GESTION D<\/em><\/span><\/h6>\n<h6><strong>M. HOARAU Thierry<\/strong><\/h6>\n<h6><span style=\"color: #993366\"><i><u>EPS<\/u><\/i><\/span><\/h6>\n<h6><strong>M. CAILLAUD Thierry<br \/>\n<\/strong><\/h6>\n<h6><strong>M. GONZALEZ Olivier<\/strong><\/h6>\n<h6><strong>M. REPECAUD Laurent<br \/>\n<\/strong><\/h6>\n<h6><span style=\"color: #993366\"><i><u>ESPAGNOL<\/u><\/i><\/span><\/h6>\n<h6><strong>M. GOVINDIN Nicolas remplac\u00e9 par Mme MAILLOT Christelle<\/strong><\/h6>\n<h6><strong>Mme LAURENT C\u00e9cile<\/strong><\/h6>\n<h6><strong>Mme MAILLOT Anne Emmanuelle<\/strong><\/h6>\n<h6><strong>M. MARI Bruno<\/strong><\/h6>\n<h6><span style=\"color: #993366\"><i><u>HISTOIRE-GEOGRAPHIE<\/u><\/i><\/span><\/h6>\n<h6><strong>M. BALBOLIA Loukmane<\/strong><\/h6>\n<h6><strong>M. BOUTEUIL-MARCHAIS Patrice<\/strong><\/h6>\n<h6><strong>M.BUGEON Emmanuel<\/strong><\/h6>\n<h6><strong>Mme De BOISVILLIERS Nadine<\/strong><\/h6>\n<h6><strong>Mme HONORINE-DEVEAUX Audrey<\/strong><\/h6>\n<h6><span style=\"color: #993366\"><i><u>LETTRES <\/u><\/i><\/span><\/h6>\n<h6><strong><em>LETTRES Modernes et LETTRES Classiques<\/em><\/strong><\/h6>\n<h6><strong>\u00a0Mme BELZONS Aur\u00e9lie<\/strong><\/h6>\n<h6><strong>\u00a0Mme GRONDIN Eva (Alternante)<\/strong><\/h6>\n<h6><strong>Mme HLIMI Idan<\/strong><\/h6>\n<h6><strong>M.MAILLOT Adolphe<\/strong><\/h6>\n<h6><strong>Mme MALLET-POUTEAU Sylvie<\/strong><\/h6>\n<h6><strong>Mme RIMEK Delphine<\/strong><\/h6>\n<h6><strong>Mme RIVIERE Meggy<\/strong><\/h6>\n<h6><strong>Mme VINGUATESSON Krishna<\/strong><\/h6>\n<h6><span style=\"color: #993366\"><i><u>MATHEMATIQUES<\/u><\/i><\/span><\/h6>\n<h6><strong>M. BOIS Vincent<\/strong><\/h6>\n<h6><strong>M. CHAN AHSING Jean Sully<\/strong><\/h6>\n<h6><strong>M. GUICHARD Sylvain<\/strong><\/h6>\n<h6><strong>M. PALAMA Kevin<\/strong><strong>\u00a0<\/strong><\/h6>\n<h6><strong>M. POISSON Guillaume<\/strong><\/h6>\n<h6><strong>M. ROUX Renaud<\/strong><\/h6>\n<h6><span style=\"color: #993366\"><i><u>PHILOSOPHIE<\/u><\/i><\/span><\/h6>\n<h6><strong>M. HERMANN Pierre<\/strong><\/h6>\n<h6><strong>M. HERVIO Gilles<\/strong><\/h6>\n<h6><span style=\"color: #993366\"><i><u>PHYSIQUE-CHIMIE<\/u><\/i><\/span><\/h6>\n<h6><strong>Mme ADAM HAVE Anne Laure<\/strong><\/h6>\n<h6><strong>M. CHEUNG KIVAN YEUN\u00a0 Jean \u00c9ric <\/strong><\/h6>\n<h6><strong>Mme CLOU Catherine<\/strong><\/h6>\n<h6><strong>M. HAMILCARO William<br \/>\n<\/strong><\/h6>\n<h6><strong>M. LE GALL C\u00e9cilian<\/strong><\/h6>\n<h6><strong>M. LUCAS Joseph Louis<\/strong><\/h6>\n<h6><strong>Mme NAZROO Isabelle<\/strong><\/h6>\n<h6><strong>M RAMSAMY Krishan<\/strong><\/h6>\n<h6><span style=\"color: #993366\"><i><u>SCIENCES ECONOMIQUES ET SOCIALES<\/u><\/i><\/span><\/h6>\n<h6><strong>Mme MERARIN Malini<\/strong><\/h6>\n<h6><span style=\"color: #993366\"><i><u>SVT<\/u><\/i><\/span><\/h6>\n<h6><strong>Mme ATHON Nancy<\/strong><\/h6>\n<h6><strong>M. CHOUZIER Fabien<\/strong><\/h6>\n<h6><strong>M. COCULA \u00c9ric<\/strong><\/h6>\n<h6><strong>M. VAN WOERKENS Walerian<\/strong><\/h6>\n<h6><\/h6>\n<h6><\/h6>\n","protected":false},"excerpt":{"rendered":"<p>ALLEMAND Mme SUZANNE Isabelle Mme SCHNELL Tanja ANGLAIS Mme ANDRZEJCZAK Sylvie M. BIJOUX S\u00e9bastien Mme FAIVRE Dominique Mme GRONDIN MANGATA Audrey M. JUNG Julien M. PENEAU C\u00e9dric Mme RUABERCHERA Monique Mme SARTORE Florine Mme VICTORINE Gladys DOCUMENTALISTE Mme HOARAU Olivia \u00c9CO-GESTION A Mme DARID Fabienne M. DIOME Mor Mme HOARAU&#8230;<\/p>\n<p class=\"continue-reading-button\"> <a class=\"continue-reading-link\" href=\"https:\/\/etab.ac-reunion.fr\/lyc-antoine-roussin\/le-lycee\/personnels\/personnel-enseignant\/\">Lire la suite<i class=\"crycon-right-dir\"><\/i><\/a><\/p>\n","protected":false},"author":19389,"featured_media":6014,"parent":50,"menu_order":0,"comment_status":"open","ping_status":"open","template":"","meta":{"footnotes":""},"class_list":["post-52","page","type-page","status-publish","has-post-thumbnail","hentry"],"_links":{"self":[{"href":"https:\/\/etab.ac-reunion.fr\/lyc-antoine-roussin\/wp-json\/wp\/v2\/pages\/52","targetHints":{"allow":["GET"]}}],"collection":[{"href":"https:\/\/etab.ac-reunion.fr\/lyc-antoine-roussin\/wp-json\/wp\/v2\/pages"}],"about":[{"href":"https:\/\/etab.ac-reunion.fr\/lyc-antoine-roussin\/wp-json\/wp\/v2\/types\/page"}],"author":[{"embeddable":true,"href":"https:\/\/etab.ac-reunion.fr\/lyc-antoine-roussin\/wp-json\/wp\/v2\/users\/19389"}],"replies":[{"embeddable":true,"href":"https:\/\/etab.ac-reunion.fr\/lyc-antoine-roussin\/wp-json\/wp\/v2\/comments?post=52"}],"version-history":[{"count":222,"href":"https:\/\/etab.ac-reunion.fr\/lyc-antoine-roussin\/wp-json\/wp\/v2\/pages\/52\/revisions"}],"predecessor-version":[{"id":13986,"href":"https:\/\/etab.ac-reunion.fr\/lyc-antoine-roussin\/wp-json\/wp\/v2\/pages\/52\/revisions\/13986"}],"up":[{"embeddable":true,"href":"https:\/\/etab.ac-reunion.fr\/lyc-antoine-roussin\/wp-json\/wp\/v2\/pages\/50"}],"wp:featuredmedia":[{"embeddable":true,"href":"https:\/\/etab.ac-reunion.fr\/lyc-antoine-roussin\/wp-json\/wp\/v2\/media\/6014"}],"wp:attachment":[{"href":"https:\/\/etab.ac-reunion.fr\/lyc-antoine-roussin\/wp-json\/wp\/v2\/media?parent=52"}],"curies":[{"name":"wp","href":"https:\/\/api.w.org\/{rel}","templated":true}]}}