{"id":5840,"date":"2024-09-24T17:08:00","date_gmt":"2024-09-24T13:08:00","guid":{"rendered":"http:\/\/lycee-antoine-roussin.ac-reunion.fr\/?page_id=5840"},"modified":"2024-09-25T23:51:39","modified_gmt":"2024-09-25T19:51:39","slug":"louis-antoine-roussin-3","status":"publish","type":"page","link":"https:\/\/etab.ac-reunion.fr\/lyc-antoine-roussin\/louis-antoine-roussin-3\/","title":{"rendered":"Louis Antoine Roussin"},"content":{"rendered":"\n<div class=\"wp-block-buttons is-layout-flex wp-block-buttons-is-layout-flex\">\n<div class=\"wp-block-button\"><a class=\"wp-block-button__link has-luminous-vivid-orange-background-color has-background wp-element-button\" href=\"https:\/\/www.youtube.com\/watch?v=RtUO8YlyOV4\">Une histoire, une oeuvre<\/a><\/div>\n<\/div>\n\n\n<div class=\"wp-block-image\">\n<figure class=\"aligncenter\"><img decoding=\"async\" src=\"https:\/\/etab.ac-reunion.fr\/lyc-antoine-roussin\/wp-content\/uploads\/sites\/92\/2014\/06\/antoine_roussin-e1450808061648.jpg\" alt=\"\" \/><figcaption class=\"wp-element-caption\">Louis Antoine Rouss<\/figcaption><\/figure>\n<\/div>\n\n\n<p class=\"has-text-align-left has-pale-cyan-blue-background-color has-background\">\u00a0\u00bbN\u00e9 le 3 mars 1819 \u00e0 Avignon, d\u00e9barque \u00e0 La R\u00e9union en 1842, en qualit\u00e9 de sergent de la marine. Apr\u00e8s son service militaire il reste sur l\u2019\u00eele. <\/p>\n\n\n\n<p class=\"has-text-align-left has-pale-cyan-blue-background-color has-background\">Il installe un atelier de peinture, et se marie le 14 f\u00e9vrier 1846 avec une Cr\u00e9ole, Louise \u00c9lisabeth Petit. <\/p>\n\n\n\n<p class=\"has-text-align-left has-white-color has-vivid-cyan-blue-background-color has-text-color has-background has-link-color wp-elements-789decf1da05a32edc1e1cc80c15e8b1\">Il d\u00e9couvre dans le fond d\u2019un magasin une presse lithographique d\u00e9labr\u00e9e qu\u2019il remet en \u00e9tat. Roussin publie ses premi\u00e8res lithographies en 1846 sous le titre \u00ab\u00a0Souvenirs de l\u2019Ile Bourbon\u00a0\u00bb, \u0153uvre qui, apr\u00e8s la r\u00e9volution de 1848, prend le titre actuel de \u00ab\u00a0Souvenirs de l\u2019Ile de La R\u00e9union\u00a0\u00bb. Il travaille d\u00e8s lors \u00e0 une \u0153uvre plus vaste, qu\u2019il publie vingt ans plus tard sous le titre \u00ab\u00a0Album de La R\u00e9union\u00a0\u00bb, et \u00e0 laquelle il se consacre pr\u00e8s de quarante ans. Cette \u0153uvre iconographique, v\u00e9ritable panorama de son \u00e9poque, est un remarquable t\u00e9moignage de la vie sur l\u2019\u00eele, \u00e0 travers la diversit\u00e9 de ses habitants, et celle de ses paysages\u00a0; elle traduit aussi l\u2019\u00e9volution \u00e9conomique de l\u2019\u00eele sur cette p\u00e9riode. Il participe \u00e0 de nombreuses expositions, re\u00e7oit diff\u00e9rents prix et recueille la reconnaissance de la Soci\u00e9t\u00e9 des Sciences et des Arts. <\/p>\n\n\n\n<p class=\"has-text-align-left has-white-color has-vivid-cyan-blue-background-color has-text-color has-background has-link-color wp-elements-211814b47eee62db0680af89d9366c58\">Curieux de tout, et essentiellement de son \u00e9poque, il s\u2019essaye aussi \u00e0 la presse et publie plusieurs journaux \u2013 <em>La Malle<\/em> (1859), <em>La Semaine<\/em> (1861) et <em>Le Courrier de La R\u00e9union<\/em> (1872) \u2013 et revues \u2013 <em>Bulletin de la Soci\u00e9t\u00e9 d\u2019Acclimatation et d\u2019Histoire Naturelle de l\u2019Ile de La R\u00e9union<\/em> (1863) , <em>Bulletin de la Soci\u00e9t\u00e9 des Sciences et Arts<\/em> (1861 \u00e0 1872) . Parall\u00e8lement, Roussin exerce le m\u00e9tier de professeur de dessin au lyc\u00e9e Imp\u00e9rial de Saint-Denis, de 1855 \u00e0 1888. Il meurt le 18 septembre 1894, laissant derri\u00e8re lui une \u0153uvre toute de talent, d\u2019esprit et de c\u0153ur o\u00f9 \u00ab\u00a0Bourbon, le vieil \u00c9den fleuri, et si pittoresque, s\u2019\u00e9panouit (\u2026) comme une fleur sauvage et toute parfum\u00e9e<\/p>\n\n\n\n<p><\/p>\n","protected":false},"excerpt":{"rendered":"<p>\u00a0\u00bbN\u00e9 le 3 mars 1819 \u00e0 Avignon, d\u00e9barque \u00e0 La R\u00e9union en 1842, en qualit\u00e9 de sergent de la marine. Apr\u00e8s son service militaire il reste sur l\u2019\u00eele. Il installe un atelier de peinture, et se marie le 14 f\u00e9vrier 1846 avec une Cr\u00e9ole, Louise \u00c9lisabeth Petit. Il d\u00e9couvre dans&#8230;<\/p>\n<p class=\"continue-reading-button\"> <a class=\"continue-reading-link\" href=\"https:\/\/etab.ac-reunion.fr\/lyc-antoine-roussin\/louis-antoine-roussin-3\/\">Lire la suite<i class=\"crycon-right-dir\"><\/i><\/a><\/p>\n","protected":false},"author":19389,"featured_media":5873,"parent":0,"menu_order":0,"comment_status":"closed","ping_status":"closed","template":"","meta":{"footnotes":""},"class_list":["post-5840","page","type-page","status-publish","has-post-thumbnail","hentry"],"_links":{"self":[{"href":"https:\/\/etab.ac-reunion.fr\/lyc-antoine-roussin\/wp-json\/wp\/v2\/pages\/5840","targetHints":{"allow":["GET"]}}],"collection":[{"href":"https:\/\/etab.ac-reunion.fr\/lyc-antoine-roussin\/wp-json\/wp\/v2\/pages"}],"about":[{"href":"https:\/\/etab.ac-reunion.fr\/lyc-antoine-roussin\/wp-json\/wp\/v2\/types\/page"}],"author":[{"embeddable":true,"href":"https:\/\/etab.ac-reunion.fr\/lyc-antoine-roussin\/wp-json\/wp\/v2\/users\/19389"}],"replies":[{"embeddable":true,"href":"https:\/\/etab.ac-reunion.fr\/lyc-antoine-roussin\/wp-json\/wp\/v2\/comments?post=5840"}],"version-history":[{"count":13,"href":"https:\/\/etab.ac-reunion.fr\/lyc-antoine-roussin\/wp-json\/wp\/v2\/pages\/5840\/revisions"}],"predecessor-version":[{"id":11471,"href":"https:\/\/etab.ac-reunion.fr\/lyc-antoine-roussin\/wp-json\/wp\/v2\/pages\/5840\/revisions\/11471"}],"wp:featuredmedia":[{"embeddable":true,"href":"https:\/\/etab.ac-reunion.fr\/lyc-antoine-roussin\/wp-json\/wp\/v2\/media\/5873"}],"wp:attachment":[{"href":"https:\/\/etab.ac-reunion.fr\/lyc-antoine-roussin\/wp-json\/wp\/v2\/media?parent=5840"}],"curies":[{"name":"wp","href":"https:\/\/api.w.org\/{rel}","templated":true}]}}