{"id":5860,"date":"2019-07-24T18:18:29","date_gmt":"2019-07-24T15:18:29","guid":{"rendered":"http:\/\/lycee-antoine-roussin.ac-reunion.fr\/?page_id=5860"},"modified":"2026-02-04T17:13:26","modified_gmt":"2026-02-04T13:13:26","slug":"mentions-legales","status":"publish","type":"page","link":"https:\/\/etab.ac-reunion.fr\/lyc-antoine-roussin\/mentions-legales\/","title":{"rendered":"Mentions l\u00e9gales"},"content":{"rendered":"\n<p><span style=\"text-decoration: underline\">\u00c9diteur :<\/span><\/p>\n\n\n\n<p>Lyc\u00e9e G\u00e9n\u00e9ral et Technologique Antoine Roussin<br> 25 rue Leconte de Lisle<br> CS 21013<br> 97872 Saint Louis CEDEX <\/p>\n\n\n\n<p>T\u00e9l : 0262 91 93 33<\/p>\n\n\n\n<p><span style=\"text-decoration: underline\">Directeur de Publication :<\/span> <strong><em>M<\/em><\/strong><em><strong>me Agn\u00e8s LOTH<\/strong><\/em><em><strong> <\/strong><\/em>\/ Proviseure<\/p>\n\n\n\n<p><span style=\"text-decoration: underline\">Conception et r\u00e9alisation :<\/span><\/p>\n\n\n\n<p>R\u00e9alisation interne \u00e0 l\u2019\u00e9tablissement par Elisabeth Bougnon \/ administrateur.<\/p>\n\n\n\n<p><span style=\"text-decoration: underline\">Fournisseur de l\u2019h\u00e9bergement :<\/span><\/p>\n\n\n\n<p>Rectorat de l\u2019Acad\u00e9mie de La R\u00e9union<\/p>\n\n\n\n<p>Secr\u00e9tariat g\u00e9n\u00e9ral \u2013 Service Communication<\/p>\n\n\n\n<p>24, Avenue Georges Brassens \u2013 97702 \u2013 St-Denis \u2013 Messag Cedex 9<\/p>\n\n\n\n<p><span style=\"text-decoration: underline\">Propri\u00e9t\u00e9 intellectuelle :<\/span><\/p>\n\n\n\n<p>Les photographies, textes, slogans, dessins, images, s\u00e9quences \nanim\u00e9es, sonores ou non, ainsi que toutes&nbsp;les \u0153uvres int\u00e9gr\u00e9es dans le \nsite sont la propri\u00e9t\u00e9 de l\u2019\u00e9diteur du site ou de tiers ayant autoris\u00e9 \nl\u2019\u00e9diteur&nbsp;du site \u00e0 les utiliser.<\/p>\n\n\n\n<p>Toute reproduction totale ou partielle de ces \u00e9l\u00e9ments sans \nl\u2019autorisation expresse de l\u2019exploitant du site&nbsp;Internet ou de ses \nayant-droit est prohib\u00e9e, au sens de l\u2019article L713-2 du CPI.<\/p>\n","protected":false},"excerpt":{"rendered":"<p>\u00c9diteur : Lyc\u00e9e G\u00e9n\u00e9ral et Technologique Antoine Roussin 25 rue Leconte de Lisle CS 21013 97872 Saint Louis CEDEX T\u00e9l : 0262 91 93 33 Directeur de Publication : Mme Agn\u00e8s LOTH \/ Proviseure Conception et r\u00e9alisation : R\u00e9alisation interne \u00e0 l\u2019\u00e9tablissement par Elisabeth Bougnon \/ administrateur. Fournisseur de l\u2019h\u00e9bergement&#8230;<\/p>\n<p class=\"continue-reading-button\"> <a class=\"continue-reading-link\" href=\"https:\/\/etab.ac-reunion.fr\/lyc-antoine-roussin\/mentions-legales\/\">Lire la suite<i class=\"crycon-right-dir\"><\/i><\/a><\/p>\n","protected":false},"author":2239,"featured_media":0,"parent":0,"menu_order":0,"comment_status":"closed","ping_status":"closed","template":"","meta":{"footnotes":""},"class_list":["post-5860","page","type-page","status-publish","hentry"],"_links":{"self":[{"href":"https:\/\/etab.ac-reunion.fr\/lyc-antoine-roussin\/wp-json\/wp\/v2\/pages\/5860","targetHints":{"allow":["GET"]}}],"collection":[{"href":"https:\/\/etab.ac-reunion.fr\/lyc-antoine-roussin\/wp-json\/wp\/v2\/pages"}],"about":[{"href":"https:\/\/etab.ac-reunion.fr\/lyc-antoine-roussin\/wp-json\/wp\/v2\/types\/page"}],"author":[{"embeddable":true,"href":"https:\/\/etab.ac-reunion.fr\/lyc-antoine-roussin\/wp-json\/wp\/v2\/users\/2239"}],"replies":[{"embeddable":true,"href":"https:\/\/etab.ac-reunion.fr\/lyc-antoine-roussin\/wp-json\/wp\/v2\/comments?post=5860"}],"version-history":[{"count":7,"href":"https:\/\/etab.ac-reunion.fr\/lyc-antoine-roussin\/wp-json\/wp\/v2\/pages\/5860\/revisions"}],"predecessor-version":[{"id":14147,"href":"https:\/\/etab.ac-reunion.fr\/lyc-antoine-roussin\/wp-json\/wp\/v2\/pages\/5860\/revisions\/14147"}],"wp:attachment":[{"href":"https:\/\/etab.ac-reunion.fr\/lyc-antoine-roussin\/wp-json\/wp\/v2\/media?parent=5860"}],"curies":[{"name":"wp","href":"https:\/\/api.w.org\/{rel}","templated":true}]}}