{"id":77,"date":"2014-06-27T13:02:26","date_gmt":"2014-06-27T09:02:26","guid":{"rendered":"http:\/\/lycee-antoine-roussin-tmp.ac-reunion.fr\/?page_id=77"},"modified":"2024-08-15T20:56:19","modified_gmt":"2024-08-15T16:56:19","slug":"personnel-non-enseignant","status":"publish","type":"page","link":"https:\/\/etab.ac-reunion.fr\/lyc-antoine-roussin\/le-lycee\/personnels\/personnel-non-enseignant\/","title":{"rendered":"Personnel non enseignant"},"content":{"rendered":"<p><strong>Assistante sociale<\/strong><\/p>\n<p>Mme RIVIERE Jessy<\/p>\n<p><strong>Co-psy<\/strong><\/p>\n<p>Mme ADOUHANE Ijjou<\/p>\n<p><strong>Infirmi\u00e8re<\/strong><\/p>\n<p>Mme BARTHELELY Dominique<\/p>\n\n\n<p>Accompagnement des \u00e9l\u00e8ves en situation de handicap (AESH)<\/p>\n\n\n\n<p>Mme BOYER Marie Jos\u00e9e<\/p>\n\n\n\n<p>M. CHASSAN Gianni<\/p>\n\n\n\n<p>M. ETOURIA Patrick<\/p>\n\n\n\n<p>Mme FLAHAUT Sylvine<\/p>\n\n\n\n<p>Mme FOLIO Ericka<\/p>\n\n\n\n<p>Mme HERIES Fr\u00e9d\u00e9rique<\/p>\n\n\n\n<p>Mme HIBON Colette<\/p>\n\n\n\n<p>M. LARCHER Philippe<\/p>\n\n\n\n<p>M. LATCHIMY Roger<\/p>\n\n\n\n<p>Mme LEBON Ana\u00eblle<\/p>\n\n\n\n<p>M. RAVIER S\u00e9bastien<\/p>\n\n\n\n<p>Mme RIVIERE Fabienne<\/p>\n\n\n\n<p>Mme ROUGEMONT Sandrine<\/p>\n\n\n\n<p>Mme SINAMA Delphine<\/p>\n\n\n\n<p><\/p>\n","protected":false},"excerpt":{"rendered":"<p>Assistante sociale Mme RIVIERE Jessy Co-psy Mme ADOUHANE Ijjou Infirmi\u00e8re Mme BARTHELELY Dominique Accompagnement des \u00e9l\u00e8ves en situation de handicap (AESH) Mme BOYER Marie Jos\u00e9e M. CHASSAN Gianni M. ETOURIA Patrick Mme FLAHAUT Sylvine Mme FOLIO Ericka Mme HERIES Fr\u00e9d\u00e9rique Mme HIBON Colette M. LARCHER Philippe M. LATCHIMY Roger Mme&#8230;<\/p>\n<p class=\"continue-reading-button\"> <a class=\"continue-reading-link\" href=\"https:\/\/etab.ac-reunion.fr\/lyc-antoine-roussin\/le-lycee\/personnels\/personnel-non-enseignant\/\">Lire la suite<i class=\"crycon-right-dir\"><\/i><\/a><\/p>\n","protected":false},"author":2239,"featured_media":0,"parent":50,"menu_order":0,"comment_status":"open","ping_status":"open","template":"","meta":{"footnotes":""},"class_list":["post-77","page","type-page","status-publish","hentry"],"_links":{"self":[{"href":"https:\/\/etab.ac-reunion.fr\/lyc-antoine-roussin\/wp-json\/wp\/v2\/pages\/77","targetHints":{"allow":["GET"]}}],"collection":[{"href":"https:\/\/etab.ac-reunion.fr\/lyc-antoine-roussin\/wp-json\/wp\/v2\/pages"}],"about":[{"href":"https:\/\/etab.ac-reunion.fr\/lyc-antoine-roussin\/wp-json\/wp\/v2\/types\/page"}],"author":[{"embeddable":true,"href":"https:\/\/etab.ac-reunion.fr\/lyc-antoine-roussin\/wp-json\/wp\/v2\/users\/2239"}],"replies":[{"embeddable":true,"href":"https:\/\/etab.ac-reunion.fr\/lyc-antoine-roussin\/wp-json\/wp\/v2\/comments?post=77"}],"version-history":[{"count":16,"href":"https:\/\/etab.ac-reunion.fr\/lyc-antoine-roussin\/wp-json\/wp\/v2\/pages\/77\/revisions"}],"predecessor-version":[{"id":10910,"href":"https:\/\/etab.ac-reunion.fr\/lyc-antoine-roussin\/wp-json\/wp\/v2\/pages\/77\/revisions\/10910"}],"up":[{"embeddable":true,"href":"https:\/\/etab.ac-reunion.fr\/lyc-antoine-roussin\/wp-json\/wp\/v2\/pages\/50"}],"wp:attachment":[{"href":"https:\/\/etab.ac-reunion.fr\/lyc-antoine-roussin\/wp-json\/wp\/v2\/media?parent=77"}],"curies":[{"name":"wp","href":"https:\/\/api.w.org\/{rel}","templated":true}]}}