{"id":83,"date":"2014-06-27T13:11:33","date_gmt":"2014-06-27T09:11:33","guid":{"rendered":"http:\/\/lycee-antoine-roussin-tmp.ac-reunion.fr\/?page_id=83"},"modified":"2025-09-22T21:30:15","modified_gmt":"2025-09-22T17:30:15","slug":"personnel-dadministration","status":"publish","type":"page","link":"https:\/\/etab.ac-reunion.fr\/lyc-antoine-roussin\/le-lycee\/personnels\/personnel-non-enseignant\/personnel-dadministration\/","title":{"rendered":"Personnel d&rsquo;administration"},"content":{"rendered":"<p><strong>Personnel administratif :<\/strong><\/p>\n<p>Mme PAYET Marie-Lise\u00a0 \u00a0 \u00a0 \u00a0 \u00a0 \u00a0 \u00a0 \u00a0 \u00a0 \u00a0 \u00a0 \u00a0 \u00a0 \u00a0 \u00a0<strong>Secr\u00e9tariat de direction<\/strong><\/p>\n<p>Mme ZITTE H\u00e9l\u00e9na\u00a0 \u00a0 \u00a0 \u00a0 \u00a0 \u00a0 \u00a0 \u00a0 \u00a0 \u00a0 \u00a0 \u00a0<strong>\u00a0 \u00a0 \u00a0 \u00a0 \u00a0 \u00a0 \u00a0Secr\u00e9tariat p\u00e9dagogique<\/strong><\/p>\n<p><strong>Personnel du service gestion :<\/strong><\/p>\n<p>Mme BARET\u00a0 Clorinda\u00a0 \u00a0 \u00a0 \u00a0 \u00a0 \u00a0 \u00a0 \u00a0 \u00a0 \u00a0 \u00a0 \u00a0 \u00a0 \u00a0 \u00a0 \u00a0 <strong>Service d\u00e9penses<\/strong><\/p>\n<p>Mme SAMARIA Mirella\u00a0 \u00a0 \u00a0 \u00a0 \u00a0 \u00a0 \u00a0 \u00a0 \u00a0 \u00a0 \u00a0 \u00a0 \u00a0 \u00a0 \u00a0 \u00a0<strong>Service d\u00e9pense<\/strong>s<\/p>\n<p>Mlle HOARAU Daniella\u00a0 \u00a0 \u00a0 \u00a0 \u00a0 \u00a0 \u00a0 \u00a0 \u00a0 \u00a0 \u00a0 \u00a0 \u00a0 \u00a0 \u00a0 \u00a0 <strong>Service gestion financi\u00e8re et comptable<\/strong><\/p>\n<p>Mme HOARAU Virginie\u00a0 \u00a0 \u00a0 \u00a0 \u00a0 \u00a0 \u00a0 \u00a0 \u00a0 \u00a0 \u00a0 \u00a0 \u00a0 \u00a0 \u00a0 <strong>\u00a0Service gestion financi\u00e8re et comptable<\/strong><\/p>\n","protected":false},"excerpt":{"rendered":"<p>Personnel administratif : Mme PAYET Marie-Lise\u00a0 \u00a0 \u00a0 \u00a0 \u00a0 \u00a0 \u00a0 \u00a0 \u00a0 \u00a0 \u00a0 \u00a0 \u00a0 \u00a0 \u00a0Secr\u00e9tariat de direction Mme ZITTE H\u00e9l\u00e9na\u00a0 \u00a0 \u00a0 \u00a0 \u00a0 \u00a0 \u00a0 \u00a0 \u00a0 \u00a0 \u00a0 \u00a0\u00a0 \u00a0 \u00a0 \u00a0 \u00a0 \u00a0 \u00a0Secr\u00e9tariat p\u00e9dagogique Personnel du service gestion : Mme BARET\u00a0&#8230;<\/p>\n<p class=\"continue-reading-button\"> <a class=\"continue-reading-link\" href=\"https:\/\/etab.ac-reunion.fr\/lyc-antoine-roussin\/le-lycee\/personnels\/personnel-non-enseignant\/personnel-dadministration\/\">Lire la suite<i class=\"crycon-right-dir\"><\/i><\/a><\/p>\n","protected":false},"author":19389,"featured_media":0,"parent":77,"menu_order":0,"comment_status":"open","ping_status":"open","template":"","meta":{"footnotes":""},"class_list":["post-83","page","type-page","status-publish","hentry"],"_links":{"self":[{"href":"https:\/\/etab.ac-reunion.fr\/lyc-antoine-roussin\/wp-json\/wp\/v2\/pages\/83","targetHints":{"allow":["GET"]}}],"collection":[{"href":"https:\/\/etab.ac-reunion.fr\/lyc-antoine-roussin\/wp-json\/wp\/v2\/pages"}],"about":[{"href":"https:\/\/etab.ac-reunion.fr\/lyc-antoine-roussin\/wp-json\/wp\/v2\/types\/page"}],"author":[{"embeddable":true,"href":"https:\/\/etab.ac-reunion.fr\/lyc-antoine-roussin\/wp-json\/wp\/v2\/users\/19389"}],"replies":[{"embeddable":true,"href":"https:\/\/etab.ac-reunion.fr\/lyc-antoine-roussin\/wp-json\/wp\/v2\/comments?post=83"}],"version-history":[{"count":19,"href":"https:\/\/etab.ac-reunion.fr\/lyc-antoine-roussin\/wp-json\/wp\/v2\/pages\/83\/revisions"}],"predecessor-version":[{"id":13520,"href":"https:\/\/etab.ac-reunion.fr\/lyc-antoine-roussin\/wp-json\/wp\/v2\/pages\/83\/revisions\/13520"}],"up":[{"embeddable":true,"href":"https:\/\/etab.ac-reunion.fr\/lyc-antoine-roussin\/wp-json\/wp\/v2\/pages\/77"}],"wp:attachment":[{"href":"https:\/\/etab.ac-reunion.fr\/lyc-antoine-roussin\/wp-json\/wp\/v2\/media?parent=83"}],"curies":[{"name":"wp","href":"https:\/\/api.w.org\/{rel}","templated":true}]}}