{"id":12162,"date":"2020-12-17T18:42:47","date_gmt":"2020-12-17T17:42:47","guid":{"rendered":"http:\/\/lycee-belair.ac-reunion.fr\/?page_id=12162"},"modified":"2022-12-12T10:39:43","modified_gmt":"2022-12-12T06:39:43","slug":"liste-des-lycees-de-rattachement-pour-laccueil-des-1ere-technologique-et-enseignements-de-specialite-en-1ere-generale","status":"publish","type":"page","link":"https:\/\/etab.ac-reunion.fr\/lyc-bel-air\/liste-des-lycees-de-rattachement-pour-laccueil-des-1ere-technologique-et-enseignements-de-specialite-en-1ere-generale\/","title":{"rendered":"Liste des lyc\u00e9es de rattachement pour l\u2019accueil des 1\u00e8re technologique et enseignements de sp\u00e9cialit\u00e9 de 1\u00e8re g\u00e9n\u00e9rale"},"content":{"rendered":"\n[et_pb_section][et_pb_row][et_pb_column type=\u00a0\u00bb4_4&Prime;][et_pb_text]<!-- divi:gallery {\"linkTo\":\"media\",\"sizeSlug\":\"full\"} -->\n<figure class=\"wp-block-gallery has-nested-images columns-default is-cropped\"><!-- divi:image {\"id\":12104,\"sizeSlug\":\"full\",\"linkDestination\":\"media\"} -->\n<figure class=\"wp-block-image size-full\"><a href=\"https:\/\/etab.ac-reunion.fr\/lyc-bel-air\/wp-content\/uploads\/sites\/71\/2020\/12\/Capture-de\u0301cran-2020-12-15-a\u0300-19.15.31.png\"><img loading=\"lazy\" decoding=\"async\" width=\"1926\" height=\"1066\" src=\"https:\/\/etab.ac-reunion.fr\/lyc-bel-air\/wp-content\/uploads\/sites\/71\/2020\/12\/Capture-de\u0301cran-2020-12-15-a\u0300-19.15.31.png\" alt=\"\" class=\"wp-image-12104\" srcset=\"https:\/\/etab.ac-reunion.fr\/lyc-bel-air\/wp-content\/uploads\/sites\/71\/2020\/12\/Capture-de\u0301cran-2020-12-15-a\u0300-19.15.31.png 1926w, https:\/\/etab.ac-reunion.fr\/lyc-bel-air\/wp-content\/uploads\/sites\/71\/2020\/12\/Capture-de\u0301cran-2020-12-15-a\u0300-19.15.31-300x166.png 300w, https:\/\/etab.ac-reunion.fr\/lyc-bel-air\/wp-content\/uploads\/sites\/71\/2020\/12\/Capture-de\u0301cran-2020-12-15-a\u0300-19.15.31-1024x567.png 1024w, https:\/\/etab.ac-reunion.fr\/lyc-bel-air\/wp-content\/uploads\/sites\/71\/2020\/12\/Capture-de\u0301cran-2020-12-15-a\u0300-19.15.31-150x83.png 150w, https:\/\/etab.ac-reunion.fr\/lyc-bel-air\/wp-content\/uploads\/sites\/71\/2020\/12\/Capture-de\u0301cran-2020-12-15-a\u0300-19.15.31-768x425.png 768w, https:\/\/etab.ac-reunion.fr\/lyc-bel-air\/wp-content\/uploads\/sites\/71\/2020\/12\/Capture-de\u0301cran-2020-12-15-a\u0300-19.15.31-1536x850.png 1536w\" sizes=\"(max-width: 1926px) 100vw, 1926px\" \/><\/a><\/figure>\n<!-- \/divi:image --><\/figure>\n<!-- \/divi:gallery -->\n\n<!-- divi:file {\"id\":12107,\"href\":\"http:\/\/wpetab.ac-reunion.fr\/bel-air\/wp-content\/uploads\/sites\/71\/2020\/12\/Bassin-nord_lyce\u0301es-de-rattachement_1e\u0300re-technologique.pdf\",\"align\":\"center\"} -->\n<div class=\"wp-block-file aligncenter\"><a href=\"https:\/\/etab.ac-reunion.fr\/lyc-bel-air\/wp-content\/uploads\/sites\/71\/2020\/12\/Bassin-nord_lyce\u0301es-de-rattachement_1e\u0300re-technologique.pdf\" class=\"wp-block-file__button\" download>T\u00e9l\u00e9charger le document ci dessus en format PDF<\/a><\/div>\n<!-- \/divi:file -->[\/et_pb_text][\/et_pb_column][\/et_pb_row][\/et_pb_section]\n<!-- AddThis Advanced Settings generic via filter on the_content --><!-- AddThis Share Buttons generic via filter on the_content -->","protected":false},"excerpt":{"rendered":"<p><div class=\"et_pb_section et_pb_section_0 et_section_regular\" >\n\t\t\t\t\n\t\t\t\t\n\t\t\t\t\n\t\t\t\t\n\t\t\t\t\n\t\t\t\t\n\t\t\t\t\n\t\t\t\t\n\t\t\t\t\n\t\t\t<\/div><div class=\"et_pb_row et_pb_row_0 et_pb_row_empty\">\n\t\t\t\t\n\t\t\t\t\n\t\t\t\t\n\t\t\t\t\n\t\t\t\t\n\t\t\t<\/div><div class=\"et_pb_module et_pb_text et_pb_text_0  et_pb_text_align_left et_pb_bg_layout_light\">\n\t\t\t\t\n\t\t\t\t\n\t\t\t\t\n\t\t\t\t\n\t\t\t\t\n\t\t\t<\/div> T\u00e9l\u00e9charger le document ci dessus en format PDF<\/p>\n<p><!-- AddThis Advanced Settings generic via filter on get_the_excerpt --><!-- AddThis Share Buttons generic via filter on get_the_excerpt --><\/p>\n","protected":false},"author":28504,"featured_media":0,"parent":0,"menu_order":0,"comment_status":"closed","ping_status":"closed","template":"","meta":{"_et_pb_use_builder":"on","_et_pb_old_content":"<!-- wp:gallery {\"linkTo\":\"media\",\"sizeSlug\":\"full\"} -->\n<figure class=\"wp-block-gallery has-nested-images columns-default is-cropped\"><!-- wp:image {\"id\":12104,\"sizeSlug\":\"full\",\"linkDestination\":\"media\"} -->\n<figure class=\"wp-block-image size-full\"><a href=\"https:\/\/etab.ac-reunion.fr\/lyc-bel-air\/wp-content\/uploads\/sites\/71\/2020\/12\/Capture-de\u0301cran-2020-12-15-a\u0300-19.15.31.png\"><img src=\"https:\/\/etab.ac-reunion.fr\/lyc-bel-air\/wp-content\/uploads\/sites\/71\/2020\/12\/Capture-de\u0301cran-2020-12-15-a\u0300-19.15.31.png\" alt=\"\" class=\"wp-image-12104\"\/><\/a><\/figure>\n<!-- \/wp:image --><\/figure>\n<!-- \/wp:gallery -->\n\n<!-- wp:file {\"id\":12107,\"href\":\"http:\/\/wpetab.ac-reunion.fr\/bel-air\/wp-content\/uploads\/sites\/71\/2020\/12\/Bassin-nord_lyce\u0301es-de-rattachement_1e\u0300re-technologique.pdf\",\"align\":\"center\"} -->\n<div class=\"wp-block-file aligncenter\"><a href=\"https:\/\/etab.ac-reunion.fr\/lyc-bel-air\/wp-content\/uploads\/sites\/71\/2020\/12\/Bassin-nord_lyce\u0301es-de-rattachement_1e\u0300re-technologique.pdf\" class=\"wp-block-file__button\" download>T\u00e9l\u00e9charger le document ci dessus en format PDF<\/a><\/div>\n<!-- \/wp:file -->","_et_gb_content_width":"","footnotes":"","_links_to":"","_links_to_target":""},"class_list":["post-12162","page","type-page","status-publish","hentry"],"_links":{"self":[{"href":"https:\/\/etab.ac-reunion.fr\/lyc-bel-air\/wp-json\/wp\/v2\/pages\/12162","targetHints":{"allow":["GET"]}}],"collection":[{"href":"https:\/\/etab.ac-reunion.fr\/lyc-bel-air\/wp-json\/wp\/v2\/pages"}],"about":[{"href":"https:\/\/etab.ac-reunion.fr\/lyc-bel-air\/wp-json\/wp\/v2\/types\/page"}],"author":[{"embeddable":true,"href":"https:\/\/etab.ac-reunion.fr\/lyc-bel-air\/wp-json\/wp\/v2\/users\/28504"}],"replies":[{"embeddable":true,"href":"https:\/\/etab.ac-reunion.fr\/lyc-bel-air\/wp-json\/wp\/v2\/comments?post=12162"}],"version-history":[{"count":3,"href":"https:\/\/etab.ac-reunion.fr\/lyc-bel-air\/wp-json\/wp\/v2\/pages\/12162\/revisions"}],"predecessor-version":[{"id":16624,"href":"https:\/\/etab.ac-reunion.fr\/lyc-bel-air\/wp-json\/wp\/v2\/pages\/12162\/revisions\/16624"}],"wp:attachment":[{"href":"https:\/\/etab.ac-reunion.fr\/lyc-bel-air\/wp-json\/wp\/v2\/media?parent=12162"}],"curies":[{"name":"wp","href":"https:\/\/api.w.org\/{rel}","templated":true}]}}