{"id":12175,"date":"2020-12-17T19:33:25","date_gmt":"2020-12-17T18:33:25","guid":{"rendered":"http:\/\/lycee-belair.ac-reunion.fr\/?page_id=12175"},"modified":"2020-12-17T19:34:48","modified_gmt":"2020-12-17T18:34:48","slug":"orientation-seconde","status":"publish","type":"page","link":"https:\/\/etab.ac-reunion.fr\/lyc-bel-air\/orientation-seconde\/","title":{"rendered":"ORIENTATION SECONDE"},"content":{"rendered":"\n<figure class=\"wp-block-embed-wordpress wp-block-embed is-type-wp-embed is-provider-lycee-bel-air\"><div class=\"wp-block-embed__wrapper\">\n<blockquote class=\"wp-embedded-content\" data-secret=\"ignmyuk4lL\"><a href=\"https:\/\/etab.ac-reunion.fr\/lyc-bel-air\/diaporama-de-presentation-generale\/\">Diaporama de pr\u00e9sentation g\u00e9n\u00e9rale<\/a><\/blockquote><iframe loading=\"lazy\" class=\"wp-embedded-content\" sandbox=\"allow-scripts\" security=\"restricted\" style=\"position: absolute; clip: rect(1px, 1px, 1px, 1px);\" title=\"\u00ab\u00a0Diaporama de pr\u00e9sentation g\u00e9n\u00e9rale\u00a0\u00bb &#8212; Lyc\u00e9e   Bel Air\" src=\"https:\/\/etab.ac-reunion.fr\/lyc-bel-air\/diaporama-de-presentation-generale\/embed\/#?secret=EsZfsCq7tN#?secret=ignmyuk4lL\" data-secret=\"ignmyuk4lL\" width=\"600\" height=\"338\" frameborder=\"0\" marginwidth=\"0\" marginheight=\"0\" scrolling=\"no\"><\/iframe>\n<\/div><\/figure>\n\n\n\n<figure class=\"wp-block-embed-wordpress wp-block-embed is-type-wp-embed is-provider-lycee-bel-air\"><div class=\"wp-block-embed__wrapper\">\n<blockquote class=\"wp-embedded-content\" data-secret=\"3NpwM44IvS\"><a href=\"https:\/\/etab.ac-reunion.fr\/lyc-bel-air\/apres-la-seconde\/\">SAISIR SON INTENTION  D&rsquo;ORIENTATION<\/a><\/blockquote><iframe loading=\"lazy\" class=\"wp-embedded-content\" sandbox=\"allow-scripts\" security=\"restricted\" style=\"position: absolute; clip: rect(1px, 1px, 1px, 1px);\" title=\"\u00ab\u00a0SAISIR SON INTENTION  D&rsquo;ORIENTATION\u00a0\u00bb &#8212; Lyc\u00e9e   Bel Air\" src=\"https:\/\/etab.ac-reunion.fr\/lyc-bel-air\/apres-la-seconde\/embed\/#?secret=PsfKzJ9OHf#?secret=3NpwM44IvS\" data-secret=\"3NpwM44IvS\" width=\"600\" height=\"338\" frameborder=\"0\" marginwidth=\"0\" marginheight=\"0\" scrolling=\"no\"><\/iframe>\n<\/div><\/figure>\n\n\n\n<figure class=\"wp-block-embed-wordpress wp-block-embed is-type-wp-embed is-provider-lycee-bel-air\"><div class=\"wp-block-embed__wrapper\">\n<blockquote class=\"wp-embedded-content\" data-secret=\"dOxNDDguiy\"><a href=\"https:\/\/etab.ac-reunion.fr\/lyc-bel-air\/liste-des-lycees-de-rattachement-pour-laccueil-des-1ere-technologique-et-enseignements-de-specialite-en-1ere-generale\/\">Liste des lyc\u00e9es de rattachement pour l\u2019accueil des 1\u00e8re technologique et enseignements de sp\u00e9cialit\u00e9 de 1\u00e8re g\u00e9n\u00e9rale<\/a><\/blockquote><iframe loading=\"lazy\" class=\"wp-embedded-content\" sandbox=\"allow-scripts\" security=\"restricted\" style=\"position: absolute; clip: rect(1px, 1px, 1px, 1px);\" title=\"\u00ab\u00a0Liste des lyc\u00e9es de rattachement pour l\u2019accueil des 1\u00e8re technologique et enseignements de sp\u00e9cialit\u00e9 de 1\u00e8re g\u00e9n\u00e9rale\u00a0\u00bb &#8212; Lyc\u00e9e   Bel Air\" src=\"https:\/\/etab.ac-reunion.fr\/lyc-bel-air\/liste-des-lycees-de-rattachement-pour-laccueil-des-1ere-technologique-et-enseignements-de-specialite-en-1ere-generale\/embed\/#?secret=D34l1kbfBX#?secret=dOxNDDguiy\" data-secret=\"dOxNDDguiy\" width=\"600\" height=\"338\" frameborder=\"0\" marginwidth=\"0\" marginheight=\"0\" scrolling=\"no\"><\/iframe>\n<\/div><\/figure>\n<!-- AddThis Advanced Settings generic via filter on the_content --><!-- AddThis Share Buttons generic via filter on the_content -->","protected":false},"excerpt":{"rendered":"<p><!-- AddThis Advanced Settings generic via filter on get_the_excerpt --><!-- AddThis Share Buttons generic via filter on get_the_excerpt --><\/p>\n","protected":false},"author":3366,"featured_media":0,"parent":0,"menu_order":0,"comment_status":"closed","ping_status":"closed","template":"","meta":{"_et_pb_use_builder":"","_et_pb_old_content":"","_et_gb_content_width":"","footnotes":"","_links_to":"","_links_to_target":""},"class_list":["post-12175","page","type-page","status-publish","hentry"],"_links":{"self":[{"href":"https:\/\/etab.ac-reunion.fr\/lyc-bel-air\/wp-json\/wp\/v2\/pages\/12175","targetHints":{"allow":["GET"]}}],"collection":[{"href":"https:\/\/etab.ac-reunion.fr\/lyc-bel-air\/wp-json\/wp\/v2\/pages"}],"about":[{"href":"https:\/\/etab.ac-reunion.fr\/lyc-bel-air\/wp-json\/wp\/v2\/types\/page"}],"author":[{"embeddable":true,"href":"https:\/\/etab.ac-reunion.fr\/lyc-bel-air\/wp-json\/wp\/v2\/users\/3366"}],"replies":[{"embeddable":true,"href":"https:\/\/etab.ac-reunion.fr\/lyc-bel-air\/wp-json\/wp\/v2\/comments?post=12175"}],"version-history":[{"count":1,"href":"https:\/\/etab.ac-reunion.fr\/lyc-bel-air\/wp-json\/wp\/v2\/pages\/12175\/revisions"}],"predecessor-version":[{"id":12176,"href":"https:\/\/etab.ac-reunion.fr\/lyc-bel-air\/wp-json\/wp\/v2\/pages\/12175\/revisions\/12176"}],"wp:attachment":[{"href":"https:\/\/etab.ac-reunion.fr\/lyc-bel-air\/wp-json\/wp\/v2\/media?parent=12175"}],"curies":[{"name":"wp","href":"https:\/\/api.w.org\/{rel}","templated":true}]}}