{"id":12318,"date":"2020-10-25T14:56:17","date_gmt":"2020-10-25T13:56:17","guid":{"rendered":"http:\/\/lycee-belair.ac-reunion.fr\/?page_id=12318"},"modified":"2021-01-25T14:58:20","modified_gmt":"2021-01-25T13:58:20","slug":"faq-seconde","status":"publish","type":"page","link":"https:\/\/etab.ac-reunion.fr\/lyc-bel-air\/faq-seconde\/","title":{"rendered":"FAQ"},"content":{"rendered":"\n<ul class=\"wp-block-list\"><li><strong>Est-ce qu\u2019avec un bac techno l&rsquo;enfant peut int\u00e9grer l&rsquo;universit\u00e9 pour pr\u00e9parer le concours de professeur des \u00e9coles ? et quelle orientation choisir en 1\u00e8re\u00a0?<\/strong><\/li><\/ul>\n\n\n\n<p>L\u2019admission \u00e0 l\u2019universit\u00e9 est possible, quel que soit le bac, mais les chances de r\u00e9ussite en licence sont plus importantes si l\u2019\u00e9tudiant poss\u00e8de un bac g\u00e9n\u00e9ral.<\/p>\n\n\n\n<p>L\u2019orientation vers une 1<sup>\u00e8re<\/sup> g\u00e9n\u00e9rale est donc conseill\u00e9e en vue du projet de professeur des \u00e9coles (5 ans d\u2019\u00e9tudes apr\u00e8s le bac), m\u00eame si un bac technologique reste possible.<\/p>\n\n\n\n<ul class=\"wp-block-list\"><li><strong>Quel est le coefficient des sp\u00e9cialit\u00e9s au bac\u00a0? Est-ce vrai que le bac nouvelle version sera plus difficile que le bac ancienne g\u00e9n\u00e9ration ?<\/strong><\/li><\/ul>\n\n\n\n<p>Le coefficient pour chacune des 2 sp\u00e9cialit\u00e9s conserv\u00e9es en terminale est de 16.<\/p>\n\n\n\n<p>Le coefficient pour la sp\u00e9cialit\u00e9 suivie uniquement en premi\u00e8re est de 5.<\/p>\n\n\n\n<ul class=\"wp-block-list\"><li><strong>Est-ce qu\u2019avec un bac pro l&rsquo;enfant peut passer un concours pour devenir sage-femme ?<\/strong><\/li><\/ul>\n\n\n\n<p>Pour int\u00e9grer une \u00e9cole de sage-femme (ma\u00efeutique), un bac g\u00e9n\u00e9ral est fortement conseill\u00e9. La formation de sage-femme dure 5 ans&nbsp;: une premi\u00e8re ann\u00e9e \u00e0 l\u2019universit\u00e9 en PASS (parcours sp\u00e9cifique acc\u00e8s sant\u00e9) ou LAS (licence option acc\u00e8s sant\u00e9), puis 4 ans en \u00e9cole de sage-femme.<\/p>\n\n\n\n<p>Avec un bac pro, les m\u00e9tiers accessibles dans le domaine de la sant\u00e9 sont plut\u00f4t aide-soignant ou auxiliaire de pu\u00e9riculture.<\/p>\n\n\n\n<ul class=\"wp-block-list\"><li><strong>Avec un bac g\u00e9n\u00e9ral peut-on int\u00e9grer un DUT\u00a0?<\/strong><\/li><\/ul>\n\n\n\n<p>Oui, les bacs g\u00e9n\u00e9raux sont prioritaires pour l\u2019admission en BUT (Bachelor Universitaire de Technologie, nouvelle appellation des&nbsp; DUT).<\/p>\n\n\n\n<p>A la R\u00e9union, les effectifs sont d\u2019environ 60 % de bacheliers g\u00e9n\u00e9raux et 40 % de bacheliers technologiques.<\/p>\n\n\n\n<p>La formation en BUT dure 3 ans.<\/p>\n\n\n\n<ul class=\"wp-block-list\"><li><strong>Sait-on d\u00e9j\u00e0 si la sp\u00e9cialit\u00e9 EPS r\u00e9cemment pr\u00e9sent\u00e9e par le ministre de l\u2019EN sera \u00e0 Bel Air \u00e0 la prochaine rentr\u00e9e ?<\/strong><\/li><\/ul>\n\n\n\n<p>La r\u00e9ponse sera communiqu\u00e9e en mars 2021.<\/p>\n\n\n\n<ul class=\"wp-block-list\"><li><strong>Quelles sont les \u00e9tudes pour \u00eatre masseur kin\u00e9 et quelles sp\u00e9cialit\u00e9s conseill\u00e9es en 1\u00e8re\u00a0?<\/strong><\/li><\/ul>\n\n\n\n<p>Pour \u00eatre masseur kin\u00e9, il faut int\u00e9grer une premi\u00e8re ann\u00e9e de LAS ou PASS \u00e0 l\u2019universit\u00e9, puis suivre une formation de 4 ans \u00e0 l\u2019IFMK (\u00e0 St Pierre).<\/p>\n\n\n\n<p>L\u2019enseignement de sp\u00e9cialit\u00e9 conseill\u00e9 prioritairement est la SVT.<\/p>\n\n\n\n<ul class=\"wp-block-list\"><li><strong>Que faire si la sp\u00e9cialit\u00e9 n&rsquo;existe pas dans le lyc\u00e9e\u00a0?<\/strong><\/li><\/ul>\n\n\n\n<p>Vous pouvez formuler un v\u0153u pour une sp\u00e9cialit\u00e9 propos\u00e9e dans un autre \u00e9tablissement, sur la fiche dialogue de 2<sup>nde<\/sup>,.<\/p>\n\n\n\n<p>La demande sera \u00e9tudi\u00e9e par une commission au rectorat en fin d\u2019ann\u00e9e scolaire, apr\u00e8s affectation des \u00e9l\u00e8ves de l\u2019\u00e9tablissement demand\u00e9 (qui sont prioritaires).<\/p>\n\n\n\n<p>Concernant la sp\u00e9cialit\u00e9 arts plastiques au lyc\u00e9e Mahatma Gandhi, 12 places vont \u00eatre r\u00e9serv\u00e9es \u00e0 la prochaine rentr\u00e9e pour les \u00e9l\u00e8ves venant d\u2019autres \u00e9tablissements.<\/p>\n\n\n\n<p>En plus de cette demande hors \u00e9tablissement, votre enfant doit formuler 3 v\u0153ux de sp\u00e9cialit\u00e9s au lyc\u00e9e Bel Air, afin de lui garantir une place.<\/p>\n\n\n\n<ul class=\"wp-block-list\"><li><strong>Pour travailler dans l&rsquo;immobilier il faut faire quelles \u00e9tudes ?<\/strong><\/li><\/ul>\n\n\n\n<p>Plusieurs fili\u00e8res sont possibles&nbsp;:<\/p>\n\n\n\n<ul class=\"wp-block-list\"><li>Le BTS professions immobili\u00e8res au lyc\u00e9e Rontaunay \u00e0 St Denis ou au lyc\u00e9e St Exup\u00e9ry aux Avirons (bac STMG prioritaire)<\/li><li>Le BUT techniques de commercialisation, \u00e0 l\u2019IUT de St Pierre<\/li><li>Le BUT carri\u00e8res juridiques, en m\u00e9tropole<\/li><li>Des \u00e9coles sp\u00e9cialis\u00e9es en immobilier, en m\u00e9tropole<\/li><\/ul>\n\n\n\n<p><\/p>\n<!-- AddThis Advanced Settings generic via filter on the_content --><!-- AddThis Share Buttons generic via filter on the_content -->","protected":false},"excerpt":{"rendered":"<p>Est-ce qu\u2019avec un bac techno l&rsquo;enfant peut int\u00e9grer l&rsquo;universit\u00e9 pour pr\u00e9parer le concours de professeur des \u00e9coles ? et quelle orientation choisir en 1\u00e8re\u00a0? L\u2019admission \u00e0 l\u2019universit\u00e9 est possible, quel que soit le bac, mais les chances de r\u00e9ussite en licence sont plus importantes si l\u2019\u00e9tudiant poss\u00e8de un bac g\u00e9n\u00e9ral. L\u2019orientation vers une 1\u00e8re g\u00e9n\u00e9rale [&hellip;]<!-- AddThis Advanced Settings generic via filter on get_the_excerpt --><!-- AddThis Share Buttons generic via filter on get_the_excerpt --><\/p>\n","protected":false},"author":3366,"featured_media":0,"parent":0,"menu_order":0,"comment_status":"closed","ping_status":"closed","template":"","meta":{"_et_pb_use_builder":"","_et_pb_old_content":"","_et_gb_content_width":"","footnotes":"","_links_to":"","_links_to_target":""},"class_list":["post-12318","page","type-page","status-publish","hentry"],"_links":{"self":[{"href":"https:\/\/etab.ac-reunion.fr\/lyc-bel-air\/wp-json\/wp\/v2\/pages\/12318","targetHints":{"allow":["GET"]}}],"collection":[{"href":"https:\/\/etab.ac-reunion.fr\/lyc-bel-air\/wp-json\/wp\/v2\/pages"}],"about":[{"href":"https:\/\/etab.ac-reunion.fr\/lyc-bel-air\/wp-json\/wp\/v2\/types\/page"}],"author":[{"embeddable":true,"href":"https:\/\/etab.ac-reunion.fr\/lyc-bel-air\/wp-json\/wp\/v2\/users\/3366"}],"replies":[{"embeddable":true,"href":"https:\/\/etab.ac-reunion.fr\/lyc-bel-air\/wp-json\/wp\/v2\/comments?post=12318"}],"version-history":[{"count":1,"href":"https:\/\/etab.ac-reunion.fr\/lyc-bel-air\/wp-json\/wp\/v2\/pages\/12318\/revisions"}],"predecessor-version":[{"id":12319,"href":"https:\/\/etab.ac-reunion.fr\/lyc-bel-air\/wp-json\/wp\/v2\/pages\/12318\/revisions\/12319"}],"wp:attachment":[{"href":"https:\/\/etab.ac-reunion.fr\/lyc-bel-air\/wp-json\/wp\/v2\/media?parent=12318"}],"curies":[{"name":"wp","href":"https:\/\/api.w.org\/{rel}","templated":true}]}}