{"id":12385,"date":"2020-10-26T08:49:08","date_gmt":"2020-10-26T07:49:08","guid":{"rendered":"http:\/\/lycee-belair.ac-reunion.fr\/?page_id=12385"},"modified":"2022-12-10T06:03:26","modified_gmt":"2022-12-10T02:03:26","slug":"physique-chimie","status":"publish","type":"page","link":"https:\/\/etab.ac-reunion.fr\/lyc-bel-air\/physique-chimie\/","title":{"rendered":"Physique-Chimie"},"content":{"rendered":"\n<figure class=\"wp-block-gallery has-nested-images columns-1 is-cropped wp-block-gallery-1 is-layout-flex wp-block-gallery-is-layout-flex\">\n<figure class=\"wp-block-image size-large\"><a href=\"https:\/\/etab.ac-reunion.fr\/lyc-bel-air\/wp-content\/uploads\/sites\/71\/2022\/12\/Capture-decran-2022-12-09-a-08.26.05.png\"><img loading=\"lazy\" decoding=\"async\" width=\"729\" height=\"1024\" data-id=\"16546\" src=\"https:\/\/etab.ac-reunion.fr\/lyc-bel-air\/wp-content\/uploads\/sites\/71\/2022\/12\/Capture-decran-2022-12-09-a-08.26.05-729x1024.png\" alt=\"\" class=\"wp-image-16546\" \/><\/a><\/figure>\n\n\n\n<figure class=\"wp-block-image size-large\"><a href=\"https:\/\/etab.ac-reunion.fr\/lyc-bel-air\/wp-content\/uploads\/sites\/71\/2022\/12\/Capture-decran-2022-12-09-a-08.26.15.png\"><img loading=\"lazy\" decoding=\"async\" width=\"760\" height=\"1024\" data-id=\"16547\" src=\"https:\/\/etab.ac-reunion.fr\/lyc-bel-air\/wp-content\/uploads\/sites\/71\/2022\/12\/Capture-decran-2022-12-09-a-08.26.15-760x1024.png\" alt=\"\" class=\"wp-image-16547\" \/><\/a><\/figure>\n<\/figure>\n\n\n\n<div class=\"wp-block-file\"><a href=\"https:\/\/etab.ac-reunion.fr\/lyc-bel-air\/wp-content\/uploads\/sites\/71\/2022\/12\/SPE-Physique-chimie.pdf\" class=\"wp-block-file__button wp-element-button\" download>T\u00e9l\u00e9charger le document de pr\u00e9sentation de la sp\u00e9cialit\u00e9 Physique chimie<\/a><\/div>\n<!-- AddThis Advanced Settings generic via filter on the_content --><!-- AddThis Share Buttons generic via filter on the_content -->","protected":false},"excerpt":{"rendered":"<p><!-- AddThis Advanced Settings generic via filter on get_the_excerpt --><!-- AddThis Share Buttons generic via filter on get_the_excerpt --><\/p>\n","protected":false},"author":28504,"featured_media":0,"parent":0,"menu_order":0,"comment_status":"closed","ping_status":"closed","template":"","meta":{"_et_pb_use_builder":"","_et_pb_old_content":"","_et_gb_content_width":"1138","footnotes":"","_links_to":"","_links_to_target":""},"class_list":["post-12385","page","type-page","status-publish","hentry"],"_links":{"self":[{"href":"https:\/\/etab.ac-reunion.fr\/lyc-bel-air\/wp-json\/wp\/v2\/pages\/12385","targetHints":{"allow":["GET"]}}],"collection":[{"href":"https:\/\/etab.ac-reunion.fr\/lyc-bel-air\/wp-json\/wp\/v2\/pages"}],"about":[{"href":"https:\/\/etab.ac-reunion.fr\/lyc-bel-air\/wp-json\/wp\/v2\/types\/page"}],"author":[{"embeddable":true,"href":"https:\/\/etab.ac-reunion.fr\/lyc-bel-air\/wp-json\/wp\/v2\/users\/28504"}],"replies":[{"embeddable":true,"href":"https:\/\/etab.ac-reunion.fr\/lyc-bel-air\/wp-json\/wp\/v2\/comments?post=12385"}],"version-history":[{"count":7,"href":"https:\/\/etab.ac-reunion.fr\/lyc-bel-air\/wp-json\/wp\/v2\/pages\/12385\/revisions"}],"predecessor-version":[{"id":16590,"href":"https:\/\/etab.ac-reunion.fr\/lyc-bel-air\/wp-json\/wp\/v2\/pages\/12385\/revisions\/16590"}],"wp:attachment":[{"href":"https:\/\/etab.ac-reunion.fr\/lyc-bel-air\/wp-json\/wp\/v2\/media?parent=12385"}],"curies":[{"name":"wp","href":"https:\/\/api.w.org\/{rel}","templated":true}]}}