{"id":12591,"date":"2020-10-01T19:22:00","date_gmt":"2020-10-01T18:22:00","guid":{"rendered":"http:\/\/lycee-belair.ac-reunion.fr\/?page_id=12591"},"modified":"2021-02-05T19:27:07","modified_gmt":"2021-02-05T18:27:07","slug":"une-fiche-daide-a-la-redaction-de-la-rubrique-activites-et-centres-dinterets","status":"publish","type":"page","link":"https:\/\/etab.ac-reunion.fr\/lyc-bel-air\/une-fiche-daide-a-la-redaction-de-la-rubrique-activites-et-centres-dinterets\/","title":{"rendered":"une fiche d&rsquo;aide \u00e0 la r\u00e9daction de la rubrique \u00ab\u00a0activit\u00e9s et centres d&rsquo;int\u00e9r\u00eats\u00a0\u00bb"},"content":{"rendered":"\n<figure class=\"wp-block-gallery columns-1 is-cropped wp-block-gallery-1 is-layout-flex wp-block-gallery-is-layout-flex\"><ul class=\"blocks-gallery-grid\"><li class=\"blocks-gallery-item\"><figure><a href=\"https:\/\/etab.ac-reunion.fr\/lyc-bel-air\/wp-content\/uploads\/sites\/71\/2021\/02\/Capture-de\u0301cran-2021-02-05-a\u0300-22.22.54.png\"><img loading=\"lazy\" decoding=\"async\" width=\"830\" height=\"1024\" src=\"https:\/\/etab.ac-reunion.fr\/lyc-bel-air\/wp-content\/uploads\/sites\/71\/2021\/02\/Capture-de\u0301cran-2021-02-05-a\u0300-22.22.54-830x1024.png\" alt=\"\" data-id=\"12594\" data-full-url=\"https:\/\/etab.ac-reunion.fr\/lyc-bel-air\/wp-content\/uploads\/sites\/71\/2021\/02\/Capture-de\u0301cran-2021-02-05-a\u0300-22.22.54.png\" data-link=\"https:\/\/etab.ac-reunion.fr\/lyc-bel-air\/?attachment_id=12594\" class=\"wp-image-12594\" srcset=\"https:\/\/etab.ac-reunion.fr\/lyc-bel-air\/wp-content\/uploads\/sites\/71\/2021\/02\/Capture-de\u0301cran-2021-02-05-a\u0300-22.22.54-830x1024.png 830w, https:\/\/etab.ac-reunion.fr\/lyc-bel-air\/wp-content\/uploads\/sites\/71\/2021\/02\/Capture-de\u0301cran-2021-02-05-a\u0300-22.22.54-243x300.png 243w, https:\/\/etab.ac-reunion.fr\/lyc-bel-air\/wp-content\/uploads\/sites\/71\/2021\/02\/Capture-de\u0301cran-2021-02-05-a\u0300-22.22.54-768x948.png 768w, https:\/\/etab.ac-reunion.fr\/lyc-bel-air\/wp-content\/uploads\/sites\/71\/2021\/02\/Capture-de\u0301cran-2021-02-05-a\u0300-22.22.54.png 966w\" sizes=\"(max-width: 830px) 100vw, 830px\" \/><\/a><\/figure><\/li><li class=\"blocks-gallery-item\"><figure><a href=\"https:\/\/etab.ac-reunion.fr\/lyc-bel-air\/wp-content\/uploads\/sites\/71\/2021\/02\/Capture-de\u0301cran-2021-02-05-a\u0300-22.22.59.png\"><img loading=\"lazy\" decoding=\"async\" width=\"707\" height=\"1024\" src=\"https:\/\/etab.ac-reunion.fr\/lyc-bel-air\/wp-content\/uploads\/sites\/71\/2021\/02\/Capture-de\u0301cran-2021-02-05-a\u0300-22.22.59-707x1024.png\" alt=\"\" data-id=\"12593\" data-full-url=\"https:\/\/etab.ac-reunion.fr\/lyc-bel-air\/wp-content\/uploads\/sites\/71\/2021\/02\/Capture-de\u0301cran-2021-02-05-a\u0300-22.22.59.png\" data-link=\"https:\/\/etab.ac-reunion.fr\/lyc-bel-air\/?attachment_id=12593\" class=\"wp-image-12593\" srcset=\"https:\/\/etab.ac-reunion.fr\/lyc-bel-air\/wp-content\/uploads\/sites\/71\/2021\/02\/Capture-de\u0301cran-2021-02-05-a\u0300-22.22.59-707x1024.png 707w, https:\/\/etab.ac-reunion.fr\/lyc-bel-air\/wp-content\/uploads\/sites\/71\/2021\/02\/Capture-de\u0301cran-2021-02-05-a\u0300-22.22.59-207x300.png 207w, https:\/\/etab.ac-reunion.fr\/lyc-bel-air\/wp-content\/uploads\/sites\/71\/2021\/02\/Capture-de\u0301cran-2021-02-05-a\u0300-22.22.59-768x1112.png 768w, https:\/\/etab.ac-reunion.fr\/lyc-bel-air\/wp-content\/uploads\/sites\/71\/2021\/02\/Capture-de\u0301cran-2021-02-05-a\u0300-22.22.59.png 990w\" sizes=\"(max-width: 707px) 100vw, 707px\" \/><\/a><\/figure><\/li><li class=\"blocks-gallery-item\"><figure><a href=\"https:\/\/etab.ac-reunion.fr\/lyc-bel-air\/wp-content\/uploads\/sites\/71\/2021\/02\/Capture-de\u0301cran-2021-02-05-a\u0300-22.23.08.png\"><img loading=\"lazy\" decoding=\"async\" width=\"899\" height=\"1024\" src=\"https:\/\/etab.ac-reunion.fr\/lyc-bel-air\/wp-content\/uploads\/sites\/71\/2021\/02\/Capture-de\u0301cran-2021-02-05-a\u0300-22.23.08-899x1024.png\" alt=\"\" data-id=\"12592\" data-full-url=\"https:\/\/etab.ac-reunion.fr\/lyc-bel-air\/wp-content\/uploads\/sites\/71\/2021\/02\/Capture-de\u0301cran-2021-02-05-a\u0300-22.23.08.png\" data-link=\"https:\/\/etab.ac-reunion.fr\/lyc-bel-air\/?attachment_id=12592\" class=\"wp-image-12592\" srcset=\"https:\/\/etab.ac-reunion.fr\/lyc-bel-air\/wp-content\/uploads\/sites\/71\/2021\/02\/Capture-de\u0301cran-2021-02-05-a\u0300-22.23.08-899x1024.png 899w, https:\/\/etab.ac-reunion.fr\/lyc-bel-air\/wp-content\/uploads\/sites\/71\/2021\/02\/Capture-de\u0301cran-2021-02-05-a\u0300-22.23.08-263x300.png 263w, https:\/\/etab.ac-reunion.fr\/lyc-bel-air\/wp-content\/uploads\/sites\/71\/2021\/02\/Capture-de\u0301cran-2021-02-05-a\u0300-22.23.08-768x875.png 768w, https:\/\/etab.ac-reunion.fr\/lyc-bel-air\/wp-content\/uploads\/sites\/71\/2021\/02\/Capture-de\u0301cran-2021-02-05-a\u0300-22.23.08.png 946w\" sizes=\"(max-width: 899px) 100vw, 899px\" \/><\/a><\/figure><\/li><\/ul><\/figure>\n\n\n<a href=\"https:\/\/wpetab.ac-reunion.fr\/bel-air\/wp-content\/uploads\/sites\/71\/2021\/02\/FEE_ACTIVITES_ET_CENTRE_INTERETS_2021-1.pdf\" class=\"pdfemb-viewer\" style=\"\" data-width=\"max\" data-height=\"max\" data-toolbar=\"bottom\" data-toolbar-fixed=\"off\">FEE_ACTIVITES_ET_CENTRE_INTERETS_2021-1<\/a>\n<p class=\"wp-block-pdfemb-pdf-embedder-viewer\"><\/p>\n\n\n\n<div class=\"wp-block-file\"><a href=\"https:\/\/etab.ac-reunion.fr\/lyc-bel-air\/wp-content\/uploads\/sites\/71\/2021\/02\/FEE_ACTIVITES_ET_CENTRE_INTERETS_2021-1-1.pdf\" class=\"wp-block-file__button\" download>T\u00e9l\u00e9charger la fiche en format PDF<\/a><\/div>\n<!-- AddThis Advanced Settings generic via filter on the_content --><!-- AddThis Share Buttons generic via filter on the_content -->","protected":false},"excerpt":{"rendered":"<p><!-- AddThis Advanced Settings generic via filter on get_the_excerpt --><!-- AddThis Share Buttons generic via filter on get_the_excerpt --><\/p>\n","protected":false},"author":3366,"featured_media":0,"parent":0,"menu_order":0,"comment_status":"closed","ping_status":"closed","template":"page-full.php","meta":{"_et_pb_use_builder":"","_et_pb_old_content":"","_et_gb_content_width":"","footnotes":"","_links_to":"","_links_to_target":""},"class_list":["post-12591","page","type-page","status-publish","hentry"],"_links":{"self":[{"href":"https:\/\/etab.ac-reunion.fr\/lyc-bel-air\/wp-json\/wp\/v2\/pages\/12591","targetHints":{"allow":["GET"]}}],"collection":[{"href":"https:\/\/etab.ac-reunion.fr\/lyc-bel-air\/wp-json\/wp\/v2\/pages"}],"about":[{"href":"https:\/\/etab.ac-reunion.fr\/lyc-bel-air\/wp-json\/wp\/v2\/types\/page"}],"author":[{"embeddable":true,"href":"https:\/\/etab.ac-reunion.fr\/lyc-bel-air\/wp-json\/wp\/v2\/users\/3366"}],"replies":[{"embeddable":true,"href":"https:\/\/etab.ac-reunion.fr\/lyc-bel-air\/wp-json\/wp\/v2\/comments?post=12591"}],"version-history":[{"count":1,"href":"https:\/\/etab.ac-reunion.fr\/lyc-bel-air\/wp-json\/wp\/v2\/pages\/12591\/revisions"}],"predecessor-version":[{"id":12597,"href":"https:\/\/etab.ac-reunion.fr\/lyc-bel-air\/wp-json\/wp\/v2\/pages\/12591\/revisions\/12597"}],"wp:attachment":[{"href":"https:\/\/etab.ac-reunion.fr\/lyc-bel-air\/wp-json\/wp\/v2\/media?parent=12591"}],"curies":[{"name":"wp","href":"https:\/\/api.w.org\/{rel}","templated":true}]}}