{"id":14193,"date":"2021-08-05T07:43:00","date_gmt":"2021-08-05T03:43:00","guid":{"rendered":"http:\/\/lycee-belair.ac-reunion.fr\/?page_id=14193"},"modified":"2022-08-15T15:36:53","modified_gmt":"2022-08-15T11:36:53","slug":"tutoriel-parents-educonnect","status":"publish","type":"page","link":"https:\/\/etab.ac-reunion.fr\/lyc-bel-air\/tutoriel-parents-educonnect\/","title":{"rendered":"Tutoriel Pronote El\u00e8ve smartphone"},"content":{"rendered":"\n<h1 class=\"has-text-align-center has-vivid-red-color has-text-color wp-block-heading\">1 \/ <strong>TUTORIEL en version PDF<\/strong> ( 4 pages \u00e0 faire d\u00e9filer) <\/h1>\n\n\n<a href=\"https:\/\/etab.ac-reunion.fr\/lyc-bel-air\/wp-content\/uploads\/sites\/71\/2022\/08\/Tutoriel-Pronote-Smartphone-Ele\u0300ve.pdf\" class=\"pdfemb-viewer\" style=\"\" data-width=\"max\" data-height=\"max\" data-toolbar=\"bottom\" data-toolbar-fixed=\"off\">Tutoriel-Pronote-Smartphone-Ele\u0300ve<\/a>\n<p class=\"wp-block-pdfemb-pdf-embedder-viewer\"><\/p>\n\n\n\n<h1 class=\"has-text-align-center has-vivid-red-color has-text-color wp-block-heading\">2\/ <strong>TUTORIEL diaporama photos<\/strong><\/h1>\n\n\n\n<figure class=\"wp-block-gallery has-nested-images columns-0 is-cropped wp-block-gallery-1 is-layout-flex wp-block-gallery-is-layout-flex\">\n<figure class=\"wp-block-image size-large is-style-default\"><a href=\"https:\/\/etab.ac-reunion.fr\/lyc-bel-air\/wp-content\/uploads\/sites\/71\/2022\/08\/Capture-de\u0301cran-2022-08-15-a\u0300-15.31.20.png\"><img loading=\"lazy\" decoding=\"async\" width=\"1024\" height=\"720\" data-id=\"15816\" src=\"https:\/\/etab.ac-reunion.fr\/lyc-bel-air\/wp-content\/uploads\/sites\/71\/2022\/08\/Capture-de\u0301cran-2022-08-15-a\u0300-15.31.20-1024x720.png\" alt=\"\" class=\"wp-image-15816\" srcset=\"https:\/\/etab.ac-reunion.fr\/lyc-bel-air\/wp-content\/uploads\/sites\/71\/2022\/08\/Capture-de\u0301cran-2022-08-15-a\u0300-15.31.20-1024x720.png 1024w, https:\/\/etab.ac-reunion.fr\/lyc-bel-air\/wp-content\/uploads\/sites\/71\/2022\/08\/Capture-de\u0301cran-2022-08-15-a\u0300-15.31.20-300x211.png 300w, https:\/\/etab.ac-reunion.fr\/lyc-bel-air\/wp-content\/uploads\/sites\/71\/2022\/08\/Capture-de\u0301cran-2022-08-15-a\u0300-15.31.20-768x540.png 768w, https:\/\/etab.ac-reunion.fr\/lyc-bel-air\/wp-content\/uploads\/sites\/71\/2022\/08\/Capture-de\u0301cran-2022-08-15-a\u0300-15.31.20-1536x1081.png 1536w, https:\/\/etab.ac-reunion.fr\/lyc-bel-air\/wp-content\/uploads\/sites\/71\/2022\/08\/Capture-de\u0301cran-2022-08-15-a\u0300-15.31.20-1080x760.png 1080w, https:\/\/etab.ac-reunion.fr\/lyc-bel-air\/wp-content\/uploads\/sites\/71\/2022\/08\/Capture-de\u0301cran-2022-08-15-a\u0300-15.31.20-1280x901.png 1280w, https:\/\/etab.ac-reunion.fr\/lyc-bel-air\/wp-content\/uploads\/sites\/71\/2022\/08\/Capture-de\u0301cran-2022-08-15-a\u0300-15.31.20-980x689.png 980w, https:\/\/etab.ac-reunion.fr\/lyc-bel-air\/wp-content\/uploads\/sites\/71\/2022\/08\/Capture-de\u0301cran-2022-08-15-a\u0300-15.31.20-480x338.png 480w, https:\/\/etab.ac-reunion.fr\/lyc-bel-air\/wp-content\/uploads\/sites\/71\/2022\/08\/Capture-de\u0301cran-2022-08-15-a\u0300-15.31.20.png 1970w\" sizes=\"(max-width: 1024px) 100vw, 1024px\" \/><\/a><\/figure>\n\n\n\n<figure class=\"wp-block-image size-large is-style-default\"><a href=\"https:\/\/etab.ac-reunion.fr\/lyc-bel-air\/wp-content\/uploads\/sites\/71\/2022\/08\/Capture-de\u0301cran-2022-08-15-a\u0300-15.31.16.png\"><img loading=\"lazy\" decoding=\"async\" width=\"1024\" height=\"571\" data-id=\"15814\" src=\"https:\/\/etab.ac-reunion.fr\/lyc-bel-air\/wp-content\/uploads\/sites\/71\/2022\/08\/Capture-de\u0301cran-2022-08-15-a\u0300-15.31.16-1024x571.png\" alt=\"\" class=\"wp-image-15814\" srcset=\"https:\/\/etab.ac-reunion.fr\/lyc-bel-air\/wp-content\/uploads\/sites\/71\/2022\/08\/Capture-de\u0301cran-2022-08-15-a\u0300-15.31.16-1024x571.png 1024w, https:\/\/etab.ac-reunion.fr\/lyc-bel-air\/wp-content\/uploads\/sites\/71\/2022\/08\/Capture-de\u0301cran-2022-08-15-a\u0300-15.31.16-300x167.png 300w, https:\/\/etab.ac-reunion.fr\/lyc-bel-air\/wp-content\/uploads\/sites\/71\/2022\/08\/Capture-de\u0301cran-2022-08-15-a\u0300-15.31.16-768x428.png 768w, https:\/\/etab.ac-reunion.fr\/lyc-bel-air\/wp-content\/uploads\/sites\/71\/2022\/08\/Capture-de\u0301cran-2022-08-15-a\u0300-15.31.16-1536x857.png 1536w, https:\/\/etab.ac-reunion.fr\/lyc-bel-air\/wp-content\/uploads\/sites\/71\/2022\/08\/Capture-de\u0301cran-2022-08-15-a\u0300-15.31.16-1080x603.png 1080w, https:\/\/etab.ac-reunion.fr\/lyc-bel-air\/wp-content\/uploads\/sites\/71\/2022\/08\/Capture-de\u0301cran-2022-08-15-a\u0300-15.31.16-1280x714.png 1280w, https:\/\/etab.ac-reunion.fr\/lyc-bel-air\/wp-content\/uploads\/sites\/71\/2022\/08\/Capture-de\u0301cran-2022-08-15-a\u0300-15.31.16-980x547.png 980w, https:\/\/etab.ac-reunion.fr\/lyc-bel-air\/wp-content\/uploads\/sites\/71\/2022\/08\/Capture-de\u0301cran-2022-08-15-a\u0300-15.31.16-480x268.png 480w, https:\/\/etab.ac-reunion.fr\/lyc-bel-air\/wp-content\/uploads\/sites\/71\/2022\/08\/Capture-de\u0301cran-2022-08-15-a\u0300-15.31.16.png 1986w\" sizes=\"(max-width: 1024px) 100vw, 1024px\" \/><\/a><\/figure>\n\n\n\n<figure class=\"wp-block-image size-large is-style-default\"><a href=\"https:\/\/etab.ac-reunion.fr\/lyc-bel-air\/wp-content\/uploads\/sites\/71\/2022\/08\/Capture-de\u0301cran-2022-08-15-a\u0300-15.31.11.png\"><img loading=\"lazy\" decoding=\"async\" width=\"1024\" height=\"635\" data-id=\"15815\" src=\"https:\/\/etab.ac-reunion.fr\/lyc-bel-air\/wp-content\/uploads\/sites\/71\/2022\/08\/Capture-de\u0301cran-2022-08-15-a\u0300-15.31.11-1024x635.png\" alt=\"\" class=\"wp-image-15815\" srcset=\"https:\/\/etab.ac-reunion.fr\/lyc-bel-air\/wp-content\/uploads\/sites\/71\/2022\/08\/Capture-de\u0301cran-2022-08-15-a\u0300-15.31.11-1024x635.png 1024w, https:\/\/etab.ac-reunion.fr\/lyc-bel-air\/wp-content\/uploads\/sites\/71\/2022\/08\/Capture-de\u0301cran-2022-08-15-a\u0300-15.31.11-300x186.png 300w, https:\/\/etab.ac-reunion.fr\/lyc-bel-air\/wp-content\/uploads\/sites\/71\/2022\/08\/Capture-de\u0301cran-2022-08-15-a\u0300-15.31.11-768x476.png 768w, https:\/\/etab.ac-reunion.fr\/lyc-bel-air\/wp-content\/uploads\/sites\/71\/2022\/08\/Capture-de\u0301cran-2022-08-15-a\u0300-15.31.11-1536x952.png 1536w, https:\/\/etab.ac-reunion.fr\/lyc-bel-air\/wp-content\/uploads\/sites\/71\/2022\/08\/Capture-de\u0301cran-2022-08-15-a\u0300-15.31.11-2048x1269.png 2048w, https:\/\/etab.ac-reunion.fr\/lyc-bel-air\/wp-content\/uploads\/sites\/71\/2022\/08\/Capture-de\u0301cran-2022-08-15-a\u0300-15.31.11-1080x669.png 1080w, https:\/\/etab.ac-reunion.fr\/lyc-bel-air\/wp-content\/uploads\/sites\/71\/2022\/08\/Capture-de\u0301cran-2022-08-15-a\u0300-15.31.11-1280x793.png 1280w, https:\/\/etab.ac-reunion.fr\/lyc-bel-air\/wp-content\/uploads\/sites\/71\/2022\/08\/Capture-de\u0301cran-2022-08-15-a\u0300-15.31.11-980x607.png 980w, https:\/\/etab.ac-reunion.fr\/lyc-bel-air\/wp-content\/uploads\/sites\/71\/2022\/08\/Capture-de\u0301cran-2022-08-15-a\u0300-15.31.11-480x297.png 480w\" sizes=\"(max-width: 1024px) 100vw, 1024px\" \/><\/a><\/figure>\n\n\n\n<figure class=\"wp-block-image size-large is-style-default\"><a href=\"https:\/\/etab.ac-reunion.fr\/lyc-bel-air\/wp-content\/uploads\/sites\/71\/2022\/08\/Capture-de\u0301cran-2022-08-15-a\u0300-15.31.06.png\"><img loading=\"lazy\" decoding=\"async\" width=\"1024\" height=\"703\" data-id=\"15813\" src=\"https:\/\/etab.ac-reunion.fr\/lyc-bel-air\/wp-content\/uploads\/sites\/71\/2022\/08\/Capture-de\u0301cran-2022-08-15-a\u0300-15.31.06-1024x703.png\" alt=\"\" class=\"wp-image-15813\" srcset=\"https:\/\/etab.ac-reunion.fr\/lyc-bel-air\/wp-content\/uploads\/sites\/71\/2022\/08\/Capture-de\u0301cran-2022-08-15-a\u0300-15.31.06-1024x703.png 1024w, https:\/\/etab.ac-reunion.fr\/lyc-bel-air\/wp-content\/uploads\/sites\/71\/2022\/08\/Capture-de\u0301cran-2022-08-15-a\u0300-15.31.06-300x206.png 300w, https:\/\/etab.ac-reunion.fr\/lyc-bel-air\/wp-content\/uploads\/sites\/71\/2022\/08\/Capture-de\u0301cran-2022-08-15-a\u0300-15.31.06-768x528.png 768w, https:\/\/etab.ac-reunion.fr\/lyc-bel-air\/wp-content\/uploads\/sites\/71\/2022\/08\/Capture-de\u0301cran-2022-08-15-a\u0300-15.31.06-1536x1055.png 1536w, https:\/\/etab.ac-reunion.fr\/lyc-bel-air\/wp-content\/uploads\/sites\/71\/2022\/08\/Capture-de\u0301cran-2022-08-15-a\u0300-15.31.06-1080x742.png 1080w, https:\/\/etab.ac-reunion.fr\/lyc-bel-air\/wp-content\/uploads\/sites\/71\/2022\/08\/Capture-de\u0301cran-2022-08-15-a\u0300-15.31.06-1280x879.png 1280w, https:\/\/etab.ac-reunion.fr\/lyc-bel-air\/wp-content\/uploads\/sites\/71\/2022\/08\/Capture-de\u0301cran-2022-08-15-a\u0300-15.31.06-980x673.png 980w, https:\/\/etab.ac-reunion.fr\/lyc-bel-air\/wp-content\/uploads\/sites\/71\/2022\/08\/Capture-de\u0301cran-2022-08-15-a\u0300-15.31.06-480x330.png 480w, https:\/\/etab.ac-reunion.fr\/lyc-bel-air\/wp-content\/uploads\/sites\/71\/2022\/08\/Capture-de\u0301cran-2022-08-15-a\u0300-15.31.06.png 2000w\" sizes=\"(max-width: 1024px) 100vw, 1024px\" \/><\/a><\/figure>\n<\/figure>\n\n\n\n<h1 class=\"has-text-align-center has-vivid-red-color has-text-color wp-block-heading\">3 \/ <strong>TELECHARGER le tutoriel<\/strong><\/h1>\n\n\n\n<div data-wp-interactive=\"core\/file\" class=\"wp-block-file\"><object data-wp-bind--hidden=\"!state.hasPdfPreview\" hidden class=\"wp-block-file__embed\" data=\"https:\/\/etab.ac-reunion.fr\/lyc-bel-air\/wp-content\/uploads\/sites\/71\/2022\/08\/Tutoriel-Pronote-Smartphone-Ele\u0300ve.pdf\" type=\"application\/pdf\" style=\"width:100%;height:600px\" aria-label=\"Contenu embarqu\u00e9 Contenu embarqu\u00e9 Tutoriel Pronote Smartphone Ele\u0300ve..\"><\/object><a id=\"wp-block-file--media-e63fcade-8cb5-4f78-8848-c1d98b3b3ed0\" href=\"https:\/\/etab.ac-reunion.fr\/lyc-bel-air\/wp-content\/uploads\/sites\/71\/2022\/08\/Tutoriel-Pronote-Smartphone-Ele\u0300ve.pdf\">Tutoriel Pronote Smartphone Ele\u0300ve<\/a><a href=\"https:\/\/etab.ac-reunion.fr\/lyc-bel-air\/wp-content\/uploads\/sites\/71\/2022\/08\/Tutoriel-Pronote-Smartphone-Ele\u0300ve.pdf\" class=\"wp-block-file__button\" download aria-describedby=\"wp-block-file--media-e63fcade-8cb5-4f78-8848-c1d98b3b3ed0\">T\u00e9l\u00e9charger le tutoriel Pronote pour les \u00e9l\u00e8ves en PDF<\/a><\/div>\n\n\n\n<p><\/p>\n\n\n\n<p><\/p>\n<!-- AddThis Advanced Settings generic via filter on the_content --><!-- AddThis Share Buttons generic via filter on the_content -->","protected":false},"excerpt":{"rendered":"<p>1 \/ TUTORIEL en version PDF ( 4 pages \u00e0 faire d\u00e9filer) 2\/ TUTORIEL diaporama photos 3 \/ TELECHARGER le tutoriel<!-- AddThis Advanced Settings generic via filter on get_the_excerpt --><!-- AddThis Share Buttons generic via filter on get_the_excerpt --><\/p>\n","protected":false},"author":3366,"featured_media":0,"parent":0,"menu_order":0,"comment_status":"closed","ping_status":"closed","template":"","meta":{"_et_pb_use_builder":"","_et_pb_old_content":"","_et_gb_content_width":"","footnotes":"","_links_to":"","_links_to_target":""},"class_list":["post-14193","page","type-page","status-publish","hentry"],"_links":{"self":[{"href":"https:\/\/etab.ac-reunion.fr\/lyc-bel-air\/wp-json\/wp\/v2\/pages\/14193","targetHints":{"allow":["GET"]}}],"collection":[{"href":"https:\/\/etab.ac-reunion.fr\/lyc-bel-air\/wp-json\/wp\/v2\/pages"}],"about":[{"href":"https:\/\/etab.ac-reunion.fr\/lyc-bel-air\/wp-json\/wp\/v2\/types\/page"}],"author":[{"embeddable":true,"href":"https:\/\/etab.ac-reunion.fr\/lyc-bel-air\/wp-json\/wp\/v2\/users\/3366"}],"replies":[{"embeddable":true,"href":"https:\/\/etab.ac-reunion.fr\/lyc-bel-air\/wp-json\/wp\/v2\/comments?post=14193"}],"version-history":[{"count":9,"href":"https:\/\/etab.ac-reunion.fr\/lyc-bel-air\/wp-json\/wp\/v2\/pages\/14193\/revisions"}],"predecessor-version":[{"id":15820,"href":"https:\/\/etab.ac-reunion.fr\/lyc-bel-air\/wp-json\/wp\/v2\/pages\/14193\/revisions\/15820"}],"wp:attachment":[{"href":"https:\/\/etab.ac-reunion.fr\/lyc-bel-air\/wp-json\/wp\/v2\/media?parent=14193"}],"curies":[{"name":"wp","href":"https:\/\/api.w.org\/{rel}","templated":true}]}}