{"id":14196,"date":"2021-08-05T07:48:22","date_gmt":"2021-08-05T03:48:22","guid":{"rendered":"http:\/\/lycee-belair.ac-reunion.fr\/?page_id=14196"},"modified":"2022-08-15T15:28:45","modified_gmt":"2022-08-15T11:28:45","slug":"tutoriel-parents-pronote-responsable-legal","status":"publish","type":"page","link":"https:\/\/etab.ac-reunion.fr\/lyc-bel-air\/tutoriel-parents-pronote-responsable-legal\/","title":{"rendered":"Tutoriel parents Pronote responsable legal smartphone"},"content":{"rendered":"\n<h1 class=\"has-text-align-center has-vivid-red-color has-text-color wp-block-heading\">1 \/ <strong>TUTORIEL en version PDF<\/strong> ( 4 pages \u00e0 faire d\u00e9filer)<\/h1>\n\n\n<a href=\"https:\/\/etab.ac-reunion.fr\/lyc-bel-air\/wp-content\/uploads\/sites\/71\/2022\/08\/Tutoriel-Pronote-Smartphone-Responsable-Le\u0301gal.pdf\" class=\"pdfemb-viewer\" style=\"\" data-width=\"max\" data-height=\"max\" data-toolbar=\"bottom\" data-toolbar-fixed=\"off\">Tutoriel-Pronote-Smartphone-Responsable-Le\u0301gal<\/a>\n<p class=\"wp-block-pdfemb-pdf-embedder-viewer\"><\/p>\n\n\n\n<h1 class=\"has-text-align-center has-vivid-red-color has-text-color wp-block-heading\">2\/ <strong>TUTORIEL diaporama photos<\/strong><\/h1>\n\n\n\n<figure class=\"wp-block-gallery has-nested-images columns-0 is-cropped wp-block-gallery-1 is-layout-flex wp-block-gallery-is-layout-flex\">\n<figure class=\"wp-block-image size-large is-style-default\"><a href=\"https:\/\/etab.ac-reunion.fr\/lyc-bel-air\/wp-content\/uploads\/sites\/71\/2022\/08\/Capture-de\u0301cran-2022-08-15-a\u0300-15.26.45.png\"><img loading=\"lazy\" decoding=\"async\" width=\"1024\" height=\"695\" data-id=\"15809\" src=\"https:\/\/etab.ac-reunion.fr\/lyc-bel-air\/wp-content\/uploads\/sites\/71\/2022\/08\/Capture-de\u0301cran-2022-08-15-a\u0300-15.26.45-1024x695.png\" alt=\"\" class=\"wp-image-15809\" srcset=\"https:\/\/etab.ac-reunion.fr\/lyc-bel-air\/wp-content\/uploads\/sites\/71\/2022\/08\/Capture-de\u0301cran-2022-08-15-a\u0300-15.26.45-1024x695.png 1024w, https:\/\/etab.ac-reunion.fr\/lyc-bel-air\/wp-content\/uploads\/sites\/71\/2022\/08\/Capture-de\u0301cran-2022-08-15-a\u0300-15.26.45-300x204.png 300w, https:\/\/etab.ac-reunion.fr\/lyc-bel-air\/wp-content\/uploads\/sites\/71\/2022\/08\/Capture-de\u0301cran-2022-08-15-a\u0300-15.26.45-768x521.png 768w, https:\/\/etab.ac-reunion.fr\/lyc-bel-air\/wp-content\/uploads\/sites\/71\/2022\/08\/Capture-de\u0301cran-2022-08-15-a\u0300-15.26.45-1536x1042.png 1536w, https:\/\/etab.ac-reunion.fr\/lyc-bel-air\/wp-content\/uploads\/sites\/71\/2022\/08\/Capture-de\u0301cran-2022-08-15-a\u0300-15.26.45-1080x733.png 1080w, https:\/\/etab.ac-reunion.fr\/lyc-bel-air\/wp-content\/uploads\/sites\/71\/2022\/08\/Capture-de\u0301cran-2022-08-15-a\u0300-15.26.45-1280x868.png 1280w, https:\/\/etab.ac-reunion.fr\/lyc-bel-air\/wp-content\/uploads\/sites\/71\/2022\/08\/Capture-de\u0301cran-2022-08-15-a\u0300-15.26.45-980x665.png 980w, https:\/\/etab.ac-reunion.fr\/lyc-bel-air\/wp-content\/uploads\/sites\/71\/2022\/08\/Capture-de\u0301cran-2022-08-15-a\u0300-15.26.45-480x326.png 480w, https:\/\/etab.ac-reunion.fr\/lyc-bel-air\/wp-content\/uploads\/sites\/71\/2022\/08\/Capture-de\u0301cran-2022-08-15-a\u0300-15.26.45.png 1990w\" sizes=\"(max-width: 1024px) 100vw, 1024px\" \/><\/a><\/figure>\n\n\n\n<figure class=\"wp-block-image size-large is-style-default\"><a href=\"https:\/\/etab.ac-reunion.fr\/lyc-bel-air\/wp-content\/uploads\/sites\/71\/2022\/08\/Capture-de\u0301cran-2022-08-15-a\u0300-15.26.50.png\"><img loading=\"lazy\" decoding=\"async\" width=\"1024\" height=\"602\" data-id=\"15807\" src=\"https:\/\/etab.ac-reunion.fr\/lyc-bel-air\/wp-content\/uploads\/sites\/71\/2022\/08\/Capture-de\u0301cran-2022-08-15-a\u0300-15.26.50-1024x602.png\" alt=\"\" class=\"wp-image-15807\" srcset=\"https:\/\/etab.ac-reunion.fr\/lyc-bel-air\/wp-content\/uploads\/sites\/71\/2022\/08\/Capture-de\u0301cran-2022-08-15-a\u0300-15.26.50-1024x602.png 1024w, https:\/\/etab.ac-reunion.fr\/lyc-bel-air\/wp-content\/uploads\/sites\/71\/2022\/08\/Capture-de\u0301cran-2022-08-15-a\u0300-15.26.50-300x176.png 300w, https:\/\/etab.ac-reunion.fr\/lyc-bel-air\/wp-content\/uploads\/sites\/71\/2022\/08\/Capture-de\u0301cran-2022-08-15-a\u0300-15.26.50-768x452.png 768w, https:\/\/etab.ac-reunion.fr\/lyc-bel-air\/wp-content\/uploads\/sites\/71\/2022\/08\/Capture-de\u0301cran-2022-08-15-a\u0300-15.26.50-1536x903.png 1536w, https:\/\/etab.ac-reunion.fr\/lyc-bel-air\/wp-content\/uploads\/sites\/71\/2022\/08\/Capture-de\u0301cran-2022-08-15-a\u0300-15.26.50-1080x635.png 1080w, https:\/\/etab.ac-reunion.fr\/lyc-bel-air\/wp-content\/uploads\/sites\/71\/2022\/08\/Capture-de\u0301cran-2022-08-15-a\u0300-15.26.50-1280x753.png 1280w, https:\/\/etab.ac-reunion.fr\/lyc-bel-air\/wp-content\/uploads\/sites\/71\/2022\/08\/Capture-de\u0301cran-2022-08-15-a\u0300-15.26.50-980x576.png 980w, https:\/\/etab.ac-reunion.fr\/lyc-bel-air\/wp-content\/uploads\/sites\/71\/2022\/08\/Capture-de\u0301cran-2022-08-15-a\u0300-15.26.50-480x282.png 480w, https:\/\/etab.ac-reunion.fr\/lyc-bel-air\/wp-content\/uploads\/sites\/71\/2022\/08\/Capture-de\u0301cran-2022-08-15-a\u0300-15.26.50.png 2044w\" sizes=\"(max-width: 1024px) 100vw, 1024px\" \/><\/a><\/figure>\n\n\n\n<figure class=\"wp-block-image size-large is-style-default\"><a href=\"https:\/\/etab.ac-reunion.fr\/lyc-bel-air\/wp-content\/uploads\/sites\/71\/2022\/08\/Capture-de\u0301cran-2022-08-15-a\u0300-15.26.55.png\"><img loading=\"lazy\" decoding=\"async\" width=\"1024\" height=\"652\" data-id=\"15808\" src=\"https:\/\/etab.ac-reunion.fr\/lyc-bel-air\/wp-content\/uploads\/sites\/71\/2022\/08\/Capture-de\u0301cran-2022-08-15-a\u0300-15.26.55-1024x652.png\" alt=\"\" class=\"wp-image-15808\" srcset=\"https:\/\/etab.ac-reunion.fr\/lyc-bel-air\/wp-content\/uploads\/sites\/71\/2022\/08\/Capture-de\u0301cran-2022-08-15-a\u0300-15.26.55-1024x652.png 1024w, https:\/\/etab.ac-reunion.fr\/lyc-bel-air\/wp-content\/uploads\/sites\/71\/2022\/08\/Capture-de\u0301cran-2022-08-15-a\u0300-15.26.55-300x191.png 300w, https:\/\/etab.ac-reunion.fr\/lyc-bel-air\/wp-content\/uploads\/sites\/71\/2022\/08\/Capture-de\u0301cran-2022-08-15-a\u0300-15.26.55-768x489.png 768w, https:\/\/etab.ac-reunion.fr\/lyc-bel-air\/wp-content\/uploads\/sites\/71\/2022\/08\/Capture-de\u0301cran-2022-08-15-a\u0300-15.26.55-1536x978.png 1536w, https:\/\/etab.ac-reunion.fr\/lyc-bel-air\/wp-content\/uploads\/sites\/71\/2022\/08\/Capture-de\u0301cran-2022-08-15-a\u0300-15.26.55-1080x688.png 1080w, https:\/\/etab.ac-reunion.fr\/lyc-bel-air\/wp-content\/uploads\/sites\/71\/2022\/08\/Capture-de\u0301cran-2022-08-15-a\u0300-15.26.55-1280x815.png 1280w, https:\/\/etab.ac-reunion.fr\/lyc-bel-air\/wp-content\/uploads\/sites\/71\/2022\/08\/Capture-de\u0301cran-2022-08-15-a\u0300-15.26.55-980x624.png 980w, https:\/\/etab.ac-reunion.fr\/lyc-bel-air\/wp-content\/uploads\/sites\/71\/2022\/08\/Capture-de\u0301cran-2022-08-15-a\u0300-15.26.55-480x306.png 480w, https:\/\/etab.ac-reunion.fr\/lyc-bel-air\/wp-content\/uploads\/sites\/71\/2022\/08\/Capture-de\u0301cran-2022-08-15-a\u0300-15.26.55.png 1982w\" sizes=\"(max-width: 1024px) 100vw, 1024px\" \/><\/a><\/figure>\n\n\n\n<figure class=\"wp-block-image size-large is-style-default\"><a href=\"https:\/\/etab.ac-reunion.fr\/lyc-bel-air\/wp-content\/uploads\/sites\/71\/2022\/08\/Capture-de\u0301cran-2022-08-15-a\u0300-15.26.59.png\"><img loading=\"lazy\" decoding=\"async\" width=\"1024\" height=\"699\" data-id=\"15806\" src=\"https:\/\/etab.ac-reunion.fr\/lyc-bel-air\/wp-content\/uploads\/sites\/71\/2022\/08\/Capture-de\u0301cran-2022-08-15-a\u0300-15.26.59-1024x699.png\" alt=\"\" class=\"wp-image-15806\" srcset=\"https:\/\/etab.ac-reunion.fr\/lyc-bel-air\/wp-content\/uploads\/sites\/71\/2022\/08\/Capture-de\u0301cran-2022-08-15-a\u0300-15.26.59-1024x699.png 1024w, https:\/\/etab.ac-reunion.fr\/lyc-bel-air\/wp-content\/uploads\/sites\/71\/2022\/08\/Capture-de\u0301cran-2022-08-15-a\u0300-15.26.59-300x205.png 300w, https:\/\/etab.ac-reunion.fr\/lyc-bel-air\/wp-content\/uploads\/sites\/71\/2022\/08\/Capture-de\u0301cran-2022-08-15-a\u0300-15.26.59-768x524.png 768w, https:\/\/etab.ac-reunion.fr\/lyc-bel-air\/wp-content\/uploads\/sites\/71\/2022\/08\/Capture-de\u0301cran-2022-08-15-a\u0300-15.26.59-1536x1049.png 1536w, https:\/\/etab.ac-reunion.fr\/lyc-bel-air\/wp-content\/uploads\/sites\/71\/2022\/08\/Capture-de\u0301cran-2022-08-15-a\u0300-15.26.59-1080x737.png 1080w, https:\/\/etab.ac-reunion.fr\/lyc-bel-air\/wp-content\/uploads\/sites\/71\/2022\/08\/Capture-de\u0301cran-2022-08-15-a\u0300-15.26.59-1280x874.png 1280w, https:\/\/etab.ac-reunion.fr\/lyc-bel-air\/wp-content\/uploads\/sites\/71\/2022\/08\/Capture-de\u0301cran-2022-08-15-a\u0300-15.26.59-980x669.png 980w, https:\/\/etab.ac-reunion.fr\/lyc-bel-air\/wp-content\/uploads\/sites\/71\/2022\/08\/Capture-de\u0301cran-2022-08-15-a\u0300-15.26.59-480x328.png 480w, https:\/\/etab.ac-reunion.fr\/lyc-bel-air\/wp-content\/uploads\/sites\/71\/2022\/08\/Capture-de\u0301cran-2022-08-15-a\u0300-15.26.59.png 2018w\" sizes=\"(max-width: 1024px) 100vw, 1024px\" \/><\/a><\/figure>\n<\/figure>\n\n\n\n<h1 class=\"has-text-align-center has-vivid-red-color has-text-color wp-block-heading\">3 \/ <strong>TELECHARGER le tutoriel<\/strong><\/h1>\n\n\n\n<div class=\"wp-block-file\"><a href=\"https:\/\/etab.ac-reunion.fr\/lyc-bel-air\/wp-content\/uploads\/sites\/71\/2022\/01\/Tutoriel-Pronote-App-Responsable-Le\u0301gal.pdf\" class=\"wp-block-file__button\" download>T\u00e9l\u00e9charger le tutoriel acc\u00e8s \u00e0 PRONOTE pour les responsables l\u00e9gaux en PDF<\/a><\/div>\n\n\n\n<p><\/p>\n\n\n\n<p><\/p>\n<!-- AddThis Advanced Settings generic via filter on the_content --><!-- AddThis Share Buttons generic via filter on the_content -->","protected":false},"excerpt":{"rendered":"<p>1 \/ TUTORIEL en version PDF ( 4 pages \u00e0 faire d\u00e9filer) 2\/ TUTORIEL diaporama photos 3 \/ TELECHARGER le tutoriel<!-- AddThis Advanced Settings generic via filter on get_the_excerpt --><!-- AddThis Share Buttons generic via filter on get_the_excerpt --><\/p>\n","protected":false},"author":3366,"featured_media":0,"parent":0,"menu_order":0,"comment_status":"closed","ping_status":"closed","template":"","meta":{"_et_pb_use_builder":"","_et_pb_old_content":"","_et_gb_content_width":"","footnotes":"","_links_to":"","_links_to_target":""},"class_list":["post-14196","page","type-page","status-publish","hentry"],"_links":{"self":[{"href":"https:\/\/etab.ac-reunion.fr\/lyc-bel-air\/wp-json\/wp\/v2\/pages\/14196","targetHints":{"allow":["GET"]}}],"collection":[{"href":"https:\/\/etab.ac-reunion.fr\/lyc-bel-air\/wp-json\/wp\/v2\/pages"}],"about":[{"href":"https:\/\/etab.ac-reunion.fr\/lyc-bel-air\/wp-json\/wp\/v2\/types\/page"}],"author":[{"embeddable":true,"href":"https:\/\/etab.ac-reunion.fr\/lyc-bel-air\/wp-json\/wp\/v2\/users\/3366"}],"replies":[{"embeddable":true,"href":"https:\/\/etab.ac-reunion.fr\/lyc-bel-air\/wp-json\/wp\/v2\/comments?post=14196"}],"version-history":[{"count":6,"href":"https:\/\/etab.ac-reunion.fr\/lyc-bel-air\/wp-json\/wp\/v2\/pages\/14196\/revisions"}],"predecessor-version":[{"id":15811,"href":"https:\/\/etab.ac-reunion.fr\/lyc-bel-air\/wp-json\/wp\/v2\/pages\/14196\/revisions\/15811"}],"wp:attachment":[{"href":"https:\/\/etab.ac-reunion.fr\/lyc-bel-air\/wp-json\/wp\/v2\/media?parent=14196"}],"curies":[{"name":"wp","href":"https:\/\/api.w.org\/{rel}","templated":true}]}}