{"id":14569,"date":"2022-05-02T08:40:36","date_gmt":"2022-05-02T04:40:36","guid":{"rendered":"http:\/\/lycee-belair.ac-reunion.fr\/?page_id=14569"},"modified":"2022-05-02T08:40:59","modified_gmt":"2022-05-02T04:40:59","slug":"reglement-interieur-lycee-bel-air","status":"publish","type":"page","link":"https:\/\/etab.ac-reunion.fr\/lyc-bel-air\/reglement-interieur-lycee-bel-air\/","title":{"rendered":"R\u00e8glement int\u00e9rieur Lyc\u00e9e Bel air"},"content":{"rendered":"\n<div data-wp-interactive=\"core\/file\" class=\"wp-block-file\"><object data-wp-bind--hidden=\"!state.hasPdfPreview\" hidden class=\"wp-block-file__embed\" data=\"https:\/\/etab.ac-reunion.fr\/lyc-bel-air\/wp-content\/uploads\/sites\/71\/2022\/05\/RI-LPO-BEL-AIR-2022-2023.pdf\" type=\"application\/pdf\" style=\"width:100%;height:600px\" aria-label=\"Contenu embarqu\u00e9 PDF embarqu\u00e9.\"><\/object><a href=\"https:\/\/etab.ac-reunion.fr\/lyc-bel-air\/wp-content\/uploads\/sites\/71\/2022\/05\/RI-LPO-BEL-AIR-2022-2023.pdf\" class=\"wp-block-file__button\" download aria-describedby=\"wp-block-file--media-732febd9-a389-4e39-afb8-5e1139a345e0\">T\u00e9l\u00e9charger Le r\u00e8glement int\u00e9rieur du lyc\u00e9e <\/a><\/div>\n<!-- AddThis Advanced Settings generic via filter on the_content --><!-- AddThis Share Buttons generic via filter on the_content -->","protected":false},"excerpt":{"rendered":"<p><!-- AddThis Advanced Settings generic via filter on get_the_excerpt --><!-- AddThis Share Buttons generic via filter on get_the_excerpt --><\/p>\n","protected":false},"author":3366,"featured_media":0,"parent":0,"menu_order":0,"comment_status":"closed","ping_status":"closed","template":"","meta":{"_et_pb_use_builder":"","_et_pb_old_content":"","_et_gb_content_width":"","footnotes":"","_links_to":"","_links_to_target":""},"class_list":["post-14569","page","type-page","status-publish","hentry"],"_links":{"self":[{"href":"https:\/\/etab.ac-reunion.fr\/lyc-bel-air\/wp-json\/wp\/v2\/pages\/14569","targetHints":{"allow":["GET"]}}],"collection":[{"href":"https:\/\/etab.ac-reunion.fr\/lyc-bel-air\/wp-json\/wp\/v2\/pages"}],"about":[{"href":"https:\/\/etab.ac-reunion.fr\/lyc-bel-air\/wp-json\/wp\/v2\/types\/page"}],"author":[{"embeddable":true,"href":"https:\/\/etab.ac-reunion.fr\/lyc-bel-air\/wp-json\/wp\/v2\/users\/3366"}],"replies":[{"embeddable":true,"href":"https:\/\/etab.ac-reunion.fr\/lyc-bel-air\/wp-json\/wp\/v2\/comments?post=14569"}],"version-history":[{"count":2,"href":"https:\/\/etab.ac-reunion.fr\/lyc-bel-air\/wp-json\/wp\/v2\/pages\/14569\/revisions"}],"predecessor-version":[{"id":14572,"href":"https:\/\/etab.ac-reunion.fr\/lyc-bel-air\/wp-json\/wp\/v2\/pages\/14569\/revisions\/14572"}],"wp:attachment":[{"href":"https:\/\/etab.ac-reunion.fr\/lyc-bel-air\/wp-json\/wp\/v2\/media?parent=14569"}],"curies":[{"name":"wp","href":"https:\/\/api.w.org\/{rel}","templated":true}]}}