{"id":181,"date":"2014-11-19T19:58:52","date_gmt":"2014-11-19T18:58:52","guid":{"rendered":"http:\/\/lycee-belair.ac-reunion.fr\/?page_id=181"},"modified":"2019-06-27T05:39:55","modified_gmt":"2019-06-27T04:39:55","slug":"comment-venir","status":"publish","type":"page","link":"https:\/\/etab.ac-reunion.fr\/lyc-bel-air\/comment-venir\/","title":{"rendered":"comment venir"},"content":{"rendered":"<div class=\"column2-unit-left\">\n<h1>En bus<\/h1>\n<\/div>\n<div class=\"column2-unit-left\">\n<h2>R\u00e9seau Citalis<\/h2>\n<p>Retrouver l&rsquo;ensemble des horaires et tarifs sur le\u00a0<a href=\"http:\/\/www.cinor.fr\/FR\/Sommaire\/article.php?numero=994\" target=\"_blank\" rel=\"noopener noreferrer\">site de la CINOR<\/a><\/p>\n<h2>Les cars jaunes<\/h2>\n<p>Retrouver l&rsquo;ensemble des horaires et tarifs sur le site du<a href=\"http:\/\/www.cg974.fr\/index.php\/Horaires-des-Cars-jaunes.html\" target=\"_blank\" rel=\"noopener noreferrer\">\u00a0conseil g\u00e9n\u00e9ral<\/a><\/p>\n<\/div>\n<div class=\"column2-unit-right\">\n<h1>En voiture<\/h1>\n<h3>Itin\u00e9raire<\/h3>\n<p>Retrouvez l&rsquo;itin\u00e9raire depuis Saint Denis en cliquant sur le lien suivant:\u00a0<a href=\"https:\/\/maps.google.fr\/maps\/ms?msid=215821217062926727592.0004d4076bc9491622108&amp;msa=0&amp;ll=-20.892174,55.523186&amp;spn=0.128461,0.264187\">i<\/a><a href=\"https:\/\/goo.gl\/maps\/mKRKZyCH5Z6o8mad9\" target=\"_blank\" rel=\"noopener noreferrer\">tin\u00e9raire.<\/a><\/p>\n<\/div>\n<p>\u00a0<\/p>\n\n\n<div class=\"et_pb_slider et_pb_slider_fullwidth_off et_pb_gallery_post_type\">\n\t\t\t\t<div class=\"et_pb_slides\">\n\t\t\t\t\t<div class=\"et_pb_slide\" style=\"background: url(https:\/\/etab.ac-reunion.fr\/lyc-bel-air\/wp-content\/uploads\/sites\/71\/2019\/06\/Capture-d\u2019e\u0301cran-2019-06-27-a\u0300-08.32.30.png);\"><\/div>\n\t\t\t\t<\/div>\n\t\t\t<\/div>\n\n\n\n<p>Retrouvez l&rsquo;itin\u00e9raire depuis Saint Andr\u00e9 en cliquant sur le lien suivant:\u00a0<a href=\"https:\/\/maps.google.fr\/maps\/ms?msid=215821217062926727592.0004d4076bc9491622108&amp;msa=0&amp;ll=-20.892174,55.523186&amp;spn=0.128461,0.264187\">i<\/a><a rel=\"noreferrer noopener\" aria-label=\" (s\u2019ouvre dans un nouvel onglet)\" href=\"https:\/\/goo.gl\/maps\/WPar8C57jRuqnwux5\" target=\"_blank\">tin\u00e9raire.<\/a><\/p>\n\n\n\n<div class=\"et_pb_slider et_pb_slider_fullwidth_off et_pb_gallery_post_type\">\n\t\t\t\t<div class=\"et_pb_slides\">\n\t\t\t\t\t<div class=\"et_pb_slide\" style=\"background: url(https:\/\/etab.ac-reunion.fr\/lyc-bel-air\/wp-content\/uploads\/sites\/71\/2019\/06\/Capture-d\u2019e\u0301cran-2019-06-27-a\u0300-08.39.20.png);\"><\/div>\n\t\t\t\t<\/div>\n\t\t\t<\/div>\n<!-- AddThis Advanced Settings generic via filter on the_content --><!-- AddThis Share Buttons generic via filter on the_content -->","protected":false},"excerpt":{"rendered":"<p>En bus R\u00e9seau Citalis Retrouver l&rsquo;ensemble des horaires et tarifs sur le\u00a0site de la CINOR Les cars jaunes Retrouver l&rsquo;ensemble des horaires et tarifs sur le site du\u00a0conseil g\u00e9n\u00e9ral En voiture Itin\u00e9raire Retrouvez l&rsquo;itin\u00e9raire depuis Saint Denis en cliquant sur le lien suivant:\u00a0itin\u00e9raire. \u00a0 Retrouvez l&rsquo;itin\u00e9raire depuis Saint Andr\u00e9 en cliquant sur le lien suivant:\u00a0itin\u00e9raire.<!-- AddThis Advanced Settings generic via filter on get_the_excerpt --><!-- AddThis Share Buttons generic via filter on get_the_excerpt --><\/p>\n","protected":false},"author":3366,"featured_media":0,"parent":0,"menu_order":0,"comment_status":"closed","ping_status":"closed","template":"","meta":{"_et_pb_use_builder":"","_et_pb_old_content":"","_et_gb_content_width":"","footnotes":"","_links_to":"","_links_to_target":""},"class_list":["post-181","page","type-page","status-publish","hentry"],"_links":{"self":[{"href":"https:\/\/etab.ac-reunion.fr\/lyc-bel-air\/wp-json\/wp\/v2\/pages\/181","targetHints":{"allow":["GET"]}}],"collection":[{"href":"https:\/\/etab.ac-reunion.fr\/lyc-bel-air\/wp-json\/wp\/v2\/pages"}],"about":[{"href":"https:\/\/etab.ac-reunion.fr\/lyc-bel-air\/wp-json\/wp\/v2\/types\/page"}],"author":[{"embeddable":true,"href":"https:\/\/etab.ac-reunion.fr\/lyc-bel-air\/wp-json\/wp\/v2\/users\/3366"}],"replies":[{"embeddable":true,"href":"https:\/\/etab.ac-reunion.fr\/lyc-bel-air\/wp-json\/wp\/v2\/comments?post=181"}],"version-history":[{"count":12,"href":"https:\/\/etab.ac-reunion.fr\/lyc-bel-air\/wp-json\/wp\/v2\/pages\/181\/revisions"}],"predecessor-version":[{"id":7668,"href":"https:\/\/etab.ac-reunion.fr\/lyc-bel-air\/wp-json\/wp\/v2\/pages\/181\/revisions\/7668"}],"wp:attachment":[{"href":"https:\/\/etab.ac-reunion.fr\/lyc-bel-air\/wp-json\/wp\/v2\/media?parent=181"}],"curies":[{"name":"wp","href":"https:\/\/api.w.org\/{rel}","templated":true}]}}