{"id":2722,"date":"2015-12-09T16:56:55","date_gmt":"2015-12-09T15:56:55","guid":{"rendered":"http:\/\/lycee-belair.ac-reunion.fr\/?page_id=2722"},"modified":"2020-12-08T19:54:00","modified_gmt":"2020-12-08T18:54:00","slug":"les-formations-au-lycee-bel-air","status":"publish","type":"page","link":"https:\/\/etab.ac-reunion.fr\/lyc-bel-air\/les-formations-au-lycee-bel-air\/","title":{"rendered":"Les formations au Lyc\u00e9e Bel Air"},"content":{"rendered":"<p><div class=\"su-accordion su-u-trim\"><\/div><div class=\"su-accordion su-u-trim\"><\/div> <div class=\"su-spoiler su-spoiler-style-fancy su-spoiler-icon-plus su-spoiler-closed\" data-scroll-offset=\"0\" data-anchor-in-url=\"no\"><div class=\"su-spoiler-title\" tabindex=\"0\" role=\"button\"><span class=\"su-spoiler-icon\"><\/span>Pr\u00e9sentation du lyc\u00e9e<\/div><div class=\"su-spoiler-content su-u-clearfix su-u-trim\">\n<!-- iframe plugin v.5.2 wordpress.org\/plugins\/iframe\/ -->\n<iframe loading=\"lazy\" src=\"https:\/\/etab.ac-reunion.fr\/lyc-bel-air\/wp-content\/uploads\/sites\/71\/2015\/12\/LBA-pr\u00e9sentation-1b.pdf\" width=\"700px\" height=\"800\" scrolling=\"auto\" class=\"iframe-class\" frameborder=\"0\"><\/iframe>\n <\/div><\/div><\/p>\n<p><\/p>\n\n\n<p class=\"has-text-align-center\"><strong>APRES LA 3\u00e8me : VOIE GENERALE ET TECHNOLOGIQUE<\/strong><\/p>\n\n\n\n<figure class=\"wp-block-gallery columns-1 is-cropped wp-block-gallery-1 is-layout-flex wp-block-gallery-is-layout-flex\"><ul class=\"blocks-gallery-grid\"><li class=\"blocks-gallery-item\"><figure><a href=\"https:\/\/etab.ac-reunion.fr\/lyc-bel-air\/wp-content\/uploads\/sites\/71\/2019\/06\/Capture-d\u2019e\u0301cran-2019-06-27-a\u0300-15.50.56-1024x645.png\"><img loading=\"lazy\" decoding=\"async\" width=\"1024\" height=\"645\" src=\"https:\/\/etab.ac-reunion.fr\/lyc-bel-air\/wp-content\/uploads\/sites\/71\/2019\/06\/Capture-d\u2019e\u0301cran-2019-06-27-a\u0300-15.50.56-1024x645.png\" alt=\"\" data-id=\"7691\" data-link=\"https:\/\/etab.ac-reunion.fr\/lyc-bel-air\/capture-decran-2019-06-27-a-15-50-56\/\" class=\"wp-image-7691\" \/><\/a><\/figure><\/li><\/ul><\/figure>\n\n\n<div class=\"su-spoiler su-spoiler-style-fancy su-spoiler-icon-plus su-spoiler-closed\" data-scroll-offset=\"0\" data-anchor-in-url=\"no\"><div class=\"su-spoiler-title\" tabindex=\"0\" role=\"button\"><span class=\"su-spoiler-icon\"><\/span>La seconde  g\u00e9n\u00e9rale au lyc\u00e9e g\u00e9n\u00e9ral<\/div><div class=\"su-spoiler-content su-u-clearfix su-u-trim\">\n<!-- iframe plugin v.5.2 wordpress.org\/plugins\/iframe\/ -->\n<iframe loading=\"lazy\" src=\"https:\/\/etab.ac-reunion.fr\/lyc-bel-air\/wp-content\/uploads\/sites\/71\/2020\/12\/Capture-de\u0301cran-2020-12-08-a\u0300-22.53.05.png\" width=\"900px\" height=\"600\" scrolling=\"auto\" class=\"iframe-class\" frameborder=\"0\"><\/iframe>\n <\/div><\/div>\n\n\n<div class=\"su-spoiler su-spoiler-style-fancy su-spoiler-icon-plus su-spoiler-closed\" data-scroll-offset=\"0\" data-anchor-in-url=\"no\"><div class=\"su-spoiler-title\" tabindex=\"0\" role=\"button\"><span class=\"su-spoiler-icon\"><\/span>La premi\u00e8re g\u00e9n\u00e9rale <\/div><div class=\"su-spoiler-content su-u-clearfix su-u-trim\">\n<!-- iframe plugin v.5.2 wordpress.org\/plugins\/iframe\/ -->\n<iframe loading=\"lazy\" src=\"https:\/\/etab.ac-reunion.fr\/lyc-bel-air\/wp-content\/uploads\/sites\/71\/2019\/06\/Capture-d\u2019e\u0301cran-2019-06-27-a\u0300-16.02.57.png\" width=\"900px\" height=\"600\" scrolling=\"auto\" class=\"iframe-class\" frameborder=\"0\"><\/iframe>\n <\/div><\/div>\n\n\n<div class=\"su-spoiler su-spoiler-style-fancy su-spoiler-icon-plus su-spoiler-closed\" data-scroll-offset=\"0\" data-anchor-in-url=\"no\"><div class=\"su-spoiler-title\" tabindex=\"0\" role=\"button\"><span class=\"su-spoiler-icon\"><\/span>Le premi\u00e8re STI<\/div><div class=\"su-spoiler-content su-u-clearfix su-u-trim\">\n<!-- iframe plugin v.5.2 wordpress.org\/plugins\/iframe\/ -->\n<iframe loading=\"lazy\" src=\"https:\/\/etab.ac-reunion.fr\/lyc-bel-air\/wp-content\/uploads\/sites\/71\/2019\/06\/Capture-d\u2019e\u0301cran-2019-06-27-a\u0300-16.07.18.png\" width=\"900px\" height=\"600\" scrolling=\"auto\" class=\"iframe-class\" frameborder=\"0\"><\/iframe>\n <\/div><\/div>\n\n\n<div class=\"su-spoiler su-spoiler-style-fancy su-spoiler-icon-plus su-spoiler-closed\" data-scroll-offset=\"0\" data-anchor-in-url=\"no\"><div class=\"su-spoiler-title\" tabindex=\"0\" role=\"button\"><span class=\"su-spoiler-icon\"><\/span>Le baccalaur\u00e9at g\u00e9n\u00e9rale au lyc\u00e9e<\/div><div class=\"su-spoiler-content su-u-clearfix su-u-trim\">\n<!-- iframe plugin v.5.2 wordpress.org\/plugins\/iframe\/ -->\n<iframe loading=\"lazy\" src=\"https:\/\/etab.ac-reunion.fr\/lyc-bel-air\/wp-content\/uploads\/sites\/71\/2020\/12\/Capture-de\u0301cran-2020-12-08-a\u0300-22.47.39.png\" width=\"800px\" height=\"600\" scrolling=\"auto\" class=\"iframe-class\" frameborder=\"0\"><\/iframe>\n <\/div><\/div>\n\n\n<div class=\"su-spoiler su-spoiler-style-fancy su-spoiler-icon-plus su-spoiler-closed\" data-scroll-offset=\"0\" data-anchor-in-url=\"no\"><div class=\"su-spoiler-title\" tabindex=\"0\" role=\"button\"><span class=\"su-spoiler-icon\"><\/span>Le bac STI et le bac SI<\/div><div class=\"su-spoiler-content su-u-clearfix su-u-trim\">\n<!-- iframe plugin v.5.2 wordpress.org\/plugins\/iframe\/ -->\n<iframe loading=\"lazy\" src=\"https:\/\/etab.ac-reunion.fr\/lyc-bel-air\/wp-content\/uploads\/sites\/71\/2015\/12\/LBA-BAC-STI2D-e-SI-5b.pdf\" width=\"900px\" height=\"600\" scrolling=\"auto\" class=\"iframe-class\" frameborder=\"0\"><\/iframe>\n <\/div><\/div>\n\n\n\n<p class=\"has-text-align-center\"><strong>APRES LA 3\u00e8me : VOIE D ENSEIGNEMENT PROFESSIONNEL<\/strong><\/p>\n\n\n\n<figure class=\"wp-block-gallery columns-1 is-cropped wp-block-gallery-2 is-layout-flex wp-block-gallery-is-layout-flex\"><ul class=\"blocks-gallery-grid\"><li class=\"blocks-gallery-item\"><figure><a href=\"https:\/\/etab.ac-reunion.fr\/lyc-bel-air\/wp-content\/uploads\/sites\/71\/2019\/06\/Capture-d\u2019e\u0301cran-2019-06-27-a\u0300-16.26.06-1024x499.png\"><img loading=\"lazy\" decoding=\"async\" width=\"1024\" height=\"499\" src=\"https:\/\/etab.ac-reunion.fr\/lyc-bel-air\/wp-content\/uploads\/sites\/71\/2019\/06\/Capture-d\u2019e\u0301cran-2019-06-27-a\u0300-16.26.06-1024x499.png\" alt=\"\" data-id=\"7708\" data-link=\"https:\/\/etab.ac-reunion.fr\/lyc-bel-air\/capture-decran-2019-06-27-a-16-26-06\/\" class=\"wp-image-7708\" srcset=\"https:\/\/etab.ac-reunion.fr\/lyc-bel-air\/wp-content\/uploads\/sites\/71\/2019\/06\/Capture-d\u2019e\u0301cran-2019-06-27-a\u0300-16.26.06-1024x499.png 1024w, https:\/\/etab.ac-reunion.fr\/lyc-bel-air\/wp-content\/uploads\/sites\/71\/2019\/06\/Capture-d\u2019e\u0301cran-2019-06-27-a\u0300-16.26.06-300x146.png 300w, https:\/\/etab.ac-reunion.fr\/lyc-bel-air\/wp-content\/uploads\/sites\/71\/2019\/06\/Capture-d\u2019e\u0301cran-2019-06-27-a\u0300-16.26.06.png 1900w\" sizes=\"(max-width: 1024px) 100vw, 1024px\" \/><\/a><\/figure><\/li><\/ul><\/figure>\n\n\n<div class=\"su-spoiler su-spoiler-style-fancy su-spoiler-icon-plus su-spoiler-closed\" data-scroll-offset=\"0\" data-anchor-in-url=\"no\"><div class=\"su-spoiler-title\" tabindex=\"0\" role=\"button\"><span class=\"su-spoiler-icon\"><\/span>Le CAP FERRONIER D ART<\/div><div class=\"su-spoiler-content su-u-clearfix su-u-trim\">\n<!-- iframe plugin v.5.2 wordpress.org\/plugins\/iframe\/ -->\n<iframe loading=\"lazy\" src=\"https:\/\/etab.ac-reunion.fr\/lyc-bel-air\/wp-content\/uploads\/sites\/71\/2019\/06\/Capture-d\u2019e\u0301cran-2019-06-27-a\u0300-16.30.13.png\" width=\"900px\" height=\"600\" scrolling=\"auto\" class=\"iframe-class\" frameborder=\"0\"><\/iframe>\n <\/div><\/div>\n\n\n<div class=\"su-spoiler su-spoiler-style-fancy su-spoiler-icon-plus su-spoiler-closed\" data-scroll-offset=\"0\" data-anchor-in-url=\"no\"><div class=\"su-spoiler-title\" tabindex=\"0\" role=\"button\"><span class=\"su-spoiler-icon\"><\/span>Le CAP MENUISIER ALUMINIUM-VERRE<\/div><div class=\"su-spoiler-content su-u-clearfix su-u-trim\">\n<!-- iframe plugin v.5.2 wordpress.org\/plugins\/iframe\/ -->\n<iframe loading=\"lazy\" src=\"https:\/\/etab.ac-reunion.fr\/lyc-bel-air\/wp-content\/uploads\/sites\/71\/2019\/06\/Capture-d\u2019e\u0301cran-2019-06-27-a\u0300-16.32.08.png\" width=\"900px\" height=\"600\" scrolling=\"auto\" class=\"iframe-class\" frameborder=\"0\"><\/iframe>\n <\/div><\/div>\n\n\n<div class=\"su-spoiler su-spoiler-style-fancy su-spoiler-icon-plus su-spoiler-closed\" data-scroll-offset=\"0\" data-anchor-in-url=\"no\"><div class=\"su-spoiler-title\" tabindex=\"0\" role=\"button\"><span class=\"su-spoiler-icon\"><\/span>Le CAP SERRURIER-METALLIER<\/div><div class=\"su-spoiler-content su-u-clearfix su-u-trim\">\n<!-- iframe plugin v.5.2 wordpress.org\/plugins\/iframe\/ -->\n<iframe loading=\"lazy\" src=\"https:\/\/etab.ac-reunion.fr\/lyc-bel-air\/wp-content\/uploads\/sites\/71\/2019\/06\/Capture-d\u2019e\u0301cran-2019-06-27-a\u0300-16.32.08.png\" width=\"900px\" height=\"600\" scrolling=\"auto\" class=\"iframe-class\" frameborder=\"0\"><\/iframe>\n <\/div><\/div>\n\n\n<div class=\"su-spoiler su-spoiler-style-fancy su-spoiler-icon-plus su-spoiler-closed\" data-scroll-offset=\"0\" data-anchor-in-url=\"no\"><div class=\"su-spoiler-title\" tabindex=\"0\" role=\"button\"><span class=\"su-spoiler-icon\"><\/span>Seconde pro M\u00e9tiers de la construction durable, du b\u00e2timent et des travaux publics <\/div><div class=\"su-spoiler-content su-u-clearfix su-u-trim\">\n<!-- iframe plugin v.5.2 wordpress.org\/plugins\/iframe\/ -->\n<iframe loading=\"lazy\" src=\"https:\/\/etab.ac-reunion.fr\/lyc-bel-air\/wp-content\/uploads\/sites\/71\/2019\/06\/Capture-d\u2019e\u0301cran-2019-06-27-a\u0300-16.32.08.png\" width=\"900px\" height=\"600\" scrolling=\"auto\" class=\"iframe-class\" frameborder=\"0\"><\/iframe>\n <\/div><\/div>\n\n\n<div class=\"su-spoiler su-spoiler-style-fancy su-spoiler-icon-plus su-spoiler-closed\" data-scroll-offset=\"0\" data-anchor-in-url=\"no\"><div class=\"su-spoiler-title\" tabindex=\"0\" role=\"button\"><span class=\"su-spoiler-icon\"><\/span>premiere et terminale bac pro OBM et le bac pro OBAVMS<\/div><div class=\"su-spoiler-content su-u-clearfix su-u-trim\">\n<!-- iframe plugin v.5.2 wordpress.org\/plugins\/iframe\/ -->\n<iframe loading=\"lazy\" src=\"https:\/\/etab.ac-reunion.fr\/lyc-bel-air\/wp-content\/uploads\/sites\/71\/2015\/12\/LBA-les-BAC-PRO-3b.pdf\" width=\"900px\" height=\"600\" scrolling=\"auto\" class=\"iframe-class\" frameborder=\"0\"><\/iframe>\n <\/div><\/div>\n\n\n\n<p class=\"has-text-align-center\"><strong>APRES LE BACCALAUREAT <\/strong><\/p>\n\n\n<div class=\"su-spoiler su-spoiler-style-fancy su-spoiler-icon-plus su-spoiler-closed\" data-scroll-offset=\"0\" data-anchor-in-url=\"no\"><div class=\"su-spoiler-title\" tabindex=\"0\" role=\"button\"><span class=\"su-spoiler-icon\"><\/span>BTS Architectures en m\u00e9tal<\/div><div class=\"su-spoiler-content su-u-clearfix su-u-trim\">\n<!-- iframe plugin v.5.2 wordpress.org\/plugins\/iframe\/ -->\n<iframe loading=\"lazy\" src=\"https:\/\/etab.ac-reunion.fr\/lyc-bel-air\/wp-content\/uploads\/sites\/71\/2018\/04\/BTS-Architectures-en-m%C3%A9tal.pdf\" width=\"900px\" height=\"600\" scrolling=\"auto\" class=\"iframe-class\" frameborder=\"0\"><\/iframe>\n <\/div><\/div>\n\n\n<div class=\"su-spoiler su-spoiler-style-fancy su-spoiler-icon-plus su-spoiler-closed\" data-scroll-offset=\"0\" data-anchor-in-url=\"no\"><div class=\"su-spoiler-title\" tabindex=\"0\" role=\"button\"><span class=\"su-spoiler-icon\"><\/span>BTS Enveloppe des b\u00e2timents<\/div><div class=\"su-spoiler-content su-u-clearfix su-u-trim\">\n<!-- iframe plugin v.5.2 wordpress.org\/plugins\/iframe\/ -->\n<iframe loading=\"lazy\" src=\"https:\/\/etab.ac-reunion.fr\/lyc-bel-air\/wp-content\/uploads\/sites\/71\/2018\/04\/BTS-Enveloppe-des-b\u00e2timents.pdf\" width=\"900px\" height=\"600\" scrolling=\"auto\" class=\"iframe-class\" frameborder=\"0\"><\/iframe>\n <\/div><\/div>\n\n\n\n<p><strong>EN SAVOIR PLUS  : Liens vers la fiche \u00e9tablissement de l&rsquo;ONISEP:<\/strong><\/p>\n\n\n\n<ul class=\"wp-block-list\"><li><a rel=\"noreferrer noopener\" aria-label=\" (s\u2019ouvre dans un nouvel onglet)\" href=\"http:\/\/www.onisep.fr\/Ressources\/Univers-Lycee\/Lycees\/La-Reunion\/La-Reunion\/Lycee-polyvalent-Bel-Air\" target=\"_blank\">Section d&rsquo;enseignement&nbsp;g\u00e9n\u00e9ral<\/a><\/li><li><a href=\"http:\/\/www.onisep.fr\/Ressources\/Univers-Lycee\/Lycees\/La-Reunion\/La-Reunion\/Section-d-enseignement-professionnel-du-lycee-de-Bel-Air\" target=\"_blank\" rel=\"noreferrer noopener\" aria-label=\" (s\u2019ouvre dans un nouvel onglet)\">Section d&rsquo;enseignement&nbsp;professionnel<\/a><\/li><\/ul>\n<!-- AddThis Advanced Settings generic via filter on the_content --><!-- AddThis Share Buttons generic via filter on the_content -->","protected":false},"excerpt":{"rendered":"<p>APRES LA 3\u00e8me : VOIE GENERALE ET TECHNOLOGIQUE APRES LA 3\u00e8me : VOIE D ENSEIGNEMENT PROFESSIONNEL APRES LE BACCALAUREAT EN SAVOIR PLUS : Liens vers la fiche \u00e9tablissement de l&rsquo;ONISEP: Section d&rsquo;enseignement&nbsp;g\u00e9n\u00e9ral Section d&rsquo;enseignement&nbsp;professionnel<!-- AddThis Advanced Settings generic via filter on get_the_excerpt --><!-- AddThis Share Buttons generic via filter on get_the_excerpt --><\/p>\n","protected":false},"author":3366,"featured_media":0,"parent":0,"menu_order":0,"comment_status":"closed","ping_status":"closed","template":"","meta":{"_et_pb_use_builder":"","_et_pb_old_content":"","_et_gb_content_width":"","footnotes":"","_links_to":"","_links_to_target":""},"class_list":["post-2722","page","type-page","status-publish","hentry"],"_links":{"self":[{"href":"https:\/\/etab.ac-reunion.fr\/lyc-bel-air\/wp-json\/wp\/v2\/pages\/2722","targetHints":{"allow":["GET"]}}],"collection":[{"href":"https:\/\/etab.ac-reunion.fr\/lyc-bel-air\/wp-json\/wp\/v2\/pages"}],"about":[{"href":"https:\/\/etab.ac-reunion.fr\/lyc-bel-air\/wp-json\/wp\/v2\/types\/page"}],"author":[{"embeddable":true,"href":"https:\/\/etab.ac-reunion.fr\/lyc-bel-air\/wp-json\/wp\/v2\/users\/3366"}],"replies":[{"embeddable":true,"href":"https:\/\/etab.ac-reunion.fr\/lyc-bel-air\/wp-json\/wp\/v2\/comments?post=2722"}],"version-history":[{"count":52,"href":"https:\/\/etab.ac-reunion.fr\/lyc-bel-air\/wp-json\/wp\/v2\/pages\/2722\/revisions"}],"predecessor-version":[{"id":12004,"href":"https:\/\/etab.ac-reunion.fr\/lyc-bel-air\/wp-json\/wp\/v2\/pages\/2722\/revisions\/12004"}],"wp:attachment":[{"href":"https:\/\/etab.ac-reunion.fr\/lyc-bel-air\/wp-json\/wp\/v2\/media?parent=2722"}],"curies":[{"name":"wp","href":"https:\/\/api.w.org\/{rel}","templated":true}]}}