{"id":57,"date":"2014-10-08T14:53:28","date_gmt":"2014-10-08T13:53:28","guid":{"rendered":"http:\/\/lycee-belair.ac-reunion.fr\/?page_id=57"},"modified":"2024-03-27T11:52:37","modified_gmt":"2024-03-27T07:52:37","slug":"contacts","status":"publish","type":"page","link":"https:\/\/etab.ac-reunion.fr\/lyc-bel-air\/contacts\/","title":{"rendered":"Contacts"},"content":{"rendered":"\n<figure class=\"wp-block-image size-large\"><img loading=\"lazy\" decoding=\"async\" width=\"1024\" height=\"766\" src=\"https:\/\/etab.ac-reunion.fr\/lyc-bel-air\/wp-content\/uploads\/sites\/71\/2024\/03\/Capture-decran-2024-03-27-a-11.28.40-1024x766.png\" alt=\"\" class=\"wp-image-18294\" srcset=\"https:\/\/etab.ac-reunion.fr\/lyc-bel-air\/wp-content\/uploads\/sites\/71\/2024\/03\/Capture-decran-2024-03-27-a-11.28.40-980x734.png 980w, https:\/\/etab.ac-reunion.fr\/lyc-bel-air\/wp-content\/uploads\/sites\/71\/2024\/03\/Capture-decran-2024-03-27-a-11.28.40-480x359.png 480w\" sizes=\"(min-width: 0px) and (max-width: 480px) 480px, (min-width: 481px) and (max-width: 980px) 980px, (min-width: 981px) 1024px, 100vw\" \/><\/figure>\n\n\n<h1 class=\"pagetitle\" style=\"text-align: center\">\u00a0<\/h1>\n<h1>\u00a0<\/h1>\n<h1 class=\"pagetitle\" style=\"text-align: center\"><span style=\"color: #ff0000\">Les diff\u00e9rents services du lyc\u00e9e<\/span><\/h1>\n<h1>&#8212;&#8212;&#8212;&#8212;&#8212;&#8212;&#8212;&#8212;&#8212;&#8212;&#8212;&#8212;&#8212;&#8212;&#8212;&#8212;&#8212;&#8212;&#8212;-<\/h1>\n<h1 class=\"block\" style=\"text-align: center\"><a href=\"https:\/\/etab.ac-reunion.fr\/lyc-bel-air\/wp-content\/uploads\/sites\/71\/2022\/08\/Capture-de\u0301cran-2022-08-13-a\u0300-06.02.02.png\"><img loading=\"lazy\" decoding=\"async\" class=\"aligncenter wp-image-15774 size-thumbnail\" src=\"https:\/\/etab.ac-reunion.fr\/lyc-bel-air\/wp-content\/uploads\/sites\/71\/2022\/08\/Capture-de\u0301cran-2022-08-13-a\u0300-06.02.02-150x150.png\" alt=\"\" width=\"150\" height=\"150\" \/><\/a>Nous contacter<\/h1>\n<div class=\"column1-unit\">\n<p align=\"left\"><strong>Adresse<\/strong>: Lyc\u00e9e de Bel Air &#8211; 2, rue du Lyc\u00e9e de Belair &#8211; BP 20509 &#8211; 97441 Sainte Suzanne<\/p>\n<p align=\"left\"><strong>T\u00e9l\u00e9phone<\/strong>: 0262 98 05 19 <strong>Fax <\/strong>: 0262 98 06 45<\/p>\n<p align=\"left\"><strong>E.mail<\/strong> : ce.9741270m@ac-reunion.fr<\/p>\n<p align=\"left\"><a href=\"http:\/\/&lt;p class=&quot;wpcf7-contact-form-not-found&quot;&gt;&lt;strong&gt;Erreur\u00a0:&lt;\/strong&gt; Formulaire de contact non trouv\u00e9\u00a0!&lt;\/p&gt;\" data-wplink-url-error=\"true\">\n<div class=\"wpcf7 no-js\" id=\"wpcf7-f8239-o1\" lang=\"fr-FR\" dir=\"ltr\" data-wpcf7-id=\"8239\">\n<div class=\"screen-reader-response\"><p role=\"status\" aria-live=\"polite\" aria-atomic=\"true\"><\/p> <ul><\/ul><\/div>\n<form action=\"\/lyc-bel-air\/wp-json\/wp\/v2\/pages\/57#wpcf7-f8239-o1\" method=\"post\" class=\"wpcf7-form init\" aria-label=\"Formulaire de contact\" novalidate=\"novalidate\" data-status=\"init\">\n<fieldset class=\"hidden-fields-container\"><input type=\"hidden\" name=\"_wpcf7\" value=\"8239\" \/><input type=\"hidden\" name=\"_wpcf7_version\" value=\"6.1.5\" \/><input type=\"hidden\" name=\"_wpcf7_locale\" value=\"fr_FR\" \/><input type=\"hidden\" name=\"_wpcf7_unit_tag\" value=\"wpcf7-f8239-o1\" \/><input type=\"hidden\" name=\"_wpcf7_container_post\" value=\"0\" \/><input type=\"hidden\" name=\"_wpcf7_posted_data_hash\" value=\"\" \/>\n<\/fieldset>\n<p><label> Votre nom (obligatoire)<br \/>\n<span class=\"wpcf7-form-control-wrap\" data-name=\"your-name\"><input size=\"40\" maxlength=\"400\" class=\"wpcf7-form-control wpcf7-text wpcf7-validates-as-required\" aria-required=\"true\" aria-invalid=\"false\" value=\"\" type=\"text\" name=\"your-name\" \/><\/span> <\/label>\n<\/p>\n<p><label> Votre adresse de messagerie (obligatoire)<br \/>\n<span class=\"wpcf7-form-control-wrap\" data-name=\"your-email\"><input size=\"40\" maxlength=\"400\" class=\"wpcf7-form-control wpcf7-email wpcf7-validates-as-required wpcf7-text wpcf7-validates-as-email\" aria-required=\"true\" aria-invalid=\"false\" value=\"\" type=\"email\" name=\"your-email\" \/><\/span> <\/label>\n<\/p>\n<p><label> Objet<br \/>\n<span class=\"wpcf7-form-control-wrap\" data-name=\"your-subject\"><input size=\"40\" maxlength=\"400\" class=\"wpcf7-form-control wpcf7-text\" aria-invalid=\"false\" value=\"\" type=\"text\" name=\"your-subject\" \/><\/span> <\/label>\n<\/p>\n<p><label> Votre message<br \/>\n<span class=\"wpcf7-form-control-wrap\" data-name=\"your-message\"><textarea cols=\"40\" rows=\"10\" maxlength=\"2000\" class=\"wpcf7-form-control wpcf7-textarea\" aria-invalid=\"false\" name=\"your-message\"><\/textarea><\/span> <\/label>\n<\/p>\n<p><span id=\"wpcf7-69d4cf58a1e90-wrapper\" class=\"wpcf7-form-control-wrap honeypot-987-wrap\" style=\"display:none !important; visibility:hidden !important;\"><label for=\"wpcf7-69d4cf58a1e90-field\" class=\"hp-message\">Veuillez laisser ce champ vide.<\/label><input id=\"wpcf7-69d4cf58a1e90-field\"  class=\"wpcf7-form-control wpcf7-text\" type=\"text\" name=\"honeypot-987\" value=\"\" size=\"40\" tabindex=\"-1\" autocomplete=\"new-password\" \/><\/span>\n<\/p>\n<p><span class=\"wpcf7-form-control-wrap\" data-name=\"quiz-367\"><label><span class=\"wpcf7-quiz-label\">2+2=<\/span> <input size=\"40\" class=\"wpcf7-form-control wpcf7-quiz\" autocomplete=\"off\" aria-required=\"true\" aria-invalid=\"false\" type=\"text\" name=\"quiz-367\" \/><\/label><input type=\"hidden\" name=\"_wpcf7_quiz_answer_quiz-367\" value=\"f571cb0ef988999721889645bc031d42\" \/><\/span>\n<\/p>\n<p><input class=\"wpcf7-form-control wpcf7-submit has-spinner\" type=\"submit\" value=\"Envoyer\" \/>\n<\/p><div class=\"wpcf7-response-output\" aria-hidden=\"true\"><\/div>\n<\/form>\n<\/div>\n<\/a><\/p>\n<p class=\"Style10\" align=\"center\">Dans la relation avec les parents d\u2019\u00e9l\u00e8ves, nous privil\u00e9gions le m\u00e9l, vous trouverez ci-dessous les diverses adresses \u00e0 utiliser\u00a0pour correspondre.<\/p>\n<p align=\"center\">\u00a0<\/p>\n<\/div>\n<hr class=\"clear-contentunit\" \/>\n<div class=\"column2-unit-left\">\n<h1 style=\"text-align: center\">Mail du webmmaster<\/h1>\n<p><a href=\"https:\/\/etab.ac-reunion.fr\/lyc-bel-air\/form-thierry-allane\/\" target=\"_blank\" rel=\"noopener noreferrer\">cliquez ICI pour \u00e9crire un message au Webmaster<\/a><\/p>\n<p>&#8212;&#8212;&#8212;&#8212;&#8212;&#8212;&#8212;&#8212;&#8212;&#8212;&#8212;&#8212;&#8212;&#8212;&#8212;&#8212;&#8212;&#8212;&#8212;&#8212;&#8212;&#8212;&#8212;&#8212;&#8212;&#8212;&#8212;&#8212;&#8212;&#8212;&#8212;&#8212;&#8212;&#8212;&#8212;&#8212;&#8212;&#8212;&#8212;&#8212;&#8212;&#8212;&#8212;&#8212;&#8212;&#8212;&#8212;<\/p>\n<div class=\"su-animate\" style=\"opacity:0;-webkit-animation-duration:3s;-webkit-animation-delay:0s;animation-duration:3s;animation-delay:0s;\" data-animation=\"bounceIn\" data-duration=\"3\" data-delay=\"0\">VOUS SOUHAITEZ OBTENIR LA LISTE COMPLETE<\/div>\n<span class=\"su-highlight\" style=\"background:#ddff99;color:#000000\">&nbsp;Pour voir l&rsquo;ensemble des coordonn\u00e9es mail de la communaut\u00e9 \u00e9ducative cliquez sur Contact list dans l&rsquo;Espace Num\u00e9rique de Travail, ou passer par DISCUSSION ou INFORMATION de PRONOTE &nbsp;<\/span>\n<h1>&#8212;&#8212;&#8212;&#8212;&#8212;&#8212;&#8212;&#8212;&#8212;&#8212;&#8212;&#8212;&#8212;&#8212;&#8212;&#8212;&#8212;&#8212;&#8212;&#8212;&#8211;<\/h1>\n<h1 style=\"text-align: center\">Accueil\u00a0<\/h1>\n<p style=\"text-align: center\"><span style=\"font-size: 20pt\"><strong>0262 98 05 19<\/strong><\/span><\/p>\n<\/div>\n<h1>\u00a0<\/h1>\n<h1 style=\"text-align: center\">Enseignement<\/h1>\n<p>Salle des professeurs<\/p>\n<p>Salle A 107<\/p>\n<p>Salle A 114<\/p>\n<p>Secr\u00e9tariat d&rsquo;examen<\/p>\n<p>Gymnase : 0262 98 92 54<\/p>\n<p>&#8212;&#8212;&#8212;&#8212;&#8212;&#8212;&#8212;&#8212;&#8212;&#8212;&#8212;&#8212;&#8212;&#8212;&#8212;&#8212;&#8212;&#8212;&#8212;&#8212;&#8212;&#8212;&#8212;&#8212;&#8212;&#8212;&#8212;&#8212;&#8212;&#8212;&#8212;&#8212;&#8212;&#8212;&#8212;&#8212;&#8212;&#8212;&#8212;&#8212;&#8212;&#8212;&#8212;&#8212;&#8212;&#8212;&#8212;<\/p>\n<div class=\"column2-unit-left\">\n<h1 style=\"text-align: center\"><span style=\"color: #ff0000\">L\u2019\u00c9QUIPE DE DIRECTION<\/span><\/h1>\n<ul>\n<li>Le proviseur<\/li>\n<\/ul>\n<p><a href=\"https:\/\/etab.ac-reunion.fr\/lyc-bel-air\/mail-secretariat-direction\/\" target=\"_blank\" rel=\"noopener noreferrer\">M. LAI CHEUNG KIT fr\u00e9d\u00e9ric<\/a><\/p>\n<ul>\n<li>La proviseure adjointe<\/li>\n<\/ul>\n<p><a href=\"https:\/\/etab.ac-reunion.fr\/lyc-bel-air\/mail-mme-silotia\/\" target=\"_blank\" rel=\"noopener noreferrer\">Mme COUTEYEN-CARPAYE Fr\u00e9d\u00e9rique <\/a><\/p>\n<ul>\n<li>Agent comptable gestionnaire<\/li>\n<\/ul>\n<\/div>\n<div class=\"column2-unit-left\">\n<p>M. CAPELOTAR Fr\u00e9d\u00e9ric<\/p>\n<\/div>\n<div class=\"column2-unit-left\">\n<ul>\n<li>Le Directeur D\u00e9l\u00e9gu\u00e9 aux Formations\u00a0 Professionnelles &amp; Technologiques DDFPT :<\/li>\n<\/ul>\n<p><a href=\"https:\/\/etab.ac-reunion.fr\/lyc-bel-air\/mail-delaconnay\/\" target=\"_blank\" rel=\"noopener noreferrer\">M. PATTYN Xavier<\/a><\/p>\n<\/div>\n<div class=\"column2-unit-left\"><hr \/><hr \/>\n<h1 style=\"text-align: center\">Les services du DDFPT<\/h1>\n<ul>\n<li>Assistant DDFPT<\/li>\n<\/ul>\n<p><a href=\"https:\/\/etab.ac-reunion.fr\/lyc-bel-air\/mail-noel-chanehaong\/\" target=\"_blank\" rel=\"noopener noreferrer\">M. PICARD Gervais<\/a><\/p>\n<ul>\n<li>Magasin<\/li>\n<\/ul>\n<p>Mme CAROUPAYE Marie-Jo\u00eblle<\/p>\n<p>&#8212;&#8212;&#8212;&#8212;&#8212;&#8212;&#8212;&#8212;&#8212;&#8212;&#8212;&#8212;&#8212;&#8212;&#8212;&#8212;&#8212;&#8212;&#8212;&#8212;&#8212;&#8212;&#8212;&#8212;&#8212;&#8212;&#8212;&#8212;&#8212;&#8212;&#8212;&#8212;&#8212;&#8212;&#8212;&#8212;&#8212;&#8212;&#8212;&#8212;&#8212;&#8212;&#8212;&#8212;&#8212;&#8212;&#8212;<\/p>\n<h1 style=\"text-align: center\">Le CDI<\/h1>\n<ul>\n<li>Professeure documentaliste<\/li>\n<\/ul>\n<p><a href=\"https:\/\/etab.ac-reunion.fr\/lyc-bel-air\/mail-cdi\/\" target=\"_blank\" rel=\"noopener noreferrer\">Mme LALLEMENT Julie\u00a0<\/a><\/p>\n<\/div>\n<div class=\"column2-unit-left\"><hr \/><\/div>\n<div class=\"column2-unit-right\">\n<h1 style=\"text-align: center\">Secr\u00e9tariat de direction<\/h1>\n<p><a href=\"https:\/\/etab.ac-reunion.fr\/lyc-bel-air\/mail-secretariat-direction\/\" target=\"_blank\" rel=\"noopener noreferrer\">Mme SAMAN<\/a><a href=\"https:\/\/etab.ac-reunion.fr\/lyc-bel-air\/mail-secretariat-direction\/\" target=\"_blank\" rel=\"noopener noreferrer\"> Florence <\/a><\/p>\n<p><a href=\"https:\/\/etab.ac-reunion.fr\/lyc-bel-air\/mail-secretariat-direction\/\" target=\"_blank\" rel=\"noopener noreferrer\">Mme ELLAMA Maryse<\/a><\/p>\n<\/div>\n<div class=\"column2-unit-right\"><hr \/>\n<h1 style=\"text-align: center\">Secr\u00e9tariat d&rsquo;intendance<\/h1>\n<p>Mme LAHA Fr\u00e9d\u00e9rique<\/p>\n<p>M. TECHER Vincent<\/p>\n<p>(Service d\u00e9penses)<em><span style=\"color: #0000ff\"> <br \/><\/span><\/em><\/p>\n<p>Mme MOUROUVEYA-MOURAMAN Marie Ketty<\/p>\n<p>Mme VERGOZ Marie Paule<\/p>\n<p><a href=\"https:\/\/etab.ac-reunion.fr\/lyc-bel-air\/2019\/08\/12\/service-intendance-2\/\" target=\"_blank\" rel=\"noopener noreferrer\">Pour en savoir plus<\/a><\/p>\n<\/div>\n<hr class=\"clear-contentunit\" \/>\n<div class=\"column2-unit-left\">\n<h1 style=\"text-align: center\">Les services de la vie scolaire<\/h1>\n<ul>\n<li>Les CPE<\/li>\n<\/ul>\n<p><a href=\"mailto:lycee-bel-air-cpe2@orange.fr\" target=\"_blank\" rel=\"noopener noreferrer\">Mme ARISTHENE Dominique<\/a><\/p>\n<p><a href=\"https:\/\/etab.ac-reunion.fr\/lyc-bel-air\/mail-huguette-siou-amar\/\" target=\"_blank\" rel=\"noopener noreferrer\">Mme MOUNOUSSAMY L\u00e9a<\/a><\/p>\n<ul>\n<li>Bureau des surveillants<\/li>\n<\/ul>\n<p>Secr\u00e9tariat \/\u00a00262 98 06 61 \/ 0692 22 20 88 ou passer par l&rsquo;accueil 0262 98 05 19<\/p>\n<p><a href=\"mailto:vie-scolaire1.9741270M@ac-reunion.fr\">vie-scolaire1.9741270M@ac-reunion.fr<\/a> ( formulaire en cours de cr\u00e9ation)<\/p>\n<\/div>\n<p><a href=\"https:\/\/etab.ac-reunion.fr\/lyc-bel-air\/la-vie-scolaire\/\" target=\"_blank\" rel=\"noopener noreferrer\">EN SAVOIR PLUS\u00a0<\/a><\/p>\n<div class=\"column2-unit-left\">\n<p>&#8212;&#8212;&#8212;&#8212;&#8212;&#8212;&#8212;&#8212;&#8212;&#8212;&#8212;&#8212;&#8212;&#8212;&#8212;&#8212;&#8212;&#8212;&#8212;&#8212;&#8212;&#8212;&#8212;&#8212;&#8212;&#8212;&#8212;&#8212;&#8212;&#8212;&#8212;&#8212;&#8212;&#8212;&#8212;&#8212;&#8212;&#8212;&#8212;&#8212;&#8212;&#8212;&#8212;&#8212;&#8212;&#8212;&#8212;<\/p>\n<h1 style=\"text-align: center\"><a href=\"https:\/\/etab.ac-reunion.fr\/lyc-bel-air\/category\/presentation-du-lycee\/presentation\/lassistante-sociale\/\" target=\"_blank\" rel=\"noopener noreferrer\">Les services de l&rsquo;assistante sociale<\/a><\/h1>\n<p>Mme MOENDZENAHOU Coralie<\/p>\n<p><a href=\"https:\/\/etab.ac-reunion.fr\/lyc-bel-air\/category\/presentation-du-lycee\/presentation\/lassistante-sociale\/\" target=\"_blank\" rel=\"noopener noreferrer\">Pour en savoir plus<\/a><\/p>\n<p>&#8212;&#8212;&#8212;&#8212;&#8212;&#8212;&#8212;&#8212;&#8212;&#8212;&#8212;&#8212;&#8212;&#8212;&#8212;&#8212;&#8212;&#8212;&#8212;&#8212;&#8212;&#8212;&#8212;&#8212;&#8212;&#8212;&#8212;&#8212;&#8212;&#8212;&#8212;&#8212;&#8212;&#8212;&#8212;&#8212;&#8212;&#8212;&#8212;&#8212;&#8212;&#8212;&#8212;&#8212;&#8212;&#8212;&#8212;<\/p>\n<h1 style=\"text-align: center\"><a href=\"https:\/\/etab.ac-reunion.fr\/lyc-bel-air\/category\/presentation-du-lycee\/presentation\/medecine-scolaire-et-infirmerie\/\" target=\"_blank\" rel=\"noopener noreferrer\">Les services de m\u00e9decine scolaire<\/a><\/h1>\n<ul>\n<li>Infirmi\u00e8re<\/li>\n<\/ul>\n<p>Mme PIGNOLET Nadine<\/p>\n<p><a href=\"mailto:infirmerie.9741270M@ac-reunion.fr\">infirmerie.9741270M@ac-reunion.fr<\/a><\/p>\n<ul>\n<li>M\u00e9decin scolaire<\/li>\n<\/ul>\n<p>Mr RENOM Alain<\/p>\n<\/div>\n<p><a href=\"https:\/\/etab.ac-reunion.fr\/lyc-bel-air\/category\/presentation-du-lycee\/presentation\/medecine-scolaire-et-infirmerie\/\" target=\"_blank\" rel=\"noopener noreferrer\">EN SAVOIR PLUS<\/a><\/p>\n<div class=\"column2-unit-left\">\n<p>&#8212;&#8212;&#8212;&#8212;&#8212;&#8212;&#8212;&#8212;&#8212;&#8212;&#8212;&#8212;&#8212;&#8212;&#8212;&#8212;&#8212;&#8212;&#8212;&#8212;&#8212;&#8212;&#8212;&#8212;&#8212;&#8212;&#8212;&#8212;&#8212;&#8212;&#8212;&#8212;&#8212;&#8212;&#8212;&#8212;&#8212;&#8212;&#8212;&#8212;&#8212;&#8212;&#8212;&#8212;&#8212;&#8212;&#8212;<\/p>\n<\/div>\n<div class=\"column2-unit-right\">\n<h1 class=\"p1\" style=\"text-align: center\"><span class=\"s1\"><span style=\"font-size: 20pt\"><span style=\"font-size: 22pt\">Psychologue de l\u2019\u00c9ducation Nationale,<\/span> <\/span><\/span><\/h1>\n<p class=\"p1\" style=\"text-align: center\"><span class=\"s1\" style=\"font-size: 14pt\"><strong>\u00e9ducation, d\u00e9veloppement et conseil en orientation scolaire<\/strong><\/span><\/p>\n<p class=\"p1\" style=\"text-align: center\"><span class=\"s1\" style=\"font-size: 14pt\"><strong> et professionnelle<\/strong>.<\/span><\/p>\n<p>Mme GARRY Elisabeth\u00a0<\/p>\n<p><strong>le mardi de 8h30 \u00e0 11h45, <\/strong><strong>le jeudi de 8h30 \u00e0 12h, l<\/strong><strong>e jeudi de 13h \u00e0 16h30 une semaine sur deux<\/strong><\/p>\n<ul>\n<li>\n<p style=\"text-align: left\" align=\"CENTER\"><span style=\"color: #000000\"><span style=\"font-family: Comic Sans MS, cursive\"><span style=\"font-size: medium\"><b>sur rendez-vous \u00e0 prendre \u00e0 la Vie Scolaire<\/b><\/span><\/span><\/span><\/p>\n<\/li>\n<\/ul>\n<p><a href=\"https:\/\/etab.ac-reunion.fr\/lyc-bel-air\/2015\/04\/20\/le-service-dorientation\/\" target=\"_blank\" rel=\"noopener noreferrer\" data-wplink-edit=\"true\">Pour en savoir plus<\/a><\/p>\n<p>&#8212;&#8212;&#8212;&#8212;&#8212;&#8212;&#8212;&#8212;&#8212;&#8212;&#8212;&#8212;&#8212;&#8212;&#8212;&#8212;&#8212;&#8212;&#8212;&#8212;&#8212;&#8212;&#8212;&#8212;&#8212;&#8212;&#8212;&#8212;&#8212;&#8212;&#8212;&#8212;&#8212;&#8212;&#8212;&#8212;&#8212;&#8212;&#8212;&#8212;&#8212;&#8212;&#8212;&#8212;&#8212;&#8212;&#8212;<\/p>\n<h1 style=\"text-align: center\">Service informatique<\/h1>\n<ul>\n<li>A.M.I.<\/li>\n<\/ul>\n<p><a href=\"https:\/\/etab.ac-reunion.fr\/lyc-bel-air\/mail-eric-chane\/\" target=\"_blank\" rel=\"noopener noreferrer\">M. CHANE Eric<\/a><\/p>\n<ul>\n<li>ARTICE<\/li>\n<\/ul>\n<p>M. AUGUSTINE Isia<\/p>\n<p>&#8212;&#8212;&#8212;&#8212;&#8212;&#8212;&#8212;&#8212;&#8212;&#8212;&#8212;&#8212;&#8212;&#8212;&#8212;&#8212;&#8212;&#8212;&#8212;&#8212;&#8212;&#8212;&#8212;&#8212;&#8212;&#8212;&#8212;&#8212;&#8212;&#8212;&#8212;&#8212;&#8212;&#8212;&#8212;&#8212;&#8212;&#8212;&#8212;&#8212;&#8212;&#8212;&#8212;&#8212;&#8212;&#8212;&#8212;<\/p>\n<h1 style=\"text-align: center\">Service d&rsquo;entretien<\/h1>\n<ul>\n<li>Agent Chef<\/li>\n<\/ul>\n<p>M. Vidot Jean Eddy<em><br \/><\/em><\/p>\n<ul>\n<li>Local Agents<\/li>\n<\/ul>\n<\/div>\n<p>&#8212;&#8212;&#8212;&#8212;&#8212;&#8212;&#8212;&#8212;&#8212;&#8212;&#8212;&#8212;&#8212;&#8212;&#8212;&#8212;&#8212;&#8212;&#8212;&#8212;&#8212;&#8212;&#8212;&#8212;&#8212;&#8212;&#8212;&#8212;&#8212;&#8212;&#8212;&#8212;&#8212;&#8212;&#8212;&#8212;&#8212;&#8212;&#8212;&#8212;&#8212;&#8212;&#8212;&#8212;&#8212;&#8212;&#8212;<\/p>\n<h1 style=\"text-align: center\">Laboratoires<\/h1>\n<ul>\n<li>Sciences physique et chimie<\/li>\n<\/ul>\n<p>M. SAMATA VALLY Fr\u00e9d\u00e9ric<\/p>\n<p>M. GRONDIN Jean pierre<\/p>\n<p>M. SORET Jean Marie<\/p>\n<ul>\n<li>Sciences de la vie et de la terre<\/li>\n<\/ul>\n<p>M. TIPVEAU Michel\u00a0<\/p>\n<p>M. NIFAUT Quentin<\/p>\n<p>&#8212;&#8212;&#8212;&#8212;&#8212;&#8212;&#8212;&#8212;&#8212;&#8212;&#8212;&#8212;&#8212;&#8212;&#8212;&#8212;&#8212;&#8212;&#8212;&#8212;&#8212;&#8212;&#8212;&#8212;&#8212;&#8212;&#8212;&#8212;&#8212;&#8212;&#8212;&#8212;&#8212;&#8212;&#8212;&#8212;&#8212;&#8212;&#8212;&#8212;&#8212;&#8212;&#8212;&#8212;&#8212;&#8212;&#8212;<\/p>\n<h1 style=\"text-align: center\">Cuisine satellite<\/h1>\n<ul>\n<li>Restaurations\u00a0<\/li>\n<\/ul>\n<p>M. SIMATAVE Michel<\/p>\n<p>&#8212;&#8212;&#8212;&#8212;&#8212;&#8212;&#8212;&#8212;&#8212;&#8212;&#8212;&#8212;&#8212;&#8212;&#8212;&#8212;&#8212;&#8212;&#8212;&#8212;&#8212;&#8212;&#8212;&#8212;&#8212;&#8212;&#8212;&#8212;&#8212;&#8212;&#8212;&#8212;&#8212;&#8212;&#8212;&#8212;&#8212;&#8212;&#8212;&#8212;&#8212;&#8212;&#8212;&#8212;&#8212;&#8212;&#8212;<\/p>\n<h1 style=\"text-align: center\">Internat<\/h1>\n<ul>\n<li>Bureau des MI 0262 98 06 79<\/li>\n<\/ul>\n<ul>\n<li>Chambre service<\/li>\n<\/ul>\n<hr class=\"clear-contentunit\" \/>\n<h1 class=\"block\" style=\"text-align: center\">Les associations de parents<\/h1>\n<div class=\"column1-unit\">\n<table width=\"95%\">\n<tbody>\n<tr>\n<td class=\"top\">\n<div align=\"center\">APELCA<\/div>\n<\/td>\n<td class=\"top\">\n<div align=\"center\">FCPE<\/div>\n<\/td>\n<td class=\"top\">\n<div align=\"center\">\u00a0<\/div>\n<\/td>\n<\/tr>\n<\/tbody>\n<\/table>\n<\/div>\n<hr \/>\n<p align=\"left\">\u00a0<\/p>\n\n\n<figure class=\"wp-block-image size-large\"><img decoding=\"async\" src=\"https:\/\/etab.ac-reunion.fr\/lyc-bel-air\/wp-content\/uploads\/sites\/71\/2020\/08\/Capture-d\u2019\u00e9cran-2020-08-13-\u00e0-16.30.46-1024x608.png\" alt=\"\" class=\"wp-image-11371\" \/><\/figure>\n<!-- AddThis Advanced Settings generic via filter on the_content --><!-- AddThis Share Buttons generic via filter on the_content -->","protected":false},"excerpt":{"rendered":"<p>\u00a0 \u00a0 Les diff\u00e9rents services du lyc\u00e9e &#8212;&#8212;&#8212;&#8212;&#8212;&#8212;&#8212;&#8212;&#8212;&#8212;&#8212;&#8212;&#8212;&#8212;&#8212;&#8212;&#8212;&#8212;&#8212;- Nous contacter Adresse: Lyc\u00e9e de Bel Air &#8211; 2, rue du Lyc\u00e9e de Belair &#8211; BP 20509 &#8211; 97441 Sainte Suzanne T\u00e9l\u00e9phone: 0262 98 05 19 Fax : 0262 98 06 45 E.mail : ce.9741270m@ac-reunion.fr Dans la relation avec les parents d\u2019\u00e9l\u00e8ves, nous privil\u00e9gions le m\u00e9l, vous [&hellip;]<!-- AddThis Advanced Settings generic via filter on get_the_excerpt --><!-- AddThis Share Buttons generic via filter on get_the_excerpt --><\/p>\n","protected":false},"author":35328,"featured_media":0,"parent":0,"menu_order":0,"comment_status":"closed","ping_status":"closed","template":"","meta":{"_et_pb_use_builder":"","_et_pb_old_content":"","_et_gb_content_width":"1138","footnotes":"","_links_to":"","_links_to_target":""},"class_list":["post-57","page","type-page","status-publish","hentry"],"_links":{"self":[{"href":"https:\/\/etab.ac-reunion.fr\/lyc-bel-air\/wp-json\/wp\/v2\/pages\/57","targetHints":{"allow":["GET"]}}],"collection":[{"href":"https:\/\/etab.ac-reunion.fr\/lyc-bel-air\/wp-json\/wp\/v2\/pages"}],"about":[{"href":"https:\/\/etab.ac-reunion.fr\/lyc-bel-air\/wp-json\/wp\/v2\/types\/page"}],"author":[{"embeddable":true,"href":"https:\/\/etab.ac-reunion.fr\/lyc-bel-air\/wp-json\/wp\/v2\/users\/35328"}],"replies":[{"embeddable":true,"href":"https:\/\/etab.ac-reunion.fr\/lyc-bel-air\/wp-json\/wp\/v2\/comments?post=57"}],"version-history":[{"count":131,"href":"https:\/\/etab.ac-reunion.fr\/lyc-bel-air\/wp-json\/wp\/v2\/pages\/57\/revisions"}],"predecessor-version":[{"id":20051,"href":"https:\/\/etab.ac-reunion.fr\/lyc-bel-air\/wp-json\/wp\/v2\/pages\/57\/revisions\/20051"}],"wp:attachment":[{"href":"https:\/\/etab.ac-reunion.fr\/lyc-bel-air\/wp-json\/wp\/v2\/media?parent=57"}],"curies":[{"name":"wp","href":"https:\/\/api.w.org\/{rel}","templated":true}]}}