{"id":5812,"date":"2017-12-22T10:40:25","date_gmt":"2017-12-22T09:40:25","guid":{"rendered":"http:\/\/lycee-belair.ac-reunion.fr\/?page_id=5812"},"modified":"2023-08-21T21:42:19","modified_gmt":"2023-08-21T17:42:19","slug":"la-vie-scolaire","status":"publish","type":"page","link":"https:\/\/etab.ac-reunion.fr\/lyc-bel-air\/la-vie-scolaire\/","title":{"rendered":"La vie scolaire"},"content":{"rendered":"<p><img loading=\"lazy\" decoding=\"async\" class=\"alignnone size-medium wp-image-5818\" src=\"https:\/\/etab.ac-reunion.fr\/lyc-bel-air\/wp-content\/uploads\/sites\/71\/2017\/12\/a-300x105.jpg\" alt=\"\" width=\"300\" height=\"105\" srcset=\"https:\/\/etab.ac-reunion.fr\/lyc-bel-air\/wp-content\/uploads\/sites\/71\/2017\/12\/a-300x105.jpg 300w, https:\/\/etab.ac-reunion.fr\/lyc-bel-air\/wp-content\/uploads\/sites\/71\/2017\/12\/a-1024x359.jpg 1024w, https:\/\/etab.ac-reunion.fr\/lyc-bel-air\/wp-content\/uploads\/sites\/71\/2017\/12\/a-960x340.jpg 960w, https:\/\/etab.ac-reunion.fr\/lyc-bel-air\/wp-content\/uploads\/sites\/71\/2017\/12\/a.jpg 1388w\" sizes=\"(max-width: 300px) 100vw, 300px\" \/><\/p>\n<p>La vie scolaire travaille en \u00e9troite collaboration avec<\/p>\n<p>-L\u2019\u00e9quipe de Direction<\/p>\n<p>-L\u2019\u00e9quipe p\u00e9dagogique (95 enseignants)<\/p>\n<p>-L\u2019\u00e9quipe \u00e9ducative\u00a0 (Assistante Sociale, Infirmi\u00e8re, COPSY)<\/p>\n<p>Afin d\u2019assurer l\u2019int\u00e9gration de l\u2019\u00e9l\u00e8ve et le suivi de sa scolarit\u00e9.<\/p>\n<p>Au lyc\u00e9e de BEL AIR\u00a0 <strong>le service de vie scolaire<\/strong> accueille une \u00e9quipe de 12 personnes\u00a0:<\/p>\n<ul>\n<li>10 Assistants d\u2019Education (AED)<\/li>\n<\/ul>\n<p>Carole, Damien, Gabrielle, Julien, Malo, Marielle, Miradjy, Nathana\u00ebl, Oph\u00e9lie, Thomas fonctionnent sous la responsabilit\u00e9 de\u00a0:<\/p>\n<ul>\n<li>2 Conseill\u00e8res Principales\u00a0 d\u2019Education<\/li>\n<\/ul>\n<p>Marie Huguette SIHOU AMAR<\/p>\n<p>Lea Anais MOUTOUSSAMY<\/p>\n<p>Pour plus d&rsquo;informations cliquez plus bas<\/p>\n<p style=\"text-align: center\"><span style=\"font-size: 20pt\"><a href=\"https:\/\/etab.ac-reunion.fr\/lyc-bel-air\/category\/actualites-vie-scolaire\/\">1\/ ACTUALITES DE LA VIE SCOLAIRE<\/a>\u00a0<\/span><\/p>\n<p>\u00a0<\/p>\n<p style=\"text-align: center\"><span style=\"font-size: 20pt\"><a href=\"https:\/\/etab.ac-reunion.fr\/lyc-bel-air\/category\/projet-vie-scolaire\/\">2\/ PROJET DE LA VIE SCOLAIRE\u00a0<\/a><\/span><\/p>\n<p>\u00a0<\/p>\n\n\n<figure class=\"wp-block-image size-full\"><a href=\"https:\/\/etab.ac-reunion.fr\/lyc-bel-air\/wp-content\/uploads\/sites\/71\/2023\/08\/Capture-decran-2023-08-21-a-21.39.08.png\"><img loading=\"lazy\" decoding=\"async\" width=\"808\" height=\"978\" src=\"https:\/\/etab.ac-reunion.fr\/lyc-bel-air\/wp-content\/uploads\/sites\/71\/2023\/08\/Capture-decran-2023-08-21-a-21.39.08.png\" alt=\"\" class=\"wp-image-17431\" srcset=\"https:\/\/etab.ac-reunion.fr\/lyc-bel-air\/wp-content\/uploads\/sites\/71\/2023\/08\/Capture-decran-2023-08-21-a-21.39.08.png 808w, https:\/\/etab.ac-reunion.fr\/lyc-bel-air\/wp-content\/uploads\/sites\/71\/2023\/08\/Capture-decran-2023-08-21-a-21.39.08-480x581.png 480w\" sizes=\"(min-width: 0px) and (max-width: 480px) 480px, (min-width: 481px) 808px, 100vw\" \/><\/a><\/figure>\n\n\n\n<figure class=\"wp-block-image size-large\"><img loading=\"lazy\" decoding=\"async\" width=\"1024\" height=\"322\" src=\"https:\/\/etab.ac-reunion.fr\/lyc-bel-air\/wp-content\/uploads\/sites\/71\/2021\/08\/Capture-decran-2021-08-14-a-15.56.51-1024x322.png\" alt=\"\" class=\"wp-image-13491\" srcset=\"https:\/\/etab.ac-reunion.fr\/lyc-bel-air\/wp-content\/uploads\/sites\/71\/2021\/08\/Capture-decran-2021-08-14-a-15.56.51-1024x322.png 1024w, https:\/\/etab.ac-reunion.fr\/lyc-bel-air\/wp-content\/uploads\/sites\/71\/2021\/08\/Capture-decran-2021-08-14-a-15.56.51-300x94.png 300w, https:\/\/etab.ac-reunion.fr\/lyc-bel-air\/wp-content\/uploads\/sites\/71\/2021\/08\/Capture-decran-2021-08-14-a-15.56.51-768x242.png 768w, https:\/\/etab.ac-reunion.fr\/lyc-bel-air\/wp-content\/uploads\/sites\/71\/2021\/08\/Capture-decran-2021-08-14-a-15.56.51-1536x484.png 1536w, https:\/\/etab.ac-reunion.fr\/lyc-bel-air\/wp-content\/uploads\/sites\/71\/2021\/08\/Capture-decran-2021-08-14-a-15.56.51.png 1690w\" sizes=\"(max-width: 1024px) 100vw, 1024px\" \/><\/figure>\n\n\n\n<figure class=\"wp-block-image size-large\"><a href=\"https:\/\/etab.ac-reunion.fr\/lyc-bel-air\/wp-content\/uploads\/sites\/71\/2023\/08\/Capture-decran-2023-08-21-a-21.40.13.png\"><img loading=\"lazy\" decoding=\"async\" width=\"1024\" height=\"658\" src=\"https:\/\/etab.ac-reunion.fr\/lyc-bel-air\/wp-content\/uploads\/sites\/71\/2023\/08\/Capture-decran-2023-08-21-a-21.40.13-1024x658.png\" alt=\"\" class=\"wp-image-17433\" srcset=\"https:\/\/etab.ac-reunion.fr\/lyc-bel-air\/wp-content\/uploads\/sites\/71\/2023\/08\/Capture-decran-2023-08-21-a-21.40.13-980x630.png 980w, https:\/\/etab.ac-reunion.fr\/lyc-bel-air\/wp-content\/uploads\/sites\/71\/2023\/08\/Capture-decran-2023-08-21-a-21.40.13-480x309.png 480w\" sizes=\"(min-width: 0px) and (max-width: 480px) 480px, (min-width: 481px) and (max-width: 980px) 980px, (min-width: 981px) 1024px, 100vw\" \/><\/a><\/figure>\n\n\n\n<figure class=\"wp-block-image size-full\"><img loading=\"lazy\" decoding=\"async\" width=\"990\" height=\"546\" src=\"https:\/\/etab.ac-reunion.fr\/lyc-bel-air\/wp-content\/uploads\/sites\/71\/2022\/08\/Capture-de\u0301cran-2022-08-13-a\u0300-05.22.29.png\" alt=\"\" class=\"wp-image-15761\" srcset=\"https:\/\/etab.ac-reunion.fr\/lyc-bel-air\/wp-content\/uploads\/sites\/71\/2022\/08\/Capture-de\u0301cran-2022-08-13-a\u0300-05.22.29.png 990w, https:\/\/etab.ac-reunion.fr\/lyc-bel-air\/wp-content\/uploads\/sites\/71\/2022\/08\/Capture-de\u0301cran-2022-08-13-a\u0300-05.22.29-300x165.png 300w, https:\/\/etab.ac-reunion.fr\/lyc-bel-air\/wp-content\/uploads\/sites\/71\/2022\/08\/Capture-de\u0301cran-2022-08-13-a\u0300-05.22.29-768x424.png 768w, https:\/\/etab.ac-reunion.fr\/lyc-bel-air\/wp-content\/uploads\/sites\/71\/2022\/08\/Capture-de\u0301cran-2022-08-13-a\u0300-05.22.29-980x540.png 980w, https:\/\/etab.ac-reunion.fr\/lyc-bel-air\/wp-content\/uploads\/sites\/71\/2022\/08\/Capture-de\u0301cran-2022-08-13-a\u0300-05.22.29-480x265.png 480w\" sizes=\"(max-width: 990px) 100vw, 990px\" \/><\/figure>\n\n\n\n<figure class=\"wp-block-image size-large\"><img loading=\"lazy\" decoding=\"async\" width=\"1024\" height=\"312\" src=\"https:\/\/etab.ac-reunion.fr\/lyc-bel-air\/wp-content\/uploads\/sites\/71\/2021\/08\/Capture-decran-2021-08-14-a-15.54.17-1024x312.png\" alt=\"\" class=\"wp-image-13489\" srcset=\"https:\/\/etab.ac-reunion.fr\/lyc-bel-air\/wp-content\/uploads\/sites\/71\/2021\/08\/Capture-decran-2021-08-14-a-15.54.17-1024x312.png 1024w, https:\/\/etab.ac-reunion.fr\/lyc-bel-air\/wp-content\/uploads\/sites\/71\/2021\/08\/Capture-decran-2021-08-14-a-15.54.17-300x91.png 300w, https:\/\/etab.ac-reunion.fr\/lyc-bel-air\/wp-content\/uploads\/sites\/71\/2021\/08\/Capture-decran-2021-08-14-a-15.54.17-768x234.png 768w, https:\/\/etab.ac-reunion.fr\/lyc-bel-air\/wp-content\/uploads\/sites\/71\/2021\/08\/Capture-decran-2021-08-14-a-15.54.17-1536x468.png 1536w, https:\/\/etab.ac-reunion.fr\/lyc-bel-air\/wp-content\/uploads\/sites\/71\/2021\/08\/Capture-decran-2021-08-14-a-15.54.17-2048x624.png 2048w\" sizes=\"(max-width: 1024px) 100vw, 1024px\" \/><\/figure>\n\n\n\n<figure class=\"wp-block-image size-large\"><img loading=\"lazy\" decoding=\"async\" width=\"1024\" height=\"278\" src=\"https:\/\/etab.ac-reunion.fr\/lyc-bel-air\/wp-content\/uploads\/sites\/71\/2021\/08\/Capture-decran-2021-08-14-a-15.54.25-1-1024x278.png\" alt=\"\" class=\"wp-image-13486\" srcset=\"https:\/\/etab.ac-reunion.fr\/lyc-bel-air\/wp-content\/uploads\/sites\/71\/2021\/08\/Capture-decran-2021-08-14-a-15.54.25-1-1024x278.png 1024w, https:\/\/etab.ac-reunion.fr\/lyc-bel-air\/wp-content\/uploads\/sites\/71\/2021\/08\/Capture-decran-2021-08-14-a-15.54.25-1-300x82.png 300w, https:\/\/etab.ac-reunion.fr\/lyc-bel-air\/wp-content\/uploads\/sites\/71\/2021\/08\/Capture-decran-2021-08-14-a-15.54.25-1-768x209.png 768w, https:\/\/etab.ac-reunion.fr\/lyc-bel-air\/wp-content\/uploads\/sites\/71\/2021\/08\/Capture-decran-2021-08-14-a-15.54.25-1.png 1384w\" sizes=\"(max-width: 1024px) 100vw, 1024px\" \/><\/figure>\n<!-- AddThis Advanced Settings generic via filter on the_content --><!-- AddThis Share Buttons generic via filter on the_content -->","protected":false},"excerpt":{"rendered":"<p>La vie scolaire travaille en \u00e9troite collaboration avec -L\u2019\u00e9quipe de Direction -L\u2019\u00e9quipe p\u00e9dagogique (95 enseignants) -L\u2019\u00e9quipe \u00e9ducative\u00a0 (Assistante Sociale, Infirmi\u00e8re, COPSY) Afin d\u2019assurer l\u2019int\u00e9gration de l\u2019\u00e9l\u00e8ve et le suivi de sa scolarit\u00e9. Au lyc\u00e9e de BEL AIR\u00a0 le service de vie scolaire accueille une \u00e9quipe de 12 personnes\u00a0: 10 Assistants d\u2019Education (AED) Carole, Damien, Gabrielle, [&hellip;]<!-- AddThis Advanced Settings generic via filter on get_the_excerpt --><!-- AddThis Share Buttons generic via filter on get_the_excerpt --><\/p>\n","protected":false},"author":17501,"featured_media":5818,"parent":0,"menu_order":0,"comment_status":"closed","ping_status":"closed","template":"","meta":{"_et_pb_use_builder":"","_et_pb_old_content":"","_et_gb_content_width":"","footnotes":"","_links_to":"","_links_to_target":""},"class_list":["post-5812","page","type-page","status-publish","has-post-thumbnail","hentry"],"_links":{"self":[{"href":"https:\/\/etab.ac-reunion.fr\/lyc-bel-air\/wp-json\/wp\/v2\/pages\/5812","targetHints":{"allow":["GET"]}}],"collection":[{"href":"https:\/\/etab.ac-reunion.fr\/lyc-bel-air\/wp-json\/wp\/v2\/pages"}],"about":[{"href":"https:\/\/etab.ac-reunion.fr\/lyc-bel-air\/wp-json\/wp\/v2\/types\/page"}],"author":[{"embeddable":true,"href":"https:\/\/etab.ac-reunion.fr\/lyc-bel-air\/wp-json\/wp\/v2\/users\/17501"}],"replies":[{"embeddable":true,"href":"https:\/\/etab.ac-reunion.fr\/lyc-bel-air\/wp-json\/wp\/v2\/comments?post=5812"}],"version-history":[{"count":18,"href":"https:\/\/etab.ac-reunion.fr\/lyc-bel-air\/wp-json\/wp\/v2\/pages\/5812\/revisions"}],"predecessor-version":[{"id":17435,"href":"https:\/\/etab.ac-reunion.fr\/lyc-bel-air\/wp-json\/wp\/v2\/pages\/5812\/revisions\/17435"}],"wp:featuredmedia":[{"embeddable":true,"href":"https:\/\/etab.ac-reunion.fr\/lyc-bel-air\/wp-json\/wp\/v2\/media\/5818"}],"wp:attachment":[{"href":"https:\/\/etab.ac-reunion.fr\/lyc-bel-air\/wp-json\/wp\/v2\/media?parent=5812"}],"curies":[{"name":"wp","href":"https:\/\/api.w.org\/{rel}","templated":true}]}}