{"id":5829,"date":"2017-12-22T10:59:22","date_gmt":"2017-12-22T09:59:22","guid":{"rendered":"http:\/\/lycee-belair.ac-reunion.fr\/?page_id=5829"},"modified":"2017-12-23T03:11:58","modified_gmt":"2017-12-23T02:11:58","slug":"le-conseil-de-vie-lyceenne","status":"publish","type":"page","link":"https:\/\/etab.ac-reunion.fr\/lyc-bel-air\/le-conseil-de-vie-lyceenne\/","title":{"rendered":"Le Conseil de Vie Lyc\u00e9enne"},"content":{"rendered":"<p><span style=\"color: #ff0000\">Le 17 septembre 2017 le nouveau bureau du CVL du lyc\u00e9e de BEL AIR a \u00e9t\u00e9 install\u00e9.<\/span><\/p>\n<p>Cet \u00e9v\u00e8nement au sein de l\u2019\u00e9tablissement\u00a0 a parfaitement trouv\u00e9 sa place dans la semaine de l\u2019engagement. Cette exp\u00e9rience pour nos jeunes a \u00e9t\u00e9 un \u00e9chelonnement de moments privil\u00e9gi\u00e9s.<\/p>\n<div class=\"et_pb_slider et_pb_slider_fullwidth_off et_pb_gallery_post_type\">\n\t\t\t\t<div class=\"et_pb_slides\">\n\t\t\t\t\t<div class=\"et_pb_slide\" style=\"background: url(https:\/\/etab.ac-reunion.fr\/lyc-bel-air\/wp-content\/uploads\/sites\/71\/2017\/12\/cvlMenbre.jpg);\"><\/div>\n\t\t\t\t<\/div>\n\t\t\t<\/div>\n<p>&nbsp;<\/p>\n<p>En effet, candidats et \u00e9lecteurs ont pris part \u00e0 la vie politique de l\u2019\u00e9tablissement par une mise en sc\u00e8ne grandeur nature.<\/p>\n<p>Les r\u00e9unions de formations aupr\u00e8s des candidats potentiels, assur\u00e9es par les deux CPE\u00a0 ont men\u00e9 nos \u00e9l\u00e8ves vers\u00a0 3 grandes \u00e9tapes\u00a0:<\/p>\n<p>-P\u00e9riode de sensibilisation<\/p>\n<p>-D\u00e9p\u00f4t de candidature<\/p>\n<p>&#8211; Propagande<\/p>\n<p><img loading=\"lazy\" decoding=\"async\" class=\"size-medium wp-image-5828 aligncenter\" src=\"https:\/\/etab.ac-reunion.fr\/lyc-bel-air\/wp-content\/uploads\/sites\/71\/2017\/12\/b-300x172.jpg\" alt=\"\" width=\"300\" height=\"172\" srcset=\"https:\/\/etab.ac-reunion.fr\/lyc-bel-air\/wp-content\/uploads\/sites\/71\/2017\/12\/b-300x172.jpg 300w, https:\/\/etab.ac-reunion.fr\/lyc-bel-air\/wp-content\/uploads\/sites\/71\/2017\/12\/b-95x54.jpg 95w, https:\/\/etab.ac-reunion.fr\/lyc-bel-air\/wp-content\/uploads\/sites\/71\/2017\/12\/b.jpg 612w\" sizes=\"(max-width: 300px) 100vw, 300px\" \/><\/p>\n<p>&nbsp;<\/p>\n<p>Lors de la propagande les \u00a0onze candidats et leurs suppl\u00e9ants se sont rendus dans les salles de classe, chacun ayant eu droit \u00e0 un temps de parole, pr\u00e9par\u00e9 en amont, pour vanter leur candidature.<\/p>\n<p><img loading=\"lazy\" decoding=\"async\" class=\"size-medium wp-image-5836 aligncenter\" src=\"https:\/\/etab.ac-reunion.fr\/lyc-bel-air\/wp-content\/uploads\/sites\/71\/2017\/12\/c-300x215.jpg\" alt=\"\" width=\"300\" height=\"215\" srcset=\"https:\/\/etab.ac-reunion.fr\/lyc-bel-air\/wp-content\/uploads\/sites\/71\/2017\/12\/c-300x215.jpg 300w, https:\/\/etab.ac-reunion.fr\/lyc-bel-air\/wp-content\/uploads\/sites\/71\/2017\/12\/c-1024x733.jpg 1024w, https:\/\/etab.ac-reunion.fr\/lyc-bel-air\/wp-content\/uploads\/sites\/71\/2017\/12\/c.jpg 1083w\" sizes=\"(max-width: 300px) 100vw, 300px\" \/><\/p>\n<p>&nbsp;<\/p>\n<p>&nbsp;<\/p>\n<p>La journ\u00e9e du 17 septembre a donn\u00e9 lieu aux \u00e9lections grandeur nature sans programmation des passages de classes.<\/p>\n<p><img loading=\"lazy\" decoding=\"async\" class=\"size-medium wp-image-5837 aligncenter\" src=\"https:\/\/etab.ac-reunion.fr\/lyc-bel-air\/wp-content\/uploads\/sites\/71\/2017\/12\/d-225x300.jpg\" alt=\"\" width=\"225\" height=\"300\" srcset=\"https:\/\/etab.ac-reunion.fr\/lyc-bel-air\/wp-content\/uploads\/sites\/71\/2017\/12\/d-225x300.jpg 225w, https:\/\/etab.ac-reunion.fr\/lyc-bel-air\/wp-content\/uploads\/sites\/71\/2017\/12\/d.jpg 319w\" sizes=\"(max-width: 225px) 100vw, 225px\" \/><\/p>\n<p><img loading=\"lazy\" decoding=\"async\" class=\"size-medium wp-image-5838 aligncenter\" src=\"https:\/\/etab.ac-reunion.fr\/lyc-bel-air\/wp-content\/uploads\/sites\/71\/2017\/12\/e-300x168.jpg\" alt=\"\" width=\"300\" height=\"168\" srcset=\"https:\/\/etab.ac-reunion.fr\/lyc-bel-air\/wp-content\/uploads\/sites\/71\/2017\/12\/e-300x168.jpg 300w, https:\/\/etab.ac-reunion.fr\/lyc-bel-air\/wp-content\/uploads\/sites\/71\/2017\/12\/e-1024x575.jpg 1024w, https:\/\/etab.ac-reunion.fr\/lyc-bel-air\/wp-content\/uploads\/sites\/71\/2017\/12\/e-95x54.jpg 95w, https:\/\/etab.ac-reunion.fr\/lyc-bel-air\/wp-content\/uploads\/sites\/71\/2017\/12\/e.jpg 1920w\" sizes=\"(max-width: 300px) 100vw, 300px\" \/><\/p>\n<p>&nbsp;<\/p>\n<p>&nbsp;<\/p>\n<p>Les \u00e9l\u00e8ves ont \u00e9t\u00e9 invit\u00e9s \u00e0 venir voter\u00a0 spontan\u00e9ment de leur propre gr\u00e9 sur leur temps libre et sur la pause m\u00e9ridienne. L\u2019objectif \u00e9tait de suscit\u00e9 l\u2019engouement et l\u2019\u00e9lan citoyen ainsi que la participation volontaire \u00e0 la vie de l\u2019\u00e9tablissement.<\/p>\n<p><img loading=\"lazy\" decoding=\"async\" class=\"size-medium wp-image-5839 aligncenter\" src=\"https:\/\/etab.ac-reunion.fr\/lyc-bel-air\/wp-content\/uploads\/sites\/71\/2017\/12\/f-300x225.jpg\" alt=\"\" width=\"300\" height=\"225\" srcset=\"https:\/\/etab.ac-reunion.fr\/lyc-bel-air\/wp-content\/uploads\/sites\/71\/2017\/12\/f-300x225.jpg 300w, https:\/\/etab.ac-reunion.fr\/lyc-bel-air\/wp-content\/uploads\/sites\/71\/2017\/12\/f-1024x768.jpg 1024w, https:\/\/etab.ac-reunion.fr\/lyc-bel-air\/wp-content\/uploads\/sites\/71\/2017\/12\/f.jpg 1920w\" sizes=\"(max-width: 300px) 100vw, 300px\" \/><\/p>\n<p>&nbsp;<\/p>\n<p><img loading=\"lazy\" decoding=\"async\" class=\"size-medium wp-image-5840 aligncenter\" src=\"https:\/\/etab.ac-reunion.fr\/lyc-bel-air\/wp-content\/uploads\/sites\/71\/2017\/12\/g-225x300.jpg\" alt=\"\" width=\"225\" height=\"300\" \/><\/p>\n<p>Le lyc\u00e9e a ainsi enregistr\u00e9 65, 25 % de votant.<\/p>\n<p>&nbsp;<\/p>\n<p>L\u2019\u00e9v\u00e8nement a provoqu\u00e9 au sein de l\u2019\u00e9tablissement durant trois jours une v\u00e9ritable animation autour des notions de politique, d\u2019engagement, des droits et des devoirs du citoyen.<\/p>\n<p><img loading=\"lazy\" decoding=\"async\" class=\"size-medium wp-image-5841 aligncenter\" src=\"https:\/\/etab.ac-reunion.fr\/lyc-bel-air\/wp-content\/uploads\/sites\/71\/2017\/12\/h-225x300.jpg\" alt=\"\" width=\"225\" height=\"300\" srcset=\"https:\/\/etab.ac-reunion.fr\/lyc-bel-air\/wp-content\/uploads\/sites\/71\/2017\/12\/h-225x300.jpg 225w, https:\/\/etab.ac-reunion.fr\/lyc-bel-air\/wp-content\/uploads\/sites\/71\/2017\/12\/h-768x1024.jpg 768w, https:\/\/etab.ac-reunion.fr\/lyc-bel-air\/wp-content\/uploads\/sites\/71\/2017\/12\/h.jpg 852w\" sizes=\"(max-width: 225px) 100vw, 225px\" \/><\/p>\n<p>Dans la continuit\u00e9 de l\u2019\u00e9lection\u00a0:<\/p>\n<p>18 Septembre 2017\u00a0: Assembl\u00e9e G\u00e9n\u00e9rale et \u00e9lection des repr\u00e9sentants au Conseil\u00a0 d\u2019Administration et Conseil\u00a0 de Discipline.<\/p>\n<p>Afin de f\u00e9liciter les candidats \u00e9lus, la formation du nouveau bureau a eu lieu autour d\u2019un repas convivial au restaurant <em>les douze mutins<\/em> o\u00f9 nos candidats ont pu faire la connaissance de l\u2019ancien chauffeur de JACQUES CHIRAC\u00a0; Les \u00e9changes ont \u00e9t\u00e9 enrichissants.<\/p>\n<div class=\"et_pb_slider et_pb_slider_fullwidth_off et_pb_gallery_post_type\">\n\t\t\t\t<div class=\"et_pb_slides\">\n\t\t\t\t\t<div class=\"et_pb_slide\" style=\"background: url(https:\/\/etab.ac-reunion.fr\/lyc-bel-air\/wp-content\/uploads\/sites\/71\/2017\/12\/20171009_134849-1.jpg);\"><\/div><div class=\"et_pb_slide\" style=\"background: url(https:\/\/etab.ac-reunion.fr\/lyc-bel-air\/wp-content\/uploads\/sites\/71\/2017\/12\/20171009_121442.jpg);\"><\/div><div class=\"et_pb_slide\" style=\"background: url(https:\/\/etab.ac-reunion.fr\/lyc-bel-air\/wp-content\/uploads\/sites\/71\/2017\/12\/20171009_121435.jpg);\"><\/div>\n\t\t\t\t<\/div>\n\t\t\t<\/div>\n<p><strong>Pour d\u00e9marrer leur pratique du terrain nos candidats du CVL ont impuls\u00e9 la mise en place de la MDL du lyc\u00e9e\u00a0 de BEL AIR.<\/strong><\/p>\n<p>&nbsp;<\/p>\n<p><em>Ces journ\u00e9es ont \u00e9t\u00e9 organis\u00e9es et pilot\u00e9es par les deux CPE, Mmes St\u00e9phanie DARCALLE et Marie Huguette SIHOU AMAR.<\/em><\/p>\n<!-- AddThis Advanced Settings generic via filter on the_content --><!-- AddThis Share Buttons generic via filter on the_content -->","protected":false},"excerpt":{"rendered":"<p>Le 17 septembre 2017 le nouveau bureau du CVL du lyc\u00e9e de BEL AIR a \u00e9t\u00e9 install\u00e9. Cet \u00e9v\u00e8nement au sein de l\u2019\u00e9tablissement\u00a0 a parfaitement trouv\u00e9 sa place dans la semaine de l\u2019engagement. Cette exp\u00e9rience pour nos jeunes a \u00e9t\u00e9 un \u00e9chelonnement de moments privil\u00e9gi\u00e9s. &nbsp; En effet, candidats et \u00e9lecteurs ont pris part \u00e0 [&hellip;]<!-- AddThis Advanced Settings generic via filter on get_the_excerpt --><!-- AddThis Share Buttons generic via filter on get_the_excerpt --><\/p>\n","protected":false},"author":17501,"featured_media":0,"parent":0,"menu_order":0,"comment_status":"closed","ping_status":"closed","template":"","meta":{"_et_pb_use_builder":"","_et_pb_old_content":"","_et_gb_content_width":"","footnotes":"","_links_to":"","_links_to_target":""},"class_list":["post-5829","page","type-page","status-publish","hentry"],"_links":{"self":[{"href":"https:\/\/etab.ac-reunion.fr\/lyc-bel-air\/wp-json\/wp\/v2\/pages\/5829","targetHints":{"allow":["GET"]}}],"collection":[{"href":"https:\/\/etab.ac-reunion.fr\/lyc-bel-air\/wp-json\/wp\/v2\/pages"}],"about":[{"href":"https:\/\/etab.ac-reunion.fr\/lyc-bel-air\/wp-json\/wp\/v2\/types\/page"}],"author":[{"embeddable":true,"href":"https:\/\/etab.ac-reunion.fr\/lyc-bel-air\/wp-json\/wp\/v2\/users\/17501"}],"replies":[{"embeddable":true,"href":"https:\/\/etab.ac-reunion.fr\/lyc-bel-air\/wp-json\/wp\/v2\/comments?post=5829"}],"version-history":[{"count":8,"href":"https:\/\/etab.ac-reunion.fr\/lyc-bel-air\/wp-json\/wp\/v2\/pages\/5829\/revisions"}],"predecessor-version":[{"id":5900,"href":"https:\/\/etab.ac-reunion.fr\/lyc-bel-air\/wp-json\/wp\/v2\/pages\/5829\/revisions\/5900"}],"wp:attachment":[{"href":"https:\/\/etab.ac-reunion.fr\/lyc-bel-air\/wp-json\/wp\/v2\/media?parent=5829"}],"curies":[{"name":"wp","href":"https:\/\/api.w.org\/{rel}","templated":true}]}}