{"id":1406,"date":"2018-05-05T09:33:48","date_gmt":"2018-05-05T05:33:48","guid":{"rendered":"http:\/\/lycee-bellepierre.ac-reunion.fr\/?page_id=1406"},"modified":"2026-02-21T11:16:26","modified_gmt":"2026-02-21T07:16:26","slug":"cpge-ats-eco-gestion","status":"publish","type":"page","link":"https:\/\/etab.ac-reunion.fr\/lyc-bellepierre\/cpge-ats-eco-gestion\/","title":{"rendered":"La CPGE ATS \u00c9conomie &#8211; Gestion"},"content":{"rendered":"\n<div style=\"height:25px\" aria-hidden=\"true\" class=\"wp-block-spacer\"><\/div>\n\n\n\n<hr class=\"wp-block-separator has-css-opacity is-style-wide\" \/>\n\n\n\n<div style=\"height:25px\" aria-hidden=\"true\" class=\"wp-block-spacer\"><\/div>\n\n\n\n<h4 class=\"wp-block-heading has-text-align-center\"><em>La pr\u00e9pa <em>A.T.S. \u00e9conomie-gestion<\/em><\/em> <em>pr\u00e9pare en 1 an les titulaires de BTS ou de DUT \u00e0 int\u00e9grer une \u00e9cole de commerce.<\/em><\/h4>\n\n\n\n<p><\/p>\n\n\n\n<h4 class=\"wp-block-heading has-text-align-center\"><em>Dans le m\u00eame temps, elle leur permet de valider une troisi\u00e8me ann\u00e9e de licence &#8211; L3.<\/em><\/h4>\n\n\n\n<div style=\"height:25px\" aria-hidden=\"true\" class=\"wp-block-spacer\"><\/div>\n\n\n\n<blockquote class=\"wp-block-quote is-style-large is-layout-flow wp-block-quote-is-layout-flow\">\n<p class=\"has-text-align-center\" style=\"font-size:24px\">IMPORTANT : <\/p>\n\n\n\n<p class=\"has-text-align-center\" style=\"font-size:24px\">Le dossier de candidature pour la Pr\u00e9pa ATS est \u00e0 compl\u00e9ter et \u00e0 retourner au lyc\u00e9e\u00a0<strong><mark class=\"has-inline-color has-vivid-red-color\">avant le 31 Mai 2026<\/mark><\/strong>,<\/p>\n\n\n\n<p class=\"has-text-align-center\" style=\"font-size:24px\">de pr\u00e9f\u00e9rence par mail : <a href=\"mailto:ce.9741046U@ac-reunion.fr\">ce.9741046U@ac-reunion.fr<\/a>.<\/p>\n<\/blockquote>\n\n\n\n<div style=\"height:35px\" aria-hidden=\"true\" class=\"wp-block-spacer\"><\/div>\n\n\n\n<h5 class=\"wp-block-heading has-medium-font-size\"><strong>T\u00e9l\u00e9charger le dossier de candidature en cliquant sur le lien ci-dessous :<\/strong><\/h5>\n\n\n\n<div style=\"height:25px\" aria-hidden=\"true\" class=\"wp-block-spacer\"><\/div>\n\n\n\n<div class=\"wp-block-buttons is-content-justification-center is-layout-flex wp-container-core-buttons-is-layout-16018d1d wp-block-buttons-is-layout-flex\">\n<div class=\"wp-block-button is-style-outline is-style-outline--2\"><a class=\"wp-block-button__link has-pale-ocean-gradient-background has-background wp-element-button\" href=\"https:\/\/etab.ac-reunion.fr\/lyc-bellepierre\/wp-content\/uploads\/sites\/78\/2026\/02\/Candidature-ATS-2026-2027.pdf\" style=\"border-radius:6px\" target=\"_blank\" rel=\"noreferrer noopener\"><strong>Dossier Candidature ATS 202<\/strong>6<strong>-2027<\/strong><\/a><\/div>\n<\/div>\n\n\n\n<div style=\"height:25px\" aria-hidden=\"true\" class=\"wp-block-spacer\"><\/div>\n\n\n\n<hr class=\"wp-block-separator has-css-opacity\" \/>\n\n\n\n<div style=\"height:25px\" aria-hidden=\"true\" class=\"wp-block-spacer\"><\/div>\n\n\n<div class=\"wp-block-image\">\n<figure class=\"aligncenter size-full\"><img loading=\"lazy\" decoding=\"async\" width=\"753\" height=\"902\" src=\"https:\/\/etab.ac-reunion.fr\/lyc-bellepierre\/wp-content\/uploads\/sites\/78\/2024\/02\/Flyer-ATS-2024.png\" alt=\"\" class=\"wp-image-7742\" srcset=\"https:\/\/etab.ac-reunion.fr\/lyc-bellepierre\/wp-content\/uploads\/sites\/78\/2024\/02\/Flyer-ATS-2024.png 753w, https:\/\/etab.ac-reunion.fr\/lyc-bellepierre\/wp-content\/uploads\/sites\/78\/2024\/02\/Flyer-ATS-2024-427x512.png 427w\" sizes=\"auto, (max-width: 753px) 100vw, 753px\" \/><\/figure>\n<\/div>\n\n\n<div style=\"height:40px\" aria-hidden=\"true\" class=\"wp-block-spacer\"><\/div>\n\n\n\n<hr class=\"wp-block-separator has-alpha-channel-opacity\" \/>\n\n\n\n<div style=\"height:40px\" aria-hidden=\"true\" class=\"wp-block-spacer\"><\/div>\n\n\n\n<div class=\"wp-block-buttons is-content-justification-center is-layout-flex wp-container-core-buttons-is-layout-16018d1d wp-block-buttons-is-layout-flex\">\n<div class=\"wp-block-button\"><a class=\"wp-block-button__link wp-element-button\" href=\"https:\/\/etab.ac-reunion.fr\/lyc-bellepierre\/wp-content\/uploads\/sites\/78\/2024\/02\/Flyer-ATS-2024.pdf\" target=\"_blank\" rel=\"noreferrer noopener\">T\u00e9l\u00e9charger le Flyer Pr\u00e9pa ATS<\/a><\/div>\n<\/div>\n\n\n\n<div style=\"height:40px\" aria-hidden=\"true\" class=\"wp-block-spacer\"><\/div>\n<!-- AddThis Advanced Settings generic via filter on the_content --><!-- AddThis Share Buttons generic via filter on the_content -->","protected":false},"excerpt":{"rendered":"<p>La pr\u00e9pa A.T.S. \u00e9conomie-gestion pr\u00e9pare en 1 an les titulaires de BTS ou de DUT \u00e0 int\u00e9grer une \u00e9cole de commerce. Dans le m\u00eame temps, elle leur permet de valider une troisi\u00e8me ann\u00e9e de licence &#8211; L3. IMPORTANT : Le dossier de candidature pour la Pr\u00e9pa ATS est \u00e0 compl\u00e9ter et \u00e0 retourner au lyc\u00e9e\u00a0avant [&hellip;]<!-- AddThis Advanced Settings generic via filter on get_the_excerpt --><!-- AddThis Share Buttons generic via filter on get_the_excerpt --><\/p>\n","protected":false},"author":19703,"featured_media":0,"parent":0,"menu_order":0,"comment_status":"closed","ping_status":"closed","template":"","meta":{"footnotes":""},"class_list":["post-1406","page","type-page","status-publish","hentry"],"_links":{"self":[{"href":"https:\/\/etab.ac-reunion.fr\/lyc-bellepierre\/wp-json\/wp\/v2\/pages\/1406","targetHints":{"allow":["GET"]}}],"collection":[{"href":"https:\/\/etab.ac-reunion.fr\/lyc-bellepierre\/wp-json\/wp\/v2\/pages"}],"about":[{"href":"https:\/\/etab.ac-reunion.fr\/lyc-bellepierre\/wp-json\/wp\/v2\/types\/page"}],"author":[{"embeddable":true,"href":"https:\/\/etab.ac-reunion.fr\/lyc-bellepierre\/wp-json\/wp\/v2\/users\/19703"}],"replies":[{"embeddable":true,"href":"https:\/\/etab.ac-reunion.fr\/lyc-bellepierre\/wp-json\/wp\/v2\/comments?post=1406"}],"version-history":[{"count":62,"href":"https:\/\/etab.ac-reunion.fr\/lyc-bellepierre\/wp-json\/wp\/v2\/pages\/1406\/revisions"}],"predecessor-version":[{"id":9479,"href":"https:\/\/etab.ac-reunion.fr\/lyc-bellepierre\/wp-json\/wp\/v2\/pages\/1406\/revisions\/9479"}],"wp:attachment":[{"href":"https:\/\/etab.ac-reunion.fr\/lyc-bellepierre\/wp-json\/wp\/v2\/media?parent=1406"}],"curies":[{"name":"wp","href":"https:\/\/api.w.org\/{rel}","templated":true}]}}