{"id":1608,"date":"2018-11-06T14:13:09","date_gmt":"2018-11-06T10:13:09","guid":{"rendered":"http:\/\/lycee-bellepierre.ac-reunion.fr\/?page_id=1608"},"modified":"2019-04-12T09:17:14","modified_gmt":"2019-04-12T05:17:14","slug":"presentation-cdi","status":"publish","type":"page","link":"https:\/\/etab.ac-reunion.fr\/lyc-bellepierre\/cdi-2\/presentation-cdi\/","title":{"rendered":"Pr\u00e9sentation CDI"},"content":{"rendered":"<p><img loading=\"lazy\" decoding=\"async\" class=\"size-full wp-image-1611 aligncenter\" src=\"https:\/\/etab.ac-reunion.fr\/lyc-bellepierre\/wp-content\/uploads\/sites\/78\/2018\/11\/cdi2.png\" alt=\"\" width=\"188\" height=\"125\" srcset=\"https:\/\/etab.ac-reunion.fr\/lyc-bellepierre\/wp-content\/uploads\/sites\/78\/2018\/11\/cdi2.png 188w, https:\/\/etab.ac-reunion.fr\/lyc-bellepierre\/wp-content\/uploads\/sites\/78\/2018\/11\/cdi2-140x94.png 140w\" sizes=\"auto, (max-width: 188px) 100vw, 188px\" \/><\/p>\n<p>Les professeures documentalistes Mme Chellier et Mme Boutin-Moreau, accompagn\u00e9es de Julie Bessey, assistante, \u00a0vous accueillent au <strong>Centre de\u00a0Documentation\u00a0et d&rsquo;Information<\/strong>\u00a0du lundi au vendredi selon les horaires suivant :<\/p>\n<ul>\n<li>Lundi : \u00a0\u00a0\u00a0\u00a0\u00a0\u00a0\u00a0\u00a0\u00a0\u00a0 7h30 \u2013 18h30<\/li>\n<li>Mardi : \u00a0\u00a0\u00a0\u00a0\u00a0\u00a0\u00a0\u00a0\u00a0\u00a0 7h30 \u2013 18h30<\/li>\n<li>Mercredi : \u00a0\u00a0\u00a0\u00a0\u00a0 7h30 \u2013 18h30<\/li>\n<li>Jeudi :\u00a0 \u00a0 \u00a0 \u00a0 \u00a0 \u00a0 \u00a07h30 \u2013 18h30<\/li>\n<li>Vendredi\u00a0:\u00a0\u00a0\u00a0\u00a0\u00a0 7h30 \u2013 17h30<\/li>\n<\/ul>\n<p>&nbsp;<\/p>\n<h4>Comment venir au CDI ?<\/h4>\n<p>L\u2019acc\u00e8s au CDI et \u00e0 la salle informatique est libre d\u2019acc\u00e8s \u00e0 tout moment et en continu \u00e0 tous les \u00e9l\u00e8ves\u00a0 et personnels de l\u2019\u00e9tablissement.<\/p>\n<p>Selon le planning, l\u2019acc\u00e8s aux ordinateurs peut \u00eatre r\u00e9serv\u00e9 \u00e0 des classes, lors des TPE notamment.<\/p>\n<h4>Que faire au CDI ?<\/h4>\n<p>Rechercher des informations, se documenter, travailler, se cultiver, lire la presse, emprunter, venir voir une exposition\u2026.ou tout simplement se d\u00e9tendre, lire pour le plaisir\u00a0!<\/p>\n<p>Des s\u00e9ances de pr\u00e9sentation du fonctionnement du CDI sont propos\u00e9es \u00e0 toutes les secondes ou \u00e0 la demande d\u2019un enseignant.<\/p>\n<p>Des s\u00e9ances p\u00e9dagogiques sont men\u00e9es en fonction des projets de l\u2019\u00e9tablissement et des enseignants.<\/p>\n<p>Chaque \u00e9l\u00e8ve peut emprunter jusqu&rsquo;\u00e0\u00a03 documents, pour une dur\u00e9e de\u00a015 jours.<\/p>\n<h4>Les actions en cours<\/h4>\n<ul>\n<li>Participation au prix litt\u00e9raire des Incorruptibles (s\u00e9lection 3\u00e8me-seconde)<\/li>\n<li>Participation \u00e0 Cin\u00e9toil&rsquo;\u00e9galit\u00e9 dans le cadre de l&rsquo;\u00e9galit\u00e9 filles-gar\u00e7ons<\/li>\n<li>Club lecture tous les mardis de 12h30 \u00e0 13h30.<\/li>\n<\/ul>\n<p>Les \u00e9l\u00e8ves ou enseignants int\u00e9ress\u00e9s peuvent venir s\u2019inscrire au CDI.<\/p>\n<h4>Acc\u00e8s \u00e0 la base documentaire<\/h4>\n<p>Pour plus d\u2019informations sur les ressources et actions du CDI, nous vous invitons \u00e0 consulter la base documentaire esidoc :<\/p>\n<p><a href=\"http:\/\/9741046u.esidoc.fr\" target=\"_blank\" rel=\"noopener noreferrer\"><img loading=\"lazy\" decoding=\"async\" class=\"wp-image-1986 size-full aligncenter\" src=\"https:\/\/etab.ac-reunion.fr\/lyc-bellepierre\/wp-content\/uploads\/sites\/78\/2019\/04\/logo_esidoc-1.png\" alt=\"\" width=\"189\" height=\"92\" \/><\/a><\/p>\n<h4>Contact<\/h4>\n<p>Mail: <a href=\"mailto:cdi.lyc-bellepierre@ac-reunion.fr\">cdi.lyc-bellepierre@ac-reunion.fr<\/a><\/p>\n<p>&nbsp;<\/p>\n<!-- AddThis Advanced Settings generic via filter on the_content --><!-- AddThis Share Buttons generic via filter on the_content -->","protected":false},"excerpt":{"rendered":"<p>Les professeures documentalistes Mme Chellier et Mme Boutin-Moreau, accompagn\u00e9es de Julie Bessey, assistante, \u00a0vous accueillent au Centre de\u00a0Documentation\u00a0et d&rsquo;Information\u00a0du lundi au vendredi selon les horaires suivant : Lundi : \u00a0\u00a0\u00a0\u00a0\u00a0\u00a0\u00a0\u00a0\u00a0\u00a0 7h30 \u2013 18h30 Mardi : \u00a0\u00a0\u00a0\u00a0\u00a0\u00a0\u00a0\u00a0\u00a0\u00a0 7h30 \u2013 18h30 Mercredi : \u00a0\u00a0\u00a0\u00a0\u00a0 7h30 \u2013 18h30 Jeudi :\u00a0 \u00a0 \u00a0 \u00a0 \u00a0 \u00a0 \u00a07h30 \u2013 18h30 [&hellip;]<!-- AddThis Advanced Settings generic via filter on get_the_excerpt --><!-- AddThis Share Buttons generic via filter on get_the_excerpt --><\/p>\n","protected":false},"author":19703,"featured_media":0,"parent":1588,"menu_order":0,"comment_status":"closed","ping_status":"closed","template":"","meta":{"footnotes":""},"class_list":["post-1608","page","type-page","status-publish","hentry"],"_links":{"self":[{"href":"https:\/\/etab.ac-reunion.fr\/lyc-bellepierre\/wp-json\/wp\/v2\/pages\/1608","targetHints":{"allow":["GET"]}}],"collection":[{"href":"https:\/\/etab.ac-reunion.fr\/lyc-bellepierre\/wp-json\/wp\/v2\/pages"}],"about":[{"href":"https:\/\/etab.ac-reunion.fr\/lyc-bellepierre\/wp-json\/wp\/v2\/types\/page"}],"author":[{"embeddable":true,"href":"https:\/\/etab.ac-reunion.fr\/lyc-bellepierre\/wp-json\/wp\/v2\/users\/19703"}],"replies":[{"embeddable":true,"href":"https:\/\/etab.ac-reunion.fr\/lyc-bellepierre\/wp-json\/wp\/v2\/comments?post=1608"}],"version-history":[{"count":6,"href":"https:\/\/etab.ac-reunion.fr\/lyc-bellepierre\/wp-json\/wp\/v2\/pages\/1608\/revisions"}],"predecessor-version":[{"id":1988,"href":"https:\/\/etab.ac-reunion.fr\/lyc-bellepierre\/wp-json\/wp\/v2\/pages\/1608\/revisions\/1988"}],"up":[{"embeddable":true,"href":"https:\/\/etab.ac-reunion.fr\/lyc-bellepierre\/wp-json\/wp\/v2\/pages\/1588"}],"wp:attachment":[{"href":"https:\/\/etab.ac-reunion.fr\/lyc-bellepierre\/wp-json\/wp\/v2\/media?parent=1608"}],"curies":[{"name":"wp","href":"https:\/\/api.w.org\/{rel}","templated":true}]}}