{"id":1909,"date":"2019-03-21T10:30:36","date_gmt":"2019-03-21T06:30:36","guid":{"rendered":"http:\/\/lycee-bellepierre.ac-reunion.fr\/?page_id=1909"},"modified":"2022-11-07T21:13:10","modified_gmt":"2022-11-07T17:13:10","slug":"ouverture-internationale","status":"publish","type":"page","link":"https:\/\/etab.ac-reunion.fr\/lyc-bellepierre\/ouverture-internationale\/","title":{"rendered":"L&rsquo;ACTION  INTERNATIONALE ET EUROPEENNE"},"content":{"rendered":"\n<figure class=\"wp-block-image size-large is-resized\"><img loading=\"lazy\" decoding=\"async\" src=\"https:\/\/etab.ac-reunion.fr\/lyc-bellepierre\/wp-content\/uploads\/sites\/78\/2020\/12\/Capture.png\" alt=\"\" class=\"wp-image-3374\" width=\"1129\" height=\"415\" srcset=\"https:\/\/etab.ac-reunion.fr\/lyc-bellepierre\/wp-content\/uploads\/sites\/78\/2020\/12\/Capture.png 870w, https:\/\/etab.ac-reunion.fr\/lyc-bellepierre\/wp-content\/uploads\/sites\/78\/2020\/12\/Capture-512x188.png 512w, https:\/\/etab.ac-reunion.fr\/lyc-bellepierre\/wp-content\/uploads\/sites\/78\/2020\/12\/Capture-768x282.png 768w\" sizes=\"auto, (max-width: 1129px) 100vw, 1129px\" \/><\/figure>\n\n\n\n<div class=\"wp-block-buttons is-layout-flex wp-block-buttons-is-layout-flex\">\n<div class=\"wp-block-button is-style-fill\"><a class=\"wp-block-button__link has-text-color has-background wp-element-button\" href=\"https:\/\/etab.ac-reunion.fr\/lyc-bellepierre\/erasmus\/notre-strategie-erasmus\/\" style=\"color:#ff2785;background-color:#ff2785\"><span class=\"has-white-color\">Strat\u00e9gie<\/span><\/a><\/div>\n\n\n\n<div class=\"wp-block-button\"><a class=\"wp-block-button__link has-vivid-purple-background-color has-background wp-element-button\" href=\"https:\/\/etab.ac-reunion.fr\/lyc-bellepierre\/ouverture-internationale\/le-comite-de-pilotage\/\">Pilotage<\/a><\/div>\n\n\n\n<div class=\"wp-block-button\"><a class=\"wp-block-button__link has-background wp-element-button\" href=\"https:\/\/etab.ac-reunion.fr\/lyc-bellepierre\/erasmus\/promotion-et-dissemination\/\" style=\"background-color:#3be3ef\">Valorisation<\/a><\/div>\n\n\n\n<div class=\"wp-block-button is-style-outline is-style-outline--2\"><a class=\"wp-block-button__link has-white-color has-luminous-vivid-amber-background-color has-text-color has-background wp-element-button\">Evaluation<\/a><\/div>\n<\/div>\n\n\n\n<hr class=\"wp-block-separator has-css-opacity\" \/>\n\n\n\n<p style=\"font-size:22px\">Le contrat d&rsquo;objectifs de l&rsquo;\u00e9tablissement pose l&rsquo;ouverture \u00e0 l&rsquo;international comme un atout majeur de la r\u00e9ussite des \u00e9l\u00e8ves (Axe 2 du contrat) et de leur \u00e9panouissement. Il y est soulign\u00e9 l&rsquo;importance du renforcement de l&rsquo;identit\u00e9 europ\u00e9enne. L&rsquo;ouverture internationale repose sur les points suivants :&nbsp;<\/p>\n\n\n\n<figure class=\"wp-block-image size-large is-resized\"><img loading=\"lazy\" decoding=\"async\" src=\"https:\/\/etab.ac-reunion.fr\/lyc-bellepierre\/wp-content\/uploads\/sites\/78\/2020\/12\/005_00-1024x576.jpg\" alt=\"\" class=\"wp-image-3377\" width=\"1449\" height=\"816\" srcset=\"https:\/\/etab.ac-reunion.fr\/lyc-bellepierre\/wp-content\/uploads\/sites\/78\/2020\/12\/005_00-1024x576.jpg 1024w, https:\/\/etab.ac-reunion.fr\/lyc-bellepierre\/wp-content\/uploads\/sites\/78\/2020\/12\/005_00-512x288.jpg 512w, https:\/\/etab.ac-reunion.fr\/lyc-bellepierre\/wp-content\/uploads\/sites\/78\/2020\/12\/005_00-768x432.jpg 768w, https:\/\/etab.ac-reunion.fr\/lyc-bellepierre\/wp-content\/uploads\/sites\/78\/2020\/12\/005_00-1536x864.jpg 1536w, https:\/\/etab.ac-reunion.fr\/lyc-bellepierre\/wp-content\/uploads\/sites\/78\/2020\/12\/005_00-2048x1152.jpg 2048w, https:\/\/etab.ac-reunion.fr\/lyc-bellepierre\/wp-content\/uploads\/sites\/78\/2020\/12\/005_00-95x54.jpg 95w\" sizes=\"auto, (max-width: 1449px) 100vw, 1449px\" \/><\/figure>\n\n\n\n<p class=\"has-text-align-left has-black-color has-text-color\" style=\"font-size:22px\">Le lyc\u00e9e a obtenu le label Euroscol en 2021.<\/p>\n\n\n\n<p class=\"has-text-align-left has-black-color has-text-color\" style=\"font-size:22px\">Pour aller plus loin :<\/p>\n\n\n\n<div class=\"wp-block-group alignwide\"><div class=\"wp-block-group__inner-container is-layout-flow wp-block-group-is-layout-flow\">\n<div class=\"wp-block-group alignwide\"><div class=\"wp-block-group__inner-container is-layout-flow wp-block-group-is-layout-flow\">\n<div class=\"wp-block-columns alignwide is-layout-flex wp-container-core-columns-is-layout-9d6595d7 wp-block-columns-is-layout-flex\">\n<div class=\"wp-block-column is-layout-flow wp-block-column-is-layout-flow\">\n<div class=\"wp-block-buttons is-layout-flex wp-block-buttons-is-layout-flex\">\n<div class=\"wp-block-button is-style-outline is-style-outline--3\"><a class=\"wp-block-button__link has-black-color has-white-background-color has-text-color has-background wp-element-button\" href=\"https:\/\/etab.ac-reunion.fr\/lyc-bellepierre\/erasmus\/mobilite-des-personnels\/\" style=\"border-radius:23px\">Les mobilit\u00e9s des personnels<\/a><\/div>\n\n\n\n<div class=\"wp-block-button is-style-outline is-style-outline--4\"><a class=\"wp-block-button__link has-black-color has-white-background-color has-text-color has-background wp-element-button\" href=\"https:\/\/etab.ac-reunion.fr\/lyc-bellepierre\/erasmus\/mobilite-des-etudiants\/\" style=\"border-radius:23px\">Les mobilit\u00e9s des \u00e9tudiants<\/a><\/div>\n<\/div>\n<\/div>\n\n\n\n<div class=\"wp-block-column is-layout-flow wp-block-column-is-layout-flow\">\n<div class=\"wp-block-buttons is-layout-flex wp-block-buttons-is-layout-flex\">\n<div class=\"wp-block-button is-style-outline is-style-outline--5\"><a class=\"wp-block-button__link has-black-color has-white-background-color has-text-color has-background wp-element-button\" href=\"https:\/\/etab.ac-reunion.fr\/lyc-bellepierre\/voyages-pedagogiques\/\" style=\"border-radius:23px\">Voyages et \u00e9changes scolaires<\/a><\/div>\n\n\n\n<div class=\"wp-block-button is-style-outline is-style-outline--6\"><a class=\"wp-block-button__link has-black-color has-white-background-color has-text-color has-background wp-element-button\" style=\"border-radius:23px\">Les projets financ\u00e9s  par Erasmus+<\/a><\/div>\n<\/div>\n\n\n\n<pre class=\"wp-block-preformatted\"><\/pre>\n\n\n\n<p><\/p>\n<\/div>\n<\/div>\n<\/div><\/div>\n<\/div><\/div>\n<!-- AddThis Advanced Settings generic via filter on the_content --><!-- AddThis Share Buttons generic via filter on the_content -->","protected":false},"excerpt":{"rendered":"<p>Le contrat d&rsquo;objectifs de l&rsquo;\u00e9tablissement pose l&rsquo;ouverture \u00e0 l&rsquo;international comme un atout majeur de la r\u00e9ussite des \u00e9l\u00e8ves (Axe 2 du contrat) et de leur \u00e9panouissement. Il y est soulign\u00e9 l&rsquo;importance du renforcement de l&rsquo;identit\u00e9 europ\u00e9enne. L&rsquo;ouverture internationale repose sur les points suivants :&nbsp; Le lyc\u00e9e a obtenu le label Euroscol en 2021. Pour aller [&hellip;]<!-- AddThis Advanced Settings generic via filter on get_the_excerpt --><!-- AddThis Share Buttons generic via filter on get_the_excerpt --><\/p>\n","protected":false},"author":23654,"featured_media":3357,"parent":0,"menu_order":0,"comment_status":"closed","ping_status":"closed","template":"page-full.php","meta":{"footnotes":""},"class_list":["post-1909","page","type-page","status-publish","has-post-thumbnail","hentry"],"_links":{"self":[{"href":"https:\/\/etab.ac-reunion.fr\/lyc-bellepierre\/wp-json\/wp\/v2\/pages\/1909","targetHints":{"allow":["GET"]}}],"collection":[{"href":"https:\/\/etab.ac-reunion.fr\/lyc-bellepierre\/wp-json\/wp\/v2\/pages"}],"about":[{"href":"https:\/\/etab.ac-reunion.fr\/lyc-bellepierre\/wp-json\/wp\/v2\/types\/page"}],"author":[{"embeddable":true,"href":"https:\/\/etab.ac-reunion.fr\/lyc-bellepierre\/wp-json\/wp\/v2\/users\/23654"}],"replies":[{"embeddable":true,"href":"https:\/\/etab.ac-reunion.fr\/lyc-bellepierre\/wp-json\/wp\/v2\/comments?post=1909"}],"version-history":[{"count":15,"href":"https:\/\/etab.ac-reunion.fr\/lyc-bellepierre\/wp-json\/wp\/v2\/pages\/1909\/revisions"}],"predecessor-version":[{"id":6498,"href":"https:\/\/etab.ac-reunion.fr\/lyc-bellepierre\/wp-json\/wp\/v2\/pages\/1909\/revisions\/6498"}],"wp:featuredmedia":[{"embeddable":true,"href":"https:\/\/etab.ac-reunion.fr\/lyc-bellepierre\/wp-json\/wp\/v2\/media\/3357"}],"wp:attachment":[{"href":"https:\/\/etab.ac-reunion.fr\/lyc-bellepierre\/wp-json\/wp\/v2\/media?parent=1909"}],"curies":[{"name":"wp","href":"https:\/\/api.w.org\/{rel}","templated":true}]}}