{"id":1918,"date":"2019-03-21T10:57:15","date_gmt":"2019-03-21T06:57:15","guid":{"rendered":"http:\/\/lycee-bellepierre.ac-reunion.fr\/?page_id=1918"},"modified":"2021-03-31T15:58:51","modified_gmt":"2021-03-31T11:58:51","slug":"erasmus","status":"publish","type":"page","link":"https:\/\/etab.ac-reunion.fr\/lyc-bellepierre\/erasmus\/","title":{"rendered":"Erasmus+"},"content":{"rendered":"\n<h2 class=\"wp-block-heading\">Qu&rsquo;est-ce que c&rsquo;est?<\/h2>\n\n\n\n<p>Erasmus+ est un programme de l&rsquo;UE qui soutient les projets et les actions dans les domaines de l&rsquo;enseignement et de la formation.<\/p>\n\n\n\n<p>Action cl\u00e9 1 : mobilit\u00e9 \u00e0 des fins d&rsquo;apprentissage ou de stages pour les \u00e9tudiants, de formation, ou de missions d&rsquo;enseignement pour les membres des \u00e9quipes \u00e9ducatives (KA101, KA103)<\/p>\n\n\n\n<p>Action cl\u00e9 2 : coop\u00e9ration pour l&rsquo;innovation et l&rsquo;\u00e9change des bonnes pratiques<\/p>\n\n\n\n<p>Informations : <a href=\"https:\/\/info.erasmusplus.fr\/\">https:\/\/info.erasmusplus.fr\/<\/a><\/p>\n\n\n\n<h2 class=\"wp-block-heading\">Erasmus+ au lyc\u00e9e Bellepierre<\/h2>\n\n\n\n<p>L&rsquo;\u00e9tablissement fait partie du programme Erasmus+ depuis 2018.<\/p>\n\n\n\n<p>Le lyc\u00e9e a re\u00e7u l&rsquo;accr\u00e9ditation de la charte de l&rsquo;Enseignement Sup\u00e9rieur afin d&rsquo;obtenir notamment des financements europ\u00e9ens pour les \u00e9tudiants qui effectuent un stage en entreprise obligatoire dans le cadre de leur formation BTS. <\/p>\n\n\n\n<p>Une subvention a \u00e9t\u00e9 accord\u00e9e pour une p\u00e9riode de deux ans (2020-2022) pour les stages en entreprise des \u00e9tudiants de BTS SAM2 et pour des personnels qui ont besoin d&rsquo;un renforcement linguistique (KA103).             <a href=\"https:\/\/etab.ac-reunion.fr\/lyc-bellepierre\/erasmus\/mobilite-des-etudiants\/\">Vers la page des mobilit\u00e9s \u00e9tudiantes<\/a><\/p>\n\n\n\n<p>Un premier financement Erasmus+ KA101 a \u00e9t\u00e9 r\u00e9alis\u00e9 afin de permettre aux membres du personnel d&rsquo;effectuer des mobilit\u00e9s en Europe dans le cadre du projet \u00ab\u00a0<strong><em>Construire un parcours de citoyen europ\u00e9en et s&rsquo;ouvrir aux langues europ\u00e9ennes par le biais du cin\u00e9ma<\/em><\/strong>\u00a0\u00bb (2018-2021).                            <a href=\"https:\/\/etab.ac-reunion.fr\/lyc-bellepierre\/erasmus\/ka1-cinema\/\">Vers la page du projet<\/a><\/p>\n\n\n\n<p>L&rsquo;\u00e9tablissement d\u00e9butera un projet \u00e0 la rentr\u00e9e 2020 autour de l&rsquo;Innovation et du Num\u00e9rique et ce projet sera en partie financ\u00e9 par les financements europ\u00e9ens. Les membres du personnel effectueront des stages d&rsquo;observation ou suivront des formations pour renforcer leurs comp\u00e9tences sur ces th\u00e9matiques. <a href=\"https:\/\/etab.ac-reunion.fr\/lyc-bellepierre\/erasmus\/mobilite-des-personnels\/ka1-innovations-et-numeriques\/\">Voir la page du projet<\/a><\/p>\n\n\n\n<p>L&rsquo;\u00e9tablissement organise les Erasmus Days afin de promouvoir le programme et les projets subventionn\u00e9s dans ce cadre. <a href=\"https:\/\/etab.ac-reunion.fr\/lyc-bellepierre\/erasmus\/promotion-et-dissemination\/\">Voir la page sur la promotion et la diss\u00e9mination des projets<\/a><\/p>\n\n\n<p><a href=\"https:\/\/etab.ac-reunion.fr\/lyc-bellepierre\/wp-content\/uploads\/sites\/78\/2019\/03\/Erasmus_Logo.svg_.png\"><img loading=\"lazy\" decoding=\"async\" class=\"alignnone wp-image-1912 size-full\" src=\"https:\/\/etab.ac-reunion.fr\/lyc-bellepierre\/wp-content\/uploads\/sites\/78\/2019\/03\/Erasmus_Logo.svg_.png\" alt=\"\" width=\"1280\" height=\"366\" srcset=\"https:\/\/etab.ac-reunion.fr\/lyc-bellepierre\/wp-content\/uploads\/sites\/78\/2019\/03\/Erasmus_Logo.svg_.png 1280w, https:\/\/etab.ac-reunion.fr\/lyc-bellepierre\/wp-content\/uploads\/sites\/78\/2019\/03\/Erasmus_Logo.svg_-512x146.png 512w, https:\/\/etab.ac-reunion.fr\/lyc-bellepierre\/wp-content\/uploads\/sites\/78\/2019\/03\/Erasmus_Logo.svg_-1024x293.png 1024w\" sizes=\"auto, (max-width: 1280px) 100vw, 1280px\" \/><\/a><\/p>\n\n\n<p><\/p>\n<!-- AddThis Advanced Settings generic via filter on the_content --><!-- AddThis Share Buttons generic via filter on the_content -->","protected":false},"excerpt":{"rendered":"<p>Qu&rsquo;est-ce que c&rsquo;est? Erasmus+ est un programme de l&rsquo;UE qui soutient les projets et les actions dans les domaines de l&rsquo;enseignement et de la formation. Action cl\u00e9 1 : mobilit\u00e9 \u00e0 des fins d&rsquo;apprentissage ou de stages pour les \u00e9tudiants, de formation, ou de missions d&rsquo;enseignement pour les membres des \u00e9quipes \u00e9ducatives (KA101, KA103) Action [&hellip;]<!-- AddThis Advanced Settings generic via filter on get_the_excerpt --><!-- AddThis Share Buttons generic via filter on get_the_excerpt --><\/p>\n","protected":false},"author":23654,"featured_media":0,"parent":0,"menu_order":0,"comment_status":"closed","ping_status":"closed","template":"","meta":{"footnotes":""},"class_list":["post-1918","page","type-page","status-publish","hentry"],"_links":{"self":[{"href":"https:\/\/etab.ac-reunion.fr\/lyc-bellepierre\/wp-json\/wp\/v2\/pages\/1918","targetHints":{"allow":["GET"]}}],"collection":[{"href":"https:\/\/etab.ac-reunion.fr\/lyc-bellepierre\/wp-json\/wp\/v2\/pages"}],"about":[{"href":"https:\/\/etab.ac-reunion.fr\/lyc-bellepierre\/wp-json\/wp\/v2\/types\/page"}],"author":[{"embeddable":true,"href":"https:\/\/etab.ac-reunion.fr\/lyc-bellepierre\/wp-json\/wp\/v2\/users\/23654"}],"replies":[{"embeddable":true,"href":"https:\/\/etab.ac-reunion.fr\/lyc-bellepierre\/wp-json\/wp\/v2\/comments?post=1918"}],"version-history":[{"count":11,"href":"https:\/\/etab.ac-reunion.fr\/lyc-bellepierre\/wp-json\/wp\/v2\/pages\/1918\/revisions"}],"predecessor-version":[{"id":4889,"href":"https:\/\/etab.ac-reunion.fr\/lyc-bellepierre\/wp-json\/wp\/v2\/pages\/1918\/revisions\/4889"}],"wp:attachment":[{"href":"https:\/\/etab.ac-reunion.fr\/lyc-bellepierre\/wp-json\/wp\/v2\/media?parent=1918"}],"curies":[{"name":"wp","href":"https:\/\/api.w.org\/{rel}","templated":true}]}}