{"id":1920,"date":"2019-03-21T10:59:55","date_gmt":"2019-03-21T06:59:55","guid":{"rendered":"http:\/\/lycee-bellepierre.ac-reunion.fr\/?page_id=1920"},"modified":"2023-02-19T22:20:42","modified_gmt":"2023-02-19T18:20:42","slug":"etwinning","status":"publish","type":"page","link":"https:\/\/etab.ac-reunion.fr\/lyc-bellepierre\/etwinning\/","title":{"rendered":"eTwinning"},"content":{"rendered":"\n<h2 class=\"has-text-align-center wp-block-heading\"><mark class=\"has-inline-color has-vivid-cyan-blue-color\">\ud835\udc86\ud835\udc95\ud835\udc98\ud835\udc8a\ud835\udc8f\ud835\udc8f\ud835\udc8a\ud835\udc8f\ud835\udc88,\u00a0\ud835\udc92\ud835\udc96&rsquo;\ud835\udc86\ud835\udc94\ud835\udc95-\ud835\udc84\ud835\udc86-\ud835\udc92\ud835\udc96\ud835\udc86\u00a0\ud835\udc84&rsquo;\ud835\udc86\ud835\udc94\ud835\udc95\u00a0?<\/mark><\/h2>\n\n\n\n<p>eTwinning est une plateforme r\u00e9serv\u00e9e aux personnels de l&rsquo;Education Nationale qui souhaitent :<\/p>\n\n\n\n<ul class=\"wp-block-list\">\n<li>entrer en contact avec des coll\u00e8gues europ\u00e9ens<\/li>\n\n\n\n<li>mettre en place des \u00e9changes virtuels et acc\u00e9der \u00e0 des espaces s\u00e9curis\u00e9s pour les \u00e9l\u00e8ves<\/li>\n\n\n\n<li>participer \u00e0 des \u00e9v\u00e8nements ponctuels (projets sur une journ\u00e9e ou une semaine)<\/li>\n\n\n\n<li>suivre des formations en ligne<\/li>\n\n\n\n<li>\u00e9changer avec d&rsquo;autres professionnels de l&rsquo;\u00e9ducation sur des th\u00e8mes vari\u00e9s<\/li>\n<\/ul>\n\n\n\n<h2 class=\"has-text-align-center wp-block-heading\"><em><mark class=\"has-inline-color has-vivid-cyan-blue-color\">Comment on fait pour commencer ?<\/mark><\/em><\/h2>\n\n\n\n<p>La premi\u00e8re \u00e9tape est de cr\u00e9er un compte sur le site de l&rsquo;ESEP. <a href=\"https:\/\/etab.ac-reunion.fr\/lyc-bellepierre\/ouverture-internationale-dans-le-cadre-de-la-section-europeenne\/\" target=\"_blank\" rel=\"noreferrer noopener\">ICI<\/a><\/p>\n\n\n\n<figure class=\"wp-block-image size-large\"><img loading=\"lazy\" decoding=\"async\" width=\"1024\" height=\"574\" src=\"https:\/\/etab.ac-reunion.fr\/lyc-bellepierre\/wp-content\/uploads\/sites\/78\/2023\/02\/ESEP-1024x574.png\" alt=\"\" class=\"wp-image-6692\" srcset=\"https:\/\/etab.ac-reunion.fr\/lyc-bellepierre\/wp-content\/uploads\/sites\/78\/2023\/02\/ESEP-1024x574.png 1024w, https:\/\/etab.ac-reunion.fr\/lyc-bellepierre\/wp-content\/uploads\/sites\/78\/2023\/02\/ESEP-512x287.png 512w, https:\/\/etab.ac-reunion.fr\/lyc-bellepierre\/wp-content\/uploads\/sites\/78\/2023\/02\/ESEP-768x430.png 768w, https:\/\/etab.ac-reunion.fr\/lyc-bellepierre\/wp-content\/uploads\/sites\/78\/2023\/02\/ESEP-95x54.png 95w, https:\/\/etab.ac-reunion.fr\/lyc-bellepierre\/wp-content\/uploads\/sites\/78\/2023\/02\/ESEP.png 1496w\" sizes=\"auto, (max-width: 1024px) 100vw, 1024px\" \/><\/figure>\n\n\n<p>\u00a0<\/p>\n<p>Cette nouvelle plateforme a une prise en main moins ais\u00e9e que l&rsquo;ancienne plateforme mais cela devrait s&rsquo;am\u00e9liorer avec le temps !<\/p>\n<p>Canop\u00e9 R\u00e9union organise chaque ann\u00e9e des journ\u00e9es de formation.<\/p>\n<p>eTwinning France organise des S\u00e9minaires et des Ateliers de d\u00e9veloppement professionnel en France et \u00e0 l&rsquo;\u00e9tranger. Tous les frais sont pris en charge par le Bureau National.<\/p>\n<p>Si vous avez besoin d&rsquo;accompagnement, vous pouvez contacter l&rsquo;ERAEI, Mme Clain pour la p\u00e9riode 2019-2024 (marie-celine.clain@ac-reunion.fr). D&rsquo;autres enseignants exp\u00e9riment\u00e9s pourront \u00e9galement vous aider : Mme Seidi, M. Partula, M. Namtamecou, Mme Senecal-Fasquel par exemple.<\/p>\n\n\n<figure class=\"wp-block-image size-large is-style-default\"><img loading=\"lazy\" decoding=\"async\" width=\"1024\" height=\"576\" src=\"https:\/\/etab.ac-reunion.fr\/lyc-bellepierre\/wp-content\/uploads\/sites\/78\/2023\/02\/PROJETS-ETWINNING-1024x576.jpg\" alt=\"\" class=\"wp-image-6685\" srcset=\"https:\/\/etab.ac-reunion.fr\/lyc-bellepierre\/wp-content\/uploads\/sites\/78\/2023\/02\/PROJETS-ETWINNING-1024x576.jpg 1024w, https:\/\/etab.ac-reunion.fr\/lyc-bellepierre\/wp-content\/uploads\/sites\/78\/2023\/02\/PROJETS-ETWINNING-512x288.jpg 512w, https:\/\/etab.ac-reunion.fr\/lyc-bellepierre\/wp-content\/uploads\/sites\/78\/2023\/02\/PROJETS-ETWINNING-768x432.jpg 768w, https:\/\/etab.ac-reunion.fr\/lyc-bellepierre\/wp-content\/uploads\/sites\/78\/2023\/02\/PROJETS-ETWINNING-1536x864.jpg 1536w, https:\/\/etab.ac-reunion.fr\/lyc-bellepierre\/wp-content\/uploads\/sites\/78\/2023\/02\/PROJETS-ETWINNING-95x54.jpg 95w, https:\/\/etab.ac-reunion.fr\/lyc-bellepierre\/wp-content\/uploads\/sites\/78\/2023\/02\/PROJETS-ETWINNING.jpg 1920w\" sizes=\"auto, (max-width: 1024px) 100vw, 1024px\" \/><\/figure>\n\n\n\n<figure class=\"wp-block-image size-large\"><img loading=\"lazy\" decoding=\"async\" width=\"1024\" height=\"576\" src=\"https:\/\/etab.ac-reunion.fr\/lyc-bellepierre\/wp-content\/uploads\/sites\/78\/2023\/02\/PROJETS-ETWINNING-2-1024x576.jpg\" alt=\"\" class=\"wp-image-6687\" srcset=\"https:\/\/etab.ac-reunion.fr\/lyc-bellepierre\/wp-content\/uploads\/sites\/78\/2023\/02\/PROJETS-ETWINNING-2-1024x576.jpg 1024w, https:\/\/etab.ac-reunion.fr\/lyc-bellepierre\/wp-content\/uploads\/sites\/78\/2023\/02\/PROJETS-ETWINNING-2-512x288.jpg 512w, https:\/\/etab.ac-reunion.fr\/lyc-bellepierre\/wp-content\/uploads\/sites\/78\/2023\/02\/PROJETS-ETWINNING-2-768x432.jpg 768w, https:\/\/etab.ac-reunion.fr\/lyc-bellepierre\/wp-content\/uploads\/sites\/78\/2023\/02\/PROJETS-ETWINNING-2-1536x864.jpg 1536w, https:\/\/etab.ac-reunion.fr\/lyc-bellepierre\/wp-content\/uploads\/sites\/78\/2023\/02\/PROJETS-ETWINNING-2-95x54.jpg 95w, https:\/\/etab.ac-reunion.fr\/lyc-bellepierre\/wp-content\/uploads\/sites\/78\/2023\/02\/PROJETS-ETWINNING-2.jpg 1920w\" sizes=\"auto, (max-width: 1024px) 100vw, 1024px\" \/><\/figure>\n\n\n\n<figure class=\"wp-block-image size-large\"><img loading=\"lazy\" decoding=\"async\" width=\"1024\" height=\"576\" src=\"https:\/\/etab.ac-reunion.fr\/lyc-bellepierre\/wp-content\/uploads\/sites\/78\/2023\/02\/PROJETS-ETWINNING-3-1024x576.jpg\" alt=\"\" class=\"wp-image-6686\" srcset=\"https:\/\/etab.ac-reunion.fr\/lyc-bellepierre\/wp-content\/uploads\/sites\/78\/2023\/02\/PROJETS-ETWINNING-3-1024x576.jpg 1024w, https:\/\/etab.ac-reunion.fr\/lyc-bellepierre\/wp-content\/uploads\/sites\/78\/2023\/02\/PROJETS-ETWINNING-3-512x288.jpg 512w, https:\/\/etab.ac-reunion.fr\/lyc-bellepierre\/wp-content\/uploads\/sites\/78\/2023\/02\/PROJETS-ETWINNING-3-768x432.jpg 768w, https:\/\/etab.ac-reunion.fr\/lyc-bellepierre\/wp-content\/uploads\/sites\/78\/2023\/02\/PROJETS-ETWINNING-3-1536x864.jpg 1536w, https:\/\/etab.ac-reunion.fr\/lyc-bellepierre\/wp-content\/uploads\/sites\/78\/2023\/02\/PROJETS-ETWINNING-3-95x54.jpg 95w, https:\/\/etab.ac-reunion.fr\/lyc-bellepierre\/wp-content\/uploads\/sites\/78\/2023\/02\/PROJETS-ETWINNING-3.jpg 1920w\" sizes=\"auto, (max-width: 1024px) 100vw, 1024px\" \/><\/figure>\n\n\n\n<figure class=\"wp-block-image size-large\"><img loading=\"lazy\" decoding=\"async\" width=\"1024\" height=\"576\" src=\"https:\/\/etab.ac-reunion.fr\/lyc-bellepierre\/wp-content\/uploads\/sites\/78\/2023\/02\/PROJETS-ETWINNING-4-1024x576.jpg\" alt=\"\" class=\"wp-image-6688\" srcset=\"https:\/\/etab.ac-reunion.fr\/lyc-bellepierre\/wp-content\/uploads\/sites\/78\/2023\/02\/PROJETS-ETWINNING-4-1024x576.jpg 1024w, https:\/\/etab.ac-reunion.fr\/lyc-bellepierre\/wp-content\/uploads\/sites\/78\/2023\/02\/PROJETS-ETWINNING-4-512x288.jpg 512w, https:\/\/etab.ac-reunion.fr\/lyc-bellepierre\/wp-content\/uploads\/sites\/78\/2023\/02\/PROJETS-ETWINNING-4-768x432.jpg 768w, https:\/\/etab.ac-reunion.fr\/lyc-bellepierre\/wp-content\/uploads\/sites\/78\/2023\/02\/PROJETS-ETWINNING-4-1536x864.jpg 1536w, https:\/\/etab.ac-reunion.fr\/lyc-bellepierre\/wp-content\/uploads\/sites\/78\/2023\/02\/PROJETS-ETWINNING-4-95x54.jpg 95w, https:\/\/etab.ac-reunion.fr\/lyc-bellepierre\/wp-content\/uploads\/sites\/78\/2023\/02\/PROJETS-ETWINNING-4.jpg 1920w\" sizes=\"auto, (max-width: 1024px) 100vw, 1024px\" \/><\/figure>\n\n\n\n<figure class=\"wp-block-image size-large\"><img loading=\"lazy\" decoding=\"async\" width=\"1024\" height=\"576\" src=\"https:\/\/etab.ac-reunion.fr\/lyc-bellepierre\/wp-content\/uploads\/sites\/78\/2023\/02\/PROJETS-ETWINNING-5-1024x576.jpg\" alt=\"\" class=\"wp-image-6689\" srcset=\"https:\/\/etab.ac-reunion.fr\/lyc-bellepierre\/wp-content\/uploads\/sites\/78\/2023\/02\/PROJETS-ETWINNING-5-1024x576.jpg 1024w, https:\/\/etab.ac-reunion.fr\/lyc-bellepierre\/wp-content\/uploads\/sites\/78\/2023\/02\/PROJETS-ETWINNING-5-512x288.jpg 512w, https:\/\/etab.ac-reunion.fr\/lyc-bellepierre\/wp-content\/uploads\/sites\/78\/2023\/02\/PROJETS-ETWINNING-5-768x432.jpg 768w, https:\/\/etab.ac-reunion.fr\/lyc-bellepierre\/wp-content\/uploads\/sites\/78\/2023\/02\/PROJETS-ETWINNING-5-1536x864.jpg 1536w, https:\/\/etab.ac-reunion.fr\/lyc-bellepierre\/wp-content\/uploads\/sites\/78\/2023\/02\/PROJETS-ETWINNING-5-95x54.jpg 95w, https:\/\/etab.ac-reunion.fr\/lyc-bellepierre\/wp-content\/uploads\/sites\/78\/2023\/02\/PROJETS-ETWINNING-5.jpg 1920w\" sizes=\"auto, (max-width: 1024px) 100vw, 1024px\" \/><\/figure>\n\n\n\n<p class=\"has-text-align-center\">Quatre projets ont obtenu le label qualit\u00e9 Etwinning en fin d&rsquo;ann\u00e9e scolaire 2022. <\/p>\n\n\n\n<p><a href=\"http:\/\/ouverture-internationale-dans-le-cadre-de-la-section-europeenne\">Plus d&rsquo;informations sur le projet \u00ab\u00a0Building our European Union\u00a0\u00bb ICI<\/a><\/p>\n\n\n\n<figure class=\"wp-block-image size-large\"><img loading=\"lazy\" decoding=\"async\" width=\"1024\" height=\"578\" src=\"https:\/\/etab.ac-reunion.fr\/lyc-bellepierre\/wp-content\/uploads\/sites\/78\/2020\/06\/Formation-eTwinning-1024x578.png\" alt=\"\" class=\"wp-image-2917\" srcset=\"https:\/\/etab.ac-reunion.fr\/lyc-bellepierre\/wp-content\/uploads\/sites\/78\/2020\/06\/Formation-eTwinning-1024x578.png 1024w, https:\/\/etab.ac-reunion.fr\/lyc-bellepierre\/wp-content\/uploads\/sites\/78\/2020\/06\/Formation-eTwinning-512x289.png 512w, https:\/\/etab.ac-reunion.fr\/lyc-bellepierre\/wp-content\/uploads\/sites\/78\/2020\/06\/Formation-eTwinning-768x433.png 768w, https:\/\/etab.ac-reunion.fr\/lyc-bellepierre\/wp-content\/uploads\/sites\/78\/2020\/06\/Formation-eTwinning-95x54.png 95w, https:\/\/etab.ac-reunion.fr\/lyc-bellepierre\/wp-content\/uploads\/sites\/78\/2020\/06\/Formation-eTwinning.png 1186w\" sizes=\"auto, (max-width: 1024px) 100vw, 1024px\" \/><\/figure>\n\n\n\n<figure class=\"wp-block-image size-large\"><img loading=\"lazy\" decoding=\"async\" width=\"1019\" height=\"510\" src=\"https:\/\/etab.ac-reunion.fr\/lyc-bellepierre\/wp-content\/uploads\/sites\/78\/2020\/06\/csm_eTwinning_scketchnote_final_92a1656a6d.png\" alt=\"\" class=\"wp-image-2920\" srcset=\"https:\/\/etab.ac-reunion.fr\/lyc-bellepierre\/wp-content\/uploads\/sites\/78\/2020\/06\/csm_eTwinning_scketchnote_final_92a1656a6d.png 1019w, https:\/\/etab.ac-reunion.fr\/lyc-bellepierre\/wp-content\/uploads\/sites\/78\/2020\/06\/csm_eTwinning_scketchnote_final_92a1656a6d-512x256.png 512w, https:\/\/etab.ac-reunion.fr\/lyc-bellepierre\/wp-content\/uploads\/sites\/78\/2020\/06\/csm_eTwinning_scketchnote_final_92a1656a6d-768x384.png 768w\" sizes=\"auto, (max-width: 1019px) 100vw, 1019px\" \/><\/figure>\n\n\n\n<h2 class=\"has-text-align-center wp-block-heading\">Projets Etwinning 2019-2020<\/h2>\n\n\n\n<figure class=\"wp-block-gallery has-nested-images columns-1 is-cropped wp-block-gallery-2 is-layout-flex wp-block-gallery-is-layout-flex\">\n<figure class=\"wp-block-image size-large\"><img loading=\"lazy\" decoding=\"async\" width=\"1024\" height=\"576\" data-id=\"3005\" src=\"https:\/\/etab.ac-reunion.fr\/lyc-bellepierre\/wp-content\/uploads\/sites\/78\/2020\/06\/15-1024x576.png\" alt=\"\" class=\"wp-image-3005\" srcset=\"https:\/\/etab.ac-reunion.fr\/lyc-bellepierre\/wp-content\/uploads\/sites\/78\/2020\/06\/15-1024x576.png 1024w, https:\/\/etab.ac-reunion.fr\/lyc-bellepierre\/wp-content\/uploads\/sites\/78\/2020\/06\/15-512x288.png 512w, https:\/\/etab.ac-reunion.fr\/lyc-bellepierre\/wp-content\/uploads\/sites\/78\/2020\/06\/15-768x432.png 768w, https:\/\/etab.ac-reunion.fr\/lyc-bellepierre\/wp-content\/uploads\/sites\/78\/2020\/06\/15-1536x864.png 1536w, https:\/\/etab.ac-reunion.fr\/lyc-bellepierre\/wp-content\/uploads\/sites\/78\/2020\/06\/15-95x54.png 95w, https:\/\/etab.ac-reunion.fr\/lyc-bellepierre\/wp-content\/uploads\/sites\/78\/2020\/06\/15.png 1920w\" sizes=\"auto, (max-width: 1024px) 100vw, 1024px\" \/><\/figure>\n\n\n\n<figure class=\"wp-block-image size-large\"><img loading=\"lazy\" decoding=\"async\" width=\"1024\" height=\"576\" data-id=\"3006\" src=\"https:\/\/etab.ac-reunion.fr\/lyc-bellepierre\/wp-content\/uploads\/sites\/78\/2020\/06\/16-1024x576.png\" alt=\"\" class=\"wp-image-3006\" srcset=\"https:\/\/etab.ac-reunion.fr\/lyc-bellepierre\/wp-content\/uploads\/sites\/78\/2020\/06\/16-1024x576.png 1024w, https:\/\/etab.ac-reunion.fr\/lyc-bellepierre\/wp-content\/uploads\/sites\/78\/2020\/06\/16-512x288.png 512w, https:\/\/etab.ac-reunion.fr\/lyc-bellepierre\/wp-content\/uploads\/sites\/78\/2020\/06\/16-768x432.png 768w, https:\/\/etab.ac-reunion.fr\/lyc-bellepierre\/wp-content\/uploads\/sites\/78\/2020\/06\/16-1536x864.png 1536w, https:\/\/etab.ac-reunion.fr\/lyc-bellepierre\/wp-content\/uploads\/sites\/78\/2020\/06\/16-95x54.png 95w, https:\/\/etab.ac-reunion.fr\/lyc-bellepierre\/wp-content\/uploads\/sites\/78\/2020\/06\/16.png 1920w\" sizes=\"auto, (max-width: 1024px) 100vw, 1024px\" \/><\/figure>\n<\/figure>\n\n\n\n<p><\/p>\n<!-- AddThis Advanced Settings generic via filter on the_content --><!-- AddThis Share Buttons generic via filter on the_content -->","protected":false},"excerpt":{"rendered":"<p>\ud835\udc86\ud835\udc95\ud835\udc98\ud835\udc8a\ud835\udc8f\ud835\udc8f\ud835\udc8a\ud835\udc8f\ud835\udc88,\u00a0\ud835\udc92\ud835\udc96&rsquo;\ud835\udc86\ud835\udc94\ud835\udc95-\ud835\udc84\ud835\udc86-\ud835\udc92\ud835\udc96\ud835\udc86\u00a0\ud835\udc84&rsquo;\ud835\udc86\ud835\udc94\ud835\udc95\u00a0? eTwinning est une plateforme r\u00e9serv\u00e9e aux personnels de l&rsquo;Education Nationale qui souhaitent : Comment on fait pour commencer ? La premi\u00e8re \u00e9tape est de cr\u00e9er un compte sur le site de l&rsquo;ESEP. ICI \u00a0 Cette nouvelle plateforme a une prise en main moins ais\u00e9e que l&rsquo;ancienne plateforme mais cela devrait s&rsquo;am\u00e9liorer avec le temps [&hellip;]<!-- AddThis Advanced Settings generic via filter on get_the_excerpt --><!-- AddThis Share Buttons generic via filter on get_the_excerpt --><\/p>\n","protected":false},"author":19703,"featured_media":0,"parent":0,"menu_order":0,"comment_status":"closed","ping_status":"closed","template":"","meta":{"footnotes":""},"class_list":["post-1920","page","type-page","status-publish","hentry"],"_links":{"self":[{"href":"https:\/\/etab.ac-reunion.fr\/lyc-bellepierre\/wp-json\/wp\/v2\/pages\/1920","targetHints":{"allow":["GET"]}}],"collection":[{"href":"https:\/\/etab.ac-reunion.fr\/lyc-bellepierre\/wp-json\/wp\/v2\/pages"}],"about":[{"href":"https:\/\/etab.ac-reunion.fr\/lyc-bellepierre\/wp-json\/wp\/v2\/types\/page"}],"author":[{"embeddable":true,"href":"https:\/\/etab.ac-reunion.fr\/lyc-bellepierre\/wp-json\/wp\/v2\/users\/19703"}],"replies":[{"embeddable":true,"href":"https:\/\/etab.ac-reunion.fr\/lyc-bellepierre\/wp-json\/wp\/v2\/comments?post=1920"}],"version-history":[{"count":13,"href":"https:\/\/etab.ac-reunion.fr\/lyc-bellepierre\/wp-json\/wp\/v2\/pages\/1920\/revisions"}],"predecessor-version":[{"id":6700,"href":"https:\/\/etab.ac-reunion.fr\/lyc-bellepierre\/wp-json\/wp\/v2\/pages\/1920\/revisions\/6700"}],"wp:attachment":[{"href":"https:\/\/etab.ac-reunion.fr\/lyc-bellepierre\/wp-json\/wp\/v2\/media?parent=1920"}],"curies":[{"name":"wp","href":"https:\/\/api.w.org\/{rel}","templated":true}]}}