{"id":1924,"date":"2019-03-21T11:06:15","date_gmt":"2019-03-21T07:06:15","guid":{"rendered":"http:\/\/lycee-bellepierre.ac-reunion.fr\/?page_id=1924"},"modified":"2024-05-28T10:19:16","modified_gmt":"2024-05-28T06:19:16","slug":"notre-eraei","status":"publish","type":"page","link":"https:\/\/etab.ac-reunion.fr\/lyc-bellepierre\/ouverture-internationale\/notre-eraei\/","title":{"rendered":"Notre ERAEI \/ Our coordinator for the international relationships"},"content":{"rendered":"\n<p><strong>Marie Clain<\/strong>, professeure d&rsquo;allemand, est l&rsquo;Enseignante R\u00e9f\u00e9rente \u00e0 l&rsquo;Action Europ\u00e9enne et Internationale (ERAEI) depuis la rentr\u00e9e 2019.<\/p>\n\n\n\n<p>Devant l&rsquo;augmentation des mobilit\u00e9s, <strong>Alain Dorval<\/strong>, professeur d&rsquo;\u00e9co-gestion, a accept\u00e9 la mission d&rsquo;ERAEI du post-bac depuis la rentr\u00e9e 2023.<\/p>\n\n\n\n<p>&#8211; insuffler une dynamique au sein de l&rsquo;\u00e9tablissement concernant l&rsquo;ouverture \u00e0 l&rsquo;international<\/p>\n\n\n\n<p>Missions de l&rsquo;ERAEI :<\/p>\n\n\n\n<p>&#8211; informer les enseignants et les \u00e9l\u00e8ves sur les dispositifs existants<\/p>\n\n\n\n<p>&#8211; accompagner les porteurs de projets de mobilit\u00e9<\/p>\n\n\n\n<p>&#8211; valoriser les projets<\/p>\n\n\n\n<p>&#8211; mutualiser les ressources, outils et bonnes pratiques<\/p>\n\n\n\n<p><\/p>\n\n\n\n<p>Since 2019, German teacher, <strong>Marie Clain<\/strong>, is the referent teacher for the European and International Action (ERAEI).<\/p>\n\n\n\n<p>In 2023, to face the rise of mobilities&rsquo; interests, <strong>Alain Dorval<\/strong>, Eco-management teacher, took the job of European and International coordinator for the post graduate.<\/p>\n\n\n\n<p>ERAEI&rsquo;s assignements:<\/p>\n\n\n\n<p>&#8211; International opening<\/p>\n\n\n\n<p>&#8211; Informing teachers and students<\/p>\n\n\n\n<p>&#8211; Support mobility&rsquo;s initiatives<\/p>\n\n\n\n<p>&#8211; Share ressources, tips&#8230;  <\/p>\n\n\n\n<p>Contact :<\/p>\n\n\n\n<p>marie-celine.clain@ac-reunion.fr<\/p>\n\n\n\n<p>alain.dorval@ac-reunion.fr<\/p>\n<!-- AddThis Advanced Settings generic via filter on the_content --><!-- AddThis Share Buttons generic via filter on the_content -->","protected":false},"excerpt":{"rendered":"<p>Marie Clain, professeure d&rsquo;allemand, est l&rsquo;Enseignante R\u00e9f\u00e9rente \u00e0 l&rsquo;Action Europ\u00e9enne et Internationale (ERAEI) depuis la rentr\u00e9e 2019. Devant l&rsquo;augmentation des mobilit\u00e9s, Alain Dorval, professeur d&rsquo;\u00e9co-gestion, a accept\u00e9 la mission d&rsquo;ERAEI du post-bac depuis la rentr\u00e9e 2023. &#8211; insuffler une dynamique au sein de l&rsquo;\u00e9tablissement concernant l&rsquo;ouverture \u00e0 l&rsquo;international Missions de l&rsquo;ERAEI : &#8211; informer les [&hellip;]<!-- AddThis Advanced Settings generic via filter on get_the_excerpt --><!-- AddThis Share Buttons generic via filter on get_the_excerpt --><\/p>\n","protected":false},"author":19703,"featured_media":0,"parent":1909,"menu_order":0,"comment_status":"closed","ping_status":"closed","template":"","meta":{"footnotes":""},"class_list":["post-1924","page","type-page","status-publish","hentry"],"_links":{"self":[{"href":"https:\/\/etab.ac-reunion.fr\/lyc-bellepierre\/wp-json\/wp\/v2\/pages\/1924","targetHints":{"allow":["GET"]}}],"collection":[{"href":"https:\/\/etab.ac-reunion.fr\/lyc-bellepierre\/wp-json\/wp\/v2\/pages"}],"about":[{"href":"https:\/\/etab.ac-reunion.fr\/lyc-bellepierre\/wp-json\/wp\/v2\/types\/page"}],"author":[{"embeddable":true,"href":"https:\/\/etab.ac-reunion.fr\/lyc-bellepierre\/wp-json\/wp\/v2\/users\/19703"}],"replies":[{"embeddable":true,"href":"https:\/\/etab.ac-reunion.fr\/lyc-bellepierre\/wp-json\/wp\/v2\/comments?post=1924"}],"version-history":[{"count":4,"href":"https:\/\/etab.ac-reunion.fr\/lyc-bellepierre\/wp-json\/wp\/v2\/pages\/1924\/revisions"}],"predecessor-version":[{"id":8092,"href":"https:\/\/etab.ac-reunion.fr\/lyc-bellepierre\/wp-json\/wp\/v2\/pages\/1924\/revisions\/8092"}],"up":[{"embeddable":true,"href":"https:\/\/etab.ac-reunion.fr\/lyc-bellepierre\/wp-json\/wp\/v2\/pages\/1909"}],"wp:attachment":[{"href":"https:\/\/etab.ac-reunion.fr\/lyc-bellepierre\/wp-json\/wp\/v2\/media?parent=1924"}],"curies":[{"name":"wp","href":"https:\/\/api.w.org\/{rel}","templated":true}]}}